{"id":69895,"date":"2025-11-19T08:20:29","date_gmt":"2025-11-19T07:20:29","guid":{"rendered":"https:\/\/www.ipsmiller.at\/?post_type=product&#038;p=69895"},"modified":"2025-12-09T17:49:21","modified_gmt":"2025-12-09T16:49:21","slug":"ipsmiller-adventkalender-24-flaschen","status":"publish","type":"product","link":"https:\/\/www.ipsmiller.at\/sk\/shop\/ipsmiller-adventkalender-24-flaschen\/","title":{"rendered":"Ipsmiller Adventn\u00fd kalend\u00e1r"},"content":{"rendered":"<div class=\"wpb-content-wrapper\"><p>[vc_row][vc_column width=&#8220;1\/1&#8243;][vc_column_text uncode_shortcode_id=&#8220;206768&#8243;]N\u00e1\u0161 ob\u013e\u00faben\u00fd <strong>Ipsmiller Adventn\u00fd kalend\u00e1r<\/strong> v\u00e1m prin\u00e1\u0161a<strong> 24 starostlivo vybran\u00fdch v\u00edn Ipsmiller<\/strong> priamo domov. Ka\u017ed\u00fd de\u0148 v advente si m\u00f4\u017eete dopria\u0165 f\u013ea\u0161u lahodn\u00e9ho v\u00edna \u2013 ide\u00e1lne na ochutn\u00e1vanie, darovanie alebo na ka\u017edodenn\u00fd moment oddychu pre seba.<\/p>\n<hr \/>\n<p><img decoding=\"async\" class=\"alignnone wp-image-69745\" src=\"https:\/\/www.ipsmiller.at\/wp-content\/uploads\/2025\/03\/nachhaltig.png\" alt=\"\" width=\"100\" height=\"142\" \/>[\/vc_column_text][\/vc_column][\/vc_row]<\/p>\n<\/div>","protected":false},"excerpt":{"rendered":"<p>[vc_row][vc_column width=&#8220;1\/1&#8243;][vc_column_text uncode_shortcode_id=&#8220;206768&#8243;]N\u00e1\u0161 ob\u013e\u00faben\u00fd Ipsmiller Adventn\u00fd kalend\u00e1r v\u00e1m prin\u00e1\u0161a 24 starostlivo vybran\u00fdch v\u00edn Ipsmiller priamo domov. Ka\u017ed\u00fd de\u0148 v advente [&hellip;]<\/p>\n","protected":false},"featured_media":69896,"template":"","meta":[],"product_brand":[],"product_cat":[150,125],"product_tag":[],"class_list":{"0":"post-69895","1":"product","2":"type-product","3":"status-publish","4":"has-post-thumbnail","6":"product_cat-advenkalender","7":"product_cat-sonstiges","8":"product_shipping_class-adventkalender","10":"first","11":"instock","12":"taxable","13":"shipping-taxable","14":"purchasable","15":"product-type-simple"},"yoast_head":"<!-- This site is optimized with the Yoast SEO Premium plugin v26.6 (Yoast SEO v26.6) - https:\/\/yoast.com\/wordpress\/plugins\/seo\/ -->\n<title>Ipsmiller Adventn\u00fd kalend\u00e1r - Weingut Ipsmiller<\/title>\n<meta name=\"description\" content=\"[:de]Ipsmiller Adventkalender 24 Flaschen[:en]Ipsmiller Advent Calendar[:cs]Ipsmiller Adventn\u00ed kalend\u00e1\u0159[:sk]Ipsmiller Adventn\u00fd kalend\u00e1r[:] ausgew\u00e4hlte Ipsmiller-Weine f\u00fcr jeden Tag im Advent. Versandkostenfrei, perfekt zum Genie\u00dfen.\" \/>\n<meta name=\"robots\" content=\"index, follow, max-snippet:-1, max-image-preview:large, max-video-preview:-1\" \/>\n<link rel=\"canonical\" href=\"https:\/\/www.ipsmiller.at\/shop\/ipsmiller-adventkalender-24-flaschen\/\" \/>\n<meta property=\"og:locale\" content=\"sk_SK\" \/>\n<meta property=\"og:type\" content=\"article\" \/>\n<meta property=\"og:title\" content=\"[:de]Ipsmiller Adventkalender 24 Flaschen[:en]Ipsmiller Advent Calendar[:cs]Ipsmiller Adventn\u00ed kalend\u00e1\u0159[:sk]Ipsmiller Adventn\u00fd kalend\u00e1r[:]\" \/>\n<meta property=\"og:description\" content=\"[:de]Ipsmiller Adventkalender 24 Flaschen[:en]Ipsmiller Advent Calendar[:cs]Ipsmiller Adventn\u00ed kalend\u00e1\u0159[:sk]Ipsmiller Adventn\u00fd kalend\u00e1r[:] ausgew\u00e4hlte Ipsmiller-Weine f\u00fcr jeden Tag im Advent. Versandkostenfrei, perfekt zum Genie\u00dfen.\" \/>\n<meta property=\"og:url\" content=\"https:\/\/www.ipsmiller.at\/shop\/ipsmiller-adventkalender-24-flaschen\/\" \/>\n<meta property=\"og:site_name\" content=\"Weingut Ipsmiller\" \/>\n<meta property=\"article:modified_time\" content=\"2025-12-09T16:49:21+00:00\" \/>\n<meta property=\"og:image\" content=\"https:\/\/www.ipsmiller.at\/wp-content\/uploads\/2025\/11\/advenkalender-shop.jpg\" \/>\n\t<meta property=\"og:image:width\" content=\"600\" \/>\n\t<meta property=\"og:image:height\" content=\"800\" \/>\n\t<meta property=\"og:image:type\" content=\"image\/jpeg\" \/>\n<meta name=\"twitter:card\" content=\"summary_large_image\" \/>\n<meta name=\"twitter:label1\" content=\"Predpokladan\u00fd \u010das \u010d\u00edtania\" \/>\n\t<meta name=\"twitter:data1\" content=\"1 min\u00fata\" \/>\n<script type=\"application\/ld+json\" class=\"yoast-schema-graph\">{\"@context\":\"https:\/\/schema.org\",\"@graph\":[{\"@type\":\"WebPage\",\"@id\":\"https:\/\/www.ipsmiller.at\/shop\/ipsmiller-adventkalender-24-flaschen\/\",\"url\":\"https:\/\/www.ipsmiller.at\/shop\/ipsmiller-adventkalender-24-flaschen\/\",\"name\":\"[:de]Ipsmiller Adventkalender 24 Flaschen[:en]Ipsmiller Advent Calendar[:cs]Ipsmiller Adventn\u00ed kalend\u00e1\u0159[:sk]Ipsmiller Adventn\u00fd kalend\u00e1r[:] - Weingut Ipsmiller\",\"isPartOf\":{\"@id\":\"https:\/\/www.ipsmiller.at\/en\/#website\"},\"primaryImageOfPage\":{\"@id\":\"https:\/\/www.ipsmiller.at\/shop\/ipsmiller-adventkalender-24-flaschen\/#primaryimage\"},\"image\":{\"@id\":\"https:\/\/www.ipsmiller.at\/shop\/ipsmiller-adventkalender-24-flaschen\/#primaryimage\"},\"thumbnailUrl\":\"https:\/\/www.ipsmiller.at\/wp-content\/uploads\/2025\/11\/advenkalender-shop.jpg\",\"datePublished\":\"2025-11-19T07:20:29+00:00\",\"dateModified\":\"2025-12-09T16:49:21+00:00\",\"description\":\"[:de]Ipsmiller Adventkalender 24 Flaschen[:en]Ipsmiller Advent Calendar[:cs]Ipsmiller Adventn\u00ed kalend\u00e1\u0159[:sk]Ipsmiller Adventn\u00fd kalend\u00e1r[:] ausgew\u00e4hlte Ipsmiller-Weine f\u00fcr jeden Tag im Advent. Versandkostenfrei, perfekt zum Genie\u00dfen.\",\"breadcrumb\":{\"@id\":\"https:\/\/www.ipsmiller.at\/shop\/ipsmiller-adventkalender-24-flaschen\/#breadcrumb\"},\"inLanguage\":\"sk-SK\",\"potentialAction\":[{\"@type\":\"ReadAction\",\"target\":[\"https:\/\/www.ipsmiller.at\/shop\/ipsmiller-adventkalender-24-flaschen\/\"]}]},{\"@type\":\"ImageObject\",\"inLanguage\":\"sk-SK\",\"@id\":\"https:\/\/www.ipsmiller.at\/shop\/ipsmiller-adventkalender-24-flaschen\/#primaryimage\",\"url\":\"https:\/\/www.ipsmiller.at\/wp-content\/uploads\/2025\/11\/advenkalender-shop.jpg\",\"contentUrl\":\"https:\/\/www.ipsmiller.at\/wp-content\/uploads\/2025\/11\/advenkalender-shop.jpg\",\"width\":600,\"height\":800},{\"@type\":\"BreadcrumbList\",\"@id\":\"https:\/\/www.ipsmiller.at\/shop\/ipsmiller-adventkalender-24-flaschen\/#breadcrumb\",\"itemListElement\":[{\"@type\":\"ListItem\",\"position\":1,\"name\":\"Startseite\",\"item\":\"https:\/\/www.ipsmiller.at\/\"},{\"@type\":\"ListItem\",\"position\":2,\"name\":\"Shop\",\"item\":\"https:\/\/www.ipsmiller.at\/shop\/\"},{\"@type\":\"ListItem\",\"position\":3,\"name\":\"Ipsmiller Adventkalender 24 Flaschen\"}]},{\"@type\":\"WebSite\",\"@id\":\"https:\/\/www.ipsmiller.at\/en\/#website\",\"url\":\"https:\/\/www.ipsmiller.at\/en\/\",\"name\":\"Weingut Ipsmiller\",\"description\":\"Weine aus Schrattenberg\",\"publisher\":{\"@id\":\"https:\/\/www.ipsmiller.at\/en\/#organization\"},\"potentialAction\":[{\"@type\":\"SearchAction\",\"target\":{\"@type\":\"EntryPoint\",\"urlTemplate\":\"https:\/\/www.ipsmiller.at\/en\/?s={search_term_string}\"},\"query-input\":{\"@type\":\"PropertyValueSpecification\",\"valueRequired\":true,\"valueName\":\"search_term_string\"}}],\"inLanguage\":\"sk-SK\"},{\"@type\":\"Organization\",\"@id\":\"https:\/\/www.ipsmiller.at\/en\/#organization\",\"name\":\"Weingut Ipsmiller\",\"url\":\"https:\/\/www.ipsmiller.at\/en\/\",\"logo\":{\"@type\":\"ImageObject\",\"inLanguage\":\"sk-SK\",\"@id\":\"https:\/\/www.ipsmiller.at\/en\/#\/schema\/logo\/image\/\",\"url\":\"https:\/\/www.ipsmiller.at\/wp-content\/uploads\/2019\/11\/logo_ipsmiller_forever-wine_2019_3x.png\",\"contentUrl\":\"https:\/\/www.ipsmiller.at\/wp-content\/uploads\/2019\/11\/logo_ipsmiller_forever-wine_2019_3x.png\",\"width\":361,\"height\":120,\"caption\":\"Weingut Ipsmiller\"},\"image\":{\"@id\":\"https:\/\/www.ipsmiller.at\/en\/#\/schema\/logo\/image\/\"}}]}<\/script>\n<!-- \/ Yoast SEO Premium plugin. -->","yoast_head_json":{"title":"[:de]Ipsmiller Adventkalender 24 Flaschen[:en]Ipsmiller Advent Calendar[:cs]Ipsmiller Adventn\u00ed kalend\u00e1\u0159[:sk]Ipsmiller Adventn\u00fd kalend\u00e1r[:] - Weingut Ipsmiller","description":"[:de]Ipsmiller Adventkalender 24 Flaschen[:en]Ipsmiller Advent Calendar[:cs]Ipsmiller Adventn\u00ed kalend\u00e1\u0159[:sk]Ipsmiller Adventn\u00fd kalend\u00e1r[:] ausgew\u00e4hlte Ipsmiller-Weine f\u00fcr jeden Tag im Advent. Versandkostenfrei, perfekt zum Genie\u00dfen.","robots":{"index":"index","follow":"follow","max-snippet":"max-snippet:-1","max-image-preview":"max-image-preview:large","max-video-preview":"max-video-preview:-1"},"canonical":"https:\/\/www.ipsmiller.at\/shop\/ipsmiller-adventkalender-24-flaschen\/","og_locale":"sk_SK","og_type":"article","og_title":"[:de]Ipsmiller Adventkalender 24 Flaschen[:en]Ipsmiller Advent Calendar[:cs]Ipsmiller Adventn\u00ed kalend\u00e1\u0159[:sk]Ipsmiller Adventn\u00fd kalend\u00e1r[:]","og_description":"[:de]Ipsmiller Adventkalender 24 Flaschen[:en]Ipsmiller Advent Calendar[:cs]Ipsmiller Adventn\u00ed kalend\u00e1\u0159[:sk]Ipsmiller Adventn\u00fd kalend\u00e1r[:] ausgew\u00e4hlte Ipsmiller-Weine f\u00fcr jeden Tag im Advent. Versandkostenfrei, perfekt zum Genie\u00dfen.","og_url":"https:\/\/www.ipsmiller.at\/shop\/ipsmiller-adventkalender-24-flaschen\/","og_site_name":"Weingut Ipsmiller","article_modified_time":"2025-12-09T16:49:21+00:00","og_image":[{"width":600,"height":800,"url":"https:\/\/www.ipsmiller.at\/wp-content\/uploads\/2025\/11\/advenkalender-shop.jpg","type":"image\/jpeg"}],"twitter_card":"summary_large_image","twitter_misc":{"Predpokladan\u00fd \u010das \u010d\u00edtania":"1 min\u00fata"},"schema":{"@context":"https:\/\/schema.org","@graph":[{"@type":"WebPage","@id":"https:\/\/www.ipsmiller.at\/shop\/ipsmiller-adventkalender-24-flaschen\/","url":"https:\/\/www.ipsmiller.at\/shop\/ipsmiller-adventkalender-24-flaschen\/","name":"[:de]Ipsmiller Adventkalender 24 Flaschen[:en]Ipsmiller Advent Calendar[:cs]Ipsmiller Adventn\u00ed kalend\u00e1\u0159[:sk]Ipsmiller Adventn\u00fd kalend\u00e1r[:] - Weingut Ipsmiller","isPartOf":{"@id":"https:\/\/www.ipsmiller.at\/en\/#website"},"primaryImageOfPage":{"@id":"https:\/\/www.ipsmiller.at\/shop\/ipsmiller-adventkalender-24-flaschen\/#primaryimage"},"image":{"@id":"https:\/\/www.ipsmiller.at\/shop\/ipsmiller-adventkalender-24-flaschen\/#primaryimage"},"thumbnailUrl":"https:\/\/www.ipsmiller.at\/wp-content\/uploads\/2025\/11\/advenkalender-shop.jpg","datePublished":"2025-11-19T07:20:29+00:00","dateModified":"2025-12-09T16:49:21+00:00","description":"[:de]Ipsmiller Adventkalender 24 Flaschen[:en]Ipsmiller Advent Calendar[:cs]Ipsmiller Adventn\u00ed kalend\u00e1\u0159[:sk]Ipsmiller Adventn\u00fd kalend\u00e1r[:] ausgew\u00e4hlte Ipsmiller-Weine f\u00fcr jeden Tag im Advent. Versandkostenfrei, perfekt zum Genie\u00dfen.","breadcrumb":{"@id":"https:\/\/www.ipsmiller.at\/shop\/ipsmiller-adventkalender-24-flaschen\/#breadcrumb"},"inLanguage":"sk-SK","potentialAction":[{"@type":"ReadAction","target":["https:\/\/www.ipsmiller.at\/shop\/ipsmiller-adventkalender-24-flaschen\/"]}]},{"@type":"ImageObject","inLanguage":"sk-SK","@id":"https:\/\/www.ipsmiller.at\/shop\/ipsmiller-adventkalender-24-flaschen\/#primaryimage","url":"https:\/\/www.ipsmiller.at\/wp-content\/uploads\/2025\/11\/advenkalender-shop.jpg","contentUrl":"https:\/\/www.ipsmiller.at\/wp-content\/uploads\/2025\/11\/advenkalender-shop.jpg","width":600,"height":800},{"@type":"BreadcrumbList","@id":"https:\/\/www.ipsmiller.at\/shop\/ipsmiller-adventkalender-24-flaschen\/#breadcrumb","itemListElement":[{"@type":"ListItem","position":1,"name":"Startseite","item":"https:\/\/www.ipsmiller.at\/"},{"@type":"ListItem","position":2,"name":"Shop","item":"https:\/\/www.ipsmiller.at\/shop\/"},{"@type":"ListItem","position":3,"name":"Ipsmiller Adventkalender 24 Flaschen"}]},{"@type":"WebSite","@id":"https:\/\/www.ipsmiller.at\/en\/#website","url":"https:\/\/www.ipsmiller.at\/en\/","name":"Weingut Ipsmiller","description":"Weine aus Schrattenberg","publisher":{"@id":"https:\/\/www.ipsmiller.at\/en\/#organization"},"potentialAction":[{"@type":"SearchAction","target":{"@type":"EntryPoint","urlTemplate":"https:\/\/www.ipsmiller.at\/en\/?s={search_term_string}"},"query-input":{"@type":"PropertyValueSpecification","valueRequired":true,"valueName":"search_term_string"}}],"inLanguage":"sk-SK"},{"@type":"Organization","@id":"https:\/\/www.ipsmiller.at\/en\/#organization","name":"Weingut Ipsmiller","url":"https:\/\/www.ipsmiller.at\/en\/","logo":{"@type":"ImageObject","inLanguage":"sk-SK","@id":"https:\/\/www.ipsmiller.at\/en\/#\/schema\/logo\/image\/","url":"https:\/\/www.ipsmiller.at\/wp-content\/uploads\/2019\/11\/logo_ipsmiller_forever-wine_2019_3x.png","contentUrl":"https:\/\/www.ipsmiller.at\/wp-content\/uploads\/2019\/11\/logo_ipsmiller_forever-wine_2019_3x.png","width":361,"height":120,"caption":"Weingut Ipsmiller"},"image":{"@id":"https:\/\/www.ipsmiller.at\/en\/#\/schema\/logo\/image\/"}}]}},"_links":{"self":[{"href":"https:\/\/www.ipsmiller.at\/sk\/wp-json\/wp\/v2\/product\/69895","targetHints":{"allow":["GET"]}}],"collection":[{"href":"https:\/\/www.ipsmiller.at\/sk\/wp-json\/wp\/v2\/product"}],"about":[{"href":"https:\/\/www.ipsmiller.at\/sk\/wp-json\/wp\/v2\/types\/product"}],"wp:featuredmedia":[{"embeddable":true,"href":"https:\/\/www.ipsmiller.at\/sk\/wp-json\/wp\/v2\/media\/69896"}],"wp:attachment":[{"href":"https:\/\/www.ipsmiller.at\/sk\/wp-json\/wp\/v2\/media?parent=69895"}],"wp:term":[{"taxonomy":"product_brand","embeddable":true,"href":"https:\/\/www.ipsmiller.at\/sk\/wp-json\/wp\/v2\/product_brand?post=69895"},{"taxonomy":"product_cat","embeddable":true,"href":"https:\/\/www.ipsmiller.at\/sk\/wp-json\/wp\/v2\/product_cat?post=69895"},{"taxonomy":"product_tag","embeddable":true,"href":"https:\/\/www.ipsmiller.at\/sk\/wp-json\/wp\/v2\/product_tag?post=69895"}],"curies":[{"name":"wp","href":"https:\/\/api.w.org\/{rel}","templated":true}]}}