{"id":69743,"date":"2025-03-18T10:43:04","date_gmt":"2025-03-18T09:43:04","guid":{"rendered":"https:\/\/www.ipsmiller.at\/?post_type=product&#038;p=69743"},"modified":"2026-04-07T21:17:18","modified_gmt":"2026-04-07T19:17:18","slug":"weinviertel-dac-johannesbergen-2024","status":"publish","type":"product","link":"https:\/\/www.ipsmiller.at\/sk\/shop\/weinviertel-dac-johannesbergen-2024\/","title":{"rendered":"Weinviertel DAC Johannesbergen 2025"},"content":{"rendered":"<div class=\"wpb-content-wrapper\"><p>[vc_row][vc_column][vc_column_text]V popred\u00ed t\u00f3ny \u010dierneho korenia, jemn\u00e9 exotick\u00e9 ar\u00f3my, rezk\u00e9 \u0161\u0165avnat\u00e9 telo, obzvl\u00e1\u0161\u0165 vhodn\u00e9 k jedlu.<\/p>\n<p>Zrenie: klasick\u00e9 (v nerezov\u00fdch n\u00e1dob\u00e1ch)<\/p>\n<p>Obsah alkoholu: 12%<br \/>\nSuch\u00e9[\/vc_column_text][vc_column_text uncode_shortcode_id=&#8220;413719&#8243;]<\/p>\n<hr \/>\n<p><strong>Zlo\u017eenie<\/strong><br \/>\nHrozno, cukor, stabiliz\u00e1tory: metavinov\u00e1 kyselina, arabsk\u00e1 guma; regul\u00e1tory kyslosti:<br \/>\nkyselina v\u00ednna, kyselina citr\u00f3nov\u00e1 a\/alebo kyselina L-askorbov\u00e1<br \/>\nAntioxidanty: oxid siri\u010dit\u00fd<\/p>\n<hr \/>\n<p><strong>V\u00fd\u017eivov\u00e9 hodnoty na 100 ml<\/strong><br \/>\nEnergia: 308 kJ \/ 74 kcal<br \/>\nSacharidy: 0,9 g<br \/>\nz toho cukry: 0,1 g<\/p>\n<hr \/>\n<p>Obsahuje zanedbate\u013en\u00e9 mno\u017estvo tuku, nas\u00fdten\u00fdch mastn\u00fdch kysel\u00edn, bielkov\u00edn a soli.<\/p>\n<hr \/>\n<p><img decoding=\"async\" class=\"alignnone wp-image-69745\" src=\"https:\/\/www.ipsmiller.at\/wp-content\/uploads\/2025\/03\/nachhaltig-en.png\" alt=\"\" width=\"100\" height=\"142\" \/>[\/vc_column_text][\/vc_column][\/vc_row]<\/p>\n<\/div>","protected":false},"excerpt":{"rendered":"<p>[vc_row][vc_column][vc_column_text]V popred\u00ed t\u00f3ny \u010dierneho korenia, jemn\u00e9 exotick\u00e9 ar\u00f3my, rezk\u00e9 \u0161\u0165avnat\u00e9 telo, obzvl\u00e1\u0161\u0165 vhodn\u00e9 k jedlu. Zrenie: klasick\u00e9 (v nerezov\u00fdch n\u00e1dob\u00e1ch) [&hellip;]<\/p>\n","protected":false},"featured_media":69546,"template":"","meta":[],"product_brand":[],"product_cat":[96],"product_tag":[],"class_list":{"0":"post-69743","1":"product","2":"type-product","3":"status-publish","4":"has-post-thumbnail","6":"product_cat-weissweine","8":"first","9":"instock","10":"taxable","11":"shipping-taxable","12":"purchasable","13":"product-type-simple"},"yoast_head":"<!-- This site is optimized with the Yoast SEO Premium plugin v26.6 (Yoast SEO v26.6) - https:\/\/yoast.com\/wordpress\/plugins\/seo\/ -->\n<title>Weinviertel DAC Johannesbergen 2025 - Weingut Ipsmiller<\/title>\n<meta name=\"description\" content=\"Weinviertel DAC Johannesbergen 2025 vom Weingut Ipsmiller \u2013 pfeffrige Noten, exotische Aromen und spritzig-saftiger K\u00f6rper.\" \/>\n<meta name=\"robots\" content=\"index, follow, max-snippet:-1, max-image-preview:large, max-video-preview:-1\" \/>\n<link rel=\"canonical\" href=\"https:\/\/www.ipsmiller.at\/shop\/weinviertel-dac-johannesbergen-2024\/\" \/>\n<meta property=\"og:locale\" content=\"sk_SK\" \/>\n<meta property=\"og:type\" content=\"article\" \/>\n<meta property=\"og:title\" content=\"Weinviertel DAC Johannesbergen 2025\" \/>\n<meta property=\"og:description\" content=\"Weinviertel DAC Johannesbergen 2025 vom Weingut Ipsmiller \u2013 pfeffrige Noten, exotische Aromen und spritzig-saftiger K\u00f6rper.\" \/>\n<meta property=\"og:url\" content=\"https:\/\/www.ipsmiller.at\/shop\/weinviertel-dac-johannesbergen-2024\/\" \/>\n<meta property=\"og:site_name\" content=\"Weingut Ipsmiller\" \/>\n<meta property=\"article:modified_time\" content=\"2026-04-07T19:17:18+00:00\" \/>\n<meta property=\"og:image\" content=\"https:\/\/www.ipsmiller.at\/wp-content\/uploads\/2018\/01\/weinviertel_dac.png\" \/>\n\t<meta property=\"og:image:width\" content=\"600\" \/>\n\t<meta property=\"og:image:height\" content=\"800\" \/>\n\t<meta property=\"og:image:type\" content=\"image\/png\" \/>\n<meta name=\"twitter:card\" content=\"summary_large_image\" \/>\n<meta name=\"twitter:label1\" content=\"Predpokladan\u00fd \u010das \u010d\u00edtania\" \/>\n\t<meta name=\"twitter:data1\" content=\"1 min\u00fata\" \/>\n<script type=\"application\/ld+json\" class=\"yoast-schema-graph\">{\"@context\":\"https:\/\/schema.org\",\"@graph\":[{\"@type\":\"WebPage\",\"@id\":\"https:\/\/www.ipsmiller.at\/shop\/weinviertel-dac-johannesbergen-2024\/\",\"url\":\"https:\/\/www.ipsmiller.at\/shop\/weinviertel-dac-johannesbergen-2024\/\",\"name\":\"Weinviertel DAC Johannesbergen 2025 - Weingut Ipsmiller\",\"isPartOf\":{\"@id\":\"https:\/\/www.ipsmiller.at\/en\/#website\"},\"primaryImageOfPage\":{\"@id\":\"https:\/\/www.ipsmiller.at\/shop\/weinviertel-dac-johannesbergen-2024\/#primaryimage\"},\"image\":{\"@id\":\"https:\/\/www.ipsmiller.at\/shop\/weinviertel-dac-johannesbergen-2024\/#primaryimage\"},\"thumbnailUrl\":\"https:\/\/www.ipsmiller.at\/wp-content\/uploads\/2018\/01\/weinviertel_dac.png\",\"datePublished\":\"2025-03-18T09:43:04+00:00\",\"dateModified\":\"2026-04-07T19:17:18+00:00\",\"description\":\"Weinviertel DAC Johannesbergen 2025 vom Weingut Ipsmiller \u2013 pfeffrige Noten, exotische Aromen und spritzig-saftiger K\u00f6rper.\",\"breadcrumb\":{\"@id\":\"https:\/\/www.ipsmiller.at\/shop\/weinviertel-dac-johannesbergen-2024\/#breadcrumb\"},\"inLanguage\":\"sk-SK\",\"potentialAction\":[{\"@type\":\"ReadAction\",\"target\":[\"https:\/\/www.ipsmiller.at\/shop\/weinviertel-dac-johannesbergen-2024\/\"]}]},{\"@type\":\"ImageObject\",\"inLanguage\":\"sk-SK\",\"@id\":\"https:\/\/www.ipsmiller.at\/shop\/weinviertel-dac-johannesbergen-2024\/#primaryimage\",\"url\":\"https:\/\/www.ipsmiller.at\/wp-content\/uploads\/2018\/01\/weinviertel_dac.png\",\"contentUrl\":\"https:\/\/www.ipsmiller.at\/wp-content\/uploads\/2018\/01\/weinviertel_dac.png\",\"width\":600,\"height\":800},{\"@type\":\"BreadcrumbList\",\"@id\":\"https:\/\/www.ipsmiller.at\/shop\/weinviertel-dac-johannesbergen-2024\/#breadcrumb\",\"itemListElement\":[{\"@type\":\"ListItem\",\"position\":1,\"name\":\"Startseite\",\"item\":\"https:\/\/www.ipsmiller.at\/\"},{\"@type\":\"ListItem\",\"position\":2,\"name\":\"Shop\",\"item\":\"https:\/\/www.ipsmiller.at\/shop\/\"},{\"@type\":\"ListItem\",\"position\":3,\"name\":\"Weinviertel DAC Johannesbergen 2025\"}]},{\"@type\":\"WebSite\",\"@id\":\"https:\/\/www.ipsmiller.at\/en\/#website\",\"url\":\"https:\/\/www.ipsmiller.at\/en\/\",\"name\":\"Weingut Ipsmiller\",\"description\":\"Weine aus Schrattenberg\",\"publisher\":{\"@id\":\"https:\/\/www.ipsmiller.at\/en\/#organization\"},\"potentialAction\":[{\"@type\":\"SearchAction\",\"target\":{\"@type\":\"EntryPoint\",\"urlTemplate\":\"https:\/\/www.ipsmiller.at\/en\/?s={search_term_string}\"},\"query-input\":{\"@type\":\"PropertyValueSpecification\",\"valueRequired\":true,\"valueName\":\"search_term_string\"}}],\"inLanguage\":\"sk-SK\"},{\"@type\":\"Organization\",\"@id\":\"https:\/\/www.ipsmiller.at\/en\/#organization\",\"name\":\"Weingut Ipsmiller\",\"url\":\"https:\/\/www.ipsmiller.at\/en\/\",\"logo\":{\"@type\":\"ImageObject\",\"inLanguage\":\"sk-SK\",\"@id\":\"https:\/\/www.ipsmiller.at\/en\/#\/schema\/logo\/image\/\",\"url\":\"https:\/\/www.ipsmiller.at\/wp-content\/uploads\/2019\/11\/logo_ipsmiller_forever-wine_2019_3x.png\",\"contentUrl\":\"https:\/\/www.ipsmiller.at\/wp-content\/uploads\/2019\/11\/logo_ipsmiller_forever-wine_2019_3x.png\",\"width\":361,\"height\":120,\"caption\":\"Weingut Ipsmiller\"},\"image\":{\"@id\":\"https:\/\/www.ipsmiller.at\/en\/#\/schema\/logo\/image\/\"}}]}<\/script>\n<!-- \/ Yoast SEO Premium plugin. -->","yoast_head_json":{"title":"Weinviertel DAC Johannesbergen 2025 - Weingut Ipsmiller","description":"Weinviertel DAC Johannesbergen 2025 vom Weingut Ipsmiller \u2013 pfeffrige Noten, exotische Aromen und spritzig-saftiger K\u00f6rper.","robots":{"index":"index","follow":"follow","max-snippet":"max-snippet:-1","max-image-preview":"max-image-preview:large","max-video-preview":"max-video-preview:-1"},"canonical":"https:\/\/www.ipsmiller.at\/shop\/weinviertel-dac-johannesbergen-2024\/","og_locale":"sk_SK","og_type":"article","og_title":"Weinviertel DAC Johannesbergen 2025","og_description":"Weinviertel DAC Johannesbergen 2025 vom Weingut Ipsmiller \u2013 pfeffrige Noten, exotische Aromen und spritzig-saftiger K\u00f6rper.","og_url":"https:\/\/www.ipsmiller.at\/shop\/weinviertel-dac-johannesbergen-2024\/","og_site_name":"Weingut Ipsmiller","article_modified_time":"2026-04-07T19:17:18+00:00","og_image":[{"width":600,"height":800,"url":"https:\/\/www.ipsmiller.at\/wp-content\/uploads\/2018\/01\/weinviertel_dac.png","type":"image\/png"}],"twitter_card":"summary_large_image","twitter_misc":{"Predpokladan\u00fd \u010das \u010d\u00edtania":"1 min\u00fata"},"schema":{"@context":"https:\/\/schema.org","@graph":[{"@type":"WebPage","@id":"https:\/\/www.ipsmiller.at\/shop\/weinviertel-dac-johannesbergen-2024\/","url":"https:\/\/www.ipsmiller.at\/shop\/weinviertel-dac-johannesbergen-2024\/","name":"Weinviertel DAC Johannesbergen 2025 - Weingut Ipsmiller","isPartOf":{"@id":"https:\/\/www.ipsmiller.at\/en\/#website"},"primaryImageOfPage":{"@id":"https:\/\/www.ipsmiller.at\/shop\/weinviertel-dac-johannesbergen-2024\/#primaryimage"},"image":{"@id":"https:\/\/www.ipsmiller.at\/shop\/weinviertel-dac-johannesbergen-2024\/#primaryimage"},"thumbnailUrl":"https:\/\/www.ipsmiller.at\/wp-content\/uploads\/2018\/01\/weinviertel_dac.png","datePublished":"2025-03-18T09:43:04+00:00","dateModified":"2026-04-07T19:17:18+00:00","description":"Weinviertel DAC Johannesbergen 2025 vom Weingut Ipsmiller \u2013 pfeffrige Noten, exotische Aromen und spritzig-saftiger K\u00f6rper.","breadcrumb":{"@id":"https:\/\/www.ipsmiller.at\/shop\/weinviertel-dac-johannesbergen-2024\/#breadcrumb"},"inLanguage":"sk-SK","potentialAction":[{"@type":"ReadAction","target":["https:\/\/www.ipsmiller.at\/shop\/weinviertel-dac-johannesbergen-2024\/"]}]},{"@type":"ImageObject","inLanguage":"sk-SK","@id":"https:\/\/www.ipsmiller.at\/shop\/weinviertel-dac-johannesbergen-2024\/#primaryimage","url":"https:\/\/www.ipsmiller.at\/wp-content\/uploads\/2018\/01\/weinviertel_dac.png","contentUrl":"https:\/\/www.ipsmiller.at\/wp-content\/uploads\/2018\/01\/weinviertel_dac.png","width":600,"height":800},{"@type":"BreadcrumbList","@id":"https:\/\/www.ipsmiller.at\/shop\/weinviertel-dac-johannesbergen-2024\/#breadcrumb","itemListElement":[{"@type":"ListItem","position":1,"name":"Startseite","item":"https:\/\/www.ipsmiller.at\/"},{"@type":"ListItem","position":2,"name":"Shop","item":"https:\/\/www.ipsmiller.at\/shop\/"},{"@type":"ListItem","position":3,"name":"Weinviertel DAC Johannesbergen 2025"}]},{"@type":"WebSite","@id":"https:\/\/www.ipsmiller.at\/en\/#website","url":"https:\/\/www.ipsmiller.at\/en\/","name":"Weingut Ipsmiller","description":"Weine aus Schrattenberg","publisher":{"@id":"https:\/\/www.ipsmiller.at\/en\/#organization"},"potentialAction":[{"@type":"SearchAction","target":{"@type":"EntryPoint","urlTemplate":"https:\/\/www.ipsmiller.at\/en\/?s={search_term_string}"},"query-input":{"@type":"PropertyValueSpecification","valueRequired":true,"valueName":"search_term_string"}}],"inLanguage":"sk-SK"},{"@type":"Organization","@id":"https:\/\/www.ipsmiller.at\/en\/#organization","name":"Weingut Ipsmiller","url":"https:\/\/www.ipsmiller.at\/en\/","logo":{"@type":"ImageObject","inLanguage":"sk-SK","@id":"https:\/\/www.ipsmiller.at\/en\/#\/schema\/logo\/image\/","url":"https:\/\/www.ipsmiller.at\/wp-content\/uploads\/2019\/11\/logo_ipsmiller_forever-wine_2019_3x.png","contentUrl":"https:\/\/www.ipsmiller.at\/wp-content\/uploads\/2019\/11\/logo_ipsmiller_forever-wine_2019_3x.png","width":361,"height":120,"caption":"Weingut Ipsmiller"},"image":{"@id":"https:\/\/www.ipsmiller.at\/en\/#\/schema\/logo\/image\/"}}]}},"_links":{"self":[{"href":"https:\/\/www.ipsmiller.at\/sk\/wp-json\/wp\/v2\/product\/69743","targetHints":{"allow":["GET"]}}],"collection":[{"href":"https:\/\/www.ipsmiller.at\/sk\/wp-json\/wp\/v2\/product"}],"about":[{"href":"https:\/\/www.ipsmiller.at\/sk\/wp-json\/wp\/v2\/types\/product"}],"wp:featuredmedia":[{"embeddable":true,"href":"https:\/\/www.ipsmiller.at\/sk\/wp-json\/wp\/v2\/media\/69546"}],"wp:attachment":[{"href":"https:\/\/www.ipsmiller.at\/sk\/wp-json\/wp\/v2\/media?parent=69743"}],"wp:term":[{"taxonomy":"product_brand","embeddable":true,"href":"https:\/\/www.ipsmiller.at\/sk\/wp-json\/wp\/v2\/product_brand?post=69743"},{"taxonomy":"product_cat","embeddable":true,"href":"https:\/\/www.ipsmiller.at\/sk\/wp-json\/wp\/v2\/product_cat?post=69743"},{"taxonomy":"product_tag","embeddable":true,"href":"https:\/\/www.ipsmiller.at\/sk\/wp-json\/wp\/v2\/product_tag?post=69743"}],"curies":[{"name":"wp","href":"https:\/\/api.w.org\/{rel}","templated":true}]}}