{"id":66730,"date":"2017-03-12T10:33:35","date_gmt":"2017-03-12T09:33:35","guid":{"rendered":"https:\/\/www.ipsmiller.at\/?post_type=product&#038;p=66730"},"modified":"2025-03-24T09:51:31","modified_gmt":"2025-03-24T08:51:31","slug":"ipsmiller-jacke","status":"publish","type":"product","link":"https:\/\/www.ipsmiller.at\/sk\/shop\/ipsmiller-jacke\/","title":{"rendered":"Ipsmiller Bunda"},"content":{"rendered":"<div class=\"wpb-content-wrapper\"><p>[vc_row][vc_column][vc_column_text]P\u00e1nska pre\u0161\u00edvan\u00e1 bunda siv\u00e1 s logom na prednej aj zadnej strane[\/vc_column_text][\/vc_column][\/vc_row]<\/p>\n<\/div>","protected":false},"excerpt":{"rendered":"<p>[vc_row][vc_column][vc_column_text]P\u00e1nska pre\u0161\u00edvan\u00e1 bunda siv\u00e1 s logom na prednej aj zadnej strane[\/vc_column_text][\/vc_column][\/vc_row]<\/p>\n","protected":false},"featured_media":68380,"template":"","meta":[],"product_brand":[],"product_cat":[125],"product_tag":[],"class_list":{"0":"post-66730","1":"product","2":"type-product","3":"status-publish","4":"has-post-thumbnail","6":"product_cat-sonstiges","8":"first","9":"instock","10":"taxable","11":"shipping-taxable","12":"purchasable","13":"product-type-variable","14":"has-default-attributes"},"yoast_head":"<!-- This site is optimized with the Yoast SEO Premium plugin v26.6 (Yoast SEO v26.6) - https:\/\/yoast.com\/wordpress\/plugins\/seo\/ -->\n<title>Ipsmiller Bunda - Weingut Ipsmiller<\/title>\n<meta name=\"description\" content=\"Entdecken Sie die stilvolle Ipsmiller Jacke in Grau, perfekt f\u00fcr jeden Anlass. Zeigen Sie Ihr einzigartiges Stilgef\u00fchl mit Weingut Ipsmiller Logo!\" \/>\n<meta name=\"robots\" content=\"index, follow, max-snippet:-1, max-image-preview:large, max-video-preview:-1\" \/>\n<link rel=\"canonical\" href=\"https:\/\/www.ipsmiller.at\/shop\/ipsmiller-jacke\/\" \/>\n<meta property=\"og:locale\" content=\"sk_SK\" \/>\n<meta property=\"og:type\" content=\"article\" \/>\n<meta property=\"og:title\" content=\"[:de]Ipsmiller Jacke[:en]Ipsmillerjacket[:cs]Bunda Ipsmiller[:sk]Ipsmiller Bunda[:]\" \/>\n<meta property=\"og:description\" content=\"Entdecken Sie die stilvolle Ipsmiller Jacke in Grau, perfekt f\u00fcr jeden Anlass. Zeigen Sie Ihr einzigartiges Stilgef\u00fchl mit Weingut Ipsmiller Logo!\" \/>\n<meta property=\"og:url\" content=\"https:\/\/www.ipsmiller.at\/shop\/ipsmiller-jacke\/\" \/>\n<meta property=\"og:site_name\" content=\"Weingut Ipsmiller\" \/>\n<meta property=\"article:modified_time\" content=\"2025-03-24T08:51:31+00:00\" \/>\n<meta property=\"og:image\" content=\"https:\/\/www.ipsmiller.at\/wp-content\/uploads\/2018\/03\/ipsmiller_2023_final_0000s_0002_ipsmiller_2023_-4-kopie-scaled.jpg\" \/>\n\t<meta property=\"og:image:width\" content=\"1600\" \/>\n\t<meta property=\"og:image:height\" content=\"2560\" \/>\n\t<meta property=\"og:image:type\" content=\"image\/jpeg\" \/>\n<meta name=\"twitter:card\" content=\"summary_large_image\" \/>\n<meta name=\"twitter:label1\" content=\"Predpokladan\u00fd \u010das \u010d\u00edtania\" \/>\n\t<meta name=\"twitter:data1\" content=\"1 min\u00fata\" \/>\n<script type=\"application\/ld+json\" class=\"yoast-schema-graph\">{\"@context\":\"https:\/\/schema.org\",\"@graph\":[{\"@type\":\"WebPage\",\"@id\":\"https:\/\/www.ipsmiller.at\/shop\/ipsmiller-jacke\/\",\"url\":\"https:\/\/www.ipsmiller.at\/shop\/ipsmiller-jacke\/\",\"name\":\"[:de]Ipsmiller Jacke[:en]Ipsmillerjacket[:cs]Bunda Ipsmiller[:sk]Ipsmiller Bunda[:] - Weingut Ipsmiller\",\"isPartOf\":{\"@id\":\"https:\/\/www.ipsmiller.at\/en\/#website\"},\"primaryImageOfPage\":{\"@id\":\"https:\/\/www.ipsmiller.at\/shop\/ipsmiller-jacke\/#primaryimage\"},\"image\":{\"@id\":\"https:\/\/www.ipsmiller.at\/shop\/ipsmiller-jacke\/#primaryimage\"},\"thumbnailUrl\":\"https:\/\/www.ipsmiller.at\/wp-content\/uploads\/2018\/03\/ipsmiller_2023_final_0000s_0002_ipsmiller_2023_-4-kopie-scaled.jpg\",\"datePublished\":\"2017-03-12T09:33:35+00:00\",\"dateModified\":\"2025-03-24T08:51:31+00:00\",\"description\":\"Entdecken Sie die stilvolle Ipsmiller Jacke in Grau, perfekt f\u00fcr jeden Anlass. Zeigen Sie Ihr einzigartiges Stilgef\u00fchl mit Weingut Ipsmiller Logo!\",\"breadcrumb\":{\"@id\":\"https:\/\/www.ipsmiller.at\/shop\/ipsmiller-jacke\/#breadcrumb\"},\"inLanguage\":\"sk-SK\",\"potentialAction\":[{\"@type\":\"ReadAction\",\"target\":[\"https:\/\/www.ipsmiller.at\/shop\/ipsmiller-jacke\/\"]}]},{\"@type\":\"ImageObject\",\"inLanguage\":\"sk-SK\",\"@id\":\"https:\/\/www.ipsmiller.at\/shop\/ipsmiller-jacke\/#primaryimage\",\"url\":\"https:\/\/www.ipsmiller.at\/wp-content\/uploads\/2018\/03\/ipsmiller_2023_final_0000s_0002_ipsmiller_2023_-4-kopie-scaled.jpg\",\"contentUrl\":\"https:\/\/www.ipsmiller.at\/wp-content\/uploads\/2018\/03\/ipsmiller_2023_final_0000s_0002_ipsmiller_2023_-4-kopie-scaled.jpg\",\"width\":1600,\"height\":2560},{\"@type\":\"BreadcrumbList\",\"@id\":\"https:\/\/www.ipsmiller.at\/shop\/ipsmiller-jacke\/#breadcrumb\",\"itemListElement\":[{\"@type\":\"ListItem\",\"position\":1,\"name\":\"Startseite\",\"item\":\"https:\/\/www.ipsmiller.at\/\"},{\"@type\":\"ListItem\",\"position\":2,\"name\":\"Shop\",\"item\":\"https:\/\/www.ipsmiller.at\/shop\/\"},{\"@type\":\"ListItem\",\"position\":3,\"name\":\"Ipsmiller Jacke\"}]},{\"@type\":\"WebSite\",\"@id\":\"https:\/\/www.ipsmiller.at\/en\/#website\",\"url\":\"https:\/\/www.ipsmiller.at\/en\/\",\"name\":\"Weingut Ipsmiller\",\"description\":\"Weine aus Schrattenberg\",\"publisher\":{\"@id\":\"https:\/\/www.ipsmiller.at\/en\/#organization\"},\"potentialAction\":[{\"@type\":\"SearchAction\",\"target\":{\"@type\":\"EntryPoint\",\"urlTemplate\":\"https:\/\/www.ipsmiller.at\/en\/?s={search_term_string}\"},\"query-input\":{\"@type\":\"PropertyValueSpecification\",\"valueRequired\":true,\"valueName\":\"search_term_string\"}}],\"inLanguage\":\"sk-SK\"},{\"@type\":\"Organization\",\"@id\":\"https:\/\/www.ipsmiller.at\/en\/#organization\",\"name\":\"Weingut Ipsmiller\",\"url\":\"https:\/\/www.ipsmiller.at\/en\/\",\"logo\":{\"@type\":\"ImageObject\",\"inLanguage\":\"sk-SK\",\"@id\":\"https:\/\/www.ipsmiller.at\/en\/#\/schema\/logo\/image\/\",\"url\":\"https:\/\/www.ipsmiller.at\/wp-content\/uploads\/2019\/11\/logo_ipsmiller_forever-wine_2019_3x.png\",\"contentUrl\":\"https:\/\/www.ipsmiller.at\/wp-content\/uploads\/2019\/11\/logo_ipsmiller_forever-wine_2019_3x.png\",\"width\":361,\"height\":120,\"caption\":\"Weingut Ipsmiller\"},\"image\":{\"@id\":\"https:\/\/www.ipsmiller.at\/en\/#\/schema\/logo\/image\/\"}}]}<\/script>\n<!-- \/ Yoast SEO Premium plugin. -->","yoast_head_json":{"title":"[:de]Ipsmiller Jacke[:en]Ipsmillerjacket[:cs]Bunda Ipsmiller[:sk]Ipsmiller Bunda[:] - Weingut Ipsmiller","description":"Entdecken Sie die stilvolle Ipsmiller Jacke in Grau, perfekt f\u00fcr jeden Anlass. Zeigen Sie Ihr einzigartiges Stilgef\u00fchl mit Weingut Ipsmiller Logo!","robots":{"index":"index","follow":"follow","max-snippet":"max-snippet:-1","max-image-preview":"max-image-preview:large","max-video-preview":"max-video-preview:-1"},"canonical":"https:\/\/www.ipsmiller.at\/shop\/ipsmiller-jacke\/","og_locale":"sk_SK","og_type":"article","og_title":"[:de]Ipsmiller Jacke[:en]Ipsmillerjacket[:cs]Bunda Ipsmiller[:sk]Ipsmiller Bunda[:]","og_description":"Entdecken Sie die stilvolle Ipsmiller Jacke in Grau, perfekt f\u00fcr jeden Anlass. Zeigen Sie Ihr einzigartiges Stilgef\u00fchl mit Weingut Ipsmiller Logo!","og_url":"https:\/\/www.ipsmiller.at\/shop\/ipsmiller-jacke\/","og_site_name":"Weingut Ipsmiller","article_modified_time":"2025-03-24T08:51:31+00:00","og_image":[{"width":1600,"height":2560,"url":"https:\/\/www.ipsmiller.at\/wp-content\/uploads\/2018\/03\/ipsmiller_2023_final_0000s_0002_ipsmiller_2023_-4-kopie-scaled.jpg","type":"image\/jpeg"}],"twitter_card":"summary_large_image","twitter_misc":{"Predpokladan\u00fd \u010das \u010d\u00edtania":"1 min\u00fata"},"schema":{"@context":"https:\/\/schema.org","@graph":[{"@type":"WebPage","@id":"https:\/\/www.ipsmiller.at\/shop\/ipsmiller-jacke\/","url":"https:\/\/www.ipsmiller.at\/shop\/ipsmiller-jacke\/","name":"[:de]Ipsmiller Jacke[:en]Ipsmillerjacket[:cs]Bunda Ipsmiller[:sk]Ipsmiller Bunda[:] - Weingut Ipsmiller","isPartOf":{"@id":"https:\/\/www.ipsmiller.at\/en\/#website"},"primaryImageOfPage":{"@id":"https:\/\/www.ipsmiller.at\/shop\/ipsmiller-jacke\/#primaryimage"},"image":{"@id":"https:\/\/www.ipsmiller.at\/shop\/ipsmiller-jacke\/#primaryimage"},"thumbnailUrl":"https:\/\/www.ipsmiller.at\/wp-content\/uploads\/2018\/03\/ipsmiller_2023_final_0000s_0002_ipsmiller_2023_-4-kopie-scaled.jpg","datePublished":"2017-03-12T09:33:35+00:00","dateModified":"2025-03-24T08:51:31+00:00","description":"Entdecken Sie die stilvolle Ipsmiller Jacke in Grau, perfekt f\u00fcr jeden Anlass. Zeigen Sie Ihr einzigartiges Stilgef\u00fchl mit Weingut Ipsmiller Logo!","breadcrumb":{"@id":"https:\/\/www.ipsmiller.at\/shop\/ipsmiller-jacke\/#breadcrumb"},"inLanguage":"sk-SK","potentialAction":[{"@type":"ReadAction","target":["https:\/\/www.ipsmiller.at\/shop\/ipsmiller-jacke\/"]}]},{"@type":"ImageObject","inLanguage":"sk-SK","@id":"https:\/\/www.ipsmiller.at\/shop\/ipsmiller-jacke\/#primaryimage","url":"https:\/\/www.ipsmiller.at\/wp-content\/uploads\/2018\/03\/ipsmiller_2023_final_0000s_0002_ipsmiller_2023_-4-kopie-scaled.jpg","contentUrl":"https:\/\/www.ipsmiller.at\/wp-content\/uploads\/2018\/03\/ipsmiller_2023_final_0000s_0002_ipsmiller_2023_-4-kopie-scaled.jpg","width":1600,"height":2560},{"@type":"BreadcrumbList","@id":"https:\/\/www.ipsmiller.at\/shop\/ipsmiller-jacke\/#breadcrumb","itemListElement":[{"@type":"ListItem","position":1,"name":"Startseite","item":"https:\/\/www.ipsmiller.at\/"},{"@type":"ListItem","position":2,"name":"Shop","item":"https:\/\/www.ipsmiller.at\/shop\/"},{"@type":"ListItem","position":3,"name":"Ipsmiller Jacke"}]},{"@type":"WebSite","@id":"https:\/\/www.ipsmiller.at\/en\/#website","url":"https:\/\/www.ipsmiller.at\/en\/","name":"Weingut Ipsmiller","description":"Weine aus Schrattenberg","publisher":{"@id":"https:\/\/www.ipsmiller.at\/en\/#organization"},"potentialAction":[{"@type":"SearchAction","target":{"@type":"EntryPoint","urlTemplate":"https:\/\/www.ipsmiller.at\/en\/?s={search_term_string}"},"query-input":{"@type":"PropertyValueSpecification","valueRequired":true,"valueName":"search_term_string"}}],"inLanguage":"sk-SK"},{"@type":"Organization","@id":"https:\/\/www.ipsmiller.at\/en\/#organization","name":"Weingut Ipsmiller","url":"https:\/\/www.ipsmiller.at\/en\/","logo":{"@type":"ImageObject","inLanguage":"sk-SK","@id":"https:\/\/www.ipsmiller.at\/en\/#\/schema\/logo\/image\/","url":"https:\/\/www.ipsmiller.at\/wp-content\/uploads\/2019\/11\/logo_ipsmiller_forever-wine_2019_3x.png","contentUrl":"https:\/\/www.ipsmiller.at\/wp-content\/uploads\/2019\/11\/logo_ipsmiller_forever-wine_2019_3x.png","width":361,"height":120,"caption":"Weingut Ipsmiller"},"image":{"@id":"https:\/\/www.ipsmiller.at\/en\/#\/schema\/logo\/image\/"}}]}},"_links":{"self":[{"href":"https:\/\/www.ipsmiller.at\/sk\/wp-json\/wp\/v2\/product\/66730","targetHints":{"allow":["GET"]}}],"collection":[{"href":"https:\/\/www.ipsmiller.at\/sk\/wp-json\/wp\/v2\/product"}],"about":[{"href":"https:\/\/www.ipsmiller.at\/sk\/wp-json\/wp\/v2\/types\/product"}],"wp:featuredmedia":[{"embeddable":true,"href":"https:\/\/www.ipsmiller.at\/sk\/wp-json\/wp\/v2\/media\/68380"}],"wp:attachment":[{"href":"https:\/\/www.ipsmiller.at\/sk\/wp-json\/wp\/v2\/media?parent=66730"}],"wp:term":[{"taxonomy":"product_brand","embeddable":true,"href":"https:\/\/www.ipsmiller.at\/sk\/wp-json\/wp\/v2\/product_brand?post=66730"},{"taxonomy":"product_cat","embeddable":true,"href":"https:\/\/www.ipsmiller.at\/sk\/wp-json\/wp\/v2\/product_cat?post=66730"},{"taxonomy":"product_tag","embeddable":true,"href":"https:\/\/www.ipsmiller.at\/sk\/wp-json\/wp\/v2\/product_tag?post=66730"}],"curies":[{"name":"wp","href":"https:\/\/api.w.org\/{rel}","templated":true}]}}