{"id":66573,"date":"2018-01-01T13:27:04","date_gmt":"2018-01-01T12:27:04","guid":{"rendered":"https:\/\/www.ipsmiller.at\/?post_type=product&#038;p=66573"},"modified":"2025-03-24T09:52:31","modified_gmt":"2025-03-24T08:52:31","slug":"empress-sissi-cuvee-edition","status":"publish","type":"product","link":"https:\/\/www.ipsmiller.at\/sk\/shop\/empress-sissi-cuvee-edition\/","title":{"rendered":"Empress Sissi Cuve\u00e9 Edition"},"content":{"rendered":"<div class=\"wpb-content-wrapper\"><p>[vc_row][vc_column][vc_column_text]Cuv\u00e9e z odr\u00f4d Cabernet Sauvignon, Merlot, Zweigelt, Frankovka modr\u00e1<\/p>\n<p>Zrelo24 mesiacov v malom dubovom sude, limitovan\u00e9 na 1854 flia\u0161 ro\u010dne, etiketa zdoben\u00e1 Swarovsk\u00e9ho kry\u0161t\u00e1lmi. \u010cierne lesn\u00e9 ovocie, jemn\u00e1 ar\u00f3ma pra\u017eenia, t\u00f3ny k\u00e1vy mocca a \u010diernych r\u00edbezl\u00ed. Na podneb\u00ed intenz\u00edvne, \u013eahko korenist\u00e9, pevn\u00e9 tan\u00ednov\u00e9 jadro, v dozvuku lesn\u00e9 ovocie.<\/p>\n<p>Obsah alkoholu: 14%<br \/>\nSuch\u00e9[\/vc_column_text][\/vc_column][\/vc_row]<\/p>\n<\/div>","protected":false},"excerpt":{"rendered":"<p>[vc_row][vc_column][vc_column_text]Cuv\u00e9e z odr\u00f4d Cabernet Sauvignon, Merlot, Zweigelt, Frankovka modr\u00e1 Zrelo24 mesiacov v malom dubovom sude, limitovan\u00e9 na 1854 flia\u0161 ro\u010dne, [&hellip;]<\/p>\n","protected":false},"featured_media":66577,"template":"","meta":[],"product_brand":[],"product_cat":[95,115],"product_tag":[],"class_list":{"0":"post-66573","1":"product","2":"type-product","3":"status-publish","4":"has-post-thumbnail","6":"product_cat-rotweine","7":"product_cat-empress-sissi","9":"first","10":"instock","11":"taxable","12":"shipping-taxable","13":"purchasable","14":"product-type-simple"},"yoast_head":"<!-- This site is optimized with the Yoast SEO Premium plugin v26.6 (Yoast SEO v26.6) - https:\/\/yoast.com\/wordpress\/plugins\/seo\/ -->\n<title>Empress Sissi Cuve\u00e9 Edition - Weingut Ipsmiller<\/title>\n<meta name=\"description\" content=\"Empress Sissi Cuv\u00e9e Edition vom Weingut Ipsmiller \u2013 edle Cuv\u00e9e aus Cabernet Sauvignon, Merlot, Zweigelt &amp; Blaufr\u00e4nkisch. 24 Monate im Eichenfass gereift.\" \/>\n<meta name=\"robots\" content=\"index, follow, max-snippet:-1, max-image-preview:large, max-video-preview:-1\" \/>\n<link rel=\"canonical\" href=\"https:\/\/www.ipsmiller.at\/shop\/empress-sissi-cuvee-edition\/\" \/>\n<meta property=\"og:locale\" content=\"sk_SK\" \/>\n<meta property=\"og:type\" content=\"article\" \/>\n<meta property=\"og:title\" content=\"Empress Sissi Cuve\u00e9 Edition\" \/>\n<meta property=\"og:description\" content=\"Empress Sissi Cuv\u00e9e Edition vom Weingut Ipsmiller \u2013 edle Cuv\u00e9e aus Cabernet Sauvignon, Merlot, Zweigelt &amp; Blaufr\u00e4nkisch. 24 Monate im Eichenfass gereift.\" \/>\n<meta property=\"og:url\" content=\"https:\/\/www.ipsmiller.at\/shop\/empress-sissi-cuvee-edition\/\" \/>\n<meta property=\"og:site_name\" content=\"Weingut Ipsmiller\" \/>\n<meta property=\"article:modified_time\" content=\"2025-03-24T08:52:31+00:00\" \/>\n<meta property=\"og:image\" content=\"https:\/\/www.ipsmiller.at\/wp-content\/uploads\/2018\/02\/wein_11.png\" \/>\n\t<meta property=\"og:image:width\" content=\"600\" \/>\n\t<meta property=\"og:image:height\" content=\"800\" \/>\n\t<meta property=\"og:image:type\" content=\"image\/png\" \/>\n<meta name=\"twitter:card\" content=\"summary_large_image\" \/>\n<meta name=\"twitter:label1\" content=\"Predpokladan\u00fd \u010das \u010d\u00edtania\" \/>\n\t<meta name=\"twitter:data1\" content=\"1 min\u00fata\" \/>\n<script type=\"application\/ld+json\" class=\"yoast-schema-graph\">{\"@context\":\"https:\/\/schema.org\",\"@graph\":[{\"@type\":\"WebPage\",\"@id\":\"https:\/\/www.ipsmiller.at\/shop\/empress-sissi-cuvee-edition\/\",\"url\":\"https:\/\/www.ipsmiller.at\/shop\/empress-sissi-cuvee-edition\/\",\"name\":\"Empress Sissi Cuve\u00e9 Edition - Weingut Ipsmiller\",\"isPartOf\":{\"@id\":\"https:\/\/www.ipsmiller.at\/en\/#website\"},\"primaryImageOfPage\":{\"@id\":\"https:\/\/www.ipsmiller.at\/shop\/empress-sissi-cuvee-edition\/#primaryimage\"},\"image\":{\"@id\":\"https:\/\/www.ipsmiller.at\/shop\/empress-sissi-cuvee-edition\/#primaryimage\"},\"thumbnailUrl\":\"https:\/\/www.ipsmiller.at\/wp-content\/uploads\/2018\/02\/wein_11.png\",\"datePublished\":\"2018-01-01T12:27:04+00:00\",\"dateModified\":\"2025-03-24T08:52:31+00:00\",\"description\":\"Empress Sissi Cuv\u00e9e Edition vom Weingut Ipsmiller \u2013 edle Cuv\u00e9e aus Cabernet Sauvignon, Merlot, Zweigelt & Blaufr\u00e4nkisch. 24 Monate im Eichenfass gereift.\",\"breadcrumb\":{\"@id\":\"https:\/\/www.ipsmiller.at\/shop\/empress-sissi-cuvee-edition\/#breadcrumb\"},\"inLanguage\":\"sk-SK\",\"potentialAction\":[{\"@type\":\"ReadAction\",\"target\":[\"https:\/\/www.ipsmiller.at\/shop\/empress-sissi-cuvee-edition\/\"]}]},{\"@type\":\"ImageObject\",\"inLanguage\":\"sk-SK\",\"@id\":\"https:\/\/www.ipsmiller.at\/shop\/empress-sissi-cuvee-edition\/#primaryimage\",\"url\":\"https:\/\/www.ipsmiller.at\/wp-content\/uploads\/2018\/02\/wein_11.png\",\"contentUrl\":\"https:\/\/www.ipsmiller.at\/wp-content\/uploads\/2018\/02\/wein_11.png\",\"width\":600,\"height\":800},{\"@type\":\"BreadcrumbList\",\"@id\":\"https:\/\/www.ipsmiller.at\/shop\/empress-sissi-cuvee-edition\/#breadcrumb\",\"itemListElement\":[{\"@type\":\"ListItem\",\"position\":1,\"name\":\"Startseite\",\"item\":\"https:\/\/www.ipsmiller.at\/\"},{\"@type\":\"ListItem\",\"position\":2,\"name\":\"Shop\",\"item\":\"https:\/\/www.ipsmiller.at\/shop\/\"},{\"@type\":\"ListItem\",\"position\":3,\"name\":\"Empress Sissi Cuve\u00e9 Edition\"}]},{\"@type\":\"WebSite\",\"@id\":\"https:\/\/www.ipsmiller.at\/en\/#website\",\"url\":\"https:\/\/www.ipsmiller.at\/en\/\",\"name\":\"Weingut Ipsmiller\",\"description\":\"Weine aus Schrattenberg\",\"publisher\":{\"@id\":\"https:\/\/www.ipsmiller.at\/en\/#organization\"},\"potentialAction\":[{\"@type\":\"SearchAction\",\"target\":{\"@type\":\"EntryPoint\",\"urlTemplate\":\"https:\/\/www.ipsmiller.at\/en\/?s={search_term_string}\"},\"query-input\":{\"@type\":\"PropertyValueSpecification\",\"valueRequired\":true,\"valueName\":\"search_term_string\"}}],\"inLanguage\":\"sk-SK\"},{\"@type\":\"Organization\",\"@id\":\"https:\/\/www.ipsmiller.at\/en\/#organization\",\"name\":\"Weingut Ipsmiller\",\"url\":\"https:\/\/www.ipsmiller.at\/en\/\",\"logo\":{\"@type\":\"ImageObject\",\"inLanguage\":\"sk-SK\",\"@id\":\"https:\/\/www.ipsmiller.at\/en\/#\/schema\/logo\/image\/\",\"url\":\"https:\/\/www.ipsmiller.at\/wp-content\/uploads\/2019\/11\/logo_ipsmiller_forever-wine_2019_3x.png\",\"contentUrl\":\"https:\/\/www.ipsmiller.at\/wp-content\/uploads\/2019\/11\/logo_ipsmiller_forever-wine_2019_3x.png\",\"width\":361,\"height\":120,\"caption\":\"Weingut Ipsmiller\"},\"image\":{\"@id\":\"https:\/\/www.ipsmiller.at\/en\/#\/schema\/logo\/image\/\"}}]}<\/script>\n<!-- \/ Yoast SEO Premium plugin. -->","yoast_head_json":{"title":"Empress Sissi Cuve\u00e9 Edition - Weingut Ipsmiller","description":"Empress Sissi Cuv\u00e9e Edition vom Weingut Ipsmiller \u2013 edle Cuv\u00e9e aus Cabernet Sauvignon, Merlot, Zweigelt & Blaufr\u00e4nkisch. 24 Monate im Eichenfass gereift.","robots":{"index":"index","follow":"follow","max-snippet":"max-snippet:-1","max-image-preview":"max-image-preview:large","max-video-preview":"max-video-preview:-1"},"canonical":"https:\/\/www.ipsmiller.at\/shop\/empress-sissi-cuvee-edition\/","og_locale":"sk_SK","og_type":"article","og_title":"Empress Sissi Cuve\u00e9 Edition","og_description":"Empress Sissi Cuv\u00e9e Edition vom Weingut Ipsmiller \u2013 edle Cuv\u00e9e aus Cabernet Sauvignon, Merlot, Zweigelt & Blaufr\u00e4nkisch. 24 Monate im Eichenfass gereift.","og_url":"https:\/\/www.ipsmiller.at\/shop\/empress-sissi-cuvee-edition\/","og_site_name":"Weingut Ipsmiller","article_modified_time":"2025-03-24T08:52:31+00:00","og_image":[{"width":600,"height":800,"url":"https:\/\/www.ipsmiller.at\/wp-content\/uploads\/2018\/02\/wein_11.png","type":"image\/png"}],"twitter_card":"summary_large_image","twitter_misc":{"Predpokladan\u00fd \u010das \u010d\u00edtania":"1 min\u00fata"},"schema":{"@context":"https:\/\/schema.org","@graph":[{"@type":"WebPage","@id":"https:\/\/www.ipsmiller.at\/shop\/empress-sissi-cuvee-edition\/","url":"https:\/\/www.ipsmiller.at\/shop\/empress-sissi-cuvee-edition\/","name":"Empress Sissi Cuve\u00e9 Edition - Weingut Ipsmiller","isPartOf":{"@id":"https:\/\/www.ipsmiller.at\/en\/#website"},"primaryImageOfPage":{"@id":"https:\/\/www.ipsmiller.at\/shop\/empress-sissi-cuvee-edition\/#primaryimage"},"image":{"@id":"https:\/\/www.ipsmiller.at\/shop\/empress-sissi-cuvee-edition\/#primaryimage"},"thumbnailUrl":"https:\/\/www.ipsmiller.at\/wp-content\/uploads\/2018\/02\/wein_11.png","datePublished":"2018-01-01T12:27:04+00:00","dateModified":"2025-03-24T08:52:31+00:00","description":"Empress Sissi Cuv\u00e9e Edition vom Weingut Ipsmiller \u2013 edle Cuv\u00e9e aus Cabernet Sauvignon, Merlot, Zweigelt & Blaufr\u00e4nkisch. 24 Monate im Eichenfass gereift.","breadcrumb":{"@id":"https:\/\/www.ipsmiller.at\/shop\/empress-sissi-cuvee-edition\/#breadcrumb"},"inLanguage":"sk-SK","potentialAction":[{"@type":"ReadAction","target":["https:\/\/www.ipsmiller.at\/shop\/empress-sissi-cuvee-edition\/"]}]},{"@type":"ImageObject","inLanguage":"sk-SK","@id":"https:\/\/www.ipsmiller.at\/shop\/empress-sissi-cuvee-edition\/#primaryimage","url":"https:\/\/www.ipsmiller.at\/wp-content\/uploads\/2018\/02\/wein_11.png","contentUrl":"https:\/\/www.ipsmiller.at\/wp-content\/uploads\/2018\/02\/wein_11.png","width":600,"height":800},{"@type":"BreadcrumbList","@id":"https:\/\/www.ipsmiller.at\/shop\/empress-sissi-cuvee-edition\/#breadcrumb","itemListElement":[{"@type":"ListItem","position":1,"name":"Startseite","item":"https:\/\/www.ipsmiller.at\/"},{"@type":"ListItem","position":2,"name":"Shop","item":"https:\/\/www.ipsmiller.at\/shop\/"},{"@type":"ListItem","position":3,"name":"Empress Sissi Cuve\u00e9 Edition"}]},{"@type":"WebSite","@id":"https:\/\/www.ipsmiller.at\/en\/#website","url":"https:\/\/www.ipsmiller.at\/en\/","name":"Weingut Ipsmiller","description":"Weine aus Schrattenberg","publisher":{"@id":"https:\/\/www.ipsmiller.at\/en\/#organization"},"potentialAction":[{"@type":"SearchAction","target":{"@type":"EntryPoint","urlTemplate":"https:\/\/www.ipsmiller.at\/en\/?s={search_term_string}"},"query-input":{"@type":"PropertyValueSpecification","valueRequired":true,"valueName":"search_term_string"}}],"inLanguage":"sk-SK"},{"@type":"Organization","@id":"https:\/\/www.ipsmiller.at\/en\/#organization","name":"Weingut Ipsmiller","url":"https:\/\/www.ipsmiller.at\/en\/","logo":{"@type":"ImageObject","inLanguage":"sk-SK","@id":"https:\/\/www.ipsmiller.at\/en\/#\/schema\/logo\/image\/","url":"https:\/\/www.ipsmiller.at\/wp-content\/uploads\/2019\/11\/logo_ipsmiller_forever-wine_2019_3x.png","contentUrl":"https:\/\/www.ipsmiller.at\/wp-content\/uploads\/2019\/11\/logo_ipsmiller_forever-wine_2019_3x.png","width":361,"height":120,"caption":"Weingut Ipsmiller"},"image":{"@id":"https:\/\/www.ipsmiller.at\/en\/#\/schema\/logo\/image\/"}}]}},"_links":{"self":[{"href":"https:\/\/www.ipsmiller.at\/sk\/wp-json\/wp\/v2\/product\/66573","targetHints":{"allow":["GET"]}}],"collection":[{"href":"https:\/\/www.ipsmiller.at\/sk\/wp-json\/wp\/v2\/product"}],"about":[{"href":"https:\/\/www.ipsmiller.at\/sk\/wp-json\/wp\/v2\/types\/product"}],"wp:featuredmedia":[{"embeddable":true,"href":"https:\/\/www.ipsmiller.at\/sk\/wp-json\/wp\/v2\/media\/66577"}],"wp:attachment":[{"href":"https:\/\/www.ipsmiller.at\/sk\/wp-json\/wp\/v2\/media?parent=66573"}],"wp:term":[{"taxonomy":"product_brand","embeddable":true,"href":"https:\/\/www.ipsmiller.at\/sk\/wp-json\/wp\/v2\/product_brand?post=66573"},{"taxonomy":"product_cat","embeddable":true,"href":"https:\/\/www.ipsmiller.at\/sk\/wp-json\/wp\/v2\/product_cat?post=66573"},{"taxonomy":"product_tag","embeddable":true,"href":"https:\/\/www.ipsmiller.at\/sk\/wp-json\/wp\/v2\/product_tag?post=66573"}],"curies":[{"name":"wp","href":"https:\/\/api.w.org\/{rel}","templated":true}]}}