{"id":69403,"date":"2024-09-02T10:23:16","date_gmt":"2024-09-02T08:23:16","guid":{"rendered":"https:\/\/www.ipsmiller.at\/?page_id=69403"},"modified":"2024-10-01T11:07:39","modified_gmt":"2024-10-01T09:07:39","slug":"rotwein-in-bratislava","status":"publish","type":"page","link":"https:\/\/www.ipsmiller.at\/sk\/rotwein-in-bratislava\/","title":{"rendered":"\u010cerven\u00e9 v\u00edno v Bratislave"},"content":{"rendered":"<div class=\"wpb-content-wrapper\"><p>[vc_row unlock_row_content=&#8220;yes&#8220; row_height_percent=&#8220;0&#8243; overlay_alpha=&#8220;50&#8243; equal_height=&#8220;yes&#8220; gutter_size=&#8220;3&#8243; column_width_percent=&#8220;100&#8243; shift_y=&#8220;0&#8243; z_index=&#8220;0&#8243;][vc_column column_width_percent=&#8220;100&#8243; gutter_size=&#8220;3&#8243; style=&#8220;dark&#8220; back_color=&#8220;color-wayh&#8220; overlay_alpha=&#8220;50&#8243; shift_x=&#8220;0&#8243; shift_y=&#8220;0&#8243; shift_y_down=&#8220;0&#8243; z_index=&#8220;0&#8243; medium_width=&#8220;0&#8243; mobile_width=&#8220;0&#8243; width=&#8220;1\/3&#8243;][vc_custom_heading text_size=&#8220;&#8220; text_align=&#8220;text-left&#8220; text_uppercase=&#8220;&#8220; uncode_shortcode_id=&#8220;876088&#8243;]O\u010cAK\u00c1VAJTE ORIGINALITU[\/vc_custom_heading][vc_column_text uncode_shortcode_id=&#8220;166649&#8243;]My vo vin\u00e1rstve Ipsmiller sme hrd\u00ed na to, \u017ee na\u0161a rodina \u00faspe\u0161ne vyr\u00e1ba biele a \u010derven\u00e9 v\u00edna u\u017e osem gener\u00e1ci\u00ed. Predt\u00fdm, ako v\u00edna nanajv\u00fd\u0161 pozorne za\u010dneme st\u00e1\u010da\u0165 do flia\u0161, sa u n\u00e1s ka\u017ed\u00fd druh degustuje. Jedine\u010dn\u00e1 poloha vinohradov Schrattenberg v oblasti Weinviertel poskytuje ide\u00e1lne podmienky pre lisovanie pln\u00fdch a harmonick\u00fdch \u010derven\u00fdch v\u00edn.<\/p>\n<p>Rozmanit\u00e9 odrody na\u0161ich \u010derven\u00fdch v\u00edn, ku ktor\u00fdm patria\u00a0<a href=\"https:\/\/www.ipsmiller.at\/sk\/shop\/zweigelt-classic\/\">Zweigelt<\/a>,\u00a0<a href=\"https:\/\/www.ipsmiller.at\/sk\/shop\/st-laurent\/\">Sv\u00e4tovavrineck\u00e9<\/a>,\u00a0<a href=\"https:\/\/www.ipsmiller.at\/sk\/shop\/blaufraenkisch\/\">Frankovka modr\u00e1<\/a>,<a href=\"https:\/\/www.ipsmiller.at\/sk\/shop\/merlot-2018-magnum\/\">\u00a0Merlot<\/a>,\u00a0<a href=\"https:\/\/www.ipsmiller.at\/sk\/shop\/cabernet-sauvignon-2016-magnum\/\">Cabernet Sauvignon<\/a>\u00a0a\u00a0<a href=\"https:\/\/www.ipsmiller.at\/sk\/shop\/syrah\/\">Syrah<\/a>, dokazuj\u00fa kvalitu n\u00e1\u0161ho tradi\u010dn\u00e9ho vin\u00e1rstva. Na\u0161u snahu o najvy\u0161\u0161iu kvalitu potvrdzuje aj pe\u010da\u0165 \u201eSustainable Austria\u201c (Udr\u017eate\u013en\u00e9 Rak\u00fasko), ktor\u00e1 dokazuje, \u017ee pou\u017e\u00edvame ekologick\u00e9 v\u00fdrobn\u00e9 postupy a re\u0161pektujeme pr\u00edrodu.[\/vc_column_text][\/vc_column][vc_column column_width_percent=&#8220;100&#8243; gutter_size=&#8220;3&#8243; style=&#8220;dark&#8220; back_color=&#8220;color-wayh&#8220; overlay_alpha=&#8220;50&#8243; shift_x=&#8220;0&#8243; shift_y=&#8220;0&#8243; shift_y_down=&#8220;0&#8243; z_index=&#8220;0&#8243; medium_width=&#8220;0&#8243; mobile_width=&#8220;0&#8243; width=&#8220;1\/3&#8243;][vc_custom_heading text_size=&#8220;&#8220; text_align=&#8220;text-left&#8220; text_uppercase=&#8220;&#8220; uncode_shortcode_id=&#8220;163986&#8243;]Z\u00c1\u017dITOK Z \u010cERVEN\u00c9HO V\u00cdNA PRE BRATISLAVU[\/vc_custom_heading][vc_column_text uncode_shortcode_id=&#8220;208740&#8243;]Vychutnajte si poh\u00e1r kvalitn\u00e9ho \u010derven\u00e9ho v\u00edna u v\u00e1s doma v Bratislavskom kraji, \u010di u\u017e v jeho ru\u0161nej metropole alebo v pokojn\u00fdch meste\u010dk\u00e1ch, ako je Pezinok alebo Modra. Nechajte si doviez\u0165 \u0161pi\u010dkov\u00e9 rak\u00faske v\u00edna z oblasti Weinviertel priamo k v\u00e1m domov a u\u017eite si naplno ich jedine\u010dn\u00fa chu\u0165. Na\u0161e v\u00edna sa vyzna\u010duj\u00fa bohatou trad\u00edciou a mimoriadnou kvalitou, ktor\u00fa formuje jedine\u010dn\u00fd terroir oblasti Weinviertel.<\/p>\n<p>Z Rak\u00faska do Bratislavy &#8211; objavte rozmanitos\u0165 a kvalitu, ktor\u00fa pon\u00faka na\u0161e vin\u00e1rstvo, a vychutnajte si rak\u00fasku vin\u00e1rsku kult\u00faru v jej najlep\u0161ej podobe.<\/p>\n<p>Len pribli\u017ene 90 kilometrov od Bratislavy, v rak\u00faskom Schrattenbergu, v\u00e1s srde\u010dne poz\u00fdvame na ochutn\u00e1vku v\u00edn a prehliadku pivn\u00edc. Vyu\u017eite mo\u017enos\u0165 ubytova\u0165 sa v na\u0161ich <a href=\"https:\/\/www.ipsmiller.at\/sk\/wohnen\/\">\u0161t\u00fdlov\u00fdch apartm\u00e1noch v oblasti Weinviertel<\/a> a spojte svoj pobyt s exkluz\u00edvnou ochutn\u00e1vkou v\u00edna a fascinuj\u00facou prehliadkou pivn\u00edc.[\/vc_column_text][\/vc_column][vc_column column_width_percent=&#8220;100&#8243; gutter_size=&#8220;3&#8243; style=&#8220;dark&#8220; back_color=&#8220;color-wayh&#8220; overlay_alpha=&#8220;50&#8243; shift_x=&#8220;0&#8243; shift_y=&#8220;0&#8243; shift_y_down=&#8220;0&#8243; z_index=&#8220;0&#8243; medium_width=&#8220;0&#8243; mobile_width=&#8220;0&#8243; width=&#8220;1\/3&#8243;][vc_custom_heading text_size=&#8220;&#8220; text_align=&#8220;text-left&#8220; text_uppercase=&#8220;&#8220; uncode_shortcode_id=&#8220;129072&#8243;]U\u0160\u013dACHTIL\u00c9 \u010cERVEN\u00c9 V\u00cdNO DORU\u010c\u00cdME PRIAMO K V\u00c1M[\/vc_custom_heading][vc_column_text uncode_shortcode_id=&#8220;855401&#8243;]Na\u0161e rodinn\u00e9 vin\u00e1rstvo Ipsmiller zo Schrattenbergu v\u00e1m s pote\u0161en\u00edm predstavuje exkluz\u00edvny v\u00fdber \u010derven\u00fdch v\u00edn z prest\u00ed\u017enej vin\u00e1rskej oblasti Weinviertel. T\u00e1to oblas\u0165 je zn\u00e1ma vynikaj\u00facou kvalitou a rozmanitos\u0165ou svojich v\u00edn. U n\u00e1s m\u00e1te mo\u017enos\u0165 nak\u00fapi\u0165 \u010derven\u00e9 v\u00edno pohodlne online a necha\u0165 si ho doru\u010di\u0165 priamo domov.<\/p>\n<p>Objavte v na\u0161ej ponuke jedine\u010dn\u00e9 ar\u00f3my a charakter na\u0161ich v\u00edn. Garantujeme v\u00e1m r\u00fdchle spracovanie objedn\u00e1vky, bezpe\u010dn\u00e9 sp\u00f4soby platby a spo\u013eahliv\u00e9 doru\u010denie. Vychutnajte si u\u0161\u013eachtil\u00e9 \u010derven\u00e9 v\u00edna z oblasti Weinviertel a presved\u010dte sa o kvalite a chuti v\u00edn z vin\u00e1rstva Ipsmiller. Objednajte si e\u0161te dnes a vychutnajte si v\u00edno na najvy\u0161\u0161ej \u00farovni.[\/vc_column_text][\/vc_column][\/vc_row][vc_row unlock_row_content=&#8220;yes&#8220; row_height_percent=&#8220;0&#8243; overlay_alpha=&#8220;50&#8243; gutter_size=&#8220;3&#8243; column_width_percent=&#8220;100&#8243; shift_y=&#8220;0&#8243; z_index=&#8220;0&#8243;][vc_column column_width_percent=&#8220;100&#8243; gutter_size=&#8220;3&#8243; style=&#8220;light&#8220; overlay_alpha=&#8220;50&#8243; shift_x=&#8220;0&#8243; shift_y=&#8220;0&#8243; shift_y_down=&#8220;0&#8243; z_index=&#8220;0&#8243; medium_width=&#8220;0&#8243; mobile_width=&#8220;0&#8243; width=&#8220;3\/4&#8243;][vc_custom_heading text_size=&#8220;&#8220; text_align=&#8220;text-left&#8220; text_uppercase=&#8220;&#8220; uncode_shortcode_id=&#8220;281862&#8243; text_color_type=&#8220;uncode-solid&#8220; text_color_solid=&#8220;#bd1d2b&#8220;]Na\u0161e \u010derven\u00e9 v\u00edna[\/vc_custom_heading][uncode_index el_id=&#8220;index-139457&#8243; loop=&#8220;size:All|order_by:date|order:ASC|post_type:product|tax_query:95|taxonomy_count:10&#8243; index_back_color=&#8220;color-xsdn&#8220; screen_lg=&#8220;1230&#8243; screen_md=&#8220;600&#8243; screen_sm=&#8220;480&#8243; gutter_size=&#8220;3&#8243; product_items=&#8220;media|featured|onpost|original|hide-sale|inherit-atc|inherit-w-atc|atc-typo-default|show-atc,title,price|default&#8220; infinite=&#8220;yes&#8220; footer_style=&#8220;dark&#8220; footer_back_color=&#8220;color-wayh&#8220; single_width=&#8220;3&#8243; single_back_color=&#8220;color-wayh&#8220; single_overlay_opacity=&#8220;10&#8243; single_image_anim=&#8220;no&#8220; single_h_align=&#8220;center&#8220; single_padding=&#8220;1&#8243; single_title_dimension=&#8220;h5&#8243; single_border=&#8220;yes&#8220; single_css_animation=&#8220;bottom-t-top&#8220; single_animation_delay=&#8220;200&#8243; items=&#8220;e30=&#8220; order_ids=&#8220;19263,19261,19262,19235,18966,18907,18965,18934,18964,18936,18963,18935,18962,18933,18937,18932,19264,18999,18997,18998,18995,18967,18996,19265&#8243; uncode_shortcode_id=&#8220;606432&#8243; index_back_color_type=&#8220;uncode-palette&#8220; footer_back_color_type=&#8220;uncode-palette&#8220;][\/vc_column][vc_column column_width_percent=&#8220;100&#8243; gutter_size=&#8220;3&#8243; expand_height=&#8220;yes&#8220; overlay_alpha=&#8220;50&#8243; shift_x=&#8220;0&#8243; shift_y=&#8220;0&#8243; shift_y_down=&#8220;0&#8243; z_index=&#8220;0&#8243; medium_width=&#8220;0&#8243; mobile_width=&#8220;0&#8243; width=&#8220;1\/4&#8243;][vc_row_inner row_inner_height_percent=&#8220;0&#8243; overlay_alpha=&#8220;50&#8243; gutter_size=&#8220;3&#8243; shift_y=&#8220;0&#8243; z_index=&#8220;0&#8243; sticky=&#8220;yes&#8220;][vc_column_inner column_width_percent=&#8220;100&#8243; gutter_size=&#8220;3&#8243; style=&#8220;dark&#8220; back_color=&#8220;color-wayh&#8220; overlay_alpha=&#8220;50&#8243; shift_x=&#8220;0&#8243; shift_y=&#8220;0&#8243; shift_y_down=&#8220;0&#8243; z_index=&#8220;0&#8243; medium_width=&#8220;0&#8243; mobile_width=&#8220;0&#8243; width=&#8220;1\/1&#8243;][vc_custom_heading heading_semantic=&#8220;h3&#8243; text_size=&#8220;h5&#8243; uncode_shortcode_id=&#8220;135992&#8243;]Aktu\u00e1lne ponuky[\/vc_custom_heading][vc_raw_html]JTVCdW5jb2RlX2Jsb2NrJTIwaWQlM0QlMjI2NzE0MiUyMiUyMGluc2lkZV9jb2x1bW4lM0QlMjJ5ZXMlMjIlNUQ=[\/vc_raw_html][\/vc_column_inner][\/vc_row_inner][\/vc_column][\/vc_row][vc_row unlock_row_content=&#8220;yes&#8220; row_height_percent=&#8220;0&#8243; override_padding=&#8220;yes&#8220; h_padding=&#8220;3&#8243; top_padding=&#8220;3&#8243; bottom_padding=&#8220;3&#8243; overlay_alpha=&#8220;100&#8243; gutter_size=&#8220;0&#8243; shift_y=&#8220;0&#8243;][vc_column column_width_use_pixel=&#8220;yes&#8220; align_horizontal=&#8220;align_center&#8220; gutter_size=&#8220;3&#8243; overlay_alpha=&#8220;100&#8243; shift_x=&#8220;0&#8243; shift_y=&#8220;0&#8243; medium_width=&#8220;0&#8243; zoom_width=&#8220;0&#8243; zoom_height=&#8220;0&#8243; width=&#8220;1\/1&#8243;][vc_gallery el_id=&#8220;home-logos&#8220; type=&#8220;carousel&#8220; medias=&#8220;65465,65466,65467,65468,65469,65470,65471,65472,65473,65474&#8243; carousel_lg=&#8220;9&#8243; carousel_md=&#8220;5&#8243; carousel_sm=&#8220;3&#8243; gutter_size=&#8220;4&#8243; media_items=&#8220;media|nolink|original,icon&#8220; carousel_interval=&#8220;3000&#8243; carousel_navspeed=&#8220;400&#8243; carousel_loop=&#8220;yes&#8220; stage_padding=&#8220;0&#8243; single_overlay_opacity=&#8220;50&#8243; single_overlay_anim=&#8220;no&#8220; single_text_anim=&#8220;no&#8220; single_image_anim=&#8220;no&#8220; single_padding=&#8220;2&#8243; single_border=&#8220;yes&#8220; el_class=&#8220;img-grayscale&#8220;][\/vc_column][\/vc_row]<\/p>\n<\/div>","protected":false},"excerpt":{"rendered":"<p>[vc_row unlock_row_content=&#8220;yes&#8220; row_height_percent=&#8220;0&#8243; overlay_alpha=&#8220;50&#8243; equal_height=&#8220;yes&#8220; gutter_size=&#8220;3&#8243; column_width_percent=&#8220;100&#8243; shift_y=&#8220;0&#8243; z_index=&#8220;0&#8243;][vc_column column_width_percent=&#8220;100&#8243; gutter_size=&#8220;3&#8243; style=&#8220;dark&#8220; back_color=&#8220;color-wayh&#8220; overlay_alpha=&#8220;50&#8243; shift_x=&#8220;0&#8243; shift_y=&#8220;0&#8243; shift_y_down=&#8220;0&#8243; z_index=&#8220;0&#8243; medium_width=&#8220;0&#8243; mobile_width=&#8220;0&#8243; [&hellip;]<\/p>\n","protected":false},"author":1,"featured_media":67988,"parent":0,"menu_order":0,"comment_status":"closed","ping_status":"closed","template":"","meta":{"footnotes":""},"class_list":["post-69403","page","type-page","status-publish","has-post-thumbnail","hentry"],"yoast_head":"<!-- This site is optimized with the Yoast SEO Premium plugin v26.6 (Yoast SEO v26.6) - https:\/\/yoast.com\/wordpress\/plugins\/seo\/ -->\n<title>Edler Rotwein f\u00fcr Bratislava<\/title>\n<meta name=\"description\" content=\"Genuss von edlem Rotwein in Bratislava, direkt geliefert von unserem Weingut Ipsmiller in \u00d6sterreich. Jetzt online bestellen!\" \/>\n<meta name=\"robots\" content=\"index, follow, max-snippet:-1, max-image-preview:large, max-video-preview:-1\" \/>\n<link rel=\"canonical\" href=\"https:\/\/www.ipsmiller.at\/rotwein-in-bratislava\/\" \/>\n<meta property=\"og:locale\" content=\"sk_SK\" \/>\n<meta property=\"og:type\" content=\"article\" \/>\n<meta property=\"og:title\" content=\"[:de]Rotwein in Bratislava[:en]Rotwein in Bratislava[:cs]Rotwein in Bratislava[:sk]\u010cerven\u00e9 v\u00edno v Bratislave[:]\" \/>\n<meta property=\"og:description\" content=\"Genuss von edlem Rotwein in Bratislava, direkt geliefert von unserem Weingut Ipsmiller in \u00d6sterreich. Jetzt online bestellen!\" \/>\n<meta property=\"og:url\" content=\"https:\/\/www.ipsmiller.at\/rotwein-in-bratislava\/\" \/>\n<meta property=\"og:site_name\" content=\"Weingut Ipsmiller\" \/>\n<meta property=\"article:modified_time\" content=\"2024-10-01T09:07:39+00:00\" \/>\n<meta property=\"og:image\" content=\"https:\/\/www.ipsmiller.at\/wp-content\/uploads\/2022\/03\/header_wohnen_7.jpg\" \/>\n\t<meta property=\"og:image:width\" content=\"1920\" \/>\n\t<meta property=\"og:image:height\" content=\"480\" \/>\n\t<meta property=\"og:image:type\" content=\"image\/jpeg\" \/>\n<meta name=\"twitter:card\" content=\"summary_large_image\" \/>\n<meta name=\"twitter:label1\" content=\"Predpokladan\u00fd \u010das \u010d\u00edtania\" \/>\n\t<meta name=\"twitter:data1\" content=\"4 min\u00faty\" \/>\n<script type=\"application\/ld+json\" class=\"yoast-schema-graph\">{\"@context\":\"https:\/\/schema.org\",\"@graph\":[{\"@type\":\"WebPage\",\"@id\":\"https:\/\/www.ipsmiller.at\/rotwein-in-bratislava\/\",\"url\":\"https:\/\/www.ipsmiller.at\/rotwein-in-bratislava\/\",\"name\":\"Edler Rotwein f\u00fcr Bratislava\",\"isPartOf\":{\"@id\":\"https:\/\/www.ipsmiller.at\/en\/#website\"},\"primaryImageOfPage\":{\"@id\":\"https:\/\/www.ipsmiller.at\/rotwein-in-bratislava\/#primaryimage\"},\"image\":{\"@id\":\"https:\/\/www.ipsmiller.at\/rotwein-in-bratislava\/#primaryimage\"},\"thumbnailUrl\":\"https:\/\/www.ipsmiller.at\/wp-content\/uploads\/2022\/03\/header_wohnen_7.jpg\",\"datePublished\":\"2024-09-02T08:23:16+00:00\",\"dateModified\":\"2024-10-01T09:07:39+00:00\",\"description\":\"Genuss von edlem Rotwein in Bratislava, direkt geliefert von unserem Weingut Ipsmiller in \u00d6sterreich. Jetzt online bestellen!\",\"breadcrumb\":{\"@id\":\"https:\/\/www.ipsmiller.at\/rotwein-in-bratislava\/#breadcrumb\"},\"inLanguage\":\"sk-SK\",\"potentialAction\":[{\"@type\":\"ReadAction\",\"target\":[\"https:\/\/www.ipsmiller.at\/rotwein-in-bratislava\/\"]}]},{\"@type\":\"ImageObject\",\"inLanguage\":\"sk-SK\",\"@id\":\"https:\/\/www.ipsmiller.at\/rotwein-in-bratislava\/#primaryimage\",\"url\":\"https:\/\/www.ipsmiller.at\/wp-content\/uploads\/2022\/03\/header_wohnen_7.jpg\",\"contentUrl\":\"https:\/\/www.ipsmiller.at\/wp-content\/uploads\/2022\/03\/header_wohnen_7.jpg\",\"width\":1920,\"height\":480},{\"@type\":\"BreadcrumbList\",\"@id\":\"https:\/\/www.ipsmiller.at\/rotwein-in-bratislava\/#breadcrumb\",\"itemListElement\":[{\"@type\":\"ListItem\",\"position\":1,\"name\":\"Startseite\",\"item\":\"https:\/\/www.ipsmiller.at\/\"},{\"@type\":\"ListItem\",\"position\":2,\"name\":\"Rotwein in Bratislava\"}]},{\"@type\":\"WebSite\",\"@id\":\"https:\/\/www.ipsmiller.at\/en\/#website\",\"url\":\"https:\/\/www.ipsmiller.at\/en\/\",\"name\":\"Weingut Ipsmiller\",\"description\":\"Weine aus Schrattenberg\",\"publisher\":{\"@id\":\"https:\/\/www.ipsmiller.at\/en\/#organization\"},\"potentialAction\":[{\"@type\":\"SearchAction\",\"target\":{\"@type\":\"EntryPoint\",\"urlTemplate\":\"https:\/\/www.ipsmiller.at\/en\/?s={search_term_string}\"},\"query-input\":{\"@type\":\"PropertyValueSpecification\",\"valueRequired\":true,\"valueName\":\"search_term_string\"}}],\"inLanguage\":\"sk-SK\"},{\"@type\":\"Organization\",\"@id\":\"https:\/\/www.ipsmiller.at\/en\/#organization\",\"name\":\"Weingut Ipsmiller\",\"url\":\"https:\/\/www.ipsmiller.at\/en\/\",\"logo\":{\"@type\":\"ImageObject\",\"inLanguage\":\"sk-SK\",\"@id\":\"https:\/\/www.ipsmiller.at\/en\/#\/schema\/logo\/image\/\",\"url\":\"https:\/\/www.ipsmiller.at\/wp-content\/uploads\/2019\/11\/logo_ipsmiller_forever-wine_2019_3x.png\",\"contentUrl\":\"https:\/\/www.ipsmiller.at\/wp-content\/uploads\/2019\/11\/logo_ipsmiller_forever-wine_2019_3x.png\",\"width\":361,\"height\":120,\"caption\":\"Weingut Ipsmiller\"},\"image\":{\"@id\":\"https:\/\/www.ipsmiller.at\/en\/#\/schema\/logo\/image\/\"}}]}<\/script>\n<!-- \/ Yoast SEO Premium plugin. -->","yoast_head_json":{"title":"Edler Rotwein f\u00fcr Bratislava","description":"Genuss von edlem Rotwein in Bratislava, direkt geliefert von unserem Weingut Ipsmiller in \u00d6sterreich. Jetzt online bestellen!","robots":{"index":"index","follow":"follow","max-snippet":"max-snippet:-1","max-image-preview":"max-image-preview:large","max-video-preview":"max-video-preview:-1"},"canonical":"https:\/\/www.ipsmiller.at\/rotwein-in-bratislava\/","og_locale":"sk_SK","og_type":"article","og_title":"[:de]Rotwein in Bratislava[:en]Rotwein in Bratislava[:cs]Rotwein in Bratislava[:sk]\u010cerven\u00e9 v\u00edno v Bratislave[:]","og_description":"Genuss von edlem Rotwein in Bratislava, direkt geliefert von unserem Weingut Ipsmiller in \u00d6sterreich. Jetzt online bestellen!","og_url":"https:\/\/www.ipsmiller.at\/rotwein-in-bratislava\/","og_site_name":"Weingut Ipsmiller","article_modified_time":"2024-10-01T09:07:39+00:00","og_image":[{"width":1920,"height":480,"url":"https:\/\/www.ipsmiller.at\/wp-content\/uploads\/2022\/03\/header_wohnen_7.jpg","type":"image\/jpeg"}],"twitter_card":"summary_large_image","twitter_misc":{"Predpokladan\u00fd \u010das \u010d\u00edtania":"4 min\u00faty"},"schema":{"@context":"https:\/\/schema.org","@graph":[{"@type":"WebPage","@id":"https:\/\/www.ipsmiller.at\/rotwein-in-bratislava\/","url":"https:\/\/www.ipsmiller.at\/rotwein-in-bratislava\/","name":"Edler Rotwein f\u00fcr Bratislava","isPartOf":{"@id":"https:\/\/www.ipsmiller.at\/en\/#website"},"primaryImageOfPage":{"@id":"https:\/\/www.ipsmiller.at\/rotwein-in-bratislava\/#primaryimage"},"image":{"@id":"https:\/\/www.ipsmiller.at\/rotwein-in-bratislava\/#primaryimage"},"thumbnailUrl":"https:\/\/www.ipsmiller.at\/wp-content\/uploads\/2022\/03\/header_wohnen_7.jpg","datePublished":"2024-09-02T08:23:16+00:00","dateModified":"2024-10-01T09:07:39+00:00","description":"Genuss von edlem Rotwein in Bratislava, direkt geliefert von unserem Weingut Ipsmiller in \u00d6sterreich. Jetzt online bestellen!","breadcrumb":{"@id":"https:\/\/www.ipsmiller.at\/rotwein-in-bratislava\/#breadcrumb"},"inLanguage":"sk-SK","potentialAction":[{"@type":"ReadAction","target":["https:\/\/www.ipsmiller.at\/rotwein-in-bratislava\/"]}]},{"@type":"ImageObject","inLanguage":"sk-SK","@id":"https:\/\/www.ipsmiller.at\/rotwein-in-bratislava\/#primaryimage","url":"https:\/\/www.ipsmiller.at\/wp-content\/uploads\/2022\/03\/header_wohnen_7.jpg","contentUrl":"https:\/\/www.ipsmiller.at\/wp-content\/uploads\/2022\/03\/header_wohnen_7.jpg","width":1920,"height":480},{"@type":"BreadcrumbList","@id":"https:\/\/www.ipsmiller.at\/rotwein-in-bratislava\/#breadcrumb","itemListElement":[{"@type":"ListItem","position":1,"name":"Startseite","item":"https:\/\/www.ipsmiller.at\/"},{"@type":"ListItem","position":2,"name":"Rotwein in Bratislava"}]},{"@type":"WebSite","@id":"https:\/\/www.ipsmiller.at\/en\/#website","url":"https:\/\/www.ipsmiller.at\/en\/","name":"Weingut Ipsmiller","description":"Weine aus Schrattenberg","publisher":{"@id":"https:\/\/www.ipsmiller.at\/en\/#organization"},"potentialAction":[{"@type":"SearchAction","target":{"@type":"EntryPoint","urlTemplate":"https:\/\/www.ipsmiller.at\/en\/?s={search_term_string}"},"query-input":{"@type":"PropertyValueSpecification","valueRequired":true,"valueName":"search_term_string"}}],"inLanguage":"sk-SK"},{"@type":"Organization","@id":"https:\/\/www.ipsmiller.at\/en\/#organization","name":"Weingut Ipsmiller","url":"https:\/\/www.ipsmiller.at\/en\/","logo":{"@type":"ImageObject","inLanguage":"sk-SK","@id":"https:\/\/www.ipsmiller.at\/en\/#\/schema\/logo\/image\/","url":"https:\/\/www.ipsmiller.at\/wp-content\/uploads\/2019\/11\/logo_ipsmiller_forever-wine_2019_3x.png","contentUrl":"https:\/\/www.ipsmiller.at\/wp-content\/uploads\/2019\/11\/logo_ipsmiller_forever-wine_2019_3x.png","width":361,"height":120,"caption":"Weingut Ipsmiller"},"image":{"@id":"https:\/\/www.ipsmiller.at\/en\/#\/schema\/logo\/image\/"}}]}},"_links":{"self":[{"href":"https:\/\/www.ipsmiller.at\/sk\/wp-json\/wp\/v2\/pages\/69403","targetHints":{"allow":["GET"]}}],"collection":[{"href":"https:\/\/www.ipsmiller.at\/sk\/wp-json\/wp\/v2\/pages"}],"about":[{"href":"https:\/\/www.ipsmiller.at\/sk\/wp-json\/wp\/v2\/types\/page"}],"author":[{"embeddable":true,"href":"https:\/\/www.ipsmiller.at\/sk\/wp-json\/wp\/v2\/users\/1"}],"replies":[{"embeddable":true,"href":"https:\/\/www.ipsmiller.at\/sk\/wp-json\/wp\/v2\/comments?post=69403"}],"version-history":[{"count":6,"href":"https:\/\/www.ipsmiller.at\/sk\/wp-json\/wp\/v2\/pages\/69403\/revisions"}],"predecessor-version":[{"id":69536,"href":"https:\/\/www.ipsmiller.at\/sk\/wp-json\/wp\/v2\/pages\/69403\/revisions\/69536"}],"wp:featuredmedia":[{"embeddable":true,"href":"https:\/\/www.ipsmiller.at\/sk\/wp-json\/wp\/v2\/media\/67988"}],"wp:attachment":[{"href":"https:\/\/www.ipsmiller.at\/sk\/wp-json\/wp\/v2\/media?parent=69403"}],"curies":[{"name":"wp","href":"https:\/\/api.w.org\/{rel}","templated":true}]}}