{"id":69302,"date":"2024-08-20T10:58:46","date_gmt":"2024-08-20T08:58:46","guid":{"rendered":"https:\/\/www.ipsmiller.at\/?page_id=69302"},"modified":"2024-11-04T11:38:34","modified_gmt":"2024-11-04T10:38:34","slug":"rotwein-im-maehrisch-schlesischen-bezirk","status":"publish","type":"page","link":"https:\/\/www.ipsmiller.at\/sk\/rotwein-im-maehrisch-schlesischen-bezirk\/","title":{"rendered":"Rotwein im M\u00e4hrisch-Schlesischen Bezirk"},"content":{"rendered":"<div class=\"wpb-content-wrapper\"><p>[vc_row unlock_row_content=&#8220;yes&#8220; row_height_percent=&#8220;0&#8243; overlay_alpha=&#8220;50&#8243; equal_height=&#8220;yes&#8220; gutter_size=&#8220;3&#8243; column_width_percent=&#8220;100&#8243; shift_y=&#8220;0&#8243; z_index=&#8220;0&#8243;][vc_column column_width_percent=&#8220;100&#8243; gutter_size=&#8220;3&#8243; style=&#8220;dark&#8220; back_color=&#8220;color-wayh&#8220; overlay_alpha=&#8220;50&#8243; shift_x=&#8220;0&#8243; shift_y=&#8220;0&#8243; shift_y_down=&#8220;0&#8243; z_index=&#8220;0&#8243; medium_width=&#8220;0&#8243; mobile_width=&#8220;0&#8243; width=&#8220;1\/3&#8243;][vc_custom_heading text_size=&#8220;&#8220; text_align=&#8220;text-left&#8220; text_uppercase=&#8220;&#8220;]RODINA A SK\u00daSENOSTI[\/vc_custom_heading][vc_column_text]Prioritou na\u0161ej rodiny je odovzd\u00e1va\u0165 poznatky a sk\u00fasenosti o tom, ako sa dor\u00e1ba kvalitn\u00e9 v\u00edno z gener\u00e1cie na gener\u00e1ciu.<\/p>\n<p>V na\u0161ich pracovn\u00fdch postupoch sa sp\u00e1ja dlhoro\u010dn\u00e1 trad\u00edcia s modern\u00fdm vin\u00e1rstvom a s ve\u013ekou \u00factou k hroznu. Toto vin\u00e1rske umenie dnes nesie rukopis Petry Ipsmillerovej, ktor\u00e1 svojimi vedomos\u0165ami a nad\u0161en\u00edm v\u0161tepuje v\u00ednam firmy Ipsmiller nezamenite\u013en\u00fd charakter a kultivuje ich ako predstavite\u013eka \u00f4smej gener\u00e1cie.[\/vc_column_text][\/vc_column][vc_column column_width_percent=&#8220;100&#8243; gutter_size=&#8220;3&#8243; style=&#8220;dark&#8220; back_color=&#8220;color-wayh&#8220; overlay_alpha=&#8220;50&#8243; shift_x=&#8220;0&#8243; shift_y=&#8220;0&#8243; shift_y_down=&#8220;0&#8243; z_index=&#8220;0&#8243; medium_width=&#8220;0&#8243; mobile_width=&#8220;0&#8243; width=&#8220;1\/3&#8243;][vc_custom_heading text_size=&#8220;&#8220; text_align=&#8220;text-left&#8220; text_uppercase=&#8220;&#8220;]KVALITA ZAV\u00c4ZUJE[\/vc_custom_heading][vc_column_text]Cit pre spr\u00e1vnu vo\u013ebu r\u00e9vy, spracovanie optim\u00e1lne pre dan\u00fa odrodu, dobr\u00e9 zlo\u017eenie p\u00f4dy, slne\u010dn\u00e9 svahy a v\u00fdborn\u00e9 podmienky na dozrievanie v na\u0161ich v\u00ednnych pivniciach sa daj\u00fa vn\u00edma\u0165 v\u0161etk\u00fdmi zmyslami a robia z ochutn\u00e1vky na\u0161ich v\u00edn skuto\u010dn\u00fd z\u00e1\u017eitok.<\/p>\n<p>Na\u0161ou v\u00fdsadou je lisova\u0165 lahodn\u00e9 harmonick\u00e9 v\u00edna plnej chuti. O zdravie n\u00e1\u0161ho hrozna sa pozorne star\u00e1me po\u010das cel\u00e9ho vegeta\u010dn\u00e9ho obdobia. Zdrav\u00e9 hrozno je na\u0161ou najvy\u0161\u0161ou prioritou, preto\u017ee len zdrav\u00e9 a zrel\u00e9 bobule s\u00fa k\u013e\u00fa\u010dom k \u0161pi\u010dkovej kvalite v\u00edna.[\/vc_column_text][\/vc_column][vc_column column_width_percent=&#8220;100&#8243; gutter_size=&#8220;3&#8243; style=&#8220;dark&#8220; back_color=&#8220;color-wayh&#8220; overlay_alpha=&#8220;50&#8243; shift_x=&#8220;0&#8243; shift_y=&#8220;0&#8243; shift_y_down=&#8220;0&#8243; z_index=&#8220;0&#8243; medium_width=&#8220;0&#8243; mobile_width=&#8220;0&#8243; width=&#8220;1\/3&#8243;][vc_custom_heading text_size=&#8220;&#8220; text_align=&#8220;text-left&#8220; text_uppercase=&#8220;&#8220;]PODNIK A TRAD\u00cdCIA[\/vc_custom_heading][vc_column_text]Vin\u00e1rstvo Ipsmiller sa \u00faspe\u0161ne venuje v\u00fdrobe \u010derven\u00e9ho a bieleho v\u00edna u\u017e 8. gener\u00e1ciu. Z pokolenia na pokolenie si odovzd\u00e1vame remeseln\u00fa zru\u010dnos\u0165 a poznatky o tom, ako zo zdrav\u00e9ho zrel\u00e9ho hrozna vylisova\u0165 harmonick\u00e9 v\u00edna intenz\u00edvnej chuti. Aj dnes vyr\u00e1bame kvalitn\u00e9 v\u00edna pod\u013ea tradi\u010dnej recept\u00fary s na\u0161\u00edm rukopisom.<\/p>\n<p>Ka\u017ed\u00e9 v\u00edno najprv ochutn\u00e1me v r\u00e1mci rodiny, k\u00fdm ho za\u010dneme st\u00e1\u010da\u0165 do flia\u0161. To je jedno z tajomstiev, ktor\u00fdm sa na\u0161e rodinn\u00e9 vin\u00e1rstvo vyzna\u010duje po cel\u00e9 gener\u00e1cie.[\/vc_column_text][\/vc_column][\/vc_row][vc_row unlock_row_content=&#8220;yes&#8220; row_height_percent=&#8220;0&#8243; back_color=&#8220;color-wayh&#8220; overlay_alpha=&#8220;50&#8243; gutter_size=&#8220;3&#8243; column_width_percent=&#8220;100&#8243; shift_y=&#8220;0&#8243; z_index=&#8220;0&#8243;][vc_column width=&#8220;1\/1&#8243;][vc_gallery el_id=&#8220;gallery-168767&#8243; medias=&#8220;65617,65894,66615,65901,65898,65900,65899,68437&#8243; style_preset=&#8220;metro&#8220; gutter_size=&#8220;3&#8243; media_items=&#8220;media|lightbox|original&#8220; screen_lg=&#8220;1000&#8243; screen_md=&#8220;600&#8243; screen_sm=&#8220;480&#8243; single_width=&#8220;3&#8243; single_height=&#8220;2&#8243; single_overlay_opacity=&#8220;50&#8243; single_padding=&#8220;2&#8243; single_border=&#8220;yes&#8220; lbox_no_tmb=&#8220;yes&#8220; uncode_shortcode_id=&#8220;366937&#8243;][\/vc_column][\/vc_row][vc_row unlock_row_content=&#8220;yes&#8220; row_height_percent=&#8220;0&#8243; overlay_alpha=&#8220;50&#8243; equal_height=&#8220;yes&#8220; gutter_size=&#8220;3&#8243; column_width_percent=&#8220;100&#8243; shift_y=&#8220;0&#8243; z_index=&#8220;0&#8243;][vc_column column_width_percent=&#8220;100&#8243; gutter_size=&#8220;3&#8243; style=&#8220;dark&#8220; back_color=&#8220;color-wayh&#8220; overlay_alpha=&#8220;50&#8243; shift_x=&#8220;0&#8243; shift_y=&#8220;0&#8243; shift_y_down=&#8220;0&#8243; z_index=&#8220;0&#8243; medium_width=&#8220;0&#8243; mobile_width=&#8220;0&#8243; width=&#8220;1\/3&#8243;][vc_custom_heading text_size=&#8220;&#8220; text_align=&#8220;text-left&#8220; text_uppercase=&#8220;&#8220;]NAJLEP\u0160IE LOKALITY[\/vc_custom_heading][vc_column_text]V nadmorskej v\u00fd\u0161ke 286 metrov sa rozprestieraj\u00fa v\u00fdbe\u017eky pohoria Kalkalpen, pri\u010dom najlep\u0161ou lokalitou pre pestovanie \u010derven\u00fdch odr\u00f4d je Raistenberg. V\u00fdchodne le\u017e\u00ed lokalita Zuckermandeln, ktor\u00e1 je ide\u00e1lna pre pestovanie Zelen\u00e9ho veltl\u00ednu a Zrenie: klasick\u00e9 (v nerezov\u00fdch n\u00e1dob\u00e1ch) Vla\u0161sk\u00e9ho rizlingu a severne le\u017e\u00ed vinohrad Satzen. \u010eal\u0161ou vynikaj\u00facou lokalitou je Johannesbergen v susenej vin\u00e1rskej obci Herrnbaumgarten, kde dozrieva v\u00fdborn\u00fd Zelen\u00fd veltl\u00edn s ovocn\u00fdm buketom.<\/p>\n<p>Poloha v kotline, v ktorej le\u017e\u00ed Schrattenberg, je vo Weinviertli jedine\u010dn\u00e1 a je priam predur\u010den\u00e1 na dopestovanie lahodn\u00fdch \u010derven\u00fdch v\u00edn v\u00fdraznej chuti..[\/vc_column_text][\/vc_column][vc_column column_width_percent=&#8220;100&#8243; gutter_size=&#8220;3&#8243; style=&#8220;dark&#8220; back_color=&#8220;color-wayh&#8220; overlay_alpha=&#8220;50&#8243; shift_x=&#8220;0&#8243; shift_y=&#8220;0&#8243; shift_y_down=&#8220;0&#8243; z_index=&#8220;0&#8243; medium_width=&#8220;0&#8243; mobile_width=&#8220;0&#8243; width=&#8220;1\/3&#8243;][vc_custom_heading text_size=&#8220;&#8220; text_align=&#8220;text-left&#8220; text_uppercase=&#8220;&#8220;]U\u0160\u013dACHTIL\u00c9 \u010cERVEN\u00c9 V\u00cdNA[\/vc_custom_heading][vc_column_text uncode_shortcode_id=&#8220;148096&#8243;]Pod n\u00e1zvom \u201enajv\u00e4\u010d\u0161ie spolo\u010denstvo pestovate\u013eov \u010derven\u00e9ho v\u00edna na trase A5\u201c \u010dak\u00e1 na znalcov a fan\u00fa\u0161ikov \u010derven\u00e9ho v\u00edna nejedno prekvapenie.<\/p>\n<p>Len 500 metrov vzdialen\u00e1 \u010desk\u00e1 jazern\u00e1 oblas\u0165 kumuluje po\u010das d\u0148a tepl\u00e9 slne\u010dn\u00e9 \u017eiarenie. Po z\u00e1padne slnka sa nahromaden\u00e9 teplo z rybn\u00edkov dost\u00e1va v\u010faka severov\u00fdchodn\u00e9mu vetru do Schrattenbergu a vytv\u00e1ra tam vynikaj\u00face podmienky pre dozrievanie odr\u00f4d \u010derven\u00e9ho v\u00edna ako s\u00fa Zweigelt, Sv\u00e4tovavrineck\u00e9, Modr\u00e1 frankovka, Merlot , Cabernet Sauvignon a SYRAH.[\/vc_column_text][\/vc_column][vc_column column_width_percent=&#8220;100&#8243; gutter_size=&#8220;3&#8243; style=&#8220;dark&#8220; back_color=&#8220;color-wayh&#8220; overlay_alpha=&#8220;50&#8243; shift_x=&#8220;0&#8243; shift_y=&#8220;0&#8243; shift_y_down=&#8220;0&#8243; z_index=&#8220;0&#8243; medium_width=&#8220;0&#8243; mobile_width=&#8220;0&#8243; width=&#8220;1\/3&#8243;][vc_custom_heading text_size=&#8220;&#8220; text_align=&#8220;text-left&#8220; text_uppercase=&#8220;&#8220; uncode_shortcode_id=&#8220;121713&#8243;]U\u017eivanje vina z odgovornostjo![\/vc_custom_heading][vc_column_text uncode_shortcode_id=&#8220;126701&#8243;]V kleti jemljemo besedo &#8222;trajnost&#8220; zelo resno. Osredoto\u010deni smo na naslednja podro\u010dja delovanja, ki jih izvajamo z znakom odobritve \u00bbTrajnostna Avstrija\u00ab. Osredoto\u010deni smo na naslednje vidike:<\/p>\n<ul>\n<li>podnebna nevtralnost<\/li>\n<li>poraba vode<\/li>\n<li>poraba energije<\/li>\n<li>uporaba virov<\/li>\n<li>rodovitnost tal<\/li>\n<li>biotska raznovrstnost<\/li>\n<li>Visoki standardi kakovosti<\/li>\n<li>socialni vidiki<\/li>\n<li>ekonomsko upravi\u010denost<\/li>\n<\/ul>\n<p>\u017divimo v \u010dasu, ko je pomembno, da skupaj prevzamemo odgovornost: za na\u0161e podnebje, na\u0161e vire in seveda za ljudi.<\/p>\n<p>Nov znak kakovosti \u00bbTrajnostna Avstrija\u00ab vam to omogo\u010da. U\u017eivajte v vinih, ki trajnostno vodijo v prihodnost \u2013 v svet, v katerem \u0161tejejo eti\u010dne vrednote in odgovorno ravnanje.<\/p>\n<p>Pe\u010dat kakovosti obljublja trajnost v kozarcu za vsa vina IPSMILLER. Trajnostno za generacije v podjetju in za na\u0161e zadovoljne stranke.[\/vc_column_text][\/vc_column][\/vc_row][vc_row unlock_row_content=&#8220;yes&#8220; row_height_percent=&#8220;0&#8243; override_padding=&#8220;yes&#8220; h_padding=&#8220;3&#8243; top_padding=&#8220;3&#8243; bottom_padding=&#8220;3&#8243; overlay_alpha=&#8220;100&#8243; gutter_size=&#8220;0&#8243; shift_y=&#8220;0&#8243;][vc_column column_width_use_pixel=&#8220;yes&#8220; align_horizontal=&#8220;align_center&#8220; gutter_size=&#8220;3&#8243; overlay_alpha=&#8220;100&#8243; shift_x=&#8220;0&#8243; shift_y=&#8220;0&#8243; medium_width=&#8220;0&#8243; zoom_width=&#8220;0&#8243; zoom_height=&#8220;0&#8243; width=&#8220;1\/1&#8243;][vc_gallery el_id=&#8220;home-logos&#8220; type=&#8220;carousel&#8220; medias=&#8220;65465,65466,65467,65468,65469,65470,65471,65472,65473,65474&#8243; carousel_lg=&#8220;9&#8243; carousel_md=&#8220;5&#8243; carousel_sm=&#8220;3&#8243; gutter_size=&#8220;4&#8243; media_items=&#8220;media|nolink|original,icon&#8220; carousel_interval=&#8220;3000&#8243; carousel_navspeed=&#8220;400&#8243; carousel_loop=&#8220;yes&#8220; stage_padding=&#8220;0&#8243; single_overlay_opacity=&#8220;50&#8243; single_overlay_anim=&#8220;no&#8220; single_text_anim=&#8220;no&#8220; single_image_anim=&#8220;no&#8220; single_padding=&#8220;2&#8243; single_border=&#8220;yes&#8220; el_class=&#8220;img-grayscale&#8220;][\/vc_column][\/vc_row]<\/p>\n<\/div>","protected":false},"excerpt":{"rendered":"<p>[vc_row unlock_row_content=&#8220;yes&#8220; row_height_percent=&#8220;0&#8243; overlay_alpha=&#8220;50&#8243; equal_height=&#8220;yes&#8220; gutter_size=&#8220;3&#8243; column_width_percent=&#8220;100&#8243; shift_y=&#8220;0&#8243; z_index=&#8220;0&#8243;][vc_column column_width_percent=&#8220;100&#8243; gutter_size=&#8220;3&#8243; style=&#8220;dark&#8220; back_color=&#8220;color-wayh&#8220; overlay_alpha=&#8220;50&#8243; shift_x=&#8220;0&#8243; shift_y=&#8220;0&#8243; shift_y_down=&#8220;0&#8243; z_index=&#8220;0&#8243; medium_width=&#8220;0&#8243; mobile_width=&#8220;0&#8243; [&hellip;]<\/p>\n","protected":false},"author":1,"featured_media":67988,"parent":0,"menu_order":0,"comment_status":"closed","ping_status":"closed","template":"","meta":{"footnotes":""},"class_list":["post-69302","page","type-page","status-publish","has-post-thumbnail","hentry"],"yoast_head":"<!-- This site is optimized with the Yoast SEO Premium plugin v26.6 (Yoast SEO v26.6) - https:\/\/yoast.com\/wordpress\/plugins\/seo\/ -->\n<title>Edler Rotwein f\u00fcr den M\u00e4hrisch-Schlesischen Bezirk<\/title>\n<meta name=\"description\" content=\"Genie\u00dfen Sie edlen [:de]Rotwein im M\u00e4hrisch-Schlesischen Bezirk[:en]Rotwein im M\u00e4hrisch-Schlesischen Bezirk[:cs]\u010cerven\u00e9 v\u00edno v Moravskoslezsk\u00e9m kraji[:sk]Rotwein im M\u00e4hrisch-Schlesischen Bezirk[:] vom Weingut Ipsmiller \ud83c\udf77. Jetzt direkt vom Winzer online bestellen.\" \/>\n<meta name=\"robots\" content=\"index, follow, max-snippet:-1, max-image-preview:large, max-video-preview:-1\" \/>\n<link rel=\"canonical\" href=\"https:\/\/www.ipsmiller.at\/rotwein-im-maehrisch-schlesischen-bezirk\/\" \/>\n<meta property=\"og:locale\" content=\"sk_SK\" \/>\n<meta property=\"og:type\" content=\"article\" \/>\n<meta property=\"og:title\" content=\"[:de]Rotwein im M\u00e4hrisch-Schlesischen Bezirk[:en]Rotwein im M\u00e4hrisch-Schlesischen Bezirk[:cs]\u010cerven\u00e9 v\u00edno v Moravskoslezsk\u00e9m kraji[:sk]Rotwein im M\u00e4hrisch-Schlesischen Bezirk[:]\" \/>\n<meta property=\"og:description\" content=\"Genie\u00dfen Sie edlen [:de]Rotwein im M\u00e4hrisch-Schlesischen Bezirk[:en]Rotwein im M\u00e4hrisch-Schlesischen Bezirk[:cs]\u010cerven\u00e9 v\u00edno v Moravskoslezsk\u00e9m kraji[:sk]Rotwein im M\u00e4hrisch-Schlesischen Bezirk[:] vom Weingut Ipsmiller \ud83c\udf77. Jetzt direkt vom Winzer online bestellen.\" \/>\n<meta property=\"og:url\" content=\"https:\/\/www.ipsmiller.at\/rotwein-im-maehrisch-schlesischen-bezirk\/\" \/>\n<meta property=\"og:site_name\" content=\"Weingut Ipsmiller\" \/>\n<meta property=\"article:modified_time\" content=\"2024-11-04T10:38:34+00:00\" \/>\n<meta property=\"og:image\" content=\"https:\/\/www.ipsmiller.at\/wp-content\/uploads\/2022\/03\/header_wohnen_7.jpg\" \/>\n\t<meta property=\"og:image:width\" content=\"1920\" \/>\n\t<meta property=\"og:image:height\" content=\"480\" \/>\n\t<meta property=\"og:image:type\" content=\"image\/jpeg\" \/>\n<meta name=\"twitter:card\" content=\"summary_large_image\" \/>\n<meta name=\"twitter:label1\" content=\"Predpokladan\u00fd \u010das \u010d\u00edtania\" \/>\n\t<meta name=\"twitter:data1\" content=\"4 min\u00faty\" \/>\n<script type=\"application\/ld+json\" class=\"yoast-schema-graph\">{\"@context\":\"https:\/\/schema.org\",\"@graph\":[{\"@type\":\"WebPage\",\"@id\":\"https:\/\/www.ipsmiller.at\/rotwein-im-maehrisch-schlesischen-bezirk\/\",\"url\":\"https:\/\/www.ipsmiller.at\/rotwein-im-maehrisch-schlesischen-bezirk\/\",\"name\":\"Edler Rotwein f\u00fcr den M\u00e4hrisch-Schlesischen Bezirk\",\"isPartOf\":{\"@id\":\"https:\/\/www.ipsmiller.at\/en\/#website\"},\"primaryImageOfPage\":{\"@id\":\"https:\/\/www.ipsmiller.at\/rotwein-im-maehrisch-schlesischen-bezirk\/#primaryimage\"},\"image\":{\"@id\":\"https:\/\/www.ipsmiller.at\/rotwein-im-maehrisch-schlesischen-bezirk\/#primaryimage\"},\"thumbnailUrl\":\"https:\/\/www.ipsmiller.at\/wp-content\/uploads\/2022\/03\/header_wohnen_7.jpg\",\"datePublished\":\"2024-08-20T08:58:46+00:00\",\"dateModified\":\"2024-11-04T10:38:34+00:00\",\"description\":\"Genie\u00dfen Sie edlen [:de]Rotwein im M\u00e4hrisch-Schlesischen Bezirk[:en]Rotwein im M\u00e4hrisch-Schlesischen Bezirk[:cs]\u010cerven\u00e9 v\u00edno v Moravskoslezsk\u00e9m kraji[:sk]Rotwein im M\u00e4hrisch-Schlesischen Bezirk[:] vom Weingut Ipsmiller \ud83c\udf77. Jetzt direkt vom Winzer online bestellen.\",\"breadcrumb\":{\"@id\":\"https:\/\/www.ipsmiller.at\/rotwein-im-maehrisch-schlesischen-bezirk\/#breadcrumb\"},\"inLanguage\":\"sk-SK\",\"potentialAction\":[{\"@type\":\"ReadAction\",\"target\":[\"https:\/\/www.ipsmiller.at\/rotwein-im-maehrisch-schlesischen-bezirk\/\"]}]},{\"@type\":\"ImageObject\",\"inLanguage\":\"sk-SK\",\"@id\":\"https:\/\/www.ipsmiller.at\/rotwein-im-maehrisch-schlesischen-bezirk\/#primaryimage\",\"url\":\"https:\/\/www.ipsmiller.at\/wp-content\/uploads\/2022\/03\/header_wohnen_7.jpg\",\"contentUrl\":\"https:\/\/www.ipsmiller.at\/wp-content\/uploads\/2022\/03\/header_wohnen_7.jpg\",\"width\":1920,\"height\":480},{\"@type\":\"BreadcrumbList\",\"@id\":\"https:\/\/www.ipsmiller.at\/rotwein-im-maehrisch-schlesischen-bezirk\/#breadcrumb\",\"itemListElement\":[{\"@type\":\"ListItem\",\"position\":1,\"name\":\"Startseite\",\"item\":\"https:\/\/www.ipsmiller.at\/\"},{\"@type\":\"ListItem\",\"position\":2,\"name\":\"Rotwein im M\u00e4hrisch-Schlesischen Bezirk\"}]},{\"@type\":\"WebSite\",\"@id\":\"https:\/\/www.ipsmiller.at\/en\/#website\",\"url\":\"https:\/\/www.ipsmiller.at\/en\/\",\"name\":\"Weingut Ipsmiller\",\"description\":\"Weine aus Schrattenberg\",\"publisher\":{\"@id\":\"https:\/\/www.ipsmiller.at\/en\/#organization\"},\"potentialAction\":[{\"@type\":\"SearchAction\",\"target\":{\"@type\":\"EntryPoint\",\"urlTemplate\":\"https:\/\/www.ipsmiller.at\/en\/?s={search_term_string}\"},\"query-input\":{\"@type\":\"PropertyValueSpecification\",\"valueRequired\":true,\"valueName\":\"search_term_string\"}}],\"inLanguage\":\"sk-SK\"},{\"@type\":\"Organization\",\"@id\":\"https:\/\/www.ipsmiller.at\/en\/#organization\",\"name\":\"Weingut Ipsmiller\",\"url\":\"https:\/\/www.ipsmiller.at\/en\/\",\"logo\":{\"@type\":\"ImageObject\",\"inLanguage\":\"sk-SK\",\"@id\":\"https:\/\/www.ipsmiller.at\/en\/#\/schema\/logo\/image\/\",\"url\":\"https:\/\/www.ipsmiller.at\/wp-content\/uploads\/2019\/11\/logo_ipsmiller_forever-wine_2019_3x.png\",\"contentUrl\":\"https:\/\/www.ipsmiller.at\/wp-content\/uploads\/2019\/11\/logo_ipsmiller_forever-wine_2019_3x.png\",\"width\":361,\"height\":120,\"caption\":\"Weingut Ipsmiller\"},\"image\":{\"@id\":\"https:\/\/www.ipsmiller.at\/en\/#\/schema\/logo\/image\/\"}}]}<\/script>\n<!-- \/ Yoast SEO Premium plugin. -->","yoast_head_json":{"title":"Edler Rotwein f\u00fcr den M\u00e4hrisch-Schlesischen Bezirk","description":"Genie\u00dfen Sie edlen [:de]Rotwein im M\u00e4hrisch-Schlesischen Bezirk[:en]Rotwein im M\u00e4hrisch-Schlesischen Bezirk[:cs]\u010cerven\u00e9 v\u00edno v Moravskoslezsk\u00e9m kraji[:sk]Rotwein im M\u00e4hrisch-Schlesischen Bezirk[:] vom Weingut Ipsmiller \ud83c\udf77. Jetzt direkt vom Winzer online bestellen.","robots":{"index":"index","follow":"follow","max-snippet":"max-snippet:-1","max-image-preview":"max-image-preview:large","max-video-preview":"max-video-preview:-1"},"canonical":"https:\/\/www.ipsmiller.at\/rotwein-im-maehrisch-schlesischen-bezirk\/","og_locale":"sk_SK","og_type":"article","og_title":"[:de]Rotwein im M\u00e4hrisch-Schlesischen Bezirk[:en]Rotwein im M\u00e4hrisch-Schlesischen Bezirk[:cs]\u010cerven\u00e9 v\u00edno v Moravskoslezsk\u00e9m kraji[:sk]Rotwein im M\u00e4hrisch-Schlesischen Bezirk[:]","og_description":"Genie\u00dfen Sie edlen [:de]Rotwein im M\u00e4hrisch-Schlesischen Bezirk[:en]Rotwein im M\u00e4hrisch-Schlesischen Bezirk[:cs]\u010cerven\u00e9 v\u00edno v Moravskoslezsk\u00e9m kraji[:sk]Rotwein im M\u00e4hrisch-Schlesischen Bezirk[:] vom Weingut Ipsmiller \ud83c\udf77. Jetzt direkt vom Winzer online bestellen.","og_url":"https:\/\/www.ipsmiller.at\/rotwein-im-maehrisch-schlesischen-bezirk\/","og_site_name":"Weingut Ipsmiller","article_modified_time":"2024-11-04T10:38:34+00:00","og_image":[{"width":1920,"height":480,"url":"https:\/\/www.ipsmiller.at\/wp-content\/uploads\/2022\/03\/header_wohnen_7.jpg","type":"image\/jpeg"}],"twitter_card":"summary_large_image","twitter_misc":{"Predpokladan\u00fd \u010das \u010d\u00edtania":"4 min\u00faty"},"schema":{"@context":"https:\/\/schema.org","@graph":[{"@type":"WebPage","@id":"https:\/\/www.ipsmiller.at\/rotwein-im-maehrisch-schlesischen-bezirk\/","url":"https:\/\/www.ipsmiller.at\/rotwein-im-maehrisch-schlesischen-bezirk\/","name":"Edler Rotwein f\u00fcr den M\u00e4hrisch-Schlesischen Bezirk","isPartOf":{"@id":"https:\/\/www.ipsmiller.at\/en\/#website"},"primaryImageOfPage":{"@id":"https:\/\/www.ipsmiller.at\/rotwein-im-maehrisch-schlesischen-bezirk\/#primaryimage"},"image":{"@id":"https:\/\/www.ipsmiller.at\/rotwein-im-maehrisch-schlesischen-bezirk\/#primaryimage"},"thumbnailUrl":"https:\/\/www.ipsmiller.at\/wp-content\/uploads\/2022\/03\/header_wohnen_7.jpg","datePublished":"2024-08-20T08:58:46+00:00","dateModified":"2024-11-04T10:38:34+00:00","description":"Genie\u00dfen Sie edlen [:de]Rotwein im M\u00e4hrisch-Schlesischen Bezirk[:en]Rotwein im M\u00e4hrisch-Schlesischen Bezirk[:cs]\u010cerven\u00e9 v\u00edno v Moravskoslezsk\u00e9m kraji[:sk]Rotwein im M\u00e4hrisch-Schlesischen Bezirk[:] vom Weingut Ipsmiller \ud83c\udf77. Jetzt direkt vom Winzer online bestellen.","breadcrumb":{"@id":"https:\/\/www.ipsmiller.at\/rotwein-im-maehrisch-schlesischen-bezirk\/#breadcrumb"},"inLanguage":"sk-SK","potentialAction":[{"@type":"ReadAction","target":["https:\/\/www.ipsmiller.at\/rotwein-im-maehrisch-schlesischen-bezirk\/"]}]},{"@type":"ImageObject","inLanguage":"sk-SK","@id":"https:\/\/www.ipsmiller.at\/rotwein-im-maehrisch-schlesischen-bezirk\/#primaryimage","url":"https:\/\/www.ipsmiller.at\/wp-content\/uploads\/2022\/03\/header_wohnen_7.jpg","contentUrl":"https:\/\/www.ipsmiller.at\/wp-content\/uploads\/2022\/03\/header_wohnen_7.jpg","width":1920,"height":480},{"@type":"BreadcrumbList","@id":"https:\/\/www.ipsmiller.at\/rotwein-im-maehrisch-schlesischen-bezirk\/#breadcrumb","itemListElement":[{"@type":"ListItem","position":1,"name":"Startseite","item":"https:\/\/www.ipsmiller.at\/"},{"@type":"ListItem","position":2,"name":"Rotwein im M\u00e4hrisch-Schlesischen Bezirk"}]},{"@type":"WebSite","@id":"https:\/\/www.ipsmiller.at\/en\/#website","url":"https:\/\/www.ipsmiller.at\/en\/","name":"Weingut Ipsmiller","description":"Weine aus Schrattenberg","publisher":{"@id":"https:\/\/www.ipsmiller.at\/en\/#organization"},"potentialAction":[{"@type":"SearchAction","target":{"@type":"EntryPoint","urlTemplate":"https:\/\/www.ipsmiller.at\/en\/?s={search_term_string}"},"query-input":{"@type":"PropertyValueSpecification","valueRequired":true,"valueName":"search_term_string"}}],"inLanguage":"sk-SK"},{"@type":"Organization","@id":"https:\/\/www.ipsmiller.at\/en\/#organization","name":"Weingut Ipsmiller","url":"https:\/\/www.ipsmiller.at\/en\/","logo":{"@type":"ImageObject","inLanguage":"sk-SK","@id":"https:\/\/www.ipsmiller.at\/en\/#\/schema\/logo\/image\/","url":"https:\/\/www.ipsmiller.at\/wp-content\/uploads\/2019\/11\/logo_ipsmiller_forever-wine_2019_3x.png","contentUrl":"https:\/\/www.ipsmiller.at\/wp-content\/uploads\/2019\/11\/logo_ipsmiller_forever-wine_2019_3x.png","width":361,"height":120,"caption":"Weingut Ipsmiller"},"image":{"@id":"https:\/\/www.ipsmiller.at\/en\/#\/schema\/logo\/image\/"}}]}},"_links":{"self":[{"href":"https:\/\/www.ipsmiller.at\/sk\/wp-json\/wp\/v2\/pages\/69302","targetHints":{"allow":["GET"]}}],"collection":[{"href":"https:\/\/www.ipsmiller.at\/sk\/wp-json\/wp\/v2\/pages"}],"about":[{"href":"https:\/\/www.ipsmiller.at\/sk\/wp-json\/wp\/v2\/types\/page"}],"author":[{"embeddable":true,"href":"https:\/\/www.ipsmiller.at\/sk\/wp-json\/wp\/v2\/users\/1"}],"replies":[{"embeddable":true,"href":"https:\/\/www.ipsmiller.at\/sk\/wp-json\/wp\/v2\/comments?post=69302"}],"version-history":[{"count":4,"href":"https:\/\/www.ipsmiller.at\/sk\/wp-json\/wp\/v2\/pages\/69302\/revisions"}],"predecessor-version":[{"id":69608,"href":"https:\/\/www.ipsmiller.at\/sk\/wp-json\/wp\/v2\/pages\/69302\/revisions\/69608"}],"wp:featuredmedia":[{"embeddable":true,"href":"https:\/\/www.ipsmiller.at\/sk\/wp-json\/wp\/v2\/media\/67988"}],"wp:attachment":[{"href":"https:\/\/www.ipsmiller.at\/sk\/wp-json\/wp\/v2\/media?parent=69302"}],"curies":[{"name":"wp","href":"https:\/\/api.w.org\/{rel}","templated":true}]}}