{"id":66726,"date":"2018-03-12T09:43:08","date_gmt":"2018-03-12T08:43:08","guid":{"rendered":"https:\/\/www.ipsmiller.at\/?page_id=66726"},"modified":"2024-11-12T15:08:06","modified_gmt":"2024-11-12T14:08:06","slug":"impressum","status":"publish","type":"page","link":"https:\/\/www.ipsmiller.at\/sk\/impressum\/","title":{"rendered":"Impressum"},"content":{"rendered":"<div class=\"wpb-content-wrapper\"><p>[vc_row unlock_row_content=&#8220;yes&#8220; row_height_percent=&#8220;0&#8243; overlay_alpha=&#8220;50&#8243; equal_height=&#8220;yes&#8220; gutter_size=&#8220;3&#8243; column_width_percent=&#8220;100&#8243; shift_y=&#8220;0&#8243; z_index=&#8220;0&#8243;][vc_column column_width_percent=&#8220;100&#8243; gutter_size=&#8220;3&#8243; style=&#8220;dark&#8220; back_color=&#8220;color-wayh&#8220; overlay_alpha=&#8220;50&#8243; shift_x=&#8220;0&#8243; shift_y=&#8220;0&#8243; shift_y_down=&#8220;0&#8243; z_index=&#8220;0&#8243; medium_width=&#8220;0&#8243; mobile_width=&#8220;0&#8243; width=&#8220;1\/1&#8243;][vc_custom_heading text_size=&#8220;&#8220; text_align=&#8220;text-left&#8220; text_uppercase=&#8220;&#8220;]F\u00fcr den Inhalt verantwortlich[\/vc_custom_heading][vc_custom_heading heading_semantic=&#8220;h3&#8243; text_size=&#8220;h5&#8243; text_align=&#8220;text-left&#8220; text_uppercase=&#8220;&#8220;]Weingut Ipsmiller[\/vc_custom_heading][vc_column_text el_class=&#8220;icons-kontakt&#8220; uncode_shortcode_id=&#8220;111203&#8243;]<i class=\"fa fa-user\"><\/i> Inhaber: Petra Donner-Ipsmiller<br \/>\n<i class=\"fa fa-map-marker\"><\/i> Hauptstra\u00dfe 9, 2172 Schrattenberg<br \/>\n<i class=\"fa fa-envelope\"><\/i> <a href=\"mailto:office@ipsmiller.at\">office@ipsmiller.at<\/a><br \/>\n<i class=\"fa fa-phone\"><\/i> <a href=\"tel:0043255524700\">+43 (0) 2555 24 700<\/a><br \/>\n<i class=\"fa fa-fax\"><\/i> +43 (0) 2555 24 700 4<br \/>\n<i class=\"fa fa-info-circle\"><\/i> UID-Nummer: ATU67609723<br \/>\n<i class=\"fa fa-info-circle\"><\/i>Beh\u00f6rde gem. ECG (E-Commerce Gesetz): Bezirkshauptmannschaft Mistelbach[\/vc_column_text][vc_column_text uncode_shortcode_id=&#8220;158789&#8243;]Online-Streitbeilegung gem\u00e4\u00df Art. 14 Abs. 1 ODR-VO: Die Europ\u00e4ische Kommission stellt eine Plattform zur Online-Streitbeilegung (OS) unter <a href=\"https:\/\/ec.europa.eu\/consumers\/odr\/\" target=\"_blank\" rel=\"noopener\">https:\/\/ec.europa.eu\/consumers\/odr\/<\/a> bereit.<\/p>\n<p><strong><a href=\"https:\/\/firmen.wko.at\/petra-elisabeth-donner-ipsmiller\/nieder%c3%b6sterreich\/?firmaid=df106609-ce88-4380-8be9-2d5531a8e575&amp;standortid=50&amp;standortname=mistelbach%20%28bezirk%29&amp;suchbegriff=weinh%c3%a4ndler\" target=\"_blank\" rel=\"noopener\">Informationspflicht lt. ECG und Mediengesetz auf wko.at\u00a0<\/a>\u00a0<\/strong>[\/vc_column_text][vc_custom_heading heading_semantic=&#8220;h3&#8243; text_size=&#8220;h5&#8243; text_align=&#8220;text-left&#8220; text_uppercase=&#8220;&#8220;]Bankdaten[\/vc_custom_heading][vc_column_text]Raika Poysdorf Konto-Nr. 2.733, BLZ: 32663<br \/>\nIBAN: AT 62 3266 3000 0000 2733<br \/>\nBIC: RLNWATWWPOY[\/vc_column_text][vc_custom_heading heading_semantic=&#8220;h3&#8243; text_size=&#8220;h5&#8243; text_align=&#8220;text-left&#8220; text_uppercase=&#8220;&#8220;]Copyright &amp; Haftungsausschluss[\/vc_custom_heading][vc_column_text]Inhalte (Bilder und Texte, sofern nicht anders angegeben) dieser Website d\u00fcrfen ohne ausdr\u00fcckliche Zustimmung nicht f\u00fcr \u00fcber diese Website hinausgehende Zwecke verwendet werden.<\/p>\n<p>Weingut Ipsmiller \u00fcbernimmt keine Haftung f\u00fcr Datenverlust oder andere technische Beeintr\u00e4chtigungen, die beim Betrachten oder Herunterladen von Daten dieser Website entstehen k\u00f6nnen.<\/p>\n<p>Links zu Websites Dritter werden ausschliesslich als Angebot f\u00fcr den Nutzer zur Verf\u00fcgung gestellt. Damit verbunden ist keine Billigung des Inhalts dieser Websites durch Weingut Ipsmiller; Weingut Ipsmiller ist f\u00fcr den Inhalt dieser Websites nicht verantwortlich und steht daher auch nicht f\u00fcr den Inhalt und die Genauigkeit der Informationen auf diesen Websites ein. Jeder Zugriff auf diese Websites erfolgt auf eigene Verantwortung des Nutzers.[\/vc_column_text][\/vc_column][\/vc_row]<\/p>\n<\/div>","protected":false},"excerpt":{"rendered":"<p>[vc_row unlock_row_content=&#8220;yes&#8220; row_height_percent=&#8220;0&#8243; overlay_alpha=&#8220;50&#8243; equal_height=&#8220;yes&#8220; gutter_size=&#8220;3&#8243; column_width_percent=&#8220;100&#8243; shift_y=&#8220;0&#8243; z_index=&#8220;0&#8243;][vc_column column_width_percent=&#8220;100&#8243; gutter_size=&#8220;3&#8243; style=&#8220;dark&#8220; back_color=&#8220;color-wayh&#8220; overlay_alpha=&#8220;50&#8243; shift_x=&#8220;0&#8243; shift_y=&#8220;0&#8243; shift_y_down=&#8220;0&#8243; z_index=&#8220;0&#8243; medium_width=&#8220;0&#8243; mobile_width=&#8220;0&#8243; [&hellip;]<\/p>\n","protected":false},"author":1,"featured_media":66610,"parent":0,"menu_order":0,"comment_status":"closed","ping_status":"closed","template":"","meta":{"footnotes":""},"class_list":["post-66726","page","type-page","status-publish","has-post-thumbnail","hentry"],"yoast_head":"<!-- This site is optimized with the Yoast SEO Premium plugin v26.6 (Yoast SEO v26.6) - https:\/\/yoast.com\/wordpress\/plugins\/seo\/ -->\n<title>Impressum - Weingut Ipsmiller<\/title>\n<meta name=\"robots\" content=\"index, follow, max-snippet:-1, max-image-preview:large, max-video-preview:-1\" \/>\n<link rel=\"canonical\" href=\"https:\/\/www.ipsmiller.at\/impressum\/\" \/>\n<meta property=\"og:locale\" content=\"sk_SK\" \/>\n<meta property=\"og:type\" content=\"article\" \/>\n<meta property=\"og:title\" content=\"Impressum\" \/>\n<meta property=\"og:description\" content=\"[vc_row unlock_row_content=&#8220;yes&#8220; row_height_percent=&#8220;0&#8243; overlay_alpha=&#8220;50&#8243; equal_height=&#8220;yes&#8220; gutter_size=&#8220;3&#8243; column_width_percent=&#8220;100&#8243; shift_y=&#8220;0&#8243; z_index=&#8220;0&#8243;][vc_column column_width_percent=&#8220;100&#8243; gutter_size=&#8220;3&#8243; style=&#8220;dark&#8220; back_color=&#8220;color-wayh&#8220; overlay_alpha=&#8220;50&#8243; shift_x=&#8220;0&#8243; shift_y=&#8220;0&#8243; shift_y_down=&#8220;0&#8243; z_index=&#8220;0&#8243; medium_width=&#8220;0&#8243; mobile_width=&#8220;0&#8243; [&hellip;]\" \/>\n<meta property=\"og:url\" content=\"https:\/\/www.ipsmiller.at\/impressum\/\" \/>\n<meta property=\"og:site_name\" content=\"Weingut Ipsmiller\" \/>\n<meta property=\"article:modified_time\" content=\"2024-11-12T14:08:06+00:00\" \/>\n<meta property=\"og:image\" content=\"https:\/\/www.ipsmiller.at\/wp-content\/uploads\/2018\/02\/header_kontakt4.jpg\" \/>\n\t<meta property=\"og:image:width\" content=\"1920\" \/>\n\t<meta property=\"og:image:height\" content=\"480\" \/>\n\t<meta property=\"og:image:type\" content=\"image\/jpeg\" \/>\n<meta name=\"twitter:card\" content=\"summary_large_image\" \/>\n<meta name=\"twitter:label1\" content=\"Predpokladan\u00fd \u010das \u010d\u00edtania\" \/>\n\t<meta name=\"twitter:data1\" content=\"3 min\u00faty\" \/>\n<script type=\"application\/ld+json\" class=\"yoast-schema-graph\">{\"@context\":\"https:\/\/schema.org\",\"@graph\":[{\"@type\":\"WebPage\",\"@id\":\"https:\/\/www.ipsmiller.at\/impressum\/\",\"url\":\"https:\/\/www.ipsmiller.at\/impressum\/\",\"name\":\"Impressum - Weingut Ipsmiller\",\"isPartOf\":{\"@id\":\"https:\/\/www.ipsmiller.at\/en\/#website\"},\"primaryImageOfPage\":{\"@id\":\"https:\/\/www.ipsmiller.at\/impressum\/#primaryimage\"},\"image\":{\"@id\":\"https:\/\/www.ipsmiller.at\/impressum\/#primaryimage\"},\"thumbnailUrl\":\"https:\/\/www.ipsmiller.at\/wp-content\/uploads\/2018\/02\/header_kontakt4.jpg\",\"datePublished\":\"2018-03-12T08:43:08+00:00\",\"dateModified\":\"2024-11-12T14:08:06+00:00\",\"breadcrumb\":{\"@id\":\"https:\/\/www.ipsmiller.at\/impressum\/#breadcrumb\"},\"inLanguage\":\"sk-SK\",\"potentialAction\":[{\"@type\":\"ReadAction\",\"target\":[\"https:\/\/www.ipsmiller.at\/impressum\/\"]}]},{\"@type\":\"ImageObject\",\"inLanguage\":\"sk-SK\",\"@id\":\"https:\/\/www.ipsmiller.at\/impressum\/#primaryimage\",\"url\":\"https:\/\/www.ipsmiller.at\/wp-content\/uploads\/2018\/02\/header_kontakt4.jpg\",\"contentUrl\":\"https:\/\/www.ipsmiller.at\/wp-content\/uploads\/2018\/02\/header_kontakt4.jpg\",\"width\":1920,\"height\":480},{\"@type\":\"BreadcrumbList\",\"@id\":\"https:\/\/www.ipsmiller.at\/impressum\/#breadcrumb\",\"itemListElement\":[{\"@type\":\"ListItem\",\"position\":1,\"name\":\"Startseite\",\"item\":\"https:\/\/www.ipsmiller.at\/\"},{\"@type\":\"ListItem\",\"position\":2,\"name\":\"Impressum\"}]},{\"@type\":\"WebSite\",\"@id\":\"https:\/\/www.ipsmiller.at\/en\/#website\",\"url\":\"https:\/\/www.ipsmiller.at\/en\/\",\"name\":\"Weingut Ipsmiller\",\"description\":\"Weine aus Schrattenberg\",\"publisher\":{\"@id\":\"https:\/\/www.ipsmiller.at\/en\/#organization\"},\"potentialAction\":[{\"@type\":\"SearchAction\",\"target\":{\"@type\":\"EntryPoint\",\"urlTemplate\":\"https:\/\/www.ipsmiller.at\/en\/?s={search_term_string}\"},\"query-input\":{\"@type\":\"PropertyValueSpecification\",\"valueRequired\":true,\"valueName\":\"search_term_string\"}}],\"inLanguage\":\"sk-SK\"},{\"@type\":\"Organization\",\"@id\":\"https:\/\/www.ipsmiller.at\/en\/#organization\",\"name\":\"Weingut Ipsmiller\",\"url\":\"https:\/\/www.ipsmiller.at\/en\/\",\"logo\":{\"@type\":\"ImageObject\",\"inLanguage\":\"sk-SK\",\"@id\":\"https:\/\/www.ipsmiller.at\/en\/#\/schema\/logo\/image\/\",\"url\":\"https:\/\/www.ipsmiller.at\/wp-content\/uploads\/2019\/11\/logo_ipsmiller_forever-wine_2019_3x.png\",\"contentUrl\":\"https:\/\/www.ipsmiller.at\/wp-content\/uploads\/2019\/11\/logo_ipsmiller_forever-wine_2019_3x.png\",\"width\":361,\"height\":120,\"caption\":\"Weingut Ipsmiller\"},\"image\":{\"@id\":\"https:\/\/www.ipsmiller.at\/en\/#\/schema\/logo\/image\/\"}}]}<\/script>\n<!-- \/ Yoast SEO Premium plugin. -->","yoast_head_json":{"title":"Impressum - Weingut Ipsmiller","robots":{"index":"index","follow":"follow","max-snippet":"max-snippet:-1","max-image-preview":"max-image-preview:large","max-video-preview":"max-video-preview:-1"},"canonical":"https:\/\/www.ipsmiller.at\/impressum\/","og_locale":"sk_SK","og_type":"article","og_title":"Impressum","og_description":"[vc_row unlock_row_content=&#8220;yes&#8220; row_height_percent=&#8220;0&#8243; overlay_alpha=&#8220;50&#8243; equal_height=&#8220;yes&#8220; gutter_size=&#8220;3&#8243; column_width_percent=&#8220;100&#8243; shift_y=&#8220;0&#8243; z_index=&#8220;0&#8243;][vc_column column_width_percent=&#8220;100&#8243; gutter_size=&#8220;3&#8243; style=&#8220;dark&#8220; back_color=&#8220;color-wayh&#8220; overlay_alpha=&#8220;50&#8243; shift_x=&#8220;0&#8243; shift_y=&#8220;0&#8243; shift_y_down=&#8220;0&#8243; z_index=&#8220;0&#8243; medium_width=&#8220;0&#8243; mobile_width=&#8220;0&#8243; [&hellip;]","og_url":"https:\/\/www.ipsmiller.at\/impressum\/","og_site_name":"Weingut Ipsmiller","article_modified_time":"2024-11-12T14:08:06+00:00","og_image":[{"width":1920,"height":480,"url":"https:\/\/www.ipsmiller.at\/wp-content\/uploads\/2018\/02\/header_kontakt4.jpg","type":"image\/jpeg"}],"twitter_card":"summary_large_image","twitter_misc":{"Predpokladan\u00fd \u010das \u010d\u00edtania":"3 min\u00faty"},"schema":{"@context":"https:\/\/schema.org","@graph":[{"@type":"WebPage","@id":"https:\/\/www.ipsmiller.at\/impressum\/","url":"https:\/\/www.ipsmiller.at\/impressum\/","name":"Impressum - Weingut Ipsmiller","isPartOf":{"@id":"https:\/\/www.ipsmiller.at\/en\/#website"},"primaryImageOfPage":{"@id":"https:\/\/www.ipsmiller.at\/impressum\/#primaryimage"},"image":{"@id":"https:\/\/www.ipsmiller.at\/impressum\/#primaryimage"},"thumbnailUrl":"https:\/\/www.ipsmiller.at\/wp-content\/uploads\/2018\/02\/header_kontakt4.jpg","datePublished":"2018-03-12T08:43:08+00:00","dateModified":"2024-11-12T14:08:06+00:00","breadcrumb":{"@id":"https:\/\/www.ipsmiller.at\/impressum\/#breadcrumb"},"inLanguage":"sk-SK","potentialAction":[{"@type":"ReadAction","target":["https:\/\/www.ipsmiller.at\/impressum\/"]}]},{"@type":"ImageObject","inLanguage":"sk-SK","@id":"https:\/\/www.ipsmiller.at\/impressum\/#primaryimage","url":"https:\/\/www.ipsmiller.at\/wp-content\/uploads\/2018\/02\/header_kontakt4.jpg","contentUrl":"https:\/\/www.ipsmiller.at\/wp-content\/uploads\/2018\/02\/header_kontakt4.jpg","width":1920,"height":480},{"@type":"BreadcrumbList","@id":"https:\/\/www.ipsmiller.at\/impressum\/#breadcrumb","itemListElement":[{"@type":"ListItem","position":1,"name":"Startseite","item":"https:\/\/www.ipsmiller.at\/"},{"@type":"ListItem","position":2,"name":"Impressum"}]},{"@type":"WebSite","@id":"https:\/\/www.ipsmiller.at\/en\/#website","url":"https:\/\/www.ipsmiller.at\/en\/","name":"Weingut Ipsmiller","description":"Weine aus Schrattenberg","publisher":{"@id":"https:\/\/www.ipsmiller.at\/en\/#organization"},"potentialAction":[{"@type":"SearchAction","target":{"@type":"EntryPoint","urlTemplate":"https:\/\/www.ipsmiller.at\/en\/?s={search_term_string}"},"query-input":{"@type":"PropertyValueSpecification","valueRequired":true,"valueName":"search_term_string"}}],"inLanguage":"sk-SK"},{"@type":"Organization","@id":"https:\/\/www.ipsmiller.at\/en\/#organization","name":"Weingut Ipsmiller","url":"https:\/\/www.ipsmiller.at\/en\/","logo":{"@type":"ImageObject","inLanguage":"sk-SK","@id":"https:\/\/www.ipsmiller.at\/en\/#\/schema\/logo\/image\/","url":"https:\/\/www.ipsmiller.at\/wp-content\/uploads\/2019\/11\/logo_ipsmiller_forever-wine_2019_3x.png","contentUrl":"https:\/\/www.ipsmiller.at\/wp-content\/uploads\/2019\/11\/logo_ipsmiller_forever-wine_2019_3x.png","width":361,"height":120,"caption":"Weingut Ipsmiller"},"image":{"@id":"https:\/\/www.ipsmiller.at\/en\/#\/schema\/logo\/image\/"}}]}},"_links":{"self":[{"href":"https:\/\/www.ipsmiller.at\/sk\/wp-json\/wp\/v2\/pages\/66726","targetHints":{"allow":["GET"]}}],"collection":[{"href":"https:\/\/www.ipsmiller.at\/sk\/wp-json\/wp\/v2\/pages"}],"about":[{"href":"https:\/\/www.ipsmiller.at\/sk\/wp-json\/wp\/v2\/types\/page"}],"author":[{"embeddable":true,"href":"https:\/\/www.ipsmiller.at\/sk\/wp-json\/wp\/v2\/users\/1"}],"replies":[{"embeddable":true,"href":"https:\/\/www.ipsmiller.at\/sk\/wp-json\/wp\/v2\/comments?post=66726"}],"version-history":[{"count":21,"href":"https:\/\/www.ipsmiller.at\/sk\/wp-json\/wp\/v2\/pages\/66726\/revisions"}],"predecessor-version":[{"id":69623,"href":"https:\/\/www.ipsmiller.at\/sk\/wp-json\/wp\/v2\/pages\/66726\/revisions\/69623"}],"wp:featuredmedia":[{"embeddable":true,"href":"https:\/\/www.ipsmiller.at\/sk\/wp-json\/wp\/v2\/media\/66610"}],"wp:attachment":[{"href":"https:\/\/www.ipsmiller.at\/sk\/wp-json\/wp\/v2\/media?parent=66726"}],"curies":[{"name":"wp","href":"https:\/\/api.w.org\/{rel}","templated":true}]}}