{"id":66712,"date":"2018-03-12T09:17:31","date_gmt":"2018-03-12T08:17:31","guid":{"rendered":"https:\/\/www.ipsmiller.at\/?page_id=66712"},"modified":"2019-04-11T10:35:32","modified_gmt":"2019-04-11T08:35:32","slug":"agb-widerruf","status":"publish","type":"page","link":"https:\/\/www.ipsmiller.at\/sk\/agb-widerruf\/","title":{"rendered":"V\u0161eobecn\u00e9 obchodn\u00e9 podmienky a odst\u00fapenie od k\u00fapnej zmluvy"},"content":{"rendered":"<div class=\"wpb-content-wrapper\"><p>[vc_row unlock_row_content=&#8220;yes&#8220; row_height_percent=&#8220;0&#8243; overlay_alpha=&#8220;50&#8243; equal_height=&#8220;yes&#8220; gutter_size=&#8220;3&#8243; column_width_percent=&#8220;100&#8243; shift_y=&#8220;0&#8243; z_index=&#8220;0&#8243;][vc_column column_width_percent=&#8220;100&#8243; style=&#8220;dark&#8220; back_color=&#8220;color-wayh&#8220; overlay_alpha=&#8220;50&#8243; gutter_size=&#8220;3&#8243; medium_width=&#8220;0&#8243; mobile_width=&#8220;0&#8243; shift_x=&#8220;0&#8243; shift_y=&#8220;0&#8243; shift_y_down=&#8220;0&#8243; z_index=&#8220;0&#8243; width=&#8220;1\/1&#8243;][vc_custom_heading text_size=&#8220;&#8220; text_align=&#8220;text-left&#8220; text_uppercase=&#8220;&#8220;]V\u0161eobecn\u00e9 obchodn\u00e9 podmienky a pr\u00e1vo na odst\u00fapenie od k\u00fapnej zmluvy[\/vc_custom_heading][vc_custom_heading heading_semantic=&#8220;h3&#8243; text_size=&#8220;h5&#8243; text_align=&#8220;text-left&#8220; text_uppercase=&#8220;&#8220;]1) V\u0161eobecn\u00e1 platnos\u0165[\/vc_custom_heading][vc_column_text el_class=&#8220;icons-kontakt&#8220;]V\u0161etky objedn\u00e1vky v na\u0161om e-shope podliehaj\u00fa ni\u017e\u0161ie uveden\u00fdm v\u0161eobecn\u00fdm obchodn\u00fdm podmienkam. In\u00e9 obchodn\u00e9 podmienky alebo podobn\u00e9 dohody nebud\u00fa uznan\u00e9[\/vc_column_text][vc_custom_heading heading_semantic=&#8220;h3&#8243; text_size=&#8220;h5&#8243; text_align=&#8220;text-left&#8220; text_uppercase=&#8220;&#8220;]2) Uzavretie k\u00fapnej zmluvy[\/vc_custom_heading][vc_column_text el_class=&#8220;icons-kontakt&#8220;]Svojou objedn\u00e1vkou potvrdzujete platnos\u0165 uzavretia predaja. Po registr\u00e1cii od n\u00e1s dostanete e-mail, ktor\u00fd dokladuje prijatie va\u0161ej objedn\u00e1vky. Objedn\u00e1vku m\u00f4\u017eete uhradi\u0165 fakt\u00farou zaslanou spolu s tovarom alebo prostredn\u00edctvom slu\u017eby PayPal. Objednan\u00fd tovar dod\u00e1vame po\u0161tou. V pr\u00edpade platby prostredn\u00edctvom slu\u017eby PayPal odosielame hne\u010f po prip\u00edsan\u00ed platby prip\u00edsan\u00e1 na n\u00e1\u0161 \u00fa\u010det.[\/vc_column_text][vc_custom_heading heading_semantic=&#8220;h3&#8243; text_size=&#8220;h5&#8243; text_align=&#8220;text-left&#8220; text_uppercase=&#8220;&#8220;]3) Kore\u0161pondencia [\/vc_custom_heading][vc_column_text el_class=&#8220;icons-kontakt&#8220;]V\u0161etka obchodn\u00e1 kore\u0161pondencia prebieha v nem\u010dine.[\/vc_column_text][vc_custom_heading heading_semantic=&#8220;h3&#8243; text_size=&#8220;h5&#8243; text_align=&#8220;text-left&#8220; text_uppercase=&#8220;&#8220;]4) Miesto plnenia a zodpovednos\u0165 za \u0161kody[\/vc_custom_heading][vc_column_text el_class=&#8220;icons-kontakt&#8220;]Za miesto plnenia a s n\u00edm s\u00favisiace \u00fakony nesie zodpovednos\u0165 Vin\u00e1rstvo Ipsmiller. Riziko s\u00favisiace s prepravou na adresu uveden\u00fa z\u00e1kazn\u00edkom nesie z\u00e1kazn\u00edk.[\/vc_column_text][vc_custom_heading heading_semantic=&#8220;h3&#8243; text_size=&#8220;h5&#8243; text_align=&#8220;text-left&#8220; text_uppercase=&#8220;&#8220;]5) Uplat\u0148ovan\u00fd pr\u00e1vny syst\u00e9m, jurisdikcia a kompetencie[\/vc_custom_heading][vc_column_text el_class=&#8220;icons-kontakt&#8220;]V pr\u00edpade sporu medzi z\u00e1kazn\u00edkom a Vin\u00e1rstvom Ipsmiller sa postupuje pod\u013ea rak\u00faskych pr\u00e1vnych noriema uplat\u0148ovanie ak\u00fdchko\u013evek in\u00fdch eur\u00f3pskych k\u00fapnych pr\u00e1v je vyl\u00fa\u010den\u00e9. Plat\u00ed rak\u00faska jurisdikcia a spor spad\u00e1 do kompetencie s\u00fadu, ktor\u00e9mu vecne podlieha Vin\u00e1rstva Ipsmiller na z\u00e1klade miesta svojho s\u00eddla.[\/vc_column_text][vc_custom_heading heading_semantic=&#8220;h3&#8243; text_size=&#8220;h5&#8243; text_align=&#8220;text-left&#8220; text_uppercase=&#8220;&#8220;]6) Odst\u00fapenie od zmluvy[\/vc_custom_heading][vc_column_text el_class=&#8220;icons-kontakt&#8220;]Ak sa na z\u00e1kazn\u00edka vz\u0165ahuje z\u00e1kon o ochrane spotrebite\u013ea pri z\u00e1sielkovom predaji, m\u00e1 z\u00e1kazn\u00edk pr\u00e1vo odst\u00fapi\u0165 od k\u00fapnej zmluvy do 14 dn\u00ed bez udania d\u00f4vodu. Stornovacia lehota je 14 dn\u00ed od uzavretia zmluvy.<\/p>\n<p>Zru\u0161i\u0165 zmluvu je mo\u017en\u00e9 len p\u00edsomne na z\u00e1klade ozn\u00e1menia, ktor\u00e9 bude zaslan\u00e9 v r\u00e1mci stornovacej lehoty na adresu Weingut IPSMILLER, Hauptstra\u00dfe 9, 2172 Schrattenberg.<\/p>\n<p>V pr\u00edpade, \u017ee z\u00e1kazn\u00edk odst\u00fapi od zmluvy, vr\u00e1ti Vin\u00e1rstvo IPSMILLERobratom v\u0161etky prijat\u00e9 platby vr\u00e1tane n\u00e1kladov za dodanie tovaru najnesk\u00f4r do 14 dn\u00ed. Vr\u00e1tenie platby sa uskuto\u010dn\u00ed prostredn\u00edctvom firemn\u00e9ho \u00fa\u010dtu Vin\u00e1rstva IPSMILLER. Vr\u00e1tenie platby prebehne po tom, ako firma preberie nepo\u0161koden\u00fd tovar. Z\u00e1kazn\u00edk mus\u00ed tovar doru\u010di\u0165 alebo doviez\u0165najnesk\u00f4r 14 dn\u00ed odo d\u0148a, kedy bolo Vin\u00e1rstvu IPSMILLER doru\u010den\u00e9 p\u00edsomn\u00e9 odst\u00fapenie od zmluvy. N\u00e1klady na vr\u00e1tenie tovaru nesie v\u00fdlu\u010dne z\u00e1kazn\u00edk.<\/p>\n<p><strong>6.1. Pr\u00e1vo na odst\u00fapenie od zmluvy zanik\u00e1<\/strong><\/p>\n<ul>\n<li>ak bol uz\u00e1ver f\u013ea\u0161e otvoren\u00fd<\/li>\n<li>ak boli poru\u0161en\u00e9 pe\u010date na zape\u010datenom tovare<\/li>\n<li>ak s\u00fa f\u013ea\u0161e naplnen\u00e9 menej ako z troch \u0161tvrt\u00edn<\/li>\n<\/ul>\n<p>Predloha formul\u00e1ra pre odst\u00fapenie od k\u00fapnej zmluvy:<\/p>\n<p>-T\u00fdmto stornujeme objedn\u00e1vku a pr\u00edjem tovaru zo d\u0148a \u2026<br \/>\n-Druh v\u00edna a po\u010det flia\u0161<br \/>\n-Meno kupuj\u00faceho, adresa a podpis<\/p>\n<p>Vyplnen\u00fd formul\u00e1r za\u0161lite na adresu WEINGUT IPSMILLER, Hauptstra\u00dfe 9, 2172 Schrattenberg, alebo elektronickou po\u0161tou na adresu office@weingut-ipsmiller.at, Fax: 02555\/24700 4[\/vc_column_text][vc_custom_heading heading_semantic=&#8220;h3&#8243; text_size=&#8220;h5&#8243; text_align=&#8220;text-left&#8220; text_uppercase=&#8220;&#8220;]7) Dodanie tovaru[\/vc_custom_heading][vc_column_text el_class=&#8220;icons-kontakt&#8220;]V\u00edno zasielame prostredn\u00edctvom rak\u00faskej po\u0161ty. Pri objedn\u00e1van\u00ed tovaru sa presn\u00e1 cena po\u0161tovn\u00e9ho zobrazuje v n\u00e1kupnom ko\u0161\u00edku a pripo\u010d\u00edtava sa ku kone\u010dnej sume. V pr\u00edpade, \u017ee objednan\u00fd tovar pr\u00e1ve nie je k dispoz\u00edcii, registrovan\u00e9ho z\u00e1kazn\u00edka o tom obratom informujeme telefonicky alebo p\u00edsomne. V pr\u00edpade, \u017ee dodanie tovaru nie je mo\u017en\u00e9 z toho d\u00f4vodu, \u017ee objedn\u00e1vate\u013e v \u010dase doru\u010dovania po\u0161ty nie je zastihnute\u013en\u00fd na n\u00edm uvedenej adrese, dostane od doru\u010dovate\u013ea ozn\u00e1menie, kedy m\u00f4\u017ee z\u00e1sielku znova prevzia\u0165. Po tre\u0165om ne\u00faspe\u0161nom pokuse o doru\u010denie vr\u00e1ti rak\u00faska po\u0161ta z\u00e1sielku Vin\u00e1rstvu IPSMLLER.[\/vc_column_text][vc_custom_heading heading_semantic=&#8220;h3&#8243; text_size=&#8220;h5&#8243; text_align=&#8220;text-left&#8220; text_uppercase=&#8220;&#8220;]8) Platba[\/vc_custom_heading][vc_column_text el_class=&#8220;icons-kontakt&#8220;]Platbu m\u00f4\u017ee z\u00e1kazn\u00edk uskuto\u010dni\u0165 prostredn\u00edctvom slu\u017eby PayPal alebo prostredn\u00edctvom fakt\u00fary, ktor\u00fa do 14 dn\u00ed zaplat\u00ed bankov\u00fdm prevodom.[\/vc_column_text][vc_custom_heading heading_semantic=&#8220;h3&#8243; text_size=&#8220;h5&#8243; text_align=&#8220;text-left&#8220; text_uppercase=&#8220;&#8220;]9) V\u00fdhrada vlastn\u00edctva[\/vc_custom_heading][vc_column_text el_class=&#8220;icons-kontakt&#8220;]Doru\u010den\u00fd tovar zost\u00e1va vlastn\u00edctvom Vin\u00e1rstva IPSMILLER, pokia\u013e ned\u00f4jde k \u00fapln\u00e9mu uhradeniu platby. Vin\u00e1rstvo IPSMILLER nezodpoved\u00e1 za \u0161kody, ktor\u00e9 nevznikli na samotnom predmete objedn\u00e1vky. Vin\u00e1rstvo nenesie zodpovednos\u0165 za u\u0161l\u00fd zisk a in\u00e9 majetkov\u00e9 ujmy na strane objedn\u00e1vate\u013ea. To sa vz\u0165ahuje aj na osobn\u00fa zodpovednos\u0165 pracovn\u00edkov Vin\u00e1rstva IPSMILLER. Z\u00e1ruka sa obmedzuje na hodnotu tovaru v \u010dase uskuto\u010dnenia n\u00e1kupu. V pr\u00edpade vr\u00e1tenie tovaru za\u0161le Vin\u00e1rstvo IPSMILLER obratom n\u00e1hradn\u00fd tovar. Z\u00e1konn\u00e1 z\u00e1ru\u010dn\u00e1 lehota je 24 mesiacov a 36 mesiacov pri v\u00ednach s preuk\u00e1zate\u013enou chybou kvality. Z\u00e1ru\u010dn\u00e1 lehota sa po\u010d\u00edta od d\u00e1tumu dodania tovaru.[\/vc_column_text][vc_custom_heading heading_semantic=&#8220;h3&#8243; text_size=&#8220;h5&#8243; text_align=&#8220;text-left&#8220; text_uppercase=&#8220;&#8220;]10) Z\u00edskavanie, spracovanie a vyu\u017e\u00edvanie osobn\u00fdch \u00fadajov na\u0161ich z\u00e1kazn\u00edkov[\/vc_custom_heading][vc_column_text el_class=&#8220;icons-kontakt&#8220;]\u00dadaje, ktor\u00e9 dostaneme, vyu\u017e\u00edvame vo Va\u0161om z\u00e1ujme na vystavenie fakt\u00fary a doru\u010denie tovaru.Va\u0161u adresu pou\u017e\u00edvame tie\u017e na to, aby sme optimalizovali svoje slu\u017eby a predch\u00e1dzali zneu\u017eitiu na\u0161ej webovej str\u00e1nky, pr\u00edpadne, aby sme jej zneu\u017eitie odhalili.<\/p>\n<p>S osobn\u00fdmi \u00fadajmi objedn\u00e1vate\u013ea alebo z\u00e1ujemcu o tovar zaobch\u00e1dzame s maxim\u00e1lnou diskr\u00e9tnos\u0165ou a neposkytujeme ich tretej strane.[\/vc_column_text][vc_custom_heading heading_semantic=&#8220;h3&#8243; text_size=&#8220;h5&#8243; text_align=&#8220;text-left&#8220; text_uppercase=&#8220;&#8220;]11)\u00a0Na\u0161e \u00fadaje[\/vc_custom_heading][vc_column_text el_class=&#8220;icons-kontakt&#8220;]Weingut IPSMILLER<\/p>\n<p>Hauptstra\u00dfe 9<br \/>\n2172 Schrattenberg<\/p>\n<p>Tel: 02555\/24700<br \/>\nEmail: office@ipsmiller.at<br \/>\nWeb: ipsmiller.at<\/p>\n<p>UID-Nummer: ATU67609723[\/vc_column_text][vc_custom_heading heading_semantic=&#8220;h3&#8243; text_size=&#8220;h5&#8243; text_align=&#8220;text-left&#8220; text_uppercase=&#8220;&#8220;]12) Platnos\u0165[\/vc_custom_heading][vc_column_text el_class=&#8220;icons-kontakt&#8220;]V\u0161etky ceny s\u00fa uveden\u00e9 v eur\u00e1ch a platia pre predaj priamo od v\u00fdrobcu k spotrebite\u013eovi vr\u00e1tane 20% DPH a v\u0161etky \u00fadaje zodpovedaj\u00fa rak\u00faskym pr\u00e1vnym norm\u00e1m. Sklo a obalov\u00fd materi\u00e1l s\u00fa zahrnut\u00e9 v cene. Aktualiz\u00e1ciou cien v E-SHOPe str\u00e1caj\u00fa p\u00f4vodne uveden\u00e9 ceny svoju platnos\u0165. Rezerv\u00e1cia v\u00edn nie je mo\u017en\u00e1.[\/vc_column_text][vc_custom_heading heading_semantic=&#8220;h3&#8243; text_size=&#8220;h5&#8243; text_align=&#8220;text-left&#8220; text_uppercase=&#8220;&#8220;]13) Salvatorn\u00e1 klauzula[\/vc_custom_heading][vc_column_text el_class=&#8220;icons-kontakt&#8220;]V pr\u00edpade, \u017ee by sa niektor\u00e9 z ustanoven\u00ed VOP a podmienok odst\u00fapenia od zmluvy uk\u00e1zalo neplatn\u00fdm alebo v rozpore s platn\u00fdm pr\u00e1vom, je potrebn\u00e9 nahradi\u0165 ho platn\u00fdm ustanoven\u00edm, ktor\u00e9 je najbli\u017e\u0161ie obchodn\u00fdm z\u00e1ujmom zmluvn\u00fdch str\u00e1n a komunikova\u0165 ho sp\u00f4sbom zrozumite\u013en\u00fdm pre obe zmluvn\u00e9 strany. Ostatn\u00e9 ustanovenia VOP t\u00fdm zost\u00e1vaj\u00fa nedotknut\u00e9.[\/vc_column_text][\/vc_column][\/vc_row]<\/p>\n<\/div>","protected":false},"excerpt":{"rendered":"<p>[vc_row unlock_row_content=&#8220;yes&#8220; row_height_percent=&#8220;0&#8243; overlay_alpha=&#8220;50&#8243; equal_height=&#8220;yes&#8220; gutter_size=&#8220;3&#8243; column_width_percent=&#8220;100&#8243; shift_y=&#8220;0&#8243; z_index=&#8220;0&#8243;][vc_column column_width_percent=&#8220;100&#8243; style=&#8220;dark&#8220; back_color=&#8220;color-wayh&#8220; overlay_alpha=&#8220;50&#8243; gutter_size=&#8220;3&#8243; medium_width=&#8220;0&#8243; mobile_width=&#8220;0&#8243; shift_x=&#8220;0&#8243; shift_y=&#8220;0&#8243; shift_y_down=&#8220;0&#8243; z_index=&#8220;0&#8243; [&hellip;]<\/p>\n","protected":false},"author":1,"featured_media":66610,"parent":0,"menu_order":0,"comment_status":"closed","ping_status":"closed","template":"","meta":{"footnotes":""},"class_list":["post-66712","page","type-page","status-publish","has-post-thumbnail","hentry"],"yoast_head":"<!-- This site is optimized with the Yoast SEO Premium plugin v26.6 (Yoast SEO v26.6) - https:\/\/yoast.com\/wordpress\/plugins\/seo\/ -->\n<title>V\u0161eobecn\u00e9 obchodn\u00e9 podmienky a odst\u00fapenie od k\u00fapnej zmluvy - Weingut Ipsmiller<\/title>\n<meta name=\"robots\" content=\"index, follow, max-snippet:-1, max-image-preview:large, max-video-preview:-1\" \/>\n<link rel=\"canonical\" href=\"https:\/\/www.ipsmiller.at\/agb-widerruf\/\" \/>\n<meta property=\"og:locale\" content=\"sk_SK\" \/>\n<meta property=\"og:type\" content=\"article\" \/>\n<meta property=\"og:title\" content=\"[:de]AGB &amp; Widerruf[:en]AGB &amp; revocation[:cs]V\u0161eobecn\u00e9 obchodn\u00ed podm\u00ednky&amp;Pr\u00e1vo na odstoupen\u00ed od smlouvy[:sk]V\u0161eobecn\u00e9 obchodn\u00e9 podmienky a odst\u00fapenie od k\u00fapnej zmluvy[:]\" \/>\n<meta property=\"og:description\" content=\"[vc_row unlock_row_content=&#8220;yes&#8220; row_height_percent=&#8220;0&#8243; overlay_alpha=&#8220;50&#8243; equal_height=&#8220;yes&#8220; gutter_size=&#8220;3&#8243; column_width_percent=&#8220;100&#8243; shift_y=&#8220;0&#8243; z_index=&#8220;0&#8243;][vc_column column_width_percent=&#8220;100&#8243; style=&#8220;dark&#8220; back_color=&#8220;color-wayh&#8220; overlay_alpha=&#8220;50&#8243; gutter_size=&#8220;3&#8243; medium_width=&#8220;0&#8243; mobile_width=&#8220;0&#8243; shift_x=&#8220;0&#8243; shift_y=&#8220;0&#8243; shift_y_down=&#8220;0&#8243; z_index=&#8220;0&#8243; [&hellip;]\" \/>\n<meta property=\"og:url\" content=\"https:\/\/www.ipsmiller.at\/agb-widerruf\/\" \/>\n<meta property=\"og:site_name\" content=\"Weingut Ipsmiller\" \/>\n<meta property=\"article:modified_time\" content=\"2019-04-11T08:35:32+00:00\" \/>\n<meta property=\"og:image\" content=\"https:\/\/www.ipsmiller.at\/wp-content\/uploads\/2018\/02\/header_kontakt4.jpg\" \/>\n\t<meta property=\"og:image:width\" content=\"1920\" \/>\n\t<meta property=\"og:image:height\" content=\"480\" \/>\n\t<meta property=\"og:image:type\" content=\"image\/jpeg\" \/>\n<meta name=\"twitter:card\" content=\"summary_large_image\" \/>\n<meta name=\"twitter:label1\" content=\"Predpokladan\u00fd \u010das \u010d\u00edtania\" \/>\n\t<meta name=\"twitter:data1\" content=\"26 min\u00fat\" \/>\n<script type=\"application\/ld+json\" class=\"yoast-schema-graph\">{\"@context\":\"https:\/\/schema.org\",\"@graph\":[{\"@type\":\"WebPage\",\"@id\":\"https:\/\/www.ipsmiller.at\/agb-widerruf\/\",\"url\":\"https:\/\/www.ipsmiller.at\/agb-widerruf\/\",\"name\":\"[:de]AGB & Widerruf[:en]AGB & revocation[:cs]V\u0161eobecn\u00e9 obchodn\u00ed podm\u00ednky&Pr\u00e1vo na odstoupen\u00ed od smlouvy[:sk]V\u0161eobecn\u00e9 obchodn\u00e9 podmienky a odst\u00fapenie od k\u00fapnej zmluvy[:] - Weingut Ipsmiller\",\"isPartOf\":{\"@id\":\"https:\/\/www.ipsmiller.at\/en\/#website\"},\"primaryImageOfPage\":{\"@id\":\"https:\/\/www.ipsmiller.at\/agb-widerruf\/#primaryimage\"},\"image\":{\"@id\":\"https:\/\/www.ipsmiller.at\/agb-widerruf\/#primaryimage\"},\"thumbnailUrl\":\"https:\/\/www.ipsmiller.at\/wp-content\/uploads\/2018\/02\/header_kontakt4.jpg\",\"datePublished\":\"2018-03-12T08:17:31+00:00\",\"dateModified\":\"2019-04-11T08:35:32+00:00\",\"breadcrumb\":{\"@id\":\"https:\/\/www.ipsmiller.at\/agb-widerruf\/#breadcrumb\"},\"inLanguage\":\"sk-SK\",\"potentialAction\":[{\"@type\":\"ReadAction\",\"target\":[\"https:\/\/www.ipsmiller.at\/agb-widerruf\/\"]}]},{\"@type\":\"ImageObject\",\"inLanguage\":\"sk-SK\",\"@id\":\"https:\/\/www.ipsmiller.at\/agb-widerruf\/#primaryimage\",\"url\":\"https:\/\/www.ipsmiller.at\/wp-content\/uploads\/2018\/02\/header_kontakt4.jpg\",\"contentUrl\":\"https:\/\/www.ipsmiller.at\/wp-content\/uploads\/2018\/02\/header_kontakt4.jpg\",\"width\":1920,\"height\":480},{\"@type\":\"BreadcrumbList\",\"@id\":\"https:\/\/www.ipsmiller.at\/agb-widerruf\/#breadcrumb\",\"itemListElement\":[{\"@type\":\"ListItem\",\"position\":1,\"name\":\"Startseite\",\"item\":\"https:\/\/www.ipsmiller.at\/\"},{\"@type\":\"ListItem\",\"position\":2,\"name\":\"AGB &#038; Widerruf\"}]},{\"@type\":\"WebSite\",\"@id\":\"https:\/\/www.ipsmiller.at\/en\/#website\",\"url\":\"https:\/\/www.ipsmiller.at\/en\/\",\"name\":\"Weingut Ipsmiller\",\"description\":\"Weine aus Schrattenberg\",\"publisher\":{\"@id\":\"https:\/\/www.ipsmiller.at\/en\/#organization\"},\"potentialAction\":[{\"@type\":\"SearchAction\",\"target\":{\"@type\":\"EntryPoint\",\"urlTemplate\":\"https:\/\/www.ipsmiller.at\/en\/?s={search_term_string}\"},\"query-input\":{\"@type\":\"PropertyValueSpecification\",\"valueRequired\":true,\"valueName\":\"search_term_string\"}}],\"inLanguage\":\"sk-SK\"},{\"@type\":\"Organization\",\"@id\":\"https:\/\/www.ipsmiller.at\/en\/#organization\",\"name\":\"Weingut Ipsmiller\",\"url\":\"https:\/\/www.ipsmiller.at\/en\/\",\"logo\":{\"@type\":\"ImageObject\",\"inLanguage\":\"sk-SK\",\"@id\":\"https:\/\/www.ipsmiller.at\/en\/#\/schema\/logo\/image\/\",\"url\":\"https:\/\/www.ipsmiller.at\/wp-content\/uploads\/2019\/11\/logo_ipsmiller_forever-wine_2019_3x.png\",\"contentUrl\":\"https:\/\/www.ipsmiller.at\/wp-content\/uploads\/2019\/11\/logo_ipsmiller_forever-wine_2019_3x.png\",\"width\":361,\"height\":120,\"caption\":\"Weingut Ipsmiller\"},\"image\":{\"@id\":\"https:\/\/www.ipsmiller.at\/en\/#\/schema\/logo\/image\/\"}}]}<\/script>\n<!-- \/ Yoast SEO Premium plugin. -->","yoast_head_json":{"title":"[:de]AGB & Widerruf[:en]AGB & revocation[:cs]V\u0161eobecn\u00e9 obchodn\u00ed podm\u00ednky&Pr\u00e1vo na odstoupen\u00ed od smlouvy[:sk]V\u0161eobecn\u00e9 obchodn\u00e9 podmienky a odst\u00fapenie od k\u00fapnej zmluvy[:] - Weingut Ipsmiller","robots":{"index":"index","follow":"follow","max-snippet":"max-snippet:-1","max-image-preview":"max-image-preview:large","max-video-preview":"max-video-preview:-1"},"canonical":"https:\/\/www.ipsmiller.at\/agb-widerruf\/","og_locale":"sk_SK","og_type":"article","og_title":"[:de]AGB & Widerruf[:en]AGB & revocation[:cs]V\u0161eobecn\u00e9 obchodn\u00ed podm\u00ednky&Pr\u00e1vo na odstoupen\u00ed od smlouvy[:sk]V\u0161eobecn\u00e9 obchodn\u00e9 podmienky a odst\u00fapenie od k\u00fapnej zmluvy[:]","og_description":"[vc_row unlock_row_content=&#8220;yes&#8220; row_height_percent=&#8220;0&#8243; overlay_alpha=&#8220;50&#8243; equal_height=&#8220;yes&#8220; gutter_size=&#8220;3&#8243; column_width_percent=&#8220;100&#8243; shift_y=&#8220;0&#8243; z_index=&#8220;0&#8243;][vc_column column_width_percent=&#8220;100&#8243; style=&#8220;dark&#8220; back_color=&#8220;color-wayh&#8220; overlay_alpha=&#8220;50&#8243; gutter_size=&#8220;3&#8243; medium_width=&#8220;0&#8243; mobile_width=&#8220;0&#8243; shift_x=&#8220;0&#8243; shift_y=&#8220;0&#8243; shift_y_down=&#8220;0&#8243; z_index=&#8220;0&#8243; [&hellip;]","og_url":"https:\/\/www.ipsmiller.at\/agb-widerruf\/","og_site_name":"Weingut Ipsmiller","article_modified_time":"2019-04-11T08:35:32+00:00","og_image":[{"width":1920,"height":480,"url":"https:\/\/www.ipsmiller.at\/wp-content\/uploads\/2018\/02\/header_kontakt4.jpg","type":"image\/jpeg"}],"twitter_card":"summary_large_image","twitter_misc":{"Predpokladan\u00fd \u010das \u010d\u00edtania":"26 min\u00fat"},"schema":{"@context":"https:\/\/schema.org","@graph":[{"@type":"WebPage","@id":"https:\/\/www.ipsmiller.at\/agb-widerruf\/","url":"https:\/\/www.ipsmiller.at\/agb-widerruf\/","name":"[:de]AGB & Widerruf[:en]AGB & revocation[:cs]V\u0161eobecn\u00e9 obchodn\u00ed podm\u00ednky&Pr\u00e1vo na odstoupen\u00ed od smlouvy[:sk]V\u0161eobecn\u00e9 obchodn\u00e9 podmienky a odst\u00fapenie od k\u00fapnej zmluvy[:] - Weingut Ipsmiller","isPartOf":{"@id":"https:\/\/www.ipsmiller.at\/en\/#website"},"primaryImageOfPage":{"@id":"https:\/\/www.ipsmiller.at\/agb-widerruf\/#primaryimage"},"image":{"@id":"https:\/\/www.ipsmiller.at\/agb-widerruf\/#primaryimage"},"thumbnailUrl":"https:\/\/www.ipsmiller.at\/wp-content\/uploads\/2018\/02\/header_kontakt4.jpg","datePublished":"2018-03-12T08:17:31+00:00","dateModified":"2019-04-11T08:35:32+00:00","breadcrumb":{"@id":"https:\/\/www.ipsmiller.at\/agb-widerruf\/#breadcrumb"},"inLanguage":"sk-SK","potentialAction":[{"@type":"ReadAction","target":["https:\/\/www.ipsmiller.at\/agb-widerruf\/"]}]},{"@type":"ImageObject","inLanguage":"sk-SK","@id":"https:\/\/www.ipsmiller.at\/agb-widerruf\/#primaryimage","url":"https:\/\/www.ipsmiller.at\/wp-content\/uploads\/2018\/02\/header_kontakt4.jpg","contentUrl":"https:\/\/www.ipsmiller.at\/wp-content\/uploads\/2018\/02\/header_kontakt4.jpg","width":1920,"height":480},{"@type":"BreadcrumbList","@id":"https:\/\/www.ipsmiller.at\/agb-widerruf\/#breadcrumb","itemListElement":[{"@type":"ListItem","position":1,"name":"Startseite","item":"https:\/\/www.ipsmiller.at\/"},{"@type":"ListItem","position":2,"name":"AGB &#038; Widerruf"}]},{"@type":"WebSite","@id":"https:\/\/www.ipsmiller.at\/en\/#website","url":"https:\/\/www.ipsmiller.at\/en\/","name":"Weingut Ipsmiller","description":"Weine aus Schrattenberg","publisher":{"@id":"https:\/\/www.ipsmiller.at\/en\/#organization"},"potentialAction":[{"@type":"SearchAction","target":{"@type":"EntryPoint","urlTemplate":"https:\/\/www.ipsmiller.at\/en\/?s={search_term_string}"},"query-input":{"@type":"PropertyValueSpecification","valueRequired":true,"valueName":"search_term_string"}}],"inLanguage":"sk-SK"},{"@type":"Organization","@id":"https:\/\/www.ipsmiller.at\/en\/#organization","name":"Weingut Ipsmiller","url":"https:\/\/www.ipsmiller.at\/en\/","logo":{"@type":"ImageObject","inLanguage":"sk-SK","@id":"https:\/\/www.ipsmiller.at\/en\/#\/schema\/logo\/image\/","url":"https:\/\/www.ipsmiller.at\/wp-content\/uploads\/2019\/11\/logo_ipsmiller_forever-wine_2019_3x.png","contentUrl":"https:\/\/www.ipsmiller.at\/wp-content\/uploads\/2019\/11\/logo_ipsmiller_forever-wine_2019_3x.png","width":361,"height":120,"caption":"Weingut Ipsmiller"},"image":{"@id":"https:\/\/www.ipsmiller.at\/en\/#\/schema\/logo\/image\/"}}]}},"_links":{"self":[{"href":"https:\/\/www.ipsmiller.at\/sk\/wp-json\/wp\/v2\/pages\/66712","targetHints":{"allow":["GET"]}}],"collection":[{"href":"https:\/\/www.ipsmiller.at\/sk\/wp-json\/wp\/v2\/pages"}],"about":[{"href":"https:\/\/www.ipsmiller.at\/sk\/wp-json\/wp\/v2\/types\/page"}],"author":[{"embeddable":true,"href":"https:\/\/www.ipsmiller.at\/sk\/wp-json\/wp\/v2\/users\/1"}],"replies":[{"embeddable":true,"href":"https:\/\/www.ipsmiller.at\/sk\/wp-json\/wp\/v2\/comments?post=66712"}],"version-history":[{"count":6,"href":"https:\/\/www.ipsmiller.at\/sk\/wp-json\/wp\/v2\/pages\/66712\/revisions"}],"predecessor-version":[{"id":67030,"href":"https:\/\/www.ipsmiller.at\/sk\/wp-json\/wp\/v2\/pages\/66712\/revisions\/67030"}],"wp:featuredmedia":[{"embeddable":true,"href":"https:\/\/www.ipsmiller.at\/sk\/wp-json\/wp\/v2\/media\/66610"}],"wp:attachment":[{"href":"https:\/\/www.ipsmiller.at\/sk\/wp-json\/wp\/v2\/media?parent=66712"}],"curies":[{"name":"wp","href":"https:\/\/api.w.org\/{rel}","templated":true}]}}