{"id":66072,"date":"2018-01-23T13:31:55","date_gmt":"2018-01-23T12:31:55","guid":{"rendered":"https:\/\/www.ipsmiller.at\/?page_id=66072"},"modified":"2024-12-03T14:34:44","modified_gmt":"2024-12-03T13:34:44","slug":"kontakt","status":"publish","type":"page","link":"https:\/\/www.ipsmiller.at\/sk\/kontakt\/","title":{"rendered":"Kontakt"},"content":{"rendered":"<div class=\"wpb-content-wrapper\"><p>[vc_row unlock_row_content=&#8220;yes&#8220; row_height_percent=&#8220;0&#8243; overlay_alpha=&#8220;50&#8243; equal_height=&#8220;yes&#8220; gutter_size=&#8220;3&#8243; column_width_percent=&#8220;100&#8243; shift_y=&#8220;0&#8243; z_index=&#8220;0&#8243;][vc_column column_width_percent=&#8220;100&#8243; gutter_size=&#8220;3&#8243; style=&#8220;dark&#8220; back_color=&#8220;color-wayh&#8220; overlay_alpha=&#8220;50&#8243; shift_x=&#8220;0&#8243; shift_y=&#8220;0&#8243; shift_y_down=&#8220;0&#8243; z_index=&#8220;0&#8243; medium_width=&#8220;0&#8243; mobile_width=&#8220;0&#8243; width=&#8220;1\/3&#8243;][vc_custom_heading text_size=&#8220;&#8220; text_align=&#8220;text-left&#8220; text_uppercase=&#8220;&#8220;]V PREH\u013dADE[\/vc_custom_heading][vc_custom_heading heading_semantic=&#8220;h3&#8243; text_size=&#8220;h5&#8243; text_align=&#8220;text-left&#8220; text_uppercase=&#8220;&#8220;]Vin\u00e1rstvo Ipsmiller[\/vc_custom_heading][vc_column_text el_class=&#8220;icons-kontakt&#8220; uncode_shortcode_id=&#8220;146223&#8243;]<i class=\"fa fa-map-marker\"><\/i> Hauptstra\u00dfe 9, 2172 Schrattenberg<br \/>\n<i class=\"fa fa-envelope\"><\/i> <a href=\"mailto:office@ipsmiller.at\">office@ipsmiller.at<\/a>[\/vc_column_text][vc_custom_heading heading_semantic=&#8220;h3&#8243; text_size=&#8220;h5&#8243; text_align=&#8220;text-left&#8220; text_uppercase=&#8220;&#8220;]Osobne a nekomplikovane[\/vc_custom_heading][vc_column_text el_class=&#8220;icons-kontakt&#8220; uncode_shortcode_id=&#8220;178857&#8243;]<i class=\"fa fa-user\"><\/i> Petra Donner-Ipsmiller<br \/>\n<i class=\"fa fa-mobile\"><\/i> <a href=\"tel:00436644369613\">+43 (0) 664 43 69 613<\/a><br \/>\n<i class=\"fa fa-user\"><\/i> DI(FH) Herbert Donner-Ipsmiller, MSc.<br \/>\n<i class=\"fa fa-mobile\"><\/i> <a href=\"tel:00436767487566\">+43 (0) 676 74 87 566<\/a><br \/>\n<i class=\"fa fa-whatsapp\"><\/i> <a href=\"https:\/\/wa.me\/436767487566\">+43 (0) 676 74 87 566 <\/a>[\/vc_column_text][vc_custom_heading heading_semantic=&#8220;h3&#8243; text_size=&#8220;h5&#8243; text_align=&#8220;text-left&#8220; text_uppercase=&#8220;&#8220;]Sledujte n\u00e1s[\/vc_custom_heading][vc_column_text el_class=&#8220;icons-kontakt&#8220;]<i class=\"fa fa-facebook\"><\/i> <a href=\"https:\/\/www.facebook.com\/ipsmiller.at\/\" target=\"_blank\" rel=\"noopener noreferrer\">Ipsmiller auf Facebook<\/a><br \/>\n<i class=\"fa fa-youtube\"><\/i> <a href=\"https:\/\/www.youtube.com\/channel\/UC65y7OaU6cZlf0SL1O8Q4ZQ\" target=\"_blank\" rel=\"noopener noreferrer\">Ipsmiller auf YouTube<\/a>[\/vc_column_text][\/vc_column][vc_column column_width_percent=&#8220;100&#8243; gutter_size=&#8220;3&#8243; style=&#8220;dark&#8220; back_color=&#8220;color-wayh&#8220; overlay_alpha=&#8220;50&#8243; shift_x=&#8220;0&#8243; shift_y=&#8220;0&#8243; shift_y_down=&#8220;0&#8243; z_index=&#8220;0&#8243; medium_width=&#8220;0&#8243; mobile_width=&#8220;0&#8243; width=&#8220;2\/3&#8243;][vc_custom_heading text_size=&#8220;&#8220; text_align=&#8220;text-left&#8220; text_uppercase=&#8220;&#8220;]SME TU PRE V\u00c1S[\/vc_custom_heading]\n<div class=\"wpcf7 no-js\" id=\"wpcf7-f67036-o4\" lang=\"de-DE\" dir=\"ltr\" data-wpcf7-id=\"67036\">\n<div class=\"screen-reader-response\"><p role=\"status\" aria-live=\"polite\" aria-atomic=\"true\"><\/p> <ul><\/ul><\/div>\n<form action=\"\/sk\/wp-json\/wp\/v2\/pages\/66072#wpcf7-f67036-o4\" method=\"post\" class=\"wpcf7-form init\" aria-label=\"Kontaktformular\" novalidate=\"novalidate\" data-status=\"init\">\n<fieldset class=\"hidden-fields-container\"><input type=\"hidden\" name=\"_wpcf7\" value=\"67036\" \/><input type=\"hidden\" name=\"_wpcf7_version\" value=\"6.1.4\" \/><input type=\"hidden\" name=\"_wpcf7_locale\" value=\"de_DE\" \/><input type=\"hidden\" name=\"_wpcf7_unit_tag\" value=\"wpcf7-f67036-o4\" \/><input type=\"hidden\" name=\"_wpcf7_container_post\" value=\"0\" \/><input type=\"hidden\" name=\"_wpcf7_posted_data_hash\" value=\"\" \/>\n<\/fieldset>\n<div class=\"wpcf7-turnstile cf-turnstile\" data-sitekey=\"0x4AAAAAACG8evefQ8_lpZeH\" data-response-field-name=\"_wpcf7_turnstile_response\"><\/div>\n\n<p>Va\u0161e meno *<br \/>\n<span class=\"wpcf7-form-control-wrap\" data-name=\"daten-name\"><input size=\"40\" maxlength=\"400\" class=\"wpcf7-form-control wpcf7-text wpcf7-validates-as-required form-fluid\" aria-required=\"true\" aria-invalid=\"false\" value=\"\" type=\"text\" name=\"daten-name\" \/><\/span>\n<\/p>\n<p>V\u00e1\u0161 Email *<br \/>\n<span class=\"wpcf7-form-control-wrap\" data-name=\"mc4wp-EMAIL\"><input size=\"40\" maxlength=\"400\" class=\"wpcf7-form-control wpcf7-email wpcf7-validates-as-required wpcf7-text wpcf7-validates-as-email form-fluid\" aria-required=\"true\" aria-invalid=\"false\" value=\"\" type=\"email\" name=\"mc4wp-EMAIL\" \/><\/span>\n<\/p>\n<p>Va\u0161a spr\u00e1va *<br \/>\n<span class=\"wpcf7-form-control-wrap\" data-name=\"daten-nachricht\"><textarea cols=\"40\" rows=\"8\" maxlength=\"2000\" class=\"wpcf7-form-control wpcf7-textarea wpcf7-validates-as-required\" aria-required=\"true\" aria-invalid=\"false\" name=\"daten-nachricht\"><\/textarea><\/span>\n<\/p>\n<p><!-- Mailchimp for WordPress v4.10.9 - https:\/\/www.mc4wp.com\/ --><input type=\"hidden\" name=\"_mc4wp_subscribe_contact-form-7\" value=\"0\" \/><span class=\"mc4wp-checkbox mc4wp-checkbox-contact-form-7 \"><label><input type=\"checkbox\" name=\"_mc4wp_subscribe_contact-form-7\" value=\"1\" ><span>\u00c1no, m\u00e1m z\u00e1ujem o bezplatn\u00fd spravodaj.<\/span><\/label><\/span><!-- \/ Mailchimp for WordPress --><sup>1<\/sup>\n<\/p>\n<p><span class=\"wpcf7-form-control-wrap\" data-name=\"acceptance-781\"><span class=\"wpcf7-form-control wpcf7-acceptance\"><span class=\"wpcf7-list-item\"><label><input type=\"checkbox\" name=\"acceptance-781\" value=\"1\" aria-invalid=\"false\" \/><span class=\"wpcf7-list-item-label\">S\u00fahlas\u00edm so z\u00e1sadami ochrany osobn\u00fdch \u00fadajov.<\/span><\/label><\/span><\/span><\/span>\n<\/p>\n<p><input class=\"wpcf7-form-control wpcf7-submit has-spinner btn btn-accent btn-lg\" type=\"submit\" value=\"ODOSLA\u0164\" \/>\n<\/p><div class=\"wpcf7-response-output\" aria-hidden=\"true\"><\/div>\n<\/form>\n<\/div>\n[\/vc_column][\/vc_row][vc_row unlock_row_content=&#8220;yes&#8220; row_height_percent=&#8220;0&#8243; override_padding=&#8220;yes&#8220; h_padding=&#8220;2&#8243; top_padding=&#8220;0&#8243; bottom_padding=&#8220;2&#8243; overlay_alpha=&#8220;50&#8243; gutter_size=&#8220;3&#8243; column_width_percent=&#8220;100&#8243; shift_y=&#8220;0&#8243; z_index=&#8220;0&#8243;][vc_column width=&#8220;1\/1&#8243;][vc_single_image media=&#8220;68314&#8243; media_width_percent=&#8220;100&#8243; uncode_shortcode_id=&#8220;441682&#8243; media_link=&#8220;url:https%3A%2F%2Fgoo.gl%2Fmaps%2FBVWRrNnUWjT94Yef8|target:_blank&#8220;][\/vc_column][\/vc_row][vc_row unlock_row_content=&#8220;yes&#8220; row_height_percent=&#8220;0&#8243; override_padding=&#8220;yes&#8220; h_padding=&#8220;2&#8243; top_padding=&#8220;0&#8243; bottom_padding=&#8220;2&#8243; overlay_alpha=&#8220;50&#8243; gutter_size=&#8220;3&#8243; column_width_percent=&#8220;100&#8243; shift_y=&#8220;0&#8243; z_index=&#8220;0&#8243;][vc_column column_width_percent=&#8220;100&#8243; gutter_size=&#8220;3&#8243; style=&#8220;dark&#8220; back_color=&#8220;color-wayh&#8220; overlay_alpha=&#8220;50&#8243; shift_x=&#8220;0&#8243; shift_y=&#8220;0&#8243; shift_y_down=&#8220;0&#8243; z_index=&#8220;0&#8243; medium_width=&#8220;0&#8243; mobile_width=&#8220;0&#8243; width=&#8220;1\/1&#8243;][vc_column_text]<\/p>\n<p style=\"font-size: 0.8em;\"><sup>1<\/sup> Inform\u00e1cia o ochrane \u00fadajov:<\/p>\n<p style=\"font-size: 0.8em;\">\u00dadaje, ktor\u00e9 n\u00e1m poskytnete, vyu\u017eijeme na to, aby sme s Vami zostali v kontakte, informovali V\u00e1s o na\u0161ich novink\u00e1ch a sprostredkovali V\u00e1m \u010fal\u0161ie marketingov\u00e9 inform\u00e1cie. Ak o na\u0161e spr\u00e1vy nem\u00e1te z\u00e1ujem, m\u00f4\u017eete ich doru\u010dovanie kedyko\u013evek zru\u0161i\u0165 kliknut\u00edm na odhlasovac\u00ed link, ktor\u00fd n\u00e1jdete na konci ka\u017ed\u00e9ho e-mailu, ktor\u00fd v\u00e1m po\u0161leme. Odhl\u00e1si\u0165 sa m\u00f4\u017eete kedyko\u013evek aj jednoducho prostredn\u00edctvom e-mailovej spr\u00e1vy. Na\u0161e smernice o ochrane osobn\u00fdch \u00fadajov n\u00e1jdete <a style=\"text-decoration: underline;\" href=\"https:\/\/www.ipsmiller.at\/datenschutz\/\" target=\"_blank\" rel=\"noopener noreferrer\">tu<\/a>.<\/p>\n<p style=\"font-size: 0.8em;\">Ako platformu pre automatizovanie marketingu vyu\u017e\u00edvame MailChimp. T\u00fdm, \u017ee kliknete na tla\u010didlo, potvrdzujete s\u00fahlas s t\u00fdm, \u017ee Vami poskytnut\u00e9 \u00fadaje m\u00f4\u017eu by\u0165 spracovan\u00e9 platformou MailChimp v s\u00falade s jej <a style=\"text-decoration: underline;\" href=\"https:\/\/mailchimp.com\/legal\/privacy\/\" target=\"_blank\" rel=\"noopener noreferrer\">smernicami o ochrane osobn\u00fdch \u00fadajov<\/a> a <a style=\"text-decoration: underline;\" href=\"https:\/\/mailchimp.com\/legal\/terms\/\" target=\"_blank\" rel=\"noopener noreferrer\">podmienkami<\/a>.<\/p>\n<p style=\"font-size: 0.8em;\">Odoberanie bezplatn\u00e9ho spravodaja je mo\u017en\u00e9 kedyko\u013evek zru\u0161i\u0165.<\/p>\n<p>[\/vc_column_text][\/vc_column][\/vc_row]<\/p>\n<\/div>","protected":false},"excerpt":{"rendered":"<p>[vc_row unlock_row_content=&#8220;yes&#8220; row_height_percent=&#8220;0&#8243; overlay_alpha=&#8220;50&#8243; equal_height=&#8220;yes&#8220; gutter_size=&#8220;3&#8243; column_width_percent=&#8220;100&#8243; shift_y=&#8220;0&#8243; z_index=&#8220;0&#8243;][vc_column column_width_percent=&#8220;100&#8243; gutter_size=&#8220;3&#8243; style=&#8220;dark&#8220; back_color=&#8220;color-wayh&#8220; overlay_alpha=&#8220;50&#8243; shift_x=&#8220;0&#8243; shift_y=&#8220;0&#8243; shift_y_down=&#8220;0&#8243; z_index=&#8220;0&#8243; medium_width=&#8220;0&#8243; mobile_width=&#8220;0&#8243; [&hellip;]<\/p>\n","protected":false},"author":1,"featured_media":66610,"parent":0,"menu_order":0,"comment_status":"closed","ping_status":"closed","template":"","meta":{"footnotes":""},"class_list":["post-66072","page","type-page","status-publish","has-post-thumbnail","hentry"],"yoast_head":"<!-- This site is optimized with the Yoast SEO Premium plugin v26.6 (Yoast SEO v26.6) - https:\/\/yoast.com\/wordpress\/plugins\/seo\/ -->\n<title>Weingut Ipsmiller - Kontakt<\/title>\n<meta name=\"description\" content=\"Weingut Ipsmiller in Schrattenberg \u00b7Weinviertel \u00b7 Nieder\u00f6sterreich \u00b7 E-Mail : office@ipsmiller.at \u00b7 Tel.:+43 (0) 2555 24 700\" \/>\n<meta name=\"robots\" content=\"index, follow, max-snippet:-1, max-image-preview:large, max-video-preview:-1\" \/>\n<link rel=\"canonical\" href=\"https:\/\/www.ipsmiller.at\/kontakt\/\" \/>\n<meta property=\"og:locale\" content=\"sk_SK\" \/>\n<meta property=\"og:type\" content=\"article\" \/>\n<meta property=\"og:title\" content=\"[:de]Kontakt[:en]Contact[:cs]Kontakt[:sk]Kontakt[:]\" \/>\n<meta property=\"og:description\" content=\"Weingut Ipsmiller in Schrattenberg \u00b7Weinviertel \u00b7 Nieder\u00f6sterreich \u00b7 E-Mail : office@ipsmiller.at \u00b7 Tel.:+43 (0) 2555 24 700\" \/>\n<meta property=\"og:url\" content=\"https:\/\/www.ipsmiller.at\/kontakt\/\" \/>\n<meta property=\"og:site_name\" content=\"Weingut Ipsmiller\" \/>\n<meta property=\"article:modified_time\" content=\"2024-12-03T13:34:44+00:00\" \/>\n<meta property=\"og:image\" content=\"https:\/\/www.ipsmiller.at\/wp-content\/uploads\/2018\/02\/header_kontakt4.jpg\" \/>\n\t<meta property=\"og:image:width\" content=\"1920\" \/>\n\t<meta property=\"og:image:height\" content=\"480\" \/>\n\t<meta property=\"og:image:type\" content=\"image\/jpeg\" \/>\n<meta name=\"twitter:card\" content=\"summary_large_image\" \/>\n<meta name=\"twitter:label1\" content=\"Predpokladan\u00fd \u010das \u010d\u00edtania\" \/>\n\t<meta name=\"twitter:data1\" content=\"2 min\u00faty\" \/>\n<script type=\"application\/ld+json\" class=\"yoast-schema-graph\">{\"@context\":\"https:\/\/schema.org\",\"@graph\":[{\"@type\":\"WebPage\",\"@id\":\"https:\/\/www.ipsmiller.at\/kontakt\/\",\"url\":\"https:\/\/www.ipsmiller.at\/kontakt\/\",\"name\":\"Weingut Ipsmiller - [:de]Kontakt[:en]Contact[:cs]Kontakt[:sk]Kontakt[:]\",\"isPartOf\":{\"@id\":\"https:\/\/www.ipsmiller.at\/en\/#website\"},\"primaryImageOfPage\":{\"@id\":\"https:\/\/www.ipsmiller.at\/kontakt\/#primaryimage\"},\"image\":{\"@id\":\"https:\/\/www.ipsmiller.at\/kontakt\/#primaryimage\"},\"thumbnailUrl\":\"https:\/\/www.ipsmiller.at\/wp-content\/uploads\/2018\/02\/header_kontakt4.jpg\",\"datePublished\":\"2018-01-23T12:31:55+00:00\",\"dateModified\":\"2024-12-03T13:34:44+00:00\",\"description\":\"Weingut Ipsmiller in Schrattenberg \u00b7Weinviertel \u00b7 Nieder\u00f6sterreich \u00b7 E-Mail : office@ipsmiller.at \u00b7 Tel.:+43 (0) 2555 24 700\",\"breadcrumb\":{\"@id\":\"https:\/\/www.ipsmiller.at\/kontakt\/#breadcrumb\"},\"inLanguage\":\"sk-SK\",\"potentialAction\":[{\"@type\":\"ReadAction\",\"target\":[\"https:\/\/www.ipsmiller.at\/kontakt\/\"]}]},{\"@type\":\"ImageObject\",\"inLanguage\":\"sk-SK\",\"@id\":\"https:\/\/www.ipsmiller.at\/kontakt\/#primaryimage\",\"url\":\"https:\/\/www.ipsmiller.at\/wp-content\/uploads\/2018\/02\/header_kontakt4.jpg\",\"contentUrl\":\"https:\/\/www.ipsmiller.at\/wp-content\/uploads\/2018\/02\/header_kontakt4.jpg\",\"width\":1920,\"height\":480},{\"@type\":\"BreadcrumbList\",\"@id\":\"https:\/\/www.ipsmiller.at\/kontakt\/#breadcrumb\",\"itemListElement\":[{\"@type\":\"ListItem\",\"position\":1,\"name\":\"Startseite\",\"item\":\"https:\/\/www.ipsmiller.at\/\"},{\"@type\":\"ListItem\",\"position\":2,\"name\":\"Kontakt\"}]},{\"@type\":\"WebSite\",\"@id\":\"https:\/\/www.ipsmiller.at\/en\/#website\",\"url\":\"https:\/\/www.ipsmiller.at\/en\/\",\"name\":\"Weingut Ipsmiller\",\"description\":\"Weine aus Schrattenberg\",\"publisher\":{\"@id\":\"https:\/\/www.ipsmiller.at\/en\/#organization\"},\"potentialAction\":[{\"@type\":\"SearchAction\",\"target\":{\"@type\":\"EntryPoint\",\"urlTemplate\":\"https:\/\/www.ipsmiller.at\/en\/?s={search_term_string}\"},\"query-input\":{\"@type\":\"PropertyValueSpecification\",\"valueRequired\":true,\"valueName\":\"search_term_string\"}}],\"inLanguage\":\"sk-SK\"},{\"@type\":\"Organization\",\"@id\":\"https:\/\/www.ipsmiller.at\/en\/#organization\",\"name\":\"Weingut Ipsmiller\",\"url\":\"https:\/\/www.ipsmiller.at\/en\/\",\"logo\":{\"@type\":\"ImageObject\",\"inLanguage\":\"sk-SK\",\"@id\":\"https:\/\/www.ipsmiller.at\/en\/#\/schema\/logo\/image\/\",\"url\":\"https:\/\/www.ipsmiller.at\/wp-content\/uploads\/2019\/11\/logo_ipsmiller_forever-wine_2019_3x.png\",\"contentUrl\":\"https:\/\/www.ipsmiller.at\/wp-content\/uploads\/2019\/11\/logo_ipsmiller_forever-wine_2019_3x.png\",\"width\":361,\"height\":120,\"caption\":\"Weingut Ipsmiller\"},\"image\":{\"@id\":\"https:\/\/www.ipsmiller.at\/en\/#\/schema\/logo\/image\/\"}}]}<\/script>\n<!-- \/ Yoast SEO Premium plugin. -->","yoast_head_json":{"title":"Weingut Ipsmiller - [:de]Kontakt[:en]Contact[:cs]Kontakt[:sk]Kontakt[:]","description":"Weingut Ipsmiller in Schrattenberg \u00b7Weinviertel \u00b7 Nieder\u00f6sterreich \u00b7 E-Mail : office@ipsmiller.at \u00b7 Tel.:+43 (0) 2555 24 700","robots":{"index":"index","follow":"follow","max-snippet":"max-snippet:-1","max-image-preview":"max-image-preview:large","max-video-preview":"max-video-preview:-1"},"canonical":"https:\/\/www.ipsmiller.at\/kontakt\/","og_locale":"sk_SK","og_type":"article","og_title":"[:de]Kontakt[:en]Contact[:cs]Kontakt[:sk]Kontakt[:]","og_description":"Weingut Ipsmiller in Schrattenberg \u00b7Weinviertel \u00b7 Nieder\u00f6sterreich \u00b7 E-Mail : office@ipsmiller.at \u00b7 Tel.:+43 (0) 2555 24 700","og_url":"https:\/\/www.ipsmiller.at\/kontakt\/","og_site_name":"Weingut Ipsmiller","article_modified_time":"2024-12-03T13:34:44+00:00","og_image":[{"width":1920,"height":480,"url":"https:\/\/www.ipsmiller.at\/wp-content\/uploads\/2018\/02\/header_kontakt4.jpg","type":"image\/jpeg"}],"twitter_card":"summary_large_image","twitter_misc":{"Predpokladan\u00fd \u010das \u010d\u00edtania":"2 min\u00faty"},"schema":{"@context":"https:\/\/schema.org","@graph":[{"@type":"WebPage","@id":"https:\/\/www.ipsmiller.at\/kontakt\/","url":"https:\/\/www.ipsmiller.at\/kontakt\/","name":"Weingut Ipsmiller - [:de]Kontakt[:en]Contact[:cs]Kontakt[:sk]Kontakt[:]","isPartOf":{"@id":"https:\/\/www.ipsmiller.at\/en\/#website"},"primaryImageOfPage":{"@id":"https:\/\/www.ipsmiller.at\/kontakt\/#primaryimage"},"image":{"@id":"https:\/\/www.ipsmiller.at\/kontakt\/#primaryimage"},"thumbnailUrl":"https:\/\/www.ipsmiller.at\/wp-content\/uploads\/2018\/02\/header_kontakt4.jpg","datePublished":"2018-01-23T12:31:55+00:00","dateModified":"2024-12-03T13:34:44+00:00","description":"Weingut Ipsmiller in Schrattenberg \u00b7Weinviertel \u00b7 Nieder\u00f6sterreich \u00b7 E-Mail : office@ipsmiller.at \u00b7 Tel.:+43 (0) 2555 24 700","breadcrumb":{"@id":"https:\/\/www.ipsmiller.at\/kontakt\/#breadcrumb"},"inLanguage":"sk-SK","potentialAction":[{"@type":"ReadAction","target":["https:\/\/www.ipsmiller.at\/kontakt\/"]}]},{"@type":"ImageObject","inLanguage":"sk-SK","@id":"https:\/\/www.ipsmiller.at\/kontakt\/#primaryimage","url":"https:\/\/www.ipsmiller.at\/wp-content\/uploads\/2018\/02\/header_kontakt4.jpg","contentUrl":"https:\/\/www.ipsmiller.at\/wp-content\/uploads\/2018\/02\/header_kontakt4.jpg","width":1920,"height":480},{"@type":"BreadcrumbList","@id":"https:\/\/www.ipsmiller.at\/kontakt\/#breadcrumb","itemListElement":[{"@type":"ListItem","position":1,"name":"Startseite","item":"https:\/\/www.ipsmiller.at\/"},{"@type":"ListItem","position":2,"name":"Kontakt"}]},{"@type":"WebSite","@id":"https:\/\/www.ipsmiller.at\/en\/#website","url":"https:\/\/www.ipsmiller.at\/en\/","name":"Weingut Ipsmiller","description":"Weine aus Schrattenberg","publisher":{"@id":"https:\/\/www.ipsmiller.at\/en\/#organization"},"potentialAction":[{"@type":"SearchAction","target":{"@type":"EntryPoint","urlTemplate":"https:\/\/www.ipsmiller.at\/en\/?s={search_term_string}"},"query-input":{"@type":"PropertyValueSpecification","valueRequired":true,"valueName":"search_term_string"}}],"inLanguage":"sk-SK"},{"@type":"Organization","@id":"https:\/\/www.ipsmiller.at\/en\/#organization","name":"Weingut Ipsmiller","url":"https:\/\/www.ipsmiller.at\/en\/","logo":{"@type":"ImageObject","inLanguage":"sk-SK","@id":"https:\/\/www.ipsmiller.at\/en\/#\/schema\/logo\/image\/","url":"https:\/\/www.ipsmiller.at\/wp-content\/uploads\/2019\/11\/logo_ipsmiller_forever-wine_2019_3x.png","contentUrl":"https:\/\/www.ipsmiller.at\/wp-content\/uploads\/2019\/11\/logo_ipsmiller_forever-wine_2019_3x.png","width":361,"height":120,"caption":"Weingut Ipsmiller"},"image":{"@id":"https:\/\/www.ipsmiller.at\/en\/#\/schema\/logo\/image\/"}}]}},"_links":{"self":[{"href":"https:\/\/www.ipsmiller.at\/sk\/wp-json\/wp\/v2\/pages\/66072","targetHints":{"allow":["GET"]}}],"collection":[{"href":"https:\/\/www.ipsmiller.at\/sk\/wp-json\/wp\/v2\/pages"}],"about":[{"href":"https:\/\/www.ipsmiller.at\/sk\/wp-json\/wp\/v2\/types\/page"}],"author":[{"embeddable":true,"href":"https:\/\/www.ipsmiller.at\/sk\/wp-json\/wp\/v2\/users\/1"}],"replies":[{"embeddable":true,"href":"https:\/\/www.ipsmiller.at\/sk\/wp-json\/wp\/v2\/comments?post=66072"}],"version-history":[{"count":74,"href":"https:\/\/www.ipsmiller.at\/sk\/wp-json\/wp\/v2\/pages\/66072\/revisions"}],"predecessor-version":[{"id":69630,"href":"https:\/\/www.ipsmiller.at\/sk\/wp-json\/wp\/v2\/pages\/66072\/revisions\/69630"}],"wp:featuredmedia":[{"embeddable":true,"href":"https:\/\/www.ipsmiller.at\/sk\/wp-json\/wp\/v2\/media\/66610"}],"wp:attachment":[{"href":"https:\/\/www.ipsmiller.at\/sk\/wp-json\/wp\/v2\/media?parent=66072"}],"curies":[{"name":"wp","href":"https:\/\/api.w.org\/{rel}","templated":true}]}}