{"id":65461,"date":"2017-10-24T16:27:16","date_gmt":"2017-10-24T14:27:16","guid":{"rendered":"https:\/\/www.ipsmiller.at\/?page_id=65461"},"modified":"2025-01-24T08:45:31","modified_gmt":"2025-01-24T07:45:31","slug":"home","status":"publish","type":"page","link":"https:\/\/www.ipsmiller.at\/sk\/","title":{"rendered":"Home"},"content":{"rendered":"<div class=\"wpb-content-wrapper\"><p>[vc_row unlock_row_content=&#8220;yes&#8220; row_height_percent=&#8220;0&#8243; override_padding=&#8220;yes&#8220; h_padding=&#8220;0&#8243; top_padding=&#8220;1&#8243; bottom_padding=&#8220;1&#8243; back_color=&#8220;color-wayh&#8220; overlay_alpha=&#8220;0&#8243; equal_height=&#8220;yes&#8220; gutter_size=&#8220;1&#8243; column_width_percent=&#8220;100&#8243; shift_y=&#8220;0&#8243; z_index=&#8220;0&#8243;][vc_column column_width_percent=&#8220;100&#8243; position_horizontal=&#8220;left&#8220; position_vertical=&#8220;bottom&#8220; gutter_size=&#8220;2&#8243; override_padding=&#8220;yes&#8220; column_padding=&#8220;2&#8243; back_color=&#8220;color-wayh&#8220; back_image=&#8220;67946&#8243; back_position=&#8220;left center&#8220; overlay_color=&#8220;color-wayh&#8220; overlay_alpha=&#8220;5&#8243; shift_x=&#8220;0&#8243; shift_y=&#8220;0&#8243; shift_y_down=&#8220;0&#8243; z_index=&#8220;0&#8243; medium_width=&#8220;0&#8243; mobile_width=&#8220;0&#8243; zoom_width=&#8220;0&#8243; zoom_height=&#8220;0&#8243; width=&#8220;1\/2&#8243; max_width=&#8220;100&#8243; link_to=&#8220;url:https%3A%2F%2Fwww.ipsmiller.at%2Fsk%2Fwohnen%2F&#8220; mobile_height=&#8220;300&#8243; uncode_shortcode_id=&#8220;174928&#8243; back_color_type=&#8220;uncode-palette&#8220; overlay_color_type=&#8220;uncode-palette&#8220;][vc_custom_heading heading_semantic=&#8220;h1&#8243; text_font=&#8220;font-762333&#8243; text_size=&#8220;h1&#8243; text_weight=&#8220;500&#8243; text_transform=&#8220;uppercase&#8220; sub_lead=&#8220;yes&#8220; sub_reduced=&#8220;yes&#8220;]Po\u010ditnice v Weinviertelu[\/vc_custom_heading][\/vc_column][vc_column column_width_percent=&#8220;100&#8243; position_horizontal=&#8220;right&#8220; position_vertical=&#8220;middle&#8220; gutter_size=&#8220;0&#8243; override_padding=&#8220;yes&#8220; column_padding=&#8220;0&#8243; style=&#8220;dark&#8220; back_color=&#8220;color-wayh&#8220; overlay_alpha=&#8220;0&#8243; shift_x=&#8220;0&#8243; shift_y=&#8220;0&#8243; shift_y_down=&#8220;0&#8243; z_index=&#8220;0&#8243; medium_width=&#8220;0&#8243; mobile_width=&#8220;0&#8243; zoom_width=&#8220;0&#8243; zoom_height=&#8220;0&#8243; width=&#8220;1\/2&#8243; max_width=&#8220;100&#8243;][uncode_index el_id=&#8220;index-100424&#8243; index_type=&#8220;carousel&#8220; loop=&#8220;size:All|order_by:date|post_type:product|tax_query:96&#8243; carousel_lg=&#8220;2&#8243; carousel_md=&#8220;2&#8243; carousel_sm=&#8220;1&#8243; thumb_size=&#8220;three-four&#8220; gutter_size=&#8220;1&#8243; product_items=&#8220;title,media|featured|onpost|original,price&#8220; carousel_interval=&#8220;3000&#8243; carousel_navspeed=&#8220;400&#8243; carousel_loop=&#8220;yes&#8220; carousel_nav=&#8220;yes&#8220; carousel_dots_mobile=&#8220;yes&#8220; stage_padding=&#8220;0&#8243; single_text=&#8220;overlay&#8220; single_style=&#8220;dark&#8220; single_back_color=&#8220;color-456428&#8243; single_overlay_color=&#8220;color-wayh&#8220; single_overlay_opacity=&#8220;10&#8243; single_text_visible=&#8220;yes&#8220; single_text_anim=&#8220;no&#8220; single_v_position=&#8220;top&#8220; single_reduced=&#8220;half&#8220; single_padding=&#8220;2&#8243; single_title_family=&#8220;font-762333&#8243; single_title_dimension=&#8220;h5&#8243; single_title_transform=&#8220;uppercase&#8220; single_border=&#8220;yes&#8220; custom_order=&#8220;yes&#8220; order_ids=&#8220;18907,18932,19235,19261&#8243;][\/vc_column][\/vc_row][vc_row unlock_row_content=&#8220;yes&#8220; row_height_percent=&#8220;0&#8243; override_padding=&#8220;yes&#8220; h_padding=&#8220;0&#8243; top_padding=&#8220;0&#8243; bottom_padding=&#8220;1&#8243; back_color=&#8220;color-wayh&#8220; overlay_alpha=&#8220;0&#8243; equal_height=&#8220;yes&#8220; gutter_size=&#8220;1&#8243; shift_y=&#8220;0&#8243;][vc_column column_width_percent=&#8220;100&#8243; position_horizontal=&#8220;right&#8220; position_vertical=&#8220;middle&#8220; gutter_size=&#8220;0&#8243; override_padding=&#8220;yes&#8220; column_padding=&#8220;0&#8243; style=&#8220;dark&#8220; back_color=&#8220;color-wayh&#8220; overlay_alpha=&#8220;0&#8243; shift_x=&#8220;0&#8243; shift_y=&#8220;0&#8243; shift_y_down=&#8220;0&#8243; z_index=&#8220;0&#8243; medium_width=&#8220;0&#8243; mobile_width=&#8220;0&#8243; zoom_width=&#8220;0&#8243; zoom_height=&#8220;0&#8243; width=&#8220;1\/2&#8243; max_width=&#8220;100&#8243;][uncode_index el_id=&#8220;index-100425&#8243; index_type=&#8220;carousel&#8220; loop=&#8220;size:All|order_by:date|post_type:product|tax_query:95&#8243; carousel_lg=&#8220;2&#8243; carousel_md=&#8220;2&#8243; carousel_sm=&#8220;1&#8243; thumb_size=&#8220;three-four&#8220; gutter_size=&#8220;1&#8243; product_items=&#8220;title,media|featured|onpost|original,price&#8220; carousel_interval=&#8220;3000&#8243; carousel_navspeed=&#8220;400&#8243; carousel_loop=&#8220;yes&#8220; carousel_nav=&#8220;yes&#8220; carousel_dots_mobile=&#8220;yes&#8220; stage_padding=&#8220;0&#8243; single_text=&#8220;overlay&#8220; single_style=&#8220;dark&#8220; single_back_color=&#8220;color-456428&#8243; single_overlay_color=&#8220;color-wayh&#8220; single_overlay_opacity=&#8220;10&#8243; single_text_visible=&#8220;yes&#8220; single_text_anim=&#8220;no&#8220; single_v_position=&#8220;top&#8220; single_reduced=&#8220;half&#8220; single_padding=&#8220;2&#8243; single_title_family=&#8220;font-762333&#8243; single_title_dimension=&#8220;h5&#8243; single_title_transform=&#8220;uppercase&#8220; single_border=&#8220;yes&#8220; custom_order=&#8220;yes&#8220; order_ids=&#8220;19263,18965,18966,19262&#8243;][\/vc_column][vc_column column_width_percent=&#8220;100&#8243; position_horizontal=&#8220;left&#8220; position_vertical=&#8220;bottom&#8220; gutter_size=&#8220;2&#8243; override_padding=&#8220;yes&#8220; column_padding=&#8220;2&#8243; back_color=&#8220;color-wayh&#8220; back_image=&#8220;67930&#8243; back_position=&#8220;right center&#8220; overlay_color=&#8220;color-wayh&#8220; overlay_alpha=&#8220;5&#8243; shift_x=&#8220;0&#8243; shift_y=&#8220;0&#8243; shift_y_down=&#8220;0&#8243; z_index=&#8220;0&#8243; medium_width=&#8220;0&#8243; mobile_width=&#8220;0&#8243; zoom_width=&#8220;0&#8243; zoom_height=&#8220;0&#8243; width=&#8220;1\/2&#8243; max_width=&#8220;100&#8243; link_to=&#8220;url:%23|||&#8220; mobile_height=&#8220;300&#8243;][vc_custom_heading heading_semantic=&#8220;h1&#8243; text_font=&#8220;font-762333&#8243; text_size=&#8220;h1&#8243; text_weight=&#8220;500&#8243; text_transform=&#8220;uppercase&#8220; sub_lead=&#8220;yes&#8220; sub_reduced=&#8220;yes&#8220;]News[\/vc_custom_heading][\/vc_column][\/vc_row][vc_row unlock_row_content=&#8220;yes&#8220; row_height_percent=&#8220;0&#8243; override_padding=&#8220;yes&#8220; h_padding=&#8220;3&#8243; top_padding=&#8220;3&#8243; bottom_padding=&#8220;3&#8243; overlay_alpha=&#8220;100&#8243; gutter_size=&#8220;0&#8243; shift_y=&#8220;0&#8243;][vc_column column_width_use_pixel=&#8220;yes&#8220; align_horizontal=&#8220;align_center&#8220; gutter_size=&#8220;3&#8243; overlay_alpha=&#8220;100&#8243; shift_x=&#8220;0&#8243; shift_y=&#8220;0&#8243; medium_width=&#8220;0&#8243; zoom_width=&#8220;0&#8243; zoom_height=&#8220;0&#8243; width=&#8220;1\/1&#8243;][vc_gallery el_id=&#8220;home-logos&#8220; type=&#8220;carousel&#8220; medias=&#8220;65465,65466,65467,65468,67909,65470,65471,65472,65473,65474&#8243; carousel_lg=&#8220;9&#8243; carousel_md=&#8220;5&#8243; carousel_sm=&#8220;3&#8243; gutter_size=&#8220;4&#8243; media_items=&#8220;media|nolink|original,icon&#8220; carousel_interval=&#8220;3000&#8243; carousel_navspeed=&#8220;400&#8243; carousel_loop=&#8220;yes&#8220; stage_padding=&#8220;0&#8243; single_overlay_opacity=&#8220;50&#8243; single_overlay_anim=&#8220;no&#8220; single_text_anim=&#8220;no&#8220; single_image_anim=&#8220;no&#8220; single_padding=&#8220;2&#8243; single_border=&#8220;yes&#8220; el_class=&#8220;img-grayscale&#8220;][\/vc_column][\/vc_row]<\/p>\n<\/div>","protected":false},"excerpt":{"rendered":"<p>[vc_row unlock_row_content=&#8220;yes&#8220; row_height_percent=&#8220;0&#8243; override_padding=&#8220;yes&#8220; h_padding=&#8220;0&#8243; top_padding=&#8220;1&#8243; bottom_padding=&#8220;1&#8243; back_color=&#8220;color-wayh&#8220; overlay_alpha=&#8220;0&#8243; equal_height=&#8220;yes&#8220; gutter_size=&#8220;1&#8243; column_width_percent=&#8220;100&#8243; shift_y=&#8220;0&#8243; z_index=&#8220;0&#8243;][vc_column column_width_percent=&#8220;100&#8243; position_horizontal=&#8220;left&#8220; position_vertical=&#8220;bottom&#8220; gutter_size=&#8220;2&#8243; override_padding=&#8220;yes&#8220; column_padding=&#8220;2&#8243; [&hellip;]<\/p>\n","protected":false},"author":1,"featured_media":0,"parent":0,"menu_order":0,"comment_status":"open","ping_status":"closed","template":"","meta":{"footnotes":""},"class_list":["post-65461","page","type-page","status-publish","hentry"],"yoast_head":"<!-- This site is optimized with the Yoast SEO Premium plugin v26.6 (Yoast SEO v26.6) - https:\/\/yoast.com\/wordpress\/plugins\/seo\/ -->\n<title>Weingut Ipsmiller - Beste Rotweine &amp; Weissweine seit 8 Generationen<\/title>\n<meta name=\"description\" content=\"Entdecken Sie unsere besten Rotweine und Wei\u00dfweine, die seit 8 Generationen mit Leidenschaft und Tradition hergestellt werden.\" \/>\n<meta name=\"robots\" content=\"index, follow, max-snippet:-1, max-image-preview:large, max-video-preview:-1\" \/>\n<link rel=\"canonical\" href=\"https:\/\/www.ipsmiller.at\/\" \/>\n<meta property=\"og:locale\" content=\"sk_SK\" \/>\n<meta property=\"og:type\" content=\"article\" \/>\n<meta property=\"og:title\" content=\"[:de]Home[:en]Home[:cs]DOM\u016e[:sk]Home[:]\" \/>\n<meta property=\"og:description\" content=\"Entdecken Sie unsere besten Rotweine und Wei\u00dfweine, die seit 8 Generationen mit Leidenschaft und Tradition hergestellt werden.\" \/>\n<meta property=\"og:url\" content=\"https:\/\/www.ipsmiller.at\/\" \/>\n<meta property=\"og:site_name\" content=\"Weingut Ipsmiller\" \/>\n<meta property=\"article:modified_time\" content=\"2025-01-24T07:45:31+00:00\" \/>\n<meta name=\"twitter:card\" content=\"summary_large_image\" \/>\n<meta name=\"twitter:label1\" content=\"Predpokladan\u00fd \u010das \u010d\u00edtania\" \/>\n\t<meta name=\"twitter:data1\" content=\"2 min\u00faty\" \/>\n<script type=\"application\/ld+json\" class=\"yoast-schema-graph\">{\"@context\":\"https:\/\/schema.org\",\"@graph\":[{\"@type\":\"WebPage\",\"@id\":\"https:\/\/www.ipsmiller.at\/\",\"url\":\"https:\/\/www.ipsmiller.at\/\",\"name\":\"Weingut Ipsmiller - Beste Rotweine & Weissweine seit 8 Generationen\",\"isPartOf\":{\"@id\":\"https:\/\/www.ipsmiller.at\/en\/#website\"},\"datePublished\":\"2017-10-24T14:27:16+00:00\",\"dateModified\":\"2025-01-24T07:45:31+00:00\",\"description\":\"Entdecken Sie unsere besten Rotweine und Wei\u00dfweine, die seit 8 Generationen mit Leidenschaft und Tradition hergestellt werden.\",\"breadcrumb\":{\"@id\":\"https:\/\/www.ipsmiller.at\/#breadcrumb\"},\"inLanguage\":\"sk-SK\",\"potentialAction\":[{\"@type\":\"ReadAction\",\"target\":[\"https:\/\/www.ipsmiller.at\/\"]}]},{\"@type\":\"BreadcrumbList\",\"@id\":\"https:\/\/www.ipsmiller.at\/#breadcrumb\",\"itemListElement\":[{\"@type\":\"ListItem\",\"position\":1,\"name\":\"Startseite\",\"item\":\"https:\/\/www.ipsmiller.at\/\"},{\"@type\":\"ListItem\",\"position\":2,\"name\":\"Home\"}]},{\"@type\":\"WebSite\",\"@id\":\"https:\/\/www.ipsmiller.at\/en\/#website\",\"url\":\"https:\/\/www.ipsmiller.at\/en\/\",\"name\":\"Weingut Ipsmiller\",\"description\":\"Weine aus Schrattenberg\",\"publisher\":{\"@id\":\"https:\/\/www.ipsmiller.at\/en\/#organization\"},\"potentialAction\":[{\"@type\":\"SearchAction\",\"target\":{\"@type\":\"EntryPoint\",\"urlTemplate\":\"https:\/\/www.ipsmiller.at\/en\/?s={search_term_string}\"},\"query-input\":{\"@type\":\"PropertyValueSpecification\",\"valueRequired\":true,\"valueName\":\"search_term_string\"}}],\"inLanguage\":\"sk-SK\"},{\"@type\":\"Organization\",\"@id\":\"https:\/\/www.ipsmiller.at\/en\/#organization\",\"name\":\"Weingut Ipsmiller\",\"url\":\"https:\/\/www.ipsmiller.at\/en\/\",\"logo\":{\"@type\":\"ImageObject\",\"inLanguage\":\"sk-SK\",\"@id\":\"https:\/\/www.ipsmiller.at\/en\/#\/schema\/logo\/image\/\",\"url\":\"https:\/\/www.ipsmiller.at\/wp-content\/uploads\/2019\/11\/logo_ipsmiller_forever-wine_2019_3x.png\",\"contentUrl\":\"https:\/\/www.ipsmiller.at\/wp-content\/uploads\/2019\/11\/logo_ipsmiller_forever-wine_2019_3x.png\",\"width\":361,\"height\":120,\"caption\":\"Weingut Ipsmiller\"},\"image\":{\"@id\":\"https:\/\/www.ipsmiller.at\/en\/#\/schema\/logo\/image\/\"}}]}<\/script>\n<!-- \/ Yoast SEO Premium plugin. -->","yoast_head_json":{"title":"Weingut Ipsmiller - Beste Rotweine & Weissweine seit 8 Generationen","description":"Entdecken Sie unsere besten Rotweine und Wei\u00dfweine, die seit 8 Generationen mit Leidenschaft und Tradition hergestellt werden.","robots":{"index":"index","follow":"follow","max-snippet":"max-snippet:-1","max-image-preview":"max-image-preview:large","max-video-preview":"max-video-preview:-1"},"canonical":"https:\/\/www.ipsmiller.at\/","og_locale":"sk_SK","og_type":"article","og_title":"[:de]Home[:en]Home[:cs]DOM\u016e[:sk]Home[:]","og_description":"Entdecken Sie unsere besten Rotweine und Wei\u00dfweine, die seit 8 Generationen mit Leidenschaft und Tradition hergestellt werden.","og_url":"https:\/\/www.ipsmiller.at\/","og_site_name":"Weingut Ipsmiller","article_modified_time":"2025-01-24T07:45:31+00:00","twitter_card":"summary_large_image","twitter_misc":{"Predpokladan\u00fd \u010das \u010d\u00edtania":"2 min\u00faty"},"schema":{"@context":"https:\/\/schema.org","@graph":[{"@type":"WebPage","@id":"https:\/\/www.ipsmiller.at\/","url":"https:\/\/www.ipsmiller.at\/","name":"Weingut Ipsmiller - Beste Rotweine & Weissweine seit 8 Generationen","isPartOf":{"@id":"https:\/\/www.ipsmiller.at\/en\/#website"},"datePublished":"2017-10-24T14:27:16+00:00","dateModified":"2025-01-24T07:45:31+00:00","description":"Entdecken Sie unsere besten Rotweine und Wei\u00dfweine, die seit 8 Generationen mit Leidenschaft und Tradition hergestellt werden.","breadcrumb":{"@id":"https:\/\/www.ipsmiller.at\/#breadcrumb"},"inLanguage":"sk-SK","potentialAction":[{"@type":"ReadAction","target":["https:\/\/www.ipsmiller.at\/"]}]},{"@type":"BreadcrumbList","@id":"https:\/\/www.ipsmiller.at\/#breadcrumb","itemListElement":[{"@type":"ListItem","position":1,"name":"Startseite","item":"https:\/\/www.ipsmiller.at\/"},{"@type":"ListItem","position":2,"name":"Home"}]},{"@type":"WebSite","@id":"https:\/\/www.ipsmiller.at\/en\/#website","url":"https:\/\/www.ipsmiller.at\/en\/","name":"Weingut Ipsmiller","description":"Weine aus Schrattenberg","publisher":{"@id":"https:\/\/www.ipsmiller.at\/en\/#organization"},"potentialAction":[{"@type":"SearchAction","target":{"@type":"EntryPoint","urlTemplate":"https:\/\/www.ipsmiller.at\/en\/?s={search_term_string}"},"query-input":{"@type":"PropertyValueSpecification","valueRequired":true,"valueName":"search_term_string"}}],"inLanguage":"sk-SK"},{"@type":"Organization","@id":"https:\/\/www.ipsmiller.at\/en\/#organization","name":"Weingut Ipsmiller","url":"https:\/\/www.ipsmiller.at\/en\/","logo":{"@type":"ImageObject","inLanguage":"sk-SK","@id":"https:\/\/www.ipsmiller.at\/en\/#\/schema\/logo\/image\/","url":"https:\/\/www.ipsmiller.at\/wp-content\/uploads\/2019\/11\/logo_ipsmiller_forever-wine_2019_3x.png","contentUrl":"https:\/\/www.ipsmiller.at\/wp-content\/uploads\/2019\/11\/logo_ipsmiller_forever-wine_2019_3x.png","width":361,"height":120,"caption":"Weingut Ipsmiller"},"image":{"@id":"https:\/\/www.ipsmiller.at\/en\/#\/schema\/logo\/image\/"}}]}},"_links":{"self":[{"href":"https:\/\/www.ipsmiller.at\/sk\/wp-json\/wp\/v2\/pages\/65461","targetHints":{"allow":["GET"]}}],"collection":[{"href":"https:\/\/www.ipsmiller.at\/sk\/wp-json\/wp\/v2\/pages"}],"about":[{"href":"https:\/\/www.ipsmiller.at\/sk\/wp-json\/wp\/v2\/types\/page"}],"author":[{"embeddable":true,"href":"https:\/\/www.ipsmiller.at\/sk\/wp-json\/wp\/v2\/users\/1"}],"replies":[{"embeddable":true,"href":"https:\/\/www.ipsmiller.at\/sk\/wp-json\/wp\/v2\/comments?post=65461"}],"version-history":[{"count":125,"href":"https:\/\/www.ipsmiller.at\/sk\/wp-json\/wp\/v2\/pages\/65461\/revisions"}],"predecessor-version":[{"id":69705,"href":"https:\/\/www.ipsmiller.at\/sk\/wp-json\/wp\/v2\/pages\/65461\/revisions\/69705"}],"wp:attachment":[{"href":"https:\/\/www.ipsmiller.at\/sk\/wp-json\/wp\/v2\/media?parent=65461"}],"curies":[{"name":"wp","href":"https:\/\/api.w.org\/{rel}","templated":true}]}}