{"id":65525,"date":"2025-03-17T10:30:26","date_gmt":"2025-03-17T09:30:26","guid":{"rendered":"https:\/\/www.ipsmiller.at\/?post_type=product&#038;p=65525"},"modified":"2026-01-06T18:19:05","modified_gmt":"2026-01-06T17:19:05","slug":"empress-sissi-cuvee-weiss","status":"publish","type":"product","link":"https:\/\/www.ipsmiller.at\/en\/shop\/empress-sissi-cuvee-weiss\/","title":{"rendered":"Empress Sissi Cuve\u00e9 2022"},"content":{"rendered":"<div class=\"wpb-content-wrapper\"><p>[vc_row][vc_column][vc_column_text]Cuv\u00e9e from Wei\u00dfburgunder and Chardonnay, delicate white bread notes, delicate pear, compact splashy body, fine nutty in finish<\/p>\n<p>expansion: stainlesssteel<\/p>\n<p>alcohollevel: 13 %<br \/>\ndry[\/vc_column_text][vc_column_text]<strong>Emergence<\/strong><\/p>\n<p>Experience, can and creative power, this is the basic for a fine wine. And one ideal way one history. Of which there is a lot of awards of the new wine-trio from the winery IPSMILLER from Schrattenberg in the nordeast of the Weinviertel.<\/p>\n<p>Taking the sounding name \u201cEmpress Sissi\u201d offers the young winemaker Petra Donner-Ipsmiller the one fragrant white wine cuv\u00e9e and two elegant red wine cuv\u00e9es<\/p>\n<p>Empress Sissi was not only the namesake, she was the inspiration for the wines. \u201cI didn`t just want to make a \u201clovely\u201d wine, I like a wine, who becoming justice the wonderful personality of Empress Sissi, describe Petra Donner-Ipsmiller her intention.<\/p>\n<p>Empress Sissi wines<\/p>\n<p>The crowning glory is the strong red wine cuv\u00e9e \u201cEdition\u201d mysterios and poetic as to live times of the Empress Sissi. This wine is stored in premium small barrels and is designed with Swarovski stones on the bottle and is deliverd in noble presentbox. The \u201cEdition\u201d isyearly limited with 1854 bottles.<\/p>\n<p>1854 was the year of Elisabeth`s fateful wedding with the Emperor Franz-Joseph. The Empress Sissi wines are on the hand one hommage to the remarkable woman to this century, on the other side is the mythos Sissi printed to Austrian wine tradtion \u2013 three wines, those are worthy of the monarchy [\/vc_column_text][\/vc_column][\/vc_row]<\/p>\n<\/div>","protected":false},"excerpt":{"rendered":"<p>[vc_row][vc_column][vc_column_text]Cuv\u00e9e from Wei\u00dfburgunder and Chardonnay, delicate white bread notes, delicate pear, compact splashy body, fine nutty in finish expansion: stainlesssteel [&hellip;]<\/p>\n","protected":false},"featured_media":66619,"template":"","meta":[],"product_brand":[],"product_cat":[115,96],"product_tag":[],"class_list":{"0":"post-65525","1":"product","2":"type-product","3":"status-publish","4":"has-post-thumbnail","6":"product_cat-empress-sissi","7":"product_cat-weissweine","9":"first","10":"instock","11":"taxable","12":"shipping-taxable","13":"purchasable","14":"product-type-simple"},"yoast_head":"<!-- This site is optimized with the Yoast SEO Premium plugin v26.6 (Yoast SEO v26.6) - https:\/\/yoast.com\/wordpress\/plugins\/seo\/ -->\n<title>Empress Sissi Cuve\u00e9 2022 - Weingut Ipsmiller<\/title>\n<meta name=\"description\" content=\"Empress Sissi Cuve\u00e9 2022 vom Weingut Ipsmiller \u2013 Cuv\u00e9e aus Wei\u00dfburgunder und Chardonnay mit zarten Wei\u00dfbrotnoten, Birne und nussigem Abgang.\" \/>\n<meta name=\"robots\" content=\"index, follow, max-snippet:-1, max-image-preview:large, max-video-preview:-1\" \/>\n<link rel=\"canonical\" href=\"https:\/\/www.ipsmiller.at\/shop\/empress-sissi-cuvee-weiss\/\" \/>\n<meta property=\"og:locale\" content=\"en_US\" \/>\n<meta property=\"og:type\" content=\"article\" \/>\n<meta property=\"og:title\" content=\"Empress Sissi Cuve\u00e9 2022\" \/>\n<meta property=\"og:description\" content=\"Empress Sissi Cuve\u00e9 2022 vom Weingut Ipsmiller \u2013 Cuv\u00e9e aus Wei\u00dfburgunder und Chardonnay mit zarten Wei\u00dfbrotnoten, Birne und nussigem Abgang.\" \/>\n<meta property=\"og:url\" content=\"https:\/\/www.ipsmiller.at\/shop\/empress-sissi-cuvee-weiss\/\" \/>\n<meta property=\"og:site_name\" content=\"Weingut Ipsmiller\" \/>\n<meta property=\"article:modified_time\" content=\"2026-01-06T17:19:05+00:00\" \/>\n<meta property=\"og:image\" content=\"https:\/\/www.ipsmiller.at\/wp-content\/uploads\/2018\/01\/wein_2_v2.png\" \/>\n\t<meta property=\"og:image:width\" content=\"600\" \/>\n\t<meta property=\"og:image:height\" content=\"800\" \/>\n\t<meta property=\"og:image:type\" content=\"image\/png\" \/>\n<meta name=\"twitter:card\" content=\"summary_large_image\" \/>\n<meta name=\"twitter:label1\" content=\"Est. reading time\" \/>\n\t<meta name=\"twitter:data1\" content=\"2 minutes\" \/>\n<script type=\"application\/ld+json\" class=\"yoast-schema-graph\">{\"@context\":\"https:\/\/schema.org\",\"@graph\":[{\"@type\":\"WebPage\",\"@id\":\"https:\/\/www.ipsmiller.at\/shop\/empress-sissi-cuvee-weiss\/\",\"url\":\"https:\/\/www.ipsmiller.at\/shop\/empress-sissi-cuvee-weiss\/\",\"name\":\"Empress Sissi Cuve\u00e9 2022 - Weingut Ipsmiller\",\"isPartOf\":{\"@id\":\"https:\/\/www.ipsmiller.at\/en\/#website\"},\"primaryImageOfPage\":{\"@id\":\"https:\/\/www.ipsmiller.at\/shop\/empress-sissi-cuvee-weiss\/#primaryimage\"},\"image\":{\"@id\":\"https:\/\/www.ipsmiller.at\/shop\/empress-sissi-cuvee-weiss\/#primaryimage\"},\"thumbnailUrl\":\"https:\/\/www.ipsmiller.at\/wp-content\/uploads\/2018\/01\/wein_2_v2.png\",\"datePublished\":\"2025-03-17T09:30:26+00:00\",\"dateModified\":\"2026-01-06T17:19:05+00:00\",\"description\":\"Empress Sissi Cuve\u00e9 2022 vom Weingut Ipsmiller \u2013 Cuv\u00e9e aus Wei\u00dfburgunder und Chardonnay mit zarten Wei\u00dfbrotnoten, Birne und nussigem Abgang.\",\"breadcrumb\":{\"@id\":\"https:\/\/www.ipsmiller.at\/shop\/empress-sissi-cuvee-weiss\/#breadcrumb\"},\"inLanguage\":\"en-US\",\"potentialAction\":[{\"@type\":\"ReadAction\",\"target\":[\"https:\/\/www.ipsmiller.at\/shop\/empress-sissi-cuvee-weiss\/\"]}]},{\"@type\":\"ImageObject\",\"inLanguage\":\"en-US\",\"@id\":\"https:\/\/www.ipsmiller.at\/shop\/empress-sissi-cuvee-weiss\/#primaryimage\",\"url\":\"https:\/\/www.ipsmiller.at\/wp-content\/uploads\/2018\/01\/wein_2_v2.png\",\"contentUrl\":\"https:\/\/www.ipsmiller.at\/wp-content\/uploads\/2018\/01\/wein_2_v2.png\",\"width\":600,\"height\":800},{\"@type\":\"BreadcrumbList\",\"@id\":\"https:\/\/www.ipsmiller.at\/shop\/empress-sissi-cuvee-weiss\/#breadcrumb\",\"itemListElement\":[{\"@type\":\"ListItem\",\"position\":1,\"name\":\"Startseite\",\"item\":\"https:\/\/www.ipsmiller.at\/\"},{\"@type\":\"ListItem\",\"position\":2,\"name\":\"Shop\",\"item\":\"https:\/\/www.ipsmiller.at\/shop\/\"},{\"@type\":\"ListItem\",\"position\":3,\"name\":\"Empress Sissi Cuve\u00e9 2022\"}]},{\"@type\":\"WebSite\",\"@id\":\"https:\/\/www.ipsmiller.at\/en\/#website\",\"url\":\"https:\/\/www.ipsmiller.at\/en\/\",\"name\":\"Weingut Ipsmiller\",\"description\":\"Weine aus Schrattenberg\",\"publisher\":{\"@id\":\"https:\/\/www.ipsmiller.at\/en\/#organization\"},\"potentialAction\":[{\"@type\":\"SearchAction\",\"target\":{\"@type\":\"EntryPoint\",\"urlTemplate\":\"https:\/\/www.ipsmiller.at\/en\/?s={search_term_string}\"},\"query-input\":{\"@type\":\"PropertyValueSpecification\",\"valueRequired\":true,\"valueName\":\"search_term_string\"}}],\"inLanguage\":\"en-US\"},{\"@type\":\"Organization\",\"@id\":\"https:\/\/www.ipsmiller.at\/en\/#organization\",\"name\":\"Weingut Ipsmiller\",\"url\":\"https:\/\/www.ipsmiller.at\/en\/\",\"logo\":{\"@type\":\"ImageObject\",\"inLanguage\":\"en-US\",\"@id\":\"https:\/\/www.ipsmiller.at\/en\/#\/schema\/logo\/image\/\",\"url\":\"https:\/\/www.ipsmiller.at\/wp-content\/uploads\/2019\/11\/logo_ipsmiller_forever-wine_2019_3x.png\",\"contentUrl\":\"https:\/\/www.ipsmiller.at\/wp-content\/uploads\/2019\/11\/logo_ipsmiller_forever-wine_2019_3x.png\",\"width\":361,\"height\":120,\"caption\":\"Weingut Ipsmiller\"},\"image\":{\"@id\":\"https:\/\/www.ipsmiller.at\/en\/#\/schema\/logo\/image\/\"}}]}<\/script>\n<!-- \/ Yoast SEO Premium plugin. -->","yoast_head_json":{"title":"Empress Sissi Cuve\u00e9 2022 - Weingut Ipsmiller","description":"Empress Sissi Cuve\u00e9 2022 vom Weingut Ipsmiller \u2013 Cuv\u00e9e aus Wei\u00dfburgunder und Chardonnay mit zarten Wei\u00dfbrotnoten, Birne und nussigem Abgang.","robots":{"index":"index","follow":"follow","max-snippet":"max-snippet:-1","max-image-preview":"max-image-preview:large","max-video-preview":"max-video-preview:-1"},"canonical":"https:\/\/www.ipsmiller.at\/shop\/empress-sissi-cuvee-weiss\/","og_locale":"en_US","og_type":"article","og_title":"Empress Sissi Cuve\u00e9 2022","og_description":"Empress Sissi Cuve\u00e9 2022 vom Weingut Ipsmiller \u2013 Cuv\u00e9e aus Wei\u00dfburgunder und Chardonnay mit zarten Wei\u00dfbrotnoten, Birne und nussigem Abgang.","og_url":"https:\/\/www.ipsmiller.at\/shop\/empress-sissi-cuvee-weiss\/","og_site_name":"Weingut Ipsmiller","article_modified_time":"2026-01-06T17:19:05+00:00","og_image":[{"width":600,"height":800,"url":"https:\/\/www.ipsmiller.at\/wp-content\/uploads\/2018\/01\/wein_2_v2.png","type":"image\/png"}],"twitter_card":"summary_large_image","twitter_misc":{"Est. reading time":"2 minutes"},"schema":{"@context":"https:\/\/schema.org","@graph":[{"@type":"WebPage","@id":"https:\/\/www.ipsmiller.at\/shop\/empress-sissi-cuvee-weiss\/","url":"https:\/\/www.ipsmiller.at\/shop\/empress-sissi-cuvee-weiss\/","name":"Empress Sissi Cuve\u00e9 2022 - Weingut Ipsmiller","isPartOf":{"@id":"https:\/\/www.ipsmiller.at\/en\/#website"},"primaryImageOfPage":{"@id":"https:\/\/www.ipsmiller.at\/shop\/empress-sissi-cuvee-weiss\/#primaryimage"},"image":{"@id":"https:\/\/www.ipsmiller.at\/shop\/empress-sissi-cuvee-weiss\/#primaryimage"},"thumbnailUrl":"https:\/\/www.ipsmiller.at\/wp-content\/uploads\/2018\/01\/wein_2_v2.png","datePublished":"2025-03-17T09:30:26+00:00","dateModified":"2026-01-06T17:19:05+00:00","description":"Empress Sissi Cuve\u00e9 2022 vom Weingut Ipsmiller \u2013 Cuv\u00e9e aus Wei\u00dfburgunder und Chardonnay mit zarten Wei\u00dfbrotnoten, Birne und nussigem Abgang.","breadcrumb":{"@id":"https:\/\/www.ipsmiller.at\/shop\/empress-sissi-cuvee-weiss\/#breadcrumb"},"inLanguage":"en-US","potentialAction":[{"@type":"ReadAction","target":["https:\/\/www.ipsmiller.at\/shop\/empress-sissi-cuvee-weiss\/"]}]},{"@type":"ImageObject","inLanguage":"en-US","@id":"https:\/\/www.ipsmiller.at\/shop\/empress-sissi-cuvee-weiss\/#primaryimage","url":"https:\/\/www.ipsmiller.at\/wp-content\/uploads\/2018\/01\/wein_2_v2.png","contentUrl":"https:\/\/www.ipsmiller.at\/wp-content\/uploads\/2018\/01\/wein_2_v2.png","width":600,"height":800},{"@type":"BreadcrumbList","@id":"https:\/\/www.ipsmiller.at\/shop\/empress-sissi-cuvee-weiss\/#breadcrumb","itemListElement":[{"@type":"ListItem","position":1,"name":"Startseite","item":"https:\/\/www.ipsmiller.at\/"},{"@type":"ListItem","position":2,"name":"Shop","item":"https:\/\/www.ipsmiller.at\/shop\/"},{"@type":"ListItem","position":3,"name":"Empress Sissi Cuve\u00e9 2022"}]},{"@type":"WebSite","@id":"https:\/\/www.ipsmiller.at\/en\/#website","url":"https:\/\/www.ipsmiller.at\/en\/","name":"Weingut Ipsmiller","description":"Weine aus Schrattenberg","publisher":{"@id":"https:\/\/www.ipsmiller.at\/en\/#organization"},"potentialAction":[{"@type":"SearchAction","target":{"@type":"EntryPoint","urlTemplate":"https:\/\/www.ipsmiller.at\/en\/?s={search_term_string}"},"query-input":{"@type":"PropertyValueSpecification","valueRequired":true,"valueName":"search_term_string"}}],"inLanguage":"en-US"},{"@type":"Organization","@id":"https:\/\/www.ipsmiller.at\/en\/#organization","name":"Weingut Ipsmiller","url":"https:\/\/www.ipsmiller.at\/en\/","logo":{"@type":"ImageObject","inLanguage":"en-US","@id":"https:\/\/www.ipsmiller.at\/en\/#\/schema\/logo\/image\/","url":"https:\/\/www.ipsmiller.at\/wp-content\/uploads\/2019\/11\/logo_ipsmiller_forever-wine_2019_3x.png","contentUrl":"https:\/\/www.ipsmiller.at\/wp-content\/uploads\/2019\/11\/logo_ipsmiller_forever-wine_2019_3x.png","width":361,"height":120,"caption":"Weingut Ipsmiller"},"image":{"@id":"https:\/\/www.ipsmiller.at\/en\/#\/schema\/logo\/image\/"}}]}},"_links":{"self":[{"href":"https:\/\/www.ipsmiller.at\/en\/wp-json\/wp\/v2\/product\/65525","targetHints":{"allow":["GET"]}}],"collection":[{"href":"https:\/\/www.ipsmiller.at\/en\/wp-json\/wp\/v2\/product"}],"about":[{"href":"https:\/\/www.ipsmiller.at\/en\/wp-json\/wp\/v2\/types\/product"}],"wp:featuredmedia":[{"embeddable":true,"href":"https:\/\/www.ipsmiller.at\/en\/wp-json\/wp\/v2\/media\/66619"}],"wp:attachment":[{"href":"https:\/\/www.ipsmiller.at\/en\/wp-json\/wp\/v2\/media?parent=65525"}],"wp:term":[{"taxonomy":"product_brand","embeddable":true,"href":"https:\/\/www.ipsmiller.at\/en\/wp-json\/wp\/v2\/product_brand?post=65525"},{"taxonomy":"product_cat","embeddable":true,"href":"https:\/\/www.ipsmiller.at\/en\/wp-json\/wp\/v2\/product_cat?post=65525"},{"taxonomy":"product_tag","embeddable":true,"href":"https:\/\/www.ipsmiller.at\/en\/wp-json\/wp\/v2\/product_tag?post=65525"}],"curies":[{"name":"wp","href":"https:\/\/api.w.org\/{rel}","templated":true}]}}