{"id":69279,"date":"2024-08-19T11:46:40","date_gmt":"2024-08-19T09:46:40","guid":{"rendered":"https:\/\/www.ipsmiller.at\/?page_id=69279"},"modified":"2024-11-04T11:14:49","modified_gmt":"2024-11-04T10:14:49","slug":"rotwein-im-bezirk-liberec","status":"publish","type":"page","link":"https:\/\/www.ipsmiller.at\/en\/rotwein-im-bezirk-liberec\/","title":{"rendered":"Rotwein im Bezirk Liberec"},"content":{"rendered":"<div class=\"wpb-content-wrapper\"><p>[vc_row unlock_row_content=&#8221;yes&#8221; row_height_percent=&#8221;0&#8243; overlay_alpha=&#8221;50&#8243; equal_height=&#8221;yes&#8221; gutter_size=&#8221;3&#8243; column_width_percent=&#8221;100&#8243; shift_y=&#8221;0&#8243; z_index=&#8221;0&#8243;][vc_column column_width_percent=&#8221;100&#8243; gutter_size=&#8221;3&#8243; style=&#8221;dark&#8221; back_color=&#8221;color-wayh&#8221; overlay_alpha=&#8221;50&#8243; shift_x=&#8221;0&#8243; shift_y=&#8221;0&#8243; shift_y_down=&#8221;0&#8243; z_index=&#8221;0&#8243; medium_width=&#8221;0&#8243; mobile_width=&#8221;0&#8243; width=&#8221;1\/3&#8243;][vc_custom_heading text_size=&#8221;&#8221; text_align=&#8221;text-left&#8221; text_uppercase=&#8221;&#8221;]family &amp; experience[\/vc_custom_heading][vc_column_text]In the Duty of Art and the knowledge to produce wine on highest level to pass on our promise from generation to generation. This is our highest stand in our family<\/p>\n<p>The great traditon associated by the modern wine production is our method by great respect for the grape. The art of viticulture is the signature of Petra Donner-Ipsmiller, who with her knowledge and indentification of the IPSMILLER wines into a distinctive character now cultivate wines in the 8. generation. [\/vc_column_text][\/vc_column][vc_column column_width_percent=&#8221;100&#8243; gutter_size=&#8221;3&#8243; style=&#8221;dark&#8221; back_color=&#8221;color-wayh&#8221; overlay_alpha=&#8221;50&#8243; shift_x=&#8221;0&#8243; shift_y=&#8221;0&#8243; shift_y_down=&#8221;0&#8243; z_index=&#8221;0&#8243; medium_width=&#8221;0&#8243; mobile_width=&#8221;0&#8243; width=&#8221;1\/3&#8243;][vc_custom_heading text_size=&#8221;&#8221; text_align=&#8221;text-left&#8221; text_uppercase=&#8221;&#8221;]quality connect[\/vc_custom_heading][vc_column_text]The feeling of the right choice of grapes, the varieties soft processing, the good soil conditions, the sunny hill sites and the carefully cultivating let the winetasting become an experience.<\/p>\n<p>Our privileg is to produce wines with trinkenjoyment, harmony and full bodied. The grapes must be healthy during the whole vegetation period. For us we expect the best healthiest grapes and this is the key for top \u2013 quality wines. [\/vc_column_text][\/vc_column][vc_column column_width_percent=&#8221;100&#8243; gutter_size=&#8221;3&#8243; style=&#8221;dark&#8221; back_color=&#8221;color-wayh&#8221; overlay_alpha=&#8221;50&#8243; shift_x=&#8221;0&#8243; shift_y=&#8221;0&#8243; shift_y_down=&#8221;0&#8243; z_index=&#8221;0&#8243; medium_width=&#8221;0&#8243; mobile_width=&#8221;0&#8243; width=&#8221;1\/3&#8243;][vc_custom_heading text_size=&#8221;&#8221; text_align=&#8221;text-left&#8221; text_uppercase=&#8221;&#8221;]company &amp; tradition [\/vc_custom_heading][vc_column_text]The winery IPSMILLER exists now in the 8. Generation in vinification of red and white wines. From generation to generation the knowledge of wine making was passed. Up to now healty and mature berries is a must for full bodied and harmony wines.<\/p>\n<p>\u201eEach wine will made in family\u201d, before the wine goes into bottle. This is one of our secrets and this draws the family IPSMILLER [\/vc_column_text][\/vc_column][\/vc_row][vc_row unlock_row_content=&#8221;yes&#8221; row_height_percent=&#8221;0&#8243; back_color=&#8221;color-wayh&#8221; overlay_alpha=&#8221;50&#8243; gutter_size=&#8221;3&#8243; column_width_percent=&#8221;100&#8243; shift_y=&#8221;0&#8243; z_index=&#8221;0&#8243;][vc_column width=&#8221;1\/1&#8243;][vc_gallery el_id=&#8221;gallery-168767&#8243; medias=&#8221;65617,65894,66615,65901,65898,65900,65899,68437&#8243; style_preset=&#8221;metro&#8221; gutter_size=&#8221;3&#8243; media_items=&#8221;media|lightbox|original&#8221; screen_lg=&#8221;1000&#8243; screen_md=&#8221;600&#8243; screen_sm=&#8221;480&#8243; single_width=&#8221;3&#8243; single_height=&#8221;2&#8243; single_overlay_opacity=&#8221;50&#8243; single_padding=&#8221;2&#8243; single_border=&#8221;yes&#8221; lbox_no_tmb=&#8221;yes&#8221; uncode_shortcode_id=&#8221;225407&#8243;][\/vc_column][\/vc_row][vc_row unlock_row_content=&#8221;yes&#8221; row_height_percent=&#8221;0&#8243; overlay_alpha=&#8221;50&#8243; equal_height=&#8221;yes&#8221; gutter_size=&#8221;3&#8243; column_width_percent=&#8221;100&#8243; shift_y=&#8221;0&#8243; z_index=&#8221;0&#8243;][vc_column column_width_percent=&#8221;100&#8243; gutter_size=&#8221;3&#8243; style=&#8221;dark&#8221; back_color=&#8221;color-wayh&#8221; overlay_alpha=&#8221;50&#8243; shift_x=&#8221;0&#8243; shift_y=&#8221;0&#8243; shift_y_down=&#8221;0&#8243; z_index=&#8221;0&#8243; medium_width=&#8221;0&#8243; mobile_width=&#8221;0&#8243; width=&#8221;1\/3&#8243;][vc_custom_heading text_size=&#8221;&#8221; text_align=&#8221;text-left&#8221; text_uppercase=&#8221;&#8221;]bestsites[\/vc_custom_heading][vc_column_text]On a altidude of 286 m stretches the foothills of the limestone alps. There you can find the top location for red wines the \u201cRaistenberg\u201d. East located best sites for Gr\u00fcner Veltliner and Welschriesling the \u201eZuckermandeln\u201d and in the north located the wineregion \u201cJohannesbergen\u201d in the neighbours village Herrnbaumgarten, where exzellent fruity Gr\u00fcne Veltliner grow.<\/p>\n<p>The boiler location is unique in the Weinviertel and predestined for wine production for full bodied and harmony wines [\/vc_column_text][\/vc_column][vc_column column_width_percent=&#8221;100&#8243; gutter_size=&#8221;3&#8243; style=&#8221;dark&#8221; back_color=&#8221;color-wayh&#8221; overlay_alpha=&#8221;50&#8243; shift_x=&#8221;0&#8243; shift_y=&#8221;0&#8243; shift_y_down=&#8221;0&#8243; z_index=&#8221;0&#8243; medium_width=&#8221;0&#8243; mobile_width=&#8221;0&#8243; width=&#8221;1\/3&#8243;][vc_custom_heading text_size=&#8221;&#8221; text_align=&#8221;text-left&#8221; text_uppercase=&#8221;&#8221;]noble redwines[\/vc_custom_heading][vc_column_text uncode_shortcode_id=&#8221;665458&#8243;]Under the slogan \u201eBiggest redwinevillageat the A5\u201d find red wine lovers and fanatiker their surprise<\/p>\n<p>The only 500 m away czechsee landscape stores during the day the warm sun rays. After the sun rays under and nordeast winds streams the warm air to Schrattenberg. And this is the possibility to reach this excellent mature conditions for Zweigelt, St. Laurent, Blaufr\u00e4nkisch, Merlot, Cabernet Sauvignon and SYRAH.[\/vc_column_text][\/vc_column][vc_column column_width_percent=&#8221;100&#8243; gutter_size=&#8221;3&#8243; style=&#8221;dark&#8221; back_color=&#8221;color-wayh&#8221; overlay_alpha=&#8221;50&#8243; shift_x=&#8221;0&#8243; shift_y=&#8221;0&#8243; shift_y_down=&#8221;0&#8243; z_index=&#8221;0&#8243; medium_width=&#8221;0&#8243; mobile_width=&#8221;0&#8243; width=&#8221;1\/3&#8243;][vc_custom_heading text_size=&#8221;&#8221; text_align=&#8221;text-left&#8221; text_uppercase=&#8221;&#8221; uncode_shortcode_id=&#8221;176966&#8243;]Wine enjoyment with responsibility![\/vc_custom_heading][vc_column_text uncode_shortcode_id=&#8221;169653&#8243;]At the winery, we take the word \u201csustainability\u201d very seriously. We focus on the following areas of operation, which we implement with the &#8220;Sustainable Austria&#8221; seal of approval. We focus on the following aspects:<\/p>\n<ul>\n<li>Climate neutrality<\/li>\n<li>Water use<\/li>\n<li>Use of energy<\/li>\n<li>Use of resources<\/li>\n<li>Soil fertility<\/li>\n<li>Biodiversity<\/li>\n<li>High quality standards<\/li>\n<li>Social aspects<\/li>\n<li>Economic viability<\/li>\n<\/ul>\n<p>We live in a time when it is important to take responsibility together: for our climate, our resources and, of course, for the people.<\/p>\n<p>The new \u201cSustainable Austria\u201d seal of quality gives you the opportunity to do so. Enjoy wines that lead sustainably into the future &#8211; into a world in which ethical values \u200b\u200band responsible action count.<\/p>\n<p>The seal of quality promises to have sustainability in the glass for all IPSMILLER wines. Sustainable for generations in the company and for our satisfied customers.[\/vc_column_text][\/vc_column][\/vc_row][vc_row unlock_row_content=&#8221;yes&#8221; row_height_percent=&#8221;0&#8243; override_padding=&#8221;yes&#8221; h_padding=&#8221;3&#8243; top_padding=&#8221;3&#8243; bottom_padding=&#8221;3&#8243; overlay_alpha=&#8221;100&#8243; gutter_size=&#8221;0&#8243; shift_y=&#8221;0&#8243;][vc_column column_width_use_pixel=&#8221;yes&#8221; align_horizontal=&#8221;align_center&#8221; gutter_size=&#8221;3&#8243; overlay_alpha=&#8221;100&#8243; shift_x=&#8221;0&#8243; shift_y=&#8221;0&#8243; medium_width=&#8221;0&#8243; zoom_width=&#8221;0&#8243; zoom_height=&#8221;0&#8243; width=&#8221;1\/1&#8243;][vc_gallery el_id=&#8221;home-logos&#8221; type=&#8221;carousel&#8221; medias=&#8221;65465,65466,65467,65468,65469,65470,65471,65472,65473,65474&#8243; carousel_lg=&#8221;9&#8243; carousel_md=&#8221;5&#8243; carousel_sm=&#8221;3&#8243; gutter_size=&#8221;4&#8243; media_items=&#8221;media|nolink|original,icon&#8221; carousel_interval=&#8221;3000&#8243; carousel_navspeed=&#8221;400&#8243; carousel_loop=&#8221;yes&#8221; stage_padding=&#8221;0&#8243; single_overlay_opacity=&#8221;50&#8243; single_overlay_anim=&#8221;no&#8221; single_text_anim=&#8221;no&#8221; single_image_anim=&#8221;no&#8221; single_padding=&#8221;2&#8243; single_border=&#8221;yes&#8221; el_class=&#8221;img-grayscale&#8221;][\/vc_column][\/vc_row]<\/p>\n<\/div>","protected":false},"excerpt":{"rendered":"<p>[vc_row unlock_row_content=&#8221;yes&#8221; row_height_percent=&#8221;0&#8243; overlay_alpha=&#8221;50&#8243; equal_height=&#8221;yes&#8221; gutter_size=&#8221;3&#8243; column_width_percent=&#8221;100&#8243; shift_y=&#8221;0&#8243; z_index=&#8221;0&#8243;][vc_column column_width_percent=&#8221;100&#8243; gutter_size=&#8221;3&#8243; style=&#8221;dark&#8221; back_color=&#8221;color-wayh&#8221; overlay_alpha=&#8221;50&#8243; shift_x=&#8221;0&#8243; shift_y=&#8221;0&#8243; shift_y_down=&#8221;0&#8243; z_index=&#8221;0&#8243; medium_width=&#8221;0&#8243; mobile_width=&#8221;0&#8243; [&hellip;]<\/p>\n","protected":false},"author":1,"featured_media":67988,"parent":0,"menu_order":0,"comment_status":"closed","ping_status":"closed","template":"","meta":{"footnotes":""},"class_list":["post-69279","page","type-page","status-publish","has-post-thumbnail","hentry"],"yoast_head":"<!-- This site is optimized with the Yoast SEO Premium plugin v26.6 (Yoast SEO v26.6) - https:\/\/yoast.com\/wordpress\/plugins\/seo\/ -->\n<title>Edler Rotwein f\u00fcr den Bezirk Liberec<\/title>\n<meta name=\"description\" content=\"Genie\u00dfen Sie edlen [:de]Rotwein im Bezirk Liberec[:en]Rotwein im Bezirk Liberec[:cs]\u010cerven\u00e9 v\u00edno v Libereck\u00e9m kraji[:sk]Rotwein im Bezirk Liberec[:] vom Weingut Ipsmiller \ud83c\udf77. Jetzt direkt vom Winzer online bestellen.\" \/>\n<meta name=\"robots\" content=\"index, follow, max-snippet:-1, max-image-preview:large, max-video-preview:-1\" \/>\n<link rel=\"canonical\" href=\"https:\/\/www.ipsmiller.at\/rotwein-im-bezirk-liberec\/\" \/>\n<meta property=\"og:locale\" content=\"en_US\" \/>\n<meta property=\"og:type\" content=\"article\" \/>\n<meta property=\"og:title\" content=\"[:de]Rotwein im Bezirk Liberec[:en]Rotwein im Bezirk Liberec[:cs]\u010cerven\u00e9 v\u00edno v Libereck\u00e9m kraji[:sk]Rotwein im Bezirk Liberec[:]\" \/>\n<meta property=\"og:description\" content=\"Genie\u00dfen Sie edlen [:de]Rotwein im Bezirk Liberec[:en]Rotwein im Bezirk Liberec[:cs]\u010cerven\u00e9 v\u00edno v Libereck\u00e9m kraji[:sk]Rotwein im Bezirk Liberec[:] vom Weingut Ipsmiller \ud83c\udf77. Jetzt direkt vom Winzer online bestellen.\" \/>\n<meta property=\"og:url\" content=\"https:\/\/www.ipsmiller.at\/rotwein-im-bezirk-liberec\/\" \/>\n<meta property=\"og:site_name\" content=\"Weingut Ipsmiller\" \/>\n<meta property=\"article:modified_time\" content=\"2024-11-04T10:14:49+00:00\" \/>\n<meta property=\"og:image\" content=\"https:\/\/www.ipsmiller.at\/wp-content\/uploads\/2022\/03\/header_wohnen_7.jpg\" \/>\n\t<meta property=\"og:image:width\" content=\"1920\" \/>\n\t<meta property=\"og:image:height\" content=\"480\" \/>\n\t<meta property=\"og:image:type\" content=\"image\/jpeg\" \/>\n<meta name=\"twitter:card\" content=\"summary_large_image\" \/>\n<meta name=\"twitter:label1\" content=\"Est. reading time\" \/>\n\t<meta name=\"twitter:data1\" content=\"3 minutes\" \/>\n<script type=\"application\/ld+json\" class=\"yoast-schema-graph\">{\"@context\":\"https:\/\/schema.org\",\"@graph\":[{\"@type\":\"WebPage\",\"@id\":\"https:\/\/www.ipsmiller.at\/rotwein-im-bezirk-liberec\/\",\"url\":\"https:\/\/www.ipsmiller.at\/rotwein-im-bezirk-liberec\/\",\"name\":\"Edler Rotwein f\u00fcr den Bezirk Liberec\",\"isPartOf\":{\"@id\":\"https:\/\/www.ipsmiller.at\/en\/#website\"},\"primaryImageOfPage\":{\"@id\":\"https:\/\/www.ipsmiller.at\/rotwein-im-bezirk-liberec\/#primaryimage\"},\"image\":{\"@id\":\"https:\/\/www.ipsmiller.at\/rotwein-im-bezirk-liberec\/#primaryimage\"},\"thumbnailUrl\":\"https:\/\/www.ipsmiller.at\/wp-content\/uploads\/2022\/03\/header_wohnen_7.jpg\",\"datePublished\":\"2024-08-19T09:46:40+00:00\",\"dateModified\":\"2024-11-04T10:14:49+00:00\",\"description\":\"Genie\u00dfen Sie edlen [:de]Rotwein im Bezirk Liberec[:en]Rotwein im Bezirk Liberec[:cs]\u010cerven\u00e9 v\u00edno v Libereck\u00e9m kraji[:sk]Rotwein im Bezirk Liberec[:] vom Weingut Ipsmiller \ud83c\udf77. Jetzt direkt vom Winzer online bestellen.\",\"breadcrumb\":{\"@id\":\"https:\/\/www.ipsmiller.at\/rotwein-im-bezirk-liberec\/#breadcrumb\"},\"inLanguage\":\"en-US\",\"potentialAction\":[{\"@type\":\"ReadAction\",\"target\":[\"https:\/\/www.ipsmiller.at\/rotwein-im-bezirk-liberec\/\"]}]},{\"@type\":\"ImageObject\",\"inLanguage\":\"en-US\",\"@id\":\"https:\/\/www.ipsmiller.at\/rotwein-im-bezirk-liberec\/#primaryimage\",\"url\":\"https:\/\/www.ipsmiller.at\/wp-content\/uploads\/2022\/03\/header_wohnen_7.jpg\",\"contentUrl\":\"https:\/\/www.ipsmiller.at\/wp-content\/uploads\/2022\/03\/header_wohnen_7.jpg\",\"width\":1920,\"height\":480},{\"@type\":\"BreadcrumbList\",\"@id\":\"https:\/\/www.ipsmiller.at\/rotwein-im-bezirk-liberec\/#breadcrumb\",\"itemListElement\":[{\"@type\":\"ListItem\",\"position\":1,\"name\":\"Startseite\",\"item\":\"https:\/\/www.ipsmiller.at\/\"},{\"@type\":\"ListItem\",\"position\":2,\"name\":\"Rotwein im Bezirk Liberec\"}]},{\"@type\":\"WebSite\",\"@id\":\"https:\/\/www.ipsmiller.at\/en\/#website\",\"url\":\"https:\/\/www.ipsmiller.at\/en\/\",\"name\":\"Weingut Ipsmiller\",\"description\":\"Weine aus Schrattenberg\",\"publisher\":{\"@id\":\"https:\/\/www.ipsmiller.at\/en\/#organization\"},\"potentialAction\":[{\"@type\":\"SearchAction\",\"target\":{\"@type\":\"EntryPoint\",\"urlTemplate\":\"https:\/\/www.ipsmiller.at\/en\/?s={search_term_string}\"},\"query-input\":{\"@type\":\"PropertyValueSpecification\",\"valueRequired\":true,\"valueName\":\"search_term_string\"}}],\"inLanguage\":\"en-US\"},{\"@type\":\"Organization\",\"@id\":\"https:\/\/www.ipsmiller.at\/en\/#organization\",\"name\":\"Weingut Ipsmiller\",\"url\":\"https:\/\/www.ipsmiller.at\/en\/\",\"logo\":{\"@type\":\"ImageObject\",\"inLanguage\":\"en-US\",\"@id\":\"https:\/\/www.ipsmiller.at\/en\/#\/schema\/logo\/image\/\",\"url\":\"https:\/\/www.ipsmiller.at\/wp-content\/uploads\/2019\/11\/logo_ipsmiller_forever-wine_2019_3x.png\",\"contentUrl\":\"https:\/\/www.ipsmiller.at\/wp-content\/uploads\/2019\/11\/logo_ipsmiller_forever-wine_2019_3x.png\",\"width\":361,\"height\":120,\"caption\":\"Weingut Ipsmiller\"},\"image\":{\"@id\":\"https:\/\/www.ipsmiller.at\/en\/#\/schema\/logo\/image\/\"}}]}<\/script>\n<!-- \/ Yoast SEO Premium plugin. -->","yoast_head_json":{"title":"Edler Rotwein f\u00fcr den Bezirk Liberec","description":"Genie\u00dfen Sie edlen [:de]Rotwein im Bezirk Liberec[:en]Rotwein im Bezirk Liberec[:cs]\u010cerven\u00e9 v\u00edno v Libereck\u00e9m kraji[:sk]Rotwein im Bezirk Liberec[:] vom Weingut Ipsmiller \ud83c\udf77. Jetzt direkt vom Winzer online bestellen.","robots":{"index":"index","follow":"follow","max-snippet":"max-snippet:-1","max-image-preview":"max-image-preview:large","max-video-preview":"max-video-preview:-1"},"canonical":"https:\/\/www.ipsmiller.at\/rotwein-im-bezirk-liberec\/","og_locale":"en_US","og_type":"article","og_title":"[:de]Rotwein im Bezirk Liberec[:en]Rotwein im Bezirk Liberec[:cs]\u010cerven\u00e9 v\u00edno v Libereck\u00e9m kraji[:sk]Rotwein im Bezirk Liberec[:]","og_description":"Genie\u00dfen Sie edlen [:de]Rotwein im Bezirk Liberec[:en]Rotwein im Bezirk Liberec[:cs]\u010cerven\u00e9 v\u00edno v Libereck\u00e9m kraji[:sk]Rotwein im Bezirk Liberec[:] vom Weingut Ipsmiller \ud83c\udf77. Jetzt direkt vom Winzer online bestellen.","og_url":"https:\/\/www.ipsmiller.at\/rotwein-im-bezirk-liberec\/","og_site_name":"Weingut Ipsmiller","article_modified_time":"2024-11-04T10:14:49+00:00","og_image":[{"width":1920,"height":480,"url":"https:\/\/www.ipsmiller.at\/wp-content\/uploads\/2022\/03\/header_wohnen_7.jpg","type":"image\/jpeg"}],"twitter_card":"summary_large_image","twitter_misc":{"Est. reading time":"3 minutes"},"schema":{"@context":"https:\/\/schema.org","@graph":[{"@type":"WebPage","@id":"https:\/\/www.ipsmiller.at\/rotwein-im-bezirk-liberec\/","url":"https:\/\/www.ipsmiller.at\/rotwein-im-bezirk-liberec\/","name":"Edler Rotwein f\u00fcr den Bezirk Liberec","isPartOf":{"@id":"https:\/\/www.ipsmiller.at\/en\/#website"},"primaryImageOfPage":{"@id":"https:\/\/www.ipsmiller.at\/rotwein-im-bezirk-liberec\/#primaryimage"},"image":{"@id":"https:\/\/www.ipsmiller.at\/rotwein-im-bezirk-liberec\/#primaryimage"},"thumbnailUrl":"https:\/\/www.ipsmiller.at\/wp-content\/uploads\/2022\/03\/header_wohnen_7.jpg","datePublished":"2024-08-19T09:46:40+00:00","dateModified":"2024-11-04T10:14:49+00:00","description":"Genie\u00dfen Sie edlen [:de]Rotwein im Bezirk Liberec[:en]Rotwein im Bezirk Liberec[:cs]\u010cerven\u00e9 v\u00edno v Libereck\u00e9m kraji[:sk]Rotwein im Bezirk Liberec[:] vom Weingut Ipsmiller \ud83c\udf77. Jetzt direkt vom Winzer online bestellen.","breadcrumb":{"@id":"https:\/\/www.ipsmiller.at\/rotwein-im-bezirk-liberec\/#breadcrumb"},"inLanguage":"en-US","potentialAction":[{"@type":"ReadAction","target":["https:\/\/www.ipsmiller.at\/rotwein-im-bezirk-liberec\/"]}]},{"@type":"ImageObject","inLanguage":"en-US","@id":"https:\/\/www.ipsmiller.at\/rotwein-im-bezirk-liberec\/#primaryimage","url":"https:\/\/www.ipsmiller.at\/wp-content\/uploads\/2022\/03\/header_wohnen_7.jpg","contentUrl":"https:\/\/www.ipsmiller.at\/wp-content\/uploads\/2022\/03\/header_wohnen_7.jpg","width":1920,"height":480},{"@type":"BreadcrumbList","@id":"https:\/\/www.ipsmiller.at\/rotwein-im-bezirk-liberec\/#breadcrumb","itemListElement":[{"@type":"ListItem","position":1,"name":"Startseite","item":"https:\/\/www.ipsmiller.at\/"},{"@type":"ListItem","position":2,"name":"Rotwein im Bezirk Liberec"}]},{"@type":"WebSite","@id":"https:\/\/www.ipsmiller.at\/en\/#website","url":"https:\/\/www.ipsmiller.at\/en\/","name":"Weingut Ipsmiller","description":"Weine aus Schrattenberg","publisher":{"@id":"https:\/\/www.ipsmiller.at\/en\/#organization"},"potentialAction":[{"@type":"SearchAction","target":{"@type":"EntryPoint","urlTemplate":"https:\/\/www.ipsmiller.at\/en\/?s={search_term_string}"},"query-input":{"@type":"PropertyValueSpecification","valueRequired":true,"valueName":"search_term_string"}}],"inLanguage":"en-US"},{"@type":"Organization","@id":"https:\/\/www.ipsmiller.at\/en\/#organization","name":"Weingut Ipsmiller","url":"https:\/\/www.ipsmiller.at\/en\/","logo":{"@type":"ImageObject","inLanguage":"en-US","@id":"https:\/\/www.ipsmiller.at\/en\/#\/schema\/logo\/image\/","url":"https:\/\/www.ipsmiller.at\/wp-content\/uploads\/2019\/11\/logo_ipsmiller_forever-wine_2019_3x.png","contentUrl":"https:\/\/www.ipsmiller.at\/wp-content\/uploads\/2019\/11\/logo_ipsmiller_forever-wine_2019_3x.png","width":361,"height":120,"caption":"Weingut Ipsmiller"},"image":{"@id":"https:\/\/www.ipsmiller.at\/en\/#\/schema\/logo\/image\/"}}]}},"_links":{"self":[{"href":"https:\/\/www.ipsmiller.at\/en\/wp-json\/wp\/v2\/pages\/69279","targetHints":{"allow":["GET"]}}],"collection":[{"href":"https:\/\/www.ipsmiller.at\/en\/wp-json\/wp\/v2\/pages"}],"about":[{"href":"https:\/\/www.ipsmiller.at\/en\/wp-json\/wp\/v2\/types\/page"}],"author":[{"embeddable":true,"href":"https:\/\/www.ipsmiller.at\/en\/wp-json\/wp\/v2\/users\/1"}],"replies":[{"embeddable":true,"href":"https:\/\/www.ipsmiller.at\/en\/wp-json\/wp\/v2\/comments?post=69279"}],"version-history":[{"count":5,"href":"https:\/\/www.ipsmiller.at\/en\/wp-json\/wp\/v2\/pages\/69279\/revisions"}],"predecessor-version":[{"id":69601,"href":"https:\/\/www.ipsmiller.at\/en\/wp-json\/wp\/v2\/pages\/69279\/revisions\/69601"}],"wp:featuredmedia":[{"embeddable":true,"href":"https:\/\/www.ipsmiller.at\/en\/wp-json\/wp\/v2\/media\/67988"}],"wp:attachment":[{"href":"https:\/\/www.ipsmiller.at\/en\/wp-json\/wp\/v2\/media?parent=69279"}],"curies":[{"name":"wp","href":"https:\/\/api.w.org\/{rel}","templated":true}]}}