{"id":65987,"date":"2018-01-22T15:15:12","date_gmt":"2018-01-22T14:15:12","guid":{"rendered":"https:\/\/www.ipsmiller.at\/?page_id=65987"},"modified":"2024-09-04T08:55:48","modified_gmt":"2024-09-04T06:55:48","slug":"vertrieb","status":"publish","type":"page","link":"https:\/\/www.ipsmiller.at\/en\/vertrieb\/","title":{"rendered":"Sales"},"content":{"rendered":"<div class=\"wpb-content-wrapper\"><p>[vc_row unlock_row_content=&#8221;yes&#8221; row_height_percent=&#8221;0&#8243; overlay_alpha=&#8221;50&#8243; equal_height=&#8221;yes&#8221; gutter_size=&#8221;3&#8243; column_width_percent=&#8221;100&#8243; shift_y=&#8221;0&#8243; z_index=&#8221;0&#8243;][vc_column column_width_percent=&#8221;100&#8243; style=&#8221;dark&#8221; back_color=&#8221;color-wayh&#8221; overlay_alpha=&#8221;50&#8243; gutter_size=&#8221;3&#8243; medium_width=&#8221;0&#8243; mobile_width=&#8221;0&#8243; shift_x=&#8221;0&#8243; shift_y=&#8221;0&#8243; shift_y_down=&#8221;0&#8243; z_index=&#8221;0&#8243; width=&#8221;1\/2&#8243;][vc_custom_heading text_size=&#8221;&#8221; text_align=&#8221;text-left&#8221; text_uppercase=&#8221;&#8221;]Haller-Wein[\/vc_custom_heading][vc_row_inner][vc_column_inner column_width_percent=&#8221;100&#8243; style=&#8221;dark&#8221; gutter_size=&#8221;3&#8243; overlay_alpha=&#8221;50&#8243; medium_width=&#8221;0&#8243; mobile_width=&#8221;0&#8243; shift_x=&#8221;0&#8243; shift_y=&#8221;0&#8243; shift_y_down=&#8221;0&#8243; z_index=&#8221;0&#8243; width=&#8221;1\/2&#8243;][vc_column_text el_class=&#8221;icons-kontakt&#8221;]<i class=\"fa fa-map-marker\"><\/i> Ranoldsberg 5, 84428 Buchbach, Deutschland<\/p>\n<p><i class=\"fa fa-phone\"><\/i> +49 8086 94966-00<br \/>\n<i class=\"fa fa-fax\"><\/i> +49 8086 1582<br \/>\n<i class=\"fa fa-envelope\"><\/i> mail@haller-wein.de<br \/>\n<i class=\"fa fa-globe\"><\/i> http:\/\/www.haller-wein.de\/[\/vc_column_text][\/vc_column_inner][vc_column_inner column_width_percent=&#8221;100&#8243; gutter_size=&#8221;3&#8243; overlay_alpha=&#8221;50&#8243; medium_width=&#8221;0&#8243; mobile_width=&#8221;0&#8243; shift_x=&#8221;0&#8243; shift_y=&#8221;0&#8243; shift_y_down=&#8221;0&#8243; z_index=&#8221;0&#8243; width=&#8221;1\/2&#8243;][vc_single_image media=&#8221;65997&#8243; media_width_percent=&#8221;100&#8243; border=&#8221;yes&#8221; lbox_connected=&#8221;yes&#8221; media_link=&#8221;|||&#8221;][\/vc_column_inner][\/vc_row_inner][\/vc_column][vc_column column_width_percent=&#8221;100&#8243; style=&#8221;dark&#8221; back_color=&#8221;color-wayh&#8221; overlay_alpha=&#8221;50&#8243; gutter_size=&#8221;3&#8243; medium_width=&#8221;0&#8243; mobile_width=&#8221;0&#8243; shift_x=&#8221;0&#8243; shift_y=&#8221;0&#8243; shift_y_down=&#8221;0&#8243; z_index=&#8221;0&#8243; width=&#8221;1\/2&#8243;][vc_custom_heading text_size=&#8221;&#8221; text_align=&#8221;text-left&#8221; text_uppercase=&#8221;&#8221;]WINO Erich Schreiber[\/vc_custom_heading][vc_row_inner][vc_column_inner column_width_percent=&#8221;100&#8243; style=&#8221;dark&#8221; gutter_size=&#8221;3&#8243; overlay_alpha=&#8221;50&#8243; medium_width=&#8221;0&#8243; mobile_width=&#8221;0&#8243; shift_x=&#8221;0&#8243; shift_y=&#8221;0&#8243; shift_y_down=&#8221;0&#8243; z_index=&#8221;0&#8243; width=&#8221;1\/2&#8243;][vc_column_text el_class=&#8221;icons-kontakt&#8221;]<i class=\"fa fa-map-marker\"><\/i> Br\u00fcnnerstr. 20c, 2170 Poysdorf<\/p>\n<p><i class=\"fa fa-phone\"><\/i> +43 664 99 03 240<br \/>\n<i class=\"fa fa-envelope\"><\/i> office@wino.at<br \/>\n<i class=\"fa fa-globe\"><\/i> http:\/\/www.wino.at\/[\/vc_column_text][\/vc_column_inner][vc_column_inner width=&#8221;1\/2&#8243;][vc_single_image media=&#8221;65993&#8243; media_width_percent=&#8221;100&#8243; border=&#8221;yes&#8221; lbox_connected=&#8221;yes&#8221; media_link=&#8221;|||&#8221;][\/vc_column_inner][\/vc_row_inner][\/vc_column][\/vc_row][vc_row unlock_row_content=&#8221;yes&#8221; row_height_percent=&#8221;0&#8243; override_padding=&#8221;yes&#8221; h_padding=&#8221;2&#8243; top_padding=&#8221;0&#8243; bottom_padding=&#8221;2&#8243; overlay_alpha=&#8221;50&#8243; equal_height=&#8221;yes&#8221; gutter_size=&#8221;3&#8243; column_width_percent=&#8221;100&#8243; shift_y=&#8221;0&#8243; z_index=&#8221;0&#8243;][vc_column column_width_percent=&#8221;100&#8243; style=&#8221;dark&#8221; back_color=&#8221;color-wayh&#8221; overlay_alpha=&#8221;50&#8243; gutter_size=&#8221;3&#8243; medium_width=&#8221;0&#8243; mobile_width=&#8221;0&#8243; shift_x=&#8221;0&#8243; shift_y=&#8221;0&#8243; shift_y_down=&#8221;0&#8243; z_index=&#8221;0&#8243; width=&#8221;1\/2&#8243;][vc_custom_heading text_size=&#8221;&#8221; text_align=&#8221;text-left&#8221; text_uppercase=&#8221;&#8221;]Bodner Getr\u00e4nke GmbH &amp; Co KG[\/vc_custom_heading][vc_row_inner][vc_column_inner column_width_percent=&#8221;100&#8243; style=&#8221;dark&#8221; gutter_size=&#8221;3&#8243; overlay_alpha=&#8221;50&#8243; medium_width=&#8221;0&#8243; mobile_width=&#8221;0&#8243; shift_x=&#8221;0&#8243; shift_y=&#8221;0&#8243; shift_y_down=&#8221;0&#8243; z_index=&#8221;0&#8243; width=&#8221;1\/2&#8243;][vc_column_text el_class=&#8221;icons-kontakt&#8221;]<i class=\"fa fa-map-marker\"><\/i> Transportstra\u00dfe 18, 9300 St. Veit an der Glan<\/p>\n<p><i class=\"fa fa-phone\"><\/i> +43 4212 2090<br \/>\n<i class=\"fa fa-fax\"><\/i> +43 4212 20904<br \/>\n<i class=\"fa fa-envelope\"><\/i> bodner.getraenke@aon.at[\/vc_column_text][\/vc_column_inner][vc_column_inner column_width_percent=&#8221;100&#8243; gutter_size=&#8221;3&#8243; overlay_alpha=&#8221;50&#8243; medium_width=&#8221;0&#8243; mobile_width=&#8221;0&#8243; shift_x=&#8221;0&#8243; shift_y=&#8221;0&#8243; shift_y_down=&#8221;0&#8243; z_index=&#8221;0&#8243; width=&#8221;1\/2&#8243;][vc_single_image media=&#8221;65994&#8243; media_width_percent=&#8221;100&#8243; border=&#8221;yes&#8221; lbox_connected=&#8221;yes&#8221; media_link=&#8221;url:https%3A%2F%2Fwww.ipsmiller.at%2Fwp-content%2Fuploads%2F2017%2F10%2Fempress-sissi.tif||target:%20_blank|&#8221;][\/vc_column_inner][\/vc_row_inner][\/vc_column][vc_column column_width_percent=&#8221;100&#8243; style=&#8221;dark&#8221; back_color=&#8221;color-wayh&#8221; overlay_alpha=&#8221;50&#8243; gutter_size=&#8221;3&#8243; medium_width=&#8221;0&#8243; mobile_width=&#8221;0&#8243; shift_x=&#8221;0&#8243; shift_y=&#8221;0&#8243; shift_y_down=&#8221;0&#8243; z_index=&#8221;0&#8243; width=&#8221;1\/2&#8243;][vc_custom_heading text_size=&#8221;&#8221; text_align=&#8221;text-left&#8221; text_uppercase=&#8221;&#8221;]Getr\u00e4nkehandel Haberl<\/p>\n<p>&nbsp;<\/p>\n<p>&nbsp;<\/p>\n<p>&nbsp;<\/p>\n<p>&nbsp;<\/p>\n<p>&nbsp;<\/p>\n<p>&nbsp;<\/p>\n<p>&nbsp;<\/p>\n<p>[\/vc_custom_heading][vc_row_inner][vc_column_inner column_width_percent=&#8221;100&#8243; style=&#8221;dark&#8221; gutter_size=&#8221;3&#8243; overlay_alpha=&#8221;50&#8243; medium_width=&#8221;0&#8243; mobile_width=&#8221;0&#8243; shift_x=&#8221;0&#8243; shift_y=&#8221;0&#8243; shift_y_down=&#8221;0&#8243; z_index=&#8221;0&#8243; width=&#8221;1\/2&#8243;][vc_column_text el_class=&#8221;icons-kontakt&#8221;]<i class=\"fa fa-map-marker\"><\/i>Ursprung 13, 3382 H\u00fcrm<\/p>\n<p><i class=\"fa fa-phone\"><\/i> +43 2754 20530<br \/>\n<i class=\"fa fa-envelope\"><\/i>getraenke@lord-haberl.at[\/vc_column_text][\/vc_column_inner][vc_column_inner width=&#8221;1\/2&#8243;][vc_single_image media=&#8221;66974&#8243; media_width_percent=&#8221;100&#8243; border=&#8221;yes&#8221; lbox_connected=&#8221;yes&#8221; media_link=&#8221;|||&#8221;][\/vc_column_inner][\/vc_row_inner][\/vc_column][\/vc_row][vc_row unlock_row_content=&#8221;yes&#8221; row_height_percent=&#8221;0&#8243; override_padding=&#8221;yes&#8221; h_padding=&#8221;2&#8243; top_padding=&#8221;0&#8243; bottom_padding=&#8221;2&#8243; overlay_alpha=&#8221;50&#8243; equal_height=&#8221;yes&#8221; gutter_size=&#8221;3&#8243; column_width_percent=&#8221;100&#8243; shift_y=&#8221;0&#8243; z_index=&#8221;0&#8243;][vc_column column_width_percent=&#8221;100&#8243; style=&#8221;dark&#8221; back_color=&#8221;color-wayh&#8221; overlay_alpha=&#8221;50&#8243; gutter_size=&#8221;3&#8243; medium_width=&#8221;0&#8243; mobile_width=&#8221;0&#8243; shift_x=&#8221;0&#8243; shift_y=&#8221;0&#8243; shift_y_down=&#8221;0&#8243; z_index=&#8221;0&#8243; width=&#8221;1\/2&#8243;][vc_custom_heading text_size=&#8221;&#8221; text_align=&#8221;text-left&#8221; text_uppercase=&#8221;&#8221;]Getr\u00e4nke KandlHofer Ges.m.b.H.[\/vc_custom_heading][vc_row_inner][vc_column_inner column_width_percent=&#8221;100&#8243; style=&#8221;dark&#8221; gutter_size=&#8221;3&#8243; overlay_alpha=&#8221;50&#8243; medium_width=&#8221;0&#8243; mobile_width=&#8221;0&#8243; shift_x=&#8221;0&#8243; shift_y=&#8221;0&#8243; shift_y_down=&#8221;0&#8243; z_index=&#8221;0&#8243; width=&#8221;1\/2&#8243;][vc_column_text el_class=&#8221;icons-kontakt&#8221;]<i class=\"fa fa-map-marker\"><\/i>Pusaritzerstra\u00dfe 12-14, 9814 M\u00f6llbr\u00fccke<\/p>\n<p><i class=\"fa fa-phone\"><\/i> +43 4769 2440 0<br \/>\n<i class=\"fa fa-fax\"><\/i> +43 4769 2440 24<br \/>\n<i class=\"fa fa-envelope\"><\/i> office@kandlhofer.at[\/vc_column_text][\/vc_column_inner][vc_column_inner column_width_percent=&#8221;100&#8243; gutter_size=&#8221;3&#8243; overlay_alpha=&#8221;50&#8243; medium_width=&#8221;0&#8243; mobile_width=&#8221;0&#8243; shift_x=&#8221;0&#8243; shift_y=&#8221;0&#8243; shift_y_down=&#8221;0&#8243; z_index=&#8221;0&#8243; width=&#8221;1\/2&#8243;][vc_single_image media=&#8221;66967&#8243; media_width_percent=&#8221;100&#8243; border=&#8221;yes&#8221; lbox_connected=&#8221;yes&#8221; media_link=&#8221;url:https%3A%2F%2Fwww.ipsmiller.at%2Fwp-content%2Fuploads%2F2017%2F10%2Fempress-sissi.tif||target:%20_blank|&#8221;][\/vc_column_inner][\/vc_row_inner][\/vc_column][vc_column column_width_percent=&#8221;100&#8243; style=&#8221;dark&#8221; back_color=&#8221;color-wayh&#8221; overlay_alpha=&#8221;50&#8243; gutter_size=&#8221;3&#8243; medium_width=&#8221;0&#8243; mobile_width=&#8221;0&#8243; shift_x=&#8221;0&#8243; shift_y=&#8221;0&#8243; shift_y_down=&#8221;0&#8243; z_index=&#8221;0&#8243; width=&#8221;1\/2&#8243;][vc_custom_heading text_size=&#8221;&#8221; text_align=&#8221;text-left&#8221; text_uppercase=&#8221;&#8221;]F\u00f6ssl Albert[\/vc_custom_heading][vc_row_inner][vc_column_inner column_width_percent=&#8221;100&#8243; style=&#8221;dark&#8221; gutter_size=&#8221;3&#8243; overlay_alpha=&#8221;50&#8243; medium_width=&#8221;0&#8243; mobile_width=&#8221;0&#8243; shift_x=&#8221;0&#8243; shift_y=&#8221;0&#8243; shift_y_down=&#8221;0&#8243; z_index=&#8221;0&#8243; width=&#8221;1\/2&#8243;][vc_column_text el_class=&#8221;icons-kontakt&#8221;]<i class=\"fa fa-map-marker\"><\/i> S\u00fcdweg 34, 9431 Sankt Stefan<\/p>\n<p><i class=\"fa fa-phone\"><\/i> +43 664 5368939<br \/>\n<i class=\"fa fa-envelope\"><\/i> albert.foessl@aon.at[\/vc_column_text][\/vc_column_inner][vc_column_inner width=&#8221;1\/2&#8243;][vc_single_image media=&#8221;65995&#8243; media_width_percent=&#8221;100&#8243; border=&#8221;yes&#8221; lbox_connected=&#8221;yes&#8221; media_link=&#8221;|||&#8221;][\/vc_column_inner][\/vc_row_inner][\/vc_column][\/vc_row]<\/p>\n<\/div>","protected":false},"excerpt":{"rendered":"<p>[vc_row unlock_row_content=&#8221;yes&#8221; row_height_percent=&#8221;0&#8243; overlay_alpha=&#8221;50&#8243; equal_height=&#8221;yes&#8221; gutter_size=&#8221;3&#8243; column_width_percent=&#8221;100&#8243; shift_y=&#8221;0&#8243; z_index=&#8221;0&#8243;][vc_column column_width_percent=&#8221;100&#8243; style=&#8221;dark&#8221; back_color=&#8221;color-wayh&#8221; overlay_alpha=&#8221;50&#8243; gutter_size=&#8221;3&#8243; medium_width=&#8221;0&#8243; mobile_width=&#8221;0&#8243; shift_x=&#8221;0&#8243; shift_y=&#8221;0&#8243; shift_y_down=&#8221;0&#8243; z_index=&#8221;0&#8243; [&hellip;]<\/p>\n","protected":false},"author":1,"featured_media":69409,"parent":0,"menu_order":0,"comment_status":"closed","ping_status":"closed","template":"","meta":{"footnotes":""},"class_list":["post-65987","page","type-page","status-publish","has-post-thumbnail","hentry"],"yoast_head":"<!-- This site is optimized with the Yoast SEO Premium plugin v26.6 (Yoast SEO v26.6) - https:\/\/yoast.com\/wordpress\/plugins\/seo\/ -->\n<title>Weingut Ipsmiller - Vertriebspartner<\/title>\n<meta name=\"description\" content=\"Vertriebspartner des Weinguts Ipsmiller - unsere Weine sind \u00fcber ein starkes Vertriebsnetz in Deutschland und \u00d6sterreich erh\u00e4ltlich.\" \/>\n<meta name=\"robots\" content=\"index, follow, max-snippet:-1, max-image-preview:large, max-video-preview:-1\" \/>\n<link rel=\"canonical\" href=\"https:\/\/www.ipsmiller.at\/vertrieb\/\" \/>\n<meta property=\"og:locale\" content=\"en_US\" \/>\n<meta property=\"og:type\" content=\"article\" \/>\n<meta property=\"og:title\" content=\"[:de]Vertrieb[:en]Sales[:cs]Prodejn\u00ed m\u00edsta[:sk]Predajn\u00e9 miesta[:]\" \/>\n<meta property=\"og:description\" content=\"Vertriebspartner des Weinguts Ipsmiller - unsere Weine sind \u00fcber ein starkes Vertriebsnetz in Deutschland und \u00d6sterreich erh\u00e4ltlich.\" \/>\n<meta property=\"og:url\" content=\"https:\/\/www.ipsmiller.at\/vertrieb\/\" \/>\n<meta property=\"og:site_name\" content=\"Weingut Ipsmiller\" \/>\n<meta property=\"article:modified_time\" content=\"2024-09-04T06:55:48+00:00\" \/>\n<meta property=\"og:image\" content=\"https:\/\/www.ipsmiller.at\/wp-content\/uploads\/2024\/09\/header_vertrieb_3-1.jpg\" \/>\n\t<meta property=\"og:image:width\" content=\"1920\" \/>\n\t<meta property=\"og:image:height\" content=\"480\" \/>\n\t<meta property=\"og:image:type\" content=\"image\/jpeg\" \/>\n<meta name=\"twitter:card\" content=\"summary_large_image\" \/>\n<meta name=\"twitter:label1\" content=\"Est. reading time\" \/>\n\t<meta name=\"twitter:data1\" content=\"3 minutes\" \/>\n<script type=\"application\/ld+json\" class=\"yoast-schema-graph\">{\"@context\":\"https:\/\/schema.org\",\"@graph\":[{\"@type\":\"WebPage\",\"@id\":\"https:\/\/www.ipsmiller.at\/vertrieb\/\",\"url\":\"https:\/\/www.ipsmiller.at\/vertrieb\/\",\"name\":\"Weingut Ipsmiller - Vertriebspartner\",\"isPartOf\":{\"@id\":\"https:\/\/www.ipsmiller.at\/en\/#website\"},\"primaryImageOfPage\":{\"@id\":\"https:\/\/www.ipsmiller.at\/vertrieb\/#primaryimage\"},\"image\":{\"@id\":\"https:\/\/www.ipsmiller.at\/vertrieb\/#primaryimage\"},\"thumbnailUrl\":\"https:\/\/www.ipsmiller.at\/wp-content\/uploads\/2024\/09\/header_vertrieb_3-1.jpg\",\"datePublished\":\"2018-01-22T14:15:12+00:00\",\"dateModified\":\"2024-09-04T06:55:48+00:00\",\"description\":\"Vertriebspartner des Weinguts Ipsmiller - unsere Weine sind \u00fcber ein starkes Vertriebsnetz in Deutschland und \u00d6sterreich erh\u00e4ltlich.\",\"breadcrumb\":{\"@id\":\"https:\/\/www.ipsmiller.at\/vertrieb\/#breadcrumb\"},\"inLanguage\":\"en-US\",\"potentialAction\":[{\"@type\":\"ReadAction\",\"target\":[\"https:\/\/www.ipsmiller.at\/vertrieb\/\"]}]},{\"@type\":\"ImageObject\",\"inLanguage\":\"en-US\",\"@id\":\"https:\/\/www.ipsmiller.at\/vertrieb\/#primaryimage\",\"url\":\"https:\/\/www.ipsmiller.at\/wp-content\/uploads\/2024\/09\/header_vertrieb_3-1.jpg\",\"contentUrl\":\"https:\/\/www.ipsmiller.at\/wp-content\/uploads\/2024\/09\/header_vertrieb_3-1.jpg\",\"width\":1920,\"height\":480},{\"@type\":\"BreadcrumbList\",\"@id\":\"https:\/\/www.ipsmiller.at\/vertrieb\/#breadcrumb\",\"itemListElement\":[{\"@type\":\"ListItem\",\"position\":1,\"name\":\"Startseite\",\"item\":\"https:\/\/www.ipsmiller.at\/\"},{\"@type\":\"ListItem\",\"position\":2,\"name\":\"Vertrieb\"}]},{\"@type\":\"WebSite\",\"@id\":\"https:\/\/www.ipsmiller.at\/en\/#website\",\"url\":\"https:\/\/www.ipsmiller.at\/en\/\",\"name\":\"Weingut Ipsmiller\",\"description\":\"Weine aus Schrattenberg\",\"publisher\":{\"@id\":\"https:\/\/www.ipsmiller.at\/en\/#organization\"},\"potentialAction\":[{\"@type\":\"SearchAction\",\"target\":{\"@type\":\"EntryPoint\",\"urlTemplate\":\"https:\/\/www.ipsmiller.at\/en\/?s={search_term_string}\"},\"query-input\":{\"@type\":\"PropertyValueSpecification\",\"valueRequired\":true,\"valueName\":\"search_term_string\"}}],\"inLanguage\":\"en-US\"},{\"@type\":\"Organization\",\"@id\":\"https:\/\/www.ipsmiller.at\/en\/#organization\",\"name\":\"Weingut Ipsmiller\",\"url\":\"https:\/\/www.ipsmiller.at\/en\/\",\"logo\":{\"@type\":\"ImageObject\",\"inLanguage\":\"en-US\",\"@id\":\"https:\/\/www.ipsmiller.at\/en\/#\/schema\/logo\/image\/\",\"url\":\"https:\/\/www.ipsmiller.at\/wp-content\/uploads\/2019\/11\/logo_ipsmiller_forever-wine_2019_3x.png\",\"contentUrl\":\"https:\/\/www.ipsmiller.at\/wp-content\/uploads\/2019\/11\/logo_ipsmiller_forever-wine_2019_3x.png\",\"width\":361,\"height\":120,\"caption\":\"Weingut Ipsmiller\"},\"image\":{\"@id\":\"https:\/\/www.ipsmiller.at\/en\/#\/schema\/logo\/image\/\"}}]}<\/script>\n<!-- \/ Yoast SEO Premium plugin. -->","yoast_head_json":{"title":"Weingut Ipsmiller - Vertriebspartner","description":"Vertriebspartner des Weinguts Ipsmiller - unsere Weine sind \u00fcber ein starkes Vertriebsnetz in Deutschland und \u00d6sterreich erh\u00e4ltlich.","robots":{"index":"index","follow":"follow","max-snippet":"max-snippet:-1","max-image-preview":"max-image-preview:large","max-video-preview":"max-video-preview:-1"},"canonical":"https:\/\/www.ipsmiller.at\/vertrieb\/","og_locale":"en_US","og_type":"article","og_title":"[:de]Vertrieb[:en]Sales[:cs]Prodejn\u00ed m\u00edsta[:sk]Predajn\u00e9 miesta[:]","og_description":"Vertriebspartner des Weinguts Ipsmiller - unsere Weine sind \u00fcber ein starkes Vertriebsnetz in Deutschland und \u00d6sterreich erh\u00e4ltlich.","og_url":"https:\/\/www.ipsmiller.at\/vertrieb\/","og_site_name":"Weingut Ipsmiller","article_modified_time":"2024-09-04T06:55:48+00:00","og_image":[{"width":1920,"height":480,"url":"https:\/\/www.ipsmiller.at\/wp-content\/uploads\/2024\/09\/header_vertrieb_3-1.jpg","type":"image\/jpeg"}],"twitter_card":"summary_large_image","twitter_misc":{"Est. reading time":"3 minutes"},"schema":{"@context":"https:\/\/schema.org","@graph":[{"@type":"WebPage","@id":"https:\/\/www.ipsmiller.at\/vertrieb\/","url":"https:\/\/www.ipsmiller.at\/vertrieb\/","name":"Weingut Ipsmiller - Vertriebspartner","isPartOf":{"@id":"https:\/\/www.ipsmiller.at\/en\/#website"},"primaryImageOfPage":{"@id":"https:\/\/www.ipsmiller.at\/vertrieb\/#primaryimage"},"image":{"@id":"https:\/\/www.ipsmiller.at\/vertrieb\/#primaryimage"},"thumbnailUrl":"https:\/\/www.ipsmiller.at\/wp-content\/uploads\/2024\/09\/header_vertrieb_3-1.jpg","datePublished":"2018-01-22T14:15:12+00:00","dateModified":"2024-09-04T06:55:48+00:00","description":"Vertriebspartner des Weinguts Ipsmiller - unsere Weine sind \u00fcber ein starkes Vertriebsnetz in Deutschland und \u00d6sterreich erh\u00e4ltlich.","breadcrumb":{"@id":"https:\/\/www.ipsmiller.at\/vertrieb\/#breadcrumb"},"inLanguage":"en-US","potentialAction":[{"@type":"ReadAction","target":["https:\/\/www.ipsmiller.at\/vertrieb\/"]}]},{"@type":"ImageObject","inLanguage":"en-US","@id":"https:\/\/www.ipsmiller.at\/vertrieb\/#primaryimage","url":"https:\/\/www.ipsmiller.at\/wp-content\/uploads\/2024\/09\/header_vertrieb_3-1.jpg","contentUrl":"https:\/\/www.ipsmiller.at\/wp-content\/uploads\/2024\/09\/header_vertrieb_3-1.jpg","width":1920,"height":480},{"@type":"BreadcrumbList","@id":"https:\/\/www.ipsmiller.at\/vertrieb\/#breadcrumb","itemListElement":[{"@type":"ListItem","position":1,"name":"Startseite","item":"https:\/\/www.ipsmiller.at\/"},{"@type":"ListItem","position":2,"name":"Vertrieb"}]},{"@type":"WebSite","@id":"https:\/\/www.ipsmiller.at\/en\/#website","url":"https:\/\/www.ipsmiller.at\/en\/","name":"Weingut Ipsmiller","description":"Weine aus Schrattenberg","publisher":{"@id":"https:\/\/www.ipsmiller.at\/en\/#organization"},"potentialAction":[{"@type":"SearchAction","target":{"@type":"EntryPoint","urlTemplate":"https:\/\/www.ipsmiller.at\/en\/?s={search_term_string}"},"query-input":{"@type":"PropertyValueSpecification","valueRequired":true,"valueName":"search_term_string"}}],"inLanguage":"en-US"},{"@type":"Organization","@id":"https:\/\/www.ipsmiller.at\/en\/#organization","name":"Weingut Ipsmiller","url":"https:\/\/www.ipsmiller.at\/en\/","logo":{"@type":"ImageObject","inLanguage":"en-US","@id":"https:\/\/www.ipsmiller.at\/en\/#\/schema\/logo\/image\/","url":"https:\/\/www.ipsmiller.at\/wp-content\/uploads\/2019\/11\/logo_ipsmiller_forever-wine_2019_3x.png","contentUrl":"https:\/\/www.ipsmiller.at\/wp-content\/uploads\/2019\/11\/logo_ipsmiller_forever-wine_2019_3x.png","width":361,"height":120,"caption":"Weingut Ipsmiller"},"image":{"@id":"https:\/\/www.ipsmiller.at\/en\/#\/schema\/logo\/image\/"}}]}},"_links":{"self":[{"href":"https:\/\/www.ipsmiller.at\/en\/wp-json\/wp\/v2\/pages\/65987","targetHints":{"allow":["GET"]}}],"collection":[{"href":"https:\/\/www.ipsmiller.at\/en\/wp-json\/wp\/v2\/pages"}],"about":[{"href":"https:\/\/www.ipsmiller.at\/en\/wp-json\/wp\/v2\/types\/page"}],"author":[{"embeddable":true,"href":"https:\/\/www.ipsmiller.at\/en\/wp-json\/wp\/v2\/users\/1"}],"replies":[{"embeddable":true,"href":"https:\/\/www.ipsmiller.at\/en\/wp-json\/wp\/v2\/comments?post=65987"}],"version-history":[{"count":35,"href":"https:\/\/www.ipsmiller.at\/en\/wp-json\/wp\/v2\/pages\/65987\/revisions"}],"predecessor-version":[{"id":66971,"href":"https:\/\/www.ipsmiller.at\/en\/wp-json\/wp\/v2\/pages\/65987\/revisions\/66971"}],"wp:featuredmedia":[{"embeddable":true,"href":"https:\/\/www.ipsmiller.at\/en\/wp-json\/wp\/v2\/media\/69409"}],"wp:attachment":[{"href":"https:\/\/www.ipsmiller.at\/en\/wp-json\/wp\/v2\/media?parent=65987"}],"curies":[{"name":"wp","href":"https:\/\/api.w.org\/{rel}","templated":true}]}}