{"id":69761,"date":"2025-03-17T06:29:25","date_gmt":"2025-03-17T05:29:25","guid":{"rendered":"https:\/\/www.ipsmiller.at\/?post_type=product&#038;p=69761"},"modified":"2026-01-06T16:59:33","modified_gmt":"2026-01-06T15:59:33","slug":"rose-2024","status":"publish","type":"product","link":"https:\/\/www.ipsmiller.at\/cs\/shop\/rose-2024\/","title":{"rendered":"Ros\u00e9 2024"},"content":{"rendered":"<div class=\"wpb-content-wrapper\"><p>[vc_row][vc_column][vc_column_text]Ros\u00e9 z odr\u016fdy Zweigeltrebe, zral\u00e9 aroma lesn\u00edch plod\u016f, na pat\u0159e chu\u0165 jahod, lehce hrav\u00e1 kyselinka, \u017eiv\u00fd ovocn\u00fdz\u00e1v\u011br.<\/p>\n<p>Ulo\u017een\u00ed: klasick\u00e9<\/p>\n<p>Obsah alkoholu: 12 %<br \/>\nSuch\u00e9 [\/vc_column_text][vc_column_text uncode_shortcode_id=&#8220;228371&#8243;]<\/p>\n<hr \/>\n<p><strong>Slo\u017een\u00ed<\/strong><br \/>\nHrozny, cukr, stabiliz\u00e1tory: metavinov\u00e1 kyselina, arabsk\u00e1 guma; regul\u00e1tory kyselosti: vinn\u00e1 kyselina, kyselina citronov\u00e1 a\/nebo kyselina L-askorbov\u00e1<br \/>\nAntioxidanty: oxid si\u0159i\u010dit\u00fd<\/p>\n<hr \/>\n<p><strong>V\u00fd\u017eivov\u00e9 hodnoty na 100 ml\u00a0<\/strong><br \/>\nEnergie: 308 kJ \/ 74 kcal<br \/>\nSacharidy: 1,9 g<br \/>\nz toho cukry: 1,1 g<\/p>\n<hr \/>\n<p>Obsahuje zanedbateln\u00e9 mno\u017estv\u00ed tuku, nasycen\u00fdch mastn\u00fdch kyselin, b\u00edlkovin a soli.<\/p>\n<hr \/>\n<p><img decoding=\"async\" class=\"alignnone wp-image-69745\" src=\"https:\/\/www.ipsmiller.at\/wp-content\/uploads\/2025\/03\/nachhaltig-en.png\" alt=\"\" width=\"100\" height=\"142\" \/>[\/vc_column_text][\/vc_column][\/vc_row]<\/p>\n<\/div>","protected":false},"excerpt":{"rendered":"<p>[vc_row][vc_column][vc_column_text]Ros\u00e9 z odr\u016fdy Zweigeltrebe, zral\u00e9 aroma lesn\u00edch plod\u016f, na pat\u0159e chu\u0165 jahod, lehce hrav\u00e1 kyselinka, \u017eiv\u00fd ovocn\u00fdz\u00e1v\u011br. Ulo\u017een\u00ed: klasick\u00e9 Obsah [&hellip;]<\/p>\n","protected":false},"featured_media":67328,"template":"","meta":[],"product_brand":[],"product_cat":[96],"product_tag":[],"class_list":{"0":"post-69761","1":"product","2":"type-product","3":"status-publish","4":"has-post-thumbnail","6":"product_cat-weissweine","8":"first","9":"instock","10":"taxable","11":"shipping-taxable","12":"purchasable","13":"product-type-simple"},"yoast_head":"<!-- This site is optimized with the Yoast SEO Premium plugin v26.6 (Yoast SEO v26.6) - https:\/\/yoast.com\/wordpress\/plugins\/seo\/ -->\n<title>Ros\u00e9 2024 - Weingut Ipsmiller<\/title>\n<meta name=\"description\" content=\"Ros\u00e9 2024 vom Weingut Ipsmiller \u2013 Zweigelt Ros\u00e9 mit reifen Beerenaromen, Erdbeerfrucht und verspielter S\u00e4ure. Fruchtig-animierender Abgang.\" \/>\n<meta name=\"robots\" content=\"index, follow, max-snippet:-1, max-image-preview:large, max-video-preview:-1\" \/>\n<link rel=\"canonical\" href=\"https:\/\/www.ipsmiller.at\/shop\/rose-2024\/\" \/>\n<meta property=\"og:locale\" content=\"cs_CZ\" \/>\n<meta property=\"og:type\" content=\"article\" \/>\n<meta property=\"og:title\" content=\"Ros\u00e9 2024\" \/>\n<meta property=\"og:description\" content=\"Ros\u00e9 2024 vom Weingut Ipsmiller \u2013 Zweigelt Ros\u00e9 mit reifen Beerenaromen, Erdbeerfrucht und verspielter S\u00e4ure. Fruchtig-animierender Abgang.\" \/>\n<meta property=\"og:url\" content=\"https:\/\/www.ipsmiller.at\/shop\/rose-2024\/\" \/>\n<meta property=\"og:site_name\" content=\"Weingut Ipsmiller\" \/>\n<meta property=\"article:modified_time\" content=\"2026-01-06T15:59:33+00:00\" \/>\n<meta property=\"og:image\" content=\"https:\/\/www.ipsmiller.at\/wp-content\/uploads\/2018\/01\/rose.png\" \/>\n\t<meta property=\"og:image:width\" content=\"600\" \/>\n\t<meta property=\"og:image:height\" content=\"800\" \/>\n\t<meta property=\"og:image:type\" content=\"image\/png\" \/>\n<meta name=\"twitter:card\" content=\"summary_large_image\" \/>\n<meta name=\"twitter:label1\" content=\"Odhadovan\u00e1 doba \u010dten\u00ed\" \/>\n\t<meta name=\"twitter:data1\" content=\"1 minuta\" \/>\n<script type=\"application\/ld+json\" class=\"yoast-schema-graph\">{\"@context\":\"https:\/\/schema.org\",\"@graph\":[{\"@type\":\"WebPage\",\"@id\":\"https:\/\/www.ipsmiller.at\/shop\/rose-2024\/\",\"url\":\"https:\/\/www.ipsmiller.at\/shop\/rose-2024\/\",\"name\":\"Ros\u00e9 2024 - Weingut Ipsmiller\",\"isPartOf\":{\"@id\":\"https:\/\/www.ipsmiller.at\/en\/#website\"},\"primaryImageOfPage\":{\"@id\":\"https:\/\/www.ipsmiller.at\/shop\/rose-2024\/#primaryimage\"},\"image\":{\"@id\":\"https:\/\/www.ipsmiller.at\/shop\/rose-2024\/#primaryimage\"},\"thumbnailUrl\":\"https:\/\/www.ipsmiller.at\/wp-content\/uploads\/2018\/01\/rose.png\",\"datePublished\":\"2025-03-17T05:29:25+00:00\",\"dateModified\":\"2026-01-06T15:59:33+00:00\",\"description\":\"Ros\u00e9 2024 vom Weingut Ipsmiller \u2013 Zweigelt Ros\u00e9 mit reifen Beerenaromen, Erdbeerfrucht und verspielter S\u00e4ure. Fruchtig-animierender Abgang.\",\"breadcrumb\":{\"@id\":\"https:\/\/www.ipsmiller.at\/shop\/rose-2024\/#breadcrumb\"},\"inLanguage\":\"cs\",\"potentialAction\":[{\"@type\":\"ReadAction\",\"target\":[\"https:\/\/www.ipsmiller.at\/shop\/rose-2024\/\"]}]},{\"@type\":\"ImageObject\",\"inLanguage\":\"cs\",\"@id\":\"https:\/\/www.ipsmiller.at\/shop\/rose-2024\/#primaryimage\",\"url\":\"https:\/\/www.ipsmiller.at\/wp-content\/uploads\/2018\/01\/rose.png\",\"contentUrl\":\"https:\/\/www.ipsmiller.at\/wp-content\/uploads\/2018\/01\/rose.png\",\"width\":600,\"height\":800},{\"@type\":\"BreadcrumbList\",\"@id\":\"https:\/\/www.ipsmiller.at\/shop\/rose-2024\/#breadcrumb\",\"itemListElement\":[{\"@type\":\"ListItem\",\"position\":1,\"name\":\"Startseite\",\"item\":\"https:\/\/www.ipsmiller.at\/\"},{\"@type\":\"ListItem\",\"position\":2,\"name\":\"Shop\",\"item\":\"https:\/\/www.ipsmiller.at\/shop\/\"},{\"@type\":\"ListItem\",\"position\":3,\"name\":\"Ros\u00e9 2024\"}]},{\"@type\":\"WebSite\",\"@id\":\"https:\/\/www.ipsmiller.at\/en\/#website\",\"url\":\"https:\/\/www.ipsmiller.at\/en\/\",\"name\":\"Weingut Ipsmiller\",\"description\":\"Weine aus Schrattenberg\",\"publisher\":{\"@id\":\"https:\/\/www.ipsmiller.at\/en\/#organization\"},\"potentialAction\":[{\"@type\":\"SearchAction\",\"target\":{\"@type\":\"EntryPoint\",\"urlTemplate\":\"https:\/\/www.ipsmiller.at\/en\/?s={search_term_string}\"},\"query-input\":{\"@type\":\"PropertyValueSpecification\",\"valueRequired\":true,\"valueName\":\"search_term_string\"}}],\"inLanguage\":\"cs\"},{\"@type\":\"Organization\",\"@id\":\"https:\/\/www.ipsmiller.at\/en\/#organization\",\"name\":\"Weingut Ipsmiller\",\"url\":\"https:\/\/www.ipsmiller.at\/en\/\",\"logo\":{\"@type\":\"ImageObject\",\"inLanguage\":\"cs\",\"@id\":\"https:\/\/www.ipsmiller.at\/en\/#\/schema\/logo\/image\/\",\"url\":\"https:\/\/www.ipsmiller.at\/wp-content\/uploads\/2019\/11\/logo_ipsmiller_forever-wine_2019_3x.png\",\"contentUrl\":\"https:\/\/www.ipsmiller.at\/wp-content\/uploads\/2019\/11\/logo_ipsmiller_forever-wine_2019_3x.png\",\"width\":361,\"height\":120,\"caption\":\"Weingut Ipsmiller\"},\"image\":{\"@id\":\"https:\/\/www.ipsmiller.at\/en\/#\/schema\/logo\/image\/\"}}]}<\/script>\n<!-- \/ Yoast SEO Premium plugin. -->","yoast_head_json":{"title":"Ros\u00e9 2024 - Weingut Ipsmiller","description":"Ros\u00e9 2024 vom Weingut Ipsmiller \u2013 Zweigelt Ros\u00e9 mit reifen Beerenaromen, Erdbeerfrucht und verspielter S\u00e4ure. Fruchtig-animierender Abgang.","robots":{"index":"index","follow":"follow","max-snippet":"max-snippet:-1","max-image-preview":"max-image-preview:large","max-video-preview":"max-video-preview:-1"},"canonical":"https:\/\/www.ipsmiller.at\/shop\/rose-2024\/","og_locale":"cs_CZ","og_type":"article","og_title":"Ros\u00e9 2024","og_description":"Ros\u00e9 2024 vom Weingut Ipsmiller \u2013 Zweigelt Ros\u00e9 mit reifen Beerenaromen, Erdbeerfrucht und verspielter S\u00e4ure. Fruchtig-animierender Abgang.","og_url":"https:\/\/www.ipsmiller.at\/shop\/rose-2024\/","og_site_name":"Weingut Ipsmiller","article_modified_time":"2026-01-06T15:59:33+00:00","og_image":[{"width":600,"height":800,"url":"https:\/\/www.ipsmiller.at\/wp-content\/uploads\/2018\/01\/rose.png","type":"image\/png"}],"twitter_card":"summary_large_image","twitter_misc":{"Odhadovan\u00e1 doba \u010dten\u00ed":"1 minuta"},"schema":{"@context":"https:\/\/schema.org","@graph":[{"@type":"WebPage","@id":"https:\/\/www.ipsmiller.at\/shop\/rose-2024\/","url":"https:\/\/www.ipsmiller.at\/shop\/rose-2024\/","name":"Ros\u00e9 2024 - Weingut Ipsmiller","isPartOf":{"@id":"https:\/\/www.ipsmiller.at\/en\/#website"},"primaryImageOfPage":{"@id":"https:\/\/www.ipsmiller.at\/shop\/rose-2024\/#primaryimage"},"image":{"@id":"https:\/\/www.ipsmiller.at\/shop\/rose-2024\/#primaryimage"},"thumbnailUrl":"https:\/\/www.ipsmiller.at\/wp-content\/uploads\/2018\/01\/rose.png","datePublished":"2025-03-17T05:29:25+00:00","dateModified":"2026-01-06T15:59:33+00:00","description":"Ros\u00e9 2024 vom Weingut Ipsmiller \u2013 Zweigelt Ros\u00e9 mit reifen Beerenaromen, Erdbeerfrucht und verspielter S\u00e4ure. Fruchtig-animierender Abgang.","breadcrumb":{"@id":"https:\/\/www.ipsmiller.at\/shop\/rose-2024\/#breadcrumb"},"inLanguage":"cs","potentialAction":[{"@type":"ReadAction","target":["https:\/\/www.ipsmiller.at\/shop\/rose-2024\/"]}]},{"@type":"ImageObject","inLanguage":"cs","@id":"https:\/\/www.ipsmiller.at\/shop\/rose-2024\/#primaryimage","url":"https:\/\/www.ipsmiller.at\/wp-content\/uploads\/2018\/01\/rose.png","contentUrl":"https:\/\/www.ipsmiller.at\/wp-content\/uploads\/2018\/01\/rose.png","width":600,"height":800},{"@type":"BreadcrumbList","@id":"https:\/\/www.ipsmiller.at\/shop\/rose-2024\/#breadcrumb","itemListElement":[{"@type":"ListItem","position":1,"name":"Startseite","item":"https:\/\/www.ipsmiller.at\/"},{"@type":"ListItem","position":2,"name":"Shop","item":"https:\/\/www.ipsmiller.at\/shop\/"},{"@type":"ListItem","position":3,"name":"Ros\u00e9 2024"}]},{"@type":"WebSite","@id":"https:\/\/www.ipsmiller.at\/en\/#website","url":"https:\/\/www.ipsmiller.at\/en\/","name":"Weingut Ipsmiller","description":"Weine aus Schrattenberg","publisher":{"@id":"https:\/\/www.ipsmiller.at\/en\/#organization"},"potentialAction":[{"@type":"SearchAction","target":{"@type":"EntryPoint","urlTemplate":"https:\/\/www.ipsmiller.at\/en\/?s={search_term_string}"},"query-input":{"@type":"PropertyValueSpecification","valueRequired":true,"valueName":"search_term_string"}}],"inLanguage":"cs"},{"@type":"Organization","@id":"https:\/\/www.ipsmiller.at\/en\/#organization","name":"Weingut Ipsmiller","url":"https:\/\/www.ipsmiller.at\/en\/","logo":{"@type":"ImageObject","inLanguage":"cs","@id":"https:\/\/www.ipsmiller.at\/en\/#\/schema\/logo\/image\/","url":"https:\/\/www.ipsmiller.at\/wp-content\/uploads\/2019\/11\/logo_ipsmiller_forever-wine_2019_3x.png","contentUrl":"https:\/\/www.ipsmiller.at\/wp-content\/uploads\/2019\/11\/logo_ipsmiller_forever-wine_2019_3x.png","width":361,"height":120,"caption":"Weingut Ipsmiller"},"image":{"@id":"https:\/\/www.ipsmiller.at\/en\/#\/schema\/logo\/image\/"}}]}},"_links":{"self":[{"href":"https:\/\/www.ipsmiller.at\/cs\/wp-json\/wp\/v2\/product\/69761","targetHints":{"allow":["GET"]}}],"collection":[{"href":"https:\/\/www.ipsmiller.at\/cs\/wp-json\/wp\/v2\/product"}],"about":[{"href":"https:\/\/www.ipsmiller.at\/cs\/wp-json\/wp\/v2\/types\/product"}],"wp:featuredmedia":[{"embeddable":true,"href":"https:\/\/www.ipsmiller.at\/cs\/wp-json\/wp\/v2\/media\/67328"}],"wp:attachment":[{"href":"https:\/\/www.ipsmiller.at\/cs\/wp-json\/wp\/v2\/media?parent=69761"}],"wp:term":[{"taxonomy":"product_brand","embeddable":true,"href":"https:\/\/www.ipsmiller.at\/cs\/wp-json\/wp\/v2\/product_brand?post=69761"},{"taxonomy":"product_cat","embeddable":true,"href":"https:\/\/www.ipsmiller.at\/cs\/wp-json\/wp\/v2\/product_cat?post=69761"},{"taxonomy":"product_tag","embeddable":true,"href":"https:\/\/www.ipsmiller.at\/cs\/wp-json\/wp\/v2\/product_tag?post=69761"}],"curies":[{"name":"wp","href":"https:\/\/api.w.org\/{rel}","templated":true}]}}