{"id":68374,"date":"2025-02-17T08:50:48","date_gmt":"2025-02-17T07:50:48","guid":{"rendered":"https:\/\/www.ipsmiller.at\/?post_type=product&#038;p=68374"},"modified":"2025-03-24T08:52:59","modified_gmt":"2025-03-24T07:52:59","slug":"ipsecco-rosenmuskateller","status":"publish","type":"product","link":"https:\/\/www.ipsmiller.at\/cs\/shop\/ipsecco-rosenmuskateller\/","title":{"rendered":"IPSECCO Rosenmuskateller"},"content":{"rendered":"<div class=\"wpb-content-wrapper\"><p>[vc_row][vc_column width=&#8220;1\/1&#8243;][vc_column_text uncode_shortcode_id=&#8220;179626&#8243;]Jemn\u00e1 v\u016fn\u011b okv\u011btn\u00edch l\u00edstk\u016f r\u016f\u017ee a su\u0161en\u00e9 levandule; jisk\u0159iv\u00e1 o\u017eivuj\u00edc\u00ed kyselost se zral\u00fdmi okv\u011btn\u00edmi l\u00edstky r\u016f\u017e\u00ed<\/p>\n<p>na pat\u0159e a polosuch\u00fd z\u00e1v\u011br!<\/p>\n<p>Alkohol: 11,0 %<\/p>\n<p>Perfektn\u00ed terasov\u00e9 v\u00edno a pro tepl\u00e9 p\u0159\u00edle\u017eitosti[\/vc_column_text][\/vc_column][\/vc_row]<\/p>\n<\/div>","protected":false},"excerpt":{"rendered":"<p>[vc_row][vc_column width=&#8220;1\/1&#8243;][vc_column_text uncode_shortcode_id=&#8220;179626&#8243;]Jemn\u00e1 v\u016fn\u011b okv\u011btn\u00edch l\u00edstk\u016f r\u016f\u017ee a su\u0161en\u00e9 levandule; jisk\u0159iv\u00e1 o\u017eivuj\u00edc\u00ed kyselost se zral\u00fdmi okv\u011btn\u00edmi l\u00edstky r\u016f\u017e\u00ed na pat\u0159e [&hellip;]<\/p>\n","protected":false},"featured_media":68376,"template":"","meta":[],"product_brand":[],"product_cat":[144],"product_tag":[],"class_list":{"0":"post-68374","1":"product","2":"type-product","3":"status-publish","4":"has-post-thumbnail","6":"product_cat-schaumweine","8":"first","9":"instock","10":"taxable","11":"shipping-taxable","12":"purchasable","13":"product-type-simple"},"yoast_head":"<!-- This site is optimized with the Yoast SEO Premium plugin v26.6 (Yoast SEO v26.6) - https:\/\/yoast.com\/wordpress\/plugins\/seo\/ -->\n<title>IPSECCO Rosenmuskateller - Weingut Ipsmiller<\/title>\n<meta name=\"description\" content=\"[:de]IPSECCO Rosenmuskateller[:en]IPSECCO Rosenmuskateller[:cs]IPSECCO Rosenmuskateller[:sk]IPSECCO Rosenmuskateller [:] vom Weingut Ipsmiller \u2013 zarter Rosenduft, getrockneter Lavendel und prickelnde S\u00e4ure.\" \/>\n<meta name=\"robots\" content=\"index, follow, max-snippet:-1, max-image-preview:large, max-video-preview:-1\" \/>\n<link rel=\"canonical\" href=\"https:\/\/www.ipsmiller.at\/shop\/ipsecco-rosenmuskateller\/\" \/>\n<meta property=\"og:locale\" content=\"cs_CZ\" \/>\n<meta property=\"og:type\" content=\"article\" \/>\n<meta property=\"og:title\" content=\"[:de]IPSECCO Rosenmuskateller[:en]IPSECCO Rosenmuskateller[:cs]IPSECCO Rosenmuskateller[:sk]IPSECCO Rosenmuskateller [:]\" \/>\n<meta property=\"og:description\" content=\"[:de]IPSECCO Rosenmuskateller[:en]IPSECCO Rosenmuskateller[:cs]IPSECCO Rosenmuskateller[:sk]IPSECCO Rosenmuskateller [:] vom Weingut Ipsmiller \u2013 zarter Rosenduft, getrockneter Lavendel und prickelnde S\u00e4ure.\" \/>\n<meta property=\"og:url\" content=\"https:\/\/www.ipsmiller.at\/shop\/ipsecco-rosenmuskateller\/\" \/>\n<meta property=\"og:site_name\" content=\"Weingut Ipsmiller\" \/>\n<meta property=\"article:modified_time\" content=\"2025-03-24T07:52:59+00:00\" \/>\n<meta property=\"og:image\" content=\"https:\/\/www.ipsmiller.at\/wp-content\/uploads\/2023\/05\/IPSECCO-rosenmuskateller.png\" \/>\n\t<meta property=\"og:image:width\" content=\"600\" \/>\n\t<meta property=\"og:image:height\" content=\"800\" \/>\n\t<meta property=\"og:image:type\" content=\"image\/png\" \/>\n<meta name=\"twitter:card\" content=\"summary_large_image\" \/>\n<meta name=\"twitter:label1\" content=\"Odhadovan\u00e1 doba \u010dten\u00ed\" \/>\n\t<meta name=\"twitter:data1\" content=\"1 minuta\" \/>\n<script type=\"application\/ld+json\" class=\"yoast-schema-graph\">{\"@context\":\"https:\/\/schema.org\",\"@graph\":[{\"@type\":\"WebPage\",\"@id\":\"https:\/\/www.ipsmiller.at\/shop\/ipsecco-rosenmuskateller\/\",\"url\":\"https:\/\/www.ipsmiller.at\/shop\/ipsecco-rosenmuskateller\/\",\"name\":\"[:de]IPSECCO Rosenmuskateller[:en]IPSECCO Rosenmuskateller[:cs]IPSECCO Rosenmuskateller[:sk]IPSECCO Rosenmuskateller [:] - Weingut Ipsmiller\",\"isPartOf\":{\"@id\":\"https:\/\/www.ipsmiller.at\/en\/#website\"},\"primaryImageOfPage\":{\"@id\":\"https:\/\/www.ipsmiller.at\/shop\/ipsecco-rosenmuskateller\/#primaryimage\"},\"image\":{\"@id\":\"https:\/\/www.ipsmiller.at\/shop\/ipsecco-rosenmuskateller\/#primaryimage\"},\"thumbnailUrl\":\"https:\/\/www.ipsmiller.at\/wp-content\/uploads\/2023\/05\/IPSECCO-rosenmuskateller.png\",\"datePublished\":\"2025-02-17T07:50:48+00:00\",\"dateModified\":\"2025-03-24T07:52:59+00:00\",\"description\":\"[:de]IPSECCO Rosenmuskateller[:en]IPSECCO Rosenmuskateller[:cs]IPSECCO Rosenmuskateller[:sk]IPSECCO Rosenmuskateller [:] vom Weingut Ipsmiller \u2013 zarter Rosenduft, getrockneter Lavendel und prickelnde S\u00e4ure.\",\"breadcrumb\":{\"@id\":\"https:\/\/www.ipsmiller.at\/shop\/ipsecco-rosenmuskateller\/#breadcrumb\"},\"inLanguage\":\"cs\",\"potentialAction\":[{\"@type\":\"ReadAction\",\"target\":[\"https:\/\/www.ipsmiller.at\/shop\/ipsecco-rosenmuskateller\/\"]}]},{\"@type\":\"ImageObject\",\"inLanguage\":\"cs\",\"@id\":\"https:\/\/www.ipsmiller.at\/shop\/ipsecco-rosenmuskateller\/#primaryimage\",\"url\":\"https:\/\/www.ipsmiller.at\/wp-content\/uploads\/2023\/05\/IPSECCO-rosenmuskateller.png\",\"contentUrl\":\"https:\/\/www.ipsmiller.at\/wp-content\/uploads\/2023\/05\/IPSECCO-rosenmuskateller.png\",\"width\":600,\"height\":800},{\"@type\":\"BreadcrumbList\",\"@id\":\"https:\/\/www.ipsmiller.at\/shop\/ipsecco-rosenmuskateller\/#breadcrumb\",\"itemListElement\":[{\"@type\":\"ListItem\",\"position\":1,\"name\":\"Startseite\",\"item\":\"https:\/\/www.ipsmiller.at\/\"},{\"@type\":\"ListItem\",\"position\":2,\"name\":\"Shop\",\"item\":\"https:\/\/www.ipsmiller.at\/shop\/\"},{\"@type\":\"ListItem\",\"position\":3,\"name\":\"IPSECCO Rosenmuskateller\"}]},{\"@type\":\"WebSite\",\"@id\":\"https:\/\/www.ipsmiller.at\/en\/#website\",\"url\":\"https:\/\/www.ipsmiller.at\/en\/\",\"name\":\"Weingut Ipsmiller\",\"description\":\"Weine aus Schrattenberg\",\"publisher\":{\"@id\":\"https:\/\/www.ipsmiller.at\/en\/#organization\"},\"potentialAction\":[{\"@type\":\"SearchAction\",\"target\":{\"@type\":\"EntryPoint\",\"urlTemplate\":\"https:\/\/www.ipsmiller.at\/en\/?s={search_term_string}\"},\"query-input\":{\"@type\":\"PropertyValueSpecification\",\"valueRequired\":true,\"valueName\":\"search_term_string\"}}],\"inLanguage\":\"cs\"},{\"@type\":\"Organization\",\"@id\":\"https:\/\/www.ipsmiller.at\/en\/#organization\",\"name\":\"Weingut Ipsmiller\",\"url\":\"https:\/\/www.ipsmiller.at\/en\/\",\"logo\":{\"@type\":\"ImageObject\",\"inLanguage\":\"cs\",\"@id\":\"https:\/\/www.ipsmiller.at\/en\/#\/schema\/logo\/image\/\",\"url\":\"https:\/\/www.ipsmiller.at\/wp-content\/uploads\/2019\/11\/logo_ipsmiller_forever-wine_2019_3x.png\",\"contentUrl\":\"https:\/\/www.ipsmiller.at\/wp-content\/uploads\/2019\/11\/logo_ipsmiller_forever-wine_2019_3x.png\",\"width\":361,\"height\":120,\"caption\":\"Weingut Ipsmiller\"},\"image\":{\"@id\":\"https:\/\/www.ipsmiller.at\/en\/#\/schema\/logo\/image\/\"}}]}<\/script>\n<!-- \/ Yoast SEO Premium plugin. -->","yoast_head_json":{"title":"[:de]IPSECCO Rosenmuskateller[:en]IPSECCO Rosenmuskateller[:cs]IPSECCO Rosenmuskateller[:sk]IPSECCO Rosenmuskateller [:] - Weingut Ipsmiller","description":"[:de]IPSECCO Rosenmuskateller[:en]IPSECCO Rosenmuskateller[:cs]IPSECCO Rosenmuskateller[:sk]IPSECCO Rosenmuskateller [:] vom Weingut Ipsmiller \u2013 zarter Rosenduft, getrockneter Lavendel und prickelnde S\u00e4ure.","robots":{"index":"index","follow":"follow","max-snippet":"max-snippet:-1","max-image-preview":"max-image-preview:large","max-video-preview":"max-video-preview:-1"},"canonical":"https:\/\/www.ipsmiller.at\/shop\/ipsecco-rosenmuskateller\/","og_locale":"cs_CZ","og_type":"article","og_title":"[:de]IPSECCO Rosenmuskateller[:en]IPSECCO Rosenmuskateller[:cs]IPSECCO Rosenmuskateller[:sk]IPSECCO Rosenmuskateller [:]","og_description":"[:de]IPSECCO Rosenmuskateller[:en]IPSECCO Rosenmuskateller[:cs]IPSECCO Rosenmuskateller[:sk]IPSECCO Rosenmuskateller [:] vom Weingut Ipsmiller \u2013 zarter Rosenduft, getrockneter Lavendel und prickelnde S\u00e4ure.","og_url":"https:\/\/www.ipsmiller.at\/shop\/ipsecco-rosenmuskateller\/","og_site_name":"Weingut Ipsmiller","article_modified_time":"2025-03-24T07:52:59+00:00","og_image":[{"width":600,"height":800,"url":"https:\/\/www.ipsmiller.at\/wp-content\/uploads\/2023\/05\/IPSECCO-rosenmuskateller.png","type":"image\/png"}],"twitter_card":"summary_large_image","twitter_misc":{"Odhadovan\u00e1 doba \u010dten\u00ed":"1 minuta"},"schema":{"@context":"https:\/\/schema.org","@graph":[{"@type":"WebPage","@id":"https:\/\/www.ipsmiller.at\/shop\/ipsecco-rosenmuskateller\/","url":"https:\/\/www.ipsmiller.at\/shop\/ipsecco-rosenmuskateller\/","name":"[:de]IPSECCO Rosenmuskateller[:en]IPSECCO Rosenmuskateller[:cs]IPSECCO Rosenmuskateller[:sk]IPSECCO Rosenmuskateller [:] - Weingut Ipsmiller","isPartOf":{"@id":"https:\/\/www.ipsmiller.at\/en\/#website"},"primaryImageOfPage":{"@id":"https:\/\/www.ipsmiller.at\/shop\/ipsecco-rosenmuskateller\/#primaryimage"},"image":{"@id":"https:\/\/www.ipsmiller.at\/shop\/ipsecco-rosenmuskateller\/#primaryimage"},"thumbnailUrl":"https:\/\/www.ipsmiller.at\/wp-content\/uploads\/2023\/05\/IPSECCO-rosenmuskateller.png","datePublished":"2025-02-17T07:50:48+00:00","dateModified":"2025-03-24T07:52:59+00:00","description":"[:de]IPSECCO Rosenmuskateller[:en]IPSECCO Rosenmuskateller[:cs]IPSECCO Rosenmuskateller[:sk]IPSECCO Rosenmuskateller [:] vom Weingut Ipsmiller \u2013 zarter Rosenduft, getrockneter Lavendel und prickelnde S\u00e4ure.","breadcrumb":{"@id":"https:\/\/www.ipsmiller.at\/shop\/ipsecco-rosenmuskateller\/#breadcrumb"},"inLanguage":"cs","potentialAction":[{"@type":"ReadAction","target":["https:\/\/www.ipsmiller.at\/shop\/ipsecco-rosenmuskateller\/"]}]},{"@type":"ImageObject","inLanguage":"cs","@id":"https:\/\/www.ipsmiller.at\/shop\/ipsecco-rosenmuskateller\/#primaryimage","url":"https:\/\/www.ipsmiller.at\/wp-content\/uploads\/2023\/05\/IPSECCO-rosenmuskateller.png","contentUrl":"https:\/\/www.ipsmiller.at\/wp-content\/uploads\/2023\/05\/IPSECCO-rosenmuskateller.png","width":600,"height":800},{"@type":"BreadcrumbList","@id":"https:\/\/www.ipsmiller.at\/shop\/ipsecco-rosenmuskateller\/#breadcrumb","itemListElement":[{"@type":"ListItem","position":1,"name":"Startseite","item":"https:\/\/www.ipsmiller.at\/"},{"@type":"ListItem","position":2,"name":"Shop","item":"https:\/\/www.ipsmiller.at\/shop\/"},{"@type":"ListItem","position":3,"name":"IPSECCO Rosenmuskateller"}]},{"@type":"WebSite","@id":"https:\/\/www.ipsmiller.at\/en\/#website","url":"https:\/\/www.ipsmiller.at\/en\/","name":"Weingut Ipsmiller","description":"Weine aus Schrattenberg","publisher":{"@id":"https:\/\/www.ipsmiller.at\/en\/#organization"},"potentialAction":[{"@type":"SearchAction","target":{"@type":"EntryPoint","urlTemplate":"https:\/\/www.ipsmiller.at\/en\/?s={search_term_string}"},"query-input":{"@type":"PropertyValueSpecification","valueRequired":true,"valueName":"search_term_string"}}],"inLanguage":"cs"},{"@type":"Organization","@id":"https:\/\/www.ipsmiller.at\/en\/#organization","name":"Weingut Ipsmiller","url":"https:\/\/www.ipsmiller.at\/en\/","logo":{"@type":"ImageObject","inLanguage":"cs","@id":"https:\/\/www.ipsmiller.at\/en\/#\/schema\/logo\/image\/","url":"https:\/\/www.ipsmiller.at\/wp-content\/uploads\/2019\/11\/logo_ipsmiller_forever-wine_2019_3x.png","contentUrl":"https:\/\/www.ipsmiller.at\/wp-content\/uploads\/2019\/11\/logo_ipsmiller_forever-wine_2019_3x.png","width":361,"height":120,"caption":"Weingut Ipsmiller"},"image":{"@id":"https:\/\/www.ipsmiller.at\/en\/#\/schema\/logo\/image\/"}}]}},"_links":{"self":[{"href":"https:\/\/www.ipsmiller.at\/cs\/wp-json\/wp\/v2\/product\/68374","targetHints":{"allow":["GET"]}}],"collection":[{"href":"https:\/\/www.ipsmiller.at\/cs\/wp-json\/wp\/v2\/product"}],"about":[{"href":"https:\/\/www.ipsmiller.at\/cs\/wp-json\/wp\/v2\/types\/product"}],"wp:featuredmedia":[{"embeddable":true,"href":"https:\/\/www.ipsmiller.at\/cs\/wp-json\/wp\/v2\/media\/68376"}],"wp:attachment":[{"href":"https:\/\/www.ipsmiller.at\/cs\/wp-json\/wp\/v2\/media?parent=68374"}],"wp:term":[{"taxonomy":"product_brand","embeddable":true,"href":"https:\/\/www.ipsmiller.at\/cs\/wp-json\/wp\/v2\/product_brand?post=68374"},{"taxonomy":"product_cat","embeddable":true,"href":"https:\/\/www.ipsmiller.at\/cs\/wp-json\/wp\/v2\/product_cat?post=68374"},{"taxonomy":"product_tag","embeddable":true,"href":"https:\/\/www.ipsmiller.at\/cs\/wp-json\/wp\/v2\/product_tag?post=68374"}],"curies":[{"name":"wp","href":"https:\/\/api.w.org\/{rel}","templated":true}]}}