{"id":67320,"date":"2024-03-19T14:05:15","date_gmt":"2024-03-19T13:05:15","guid":{"rendered":"https:\/\/www.ipsmiller.at\/?post_type=product&#038;p=67320"},"modified":"2025-03-24T11:24:14","modified_gmt":"2025-03-24T10:24:14","slug":"cuvee-ipsplosion-2017","status":"publish","type":"product","link":"https:\/\/www.ipsmiller.at\/cs\/shop\/cuvee-ipsplosion-2017\/","title":{"rendered":"Cuv\u00e9e IPSPLOSION 2020"},"content":{"rendered":"<div class=\"wpb-content-wrapper\"><p>[vc_row][vc_column][vc_column_text]Cuv\u00e8e aus 60 % Cabernet Sauvignon und 40 % Merlot<\/p>\n<p>Unser grosses Cuv\u00e9e genannt &#8222;IPSPLOSION&#8220; ist unser kr\u00e4ftigstes Rotwein Cuv\u00e9e aus unserem Haus. Dieses verk\u00f6rpert die Kraft der Rotweine aus unserem Haus in einer legend\u00e4ren Bordeaux IMPERIALE Flasche.<br \/>\nGrundlage ist eine CS und ME Sp\u00e4tlese, die durch ihre Vollreife 14,5 % Alkoholgehalt in diesem Wein verk\u00f6rpert. Hier harmonieren die beiden Rebsorten und erg\u00e4nzen mit ausgepr\u00e4gten reifen dunklen Beerennoten<br \/>\nin der Nase und komplexen vielschichtigen Fruchtgenuss am Gaumen. Die Fruchtl\u00e4nge sch\u00fcrt einen langen harmonischen Abgang, der durch neues Holz in Barrique f\u00fcr 24 Monate f\u00fcr Rotweinliebhaber alle Erwartungen erf\u00fcllt.<\/p>\n<p>DIAM, tiefdunkles Rubingranat, violette Reflexe, zarte Randaufhellung. Feine Holzw\u00fcrze, etwas nach Cassis, ein Hauch von Nougat, schwarze Beerenfrucht, vegetale Noten. Kraftvoll, elegant, gut eingebundene<\/p>\n<p>Tanninstruktur, etwas nach Brombeeren, Tanninstruktur, etwas nach Brombeeren, Tabakw\u00fcrze im Nachhall, vielseitig einsetzbar.<\/p>\n<p>Alk: 14,5 %<br \/>\ntrocken[\/vc_column_text][\/vc_column][\/vc_row]<\/p>\n<\/div>","protected":false},"excerpt":{"rendered":"<p>[vc_row][vc_column][vc_column_text]Cuv\u00e8e aus 60 % Cabernet Sauvignon und 40 % Merlot Unser grosses Cuv\u00e9e genannt &#8222;IPSPLOSION&#8220; ist unser kr\u00e4ftigstes Rotwein Cuv\u00e9e [&hellip;]<\/p>\n","protected":false},"featured_media":67323,"template":"","meta":[],"product_brand":[],"product_cat":[95],"product_tag":[],"class_list":{"0":"post-67320","1":"product","2":"type-product","3":"status-publish","4":"has-post-thumbnail","6":"product_cat-rotweine","8":"first","9":"instock","10":"taxable","11":"shipping-taxable","12":"purchasable","13":"product-type-simple"},"yoast_head":"<!-- This site is optimized with the Yoast SEO Premium plugin v26.6 (Yoast SEO v26.6) - https:\/\/yoast.com\/wordpress\/plugins\/seo\/ -->\n<title>Cuv\u00e9e IPSPLOSION 2020 - Weingut Ipsmiller<\/title>\n<meta name=\"description\" content=\"Cuv\u00e9e IPSPLOSION 2020 vom Weingut Ipsmiller \u2013 kraftvolle Cuv\u00e9e aus Cabernet Sauvignon &amp; Merlot, 24 Monate im Barrique gereift.\" \/>\n<meta name=\"robots\" content=\"index, follow, max-snippet:-1, max-image-preview:large, max-video-preview:-1\" \/>\n<link rel=\"canonical\" href=\"https:\/\/www.ipsmiller.at\/shop\/cuvee-ipsplosion-2017\/\" \/>\n<meta property=\"og:locale\" content=\"cs_CZ\" \/>\n<meta property=\"og:type\" content=\"article\" \/>\n<meta property=\"og:title\" content=\"Cuv\u00e9e IPSPLOSION 2020\" \/>\n<meta property=\"og:description\" content=\"Cuv\u00e9e IPSPLOSION 2020 vom Weingut Ipsmiller \u2013 kraftvolle Cuv\u00e9e aus Cabernet Sauvignon &amp; Merlot, 24 Monate im Barrique gereift.\" \/>\n<meta property=\"og:url\" content=\"https:\/\/www.ipsmiller.at\/shop\/cuvee-ipsplosion-2017\/\" \/>\n<meta property=\"og:site_name\" content=\"Weingut Ipsmiller\" \/>\n<meta property=\"article:modified_time\" content=\"2025-03-24T10:24:14+00:00\" \/>\n<meta property=\"og:image\" content=\"https:\/\/www.ipsmiller.at\/wp-content\/uploads\/2020\/02\/wein_15.png\" \/>\n\t<meta property=\"og:image:width\" content=\"600\" \/>\n\t<meta property=\"og:image:height\" content=\"800\" \/>\n\t<meta property=\"og:image:type\" content=\"image\/png\" \/>\n<meta name=\"twitter:card\" content=\"summary_large_image\" \/>\n<meta name=\"twitter:label1\" content=\"Odhadovan\u00e1 doba \u010dten\u00ed\" \/>\n\t<meta name=\"twitter:data1\" content=\"1 minuta\" \/>\n<script type=\"application\/ld+json\" class=\"yoast-schema-graph\">{\"@context\":\"https:\/\/schema.org\",\"@graph\":[{\"@type\":\"WebPage\",\"@id\":\"https:\/\/www.ipsmiller.at\/shop\/cuvee-ipsplosion-2017\/\",\"url\":\"https:\/\/www.ipsmiller.at\/shop\/cuvee-ipsplosion-2017\/\",\"name\":\"Cuv\u00e9e IPSPLOSION 2020 - Weingut Ipsmiller\",\"isPartOf\":{\"@id\":\"https:\/\/www.ipsmiller.at\/en\/#website\"},\"primaryImageOfPage\":{\"@id\":\"https:\/\/www.ipsmiller.at\/shop\/cuvee-ipsplosion-2017\/#primaryimage\"},\"image\":{\"@id\":\"https:\/\/www.ipsmiller.at\/shop\/cuvee-ipsplosion-2017\/#primaryimage\"},\"thumbnailUrl\":\"https:\/\/www.ipsmiller.at\/wp-content\/uploads\/2020\/02\/wein_15.png\",\"datePublished\":\"2024-03-19T13:05:15+00:00\",\"dateModified\":\"2025-03-24T10:24:14+00:00\",\"description\":\"Cuv\u00e9e IPSPLOSION 2020 vom Weingut Ipsmiller \u2013 kraftvolle Cuv\u00e9e aus Cabernet Sauvignon & Merlot, 24 Monate im Barrique gereift.\",\"breadcrumb\":{\"@id\":\"https:\/\/www.ipsmiller.at\/shop\/cuvee-ipsplosion-2017\/#breadcrumb\"},\"inLanguage\":\"cs\",\"potentialAction\":[{\"@type\":\"ReadAction\",\"target\":[\"https:\/\/www.ipsmiller.at\/shop\/cuvee-ipsplosion-2017\/\"]}]},{\"@type\":\"ImageObject\",\"inLanguage\":\"cs\",\"@id\":\"https:\/\/www.ipsmiller.at\/shop\/cuvee-ipsplosion-2017\/#primaryimage\",\"url\":\"https:\/\/www.ipsmiller.at\/wp-content\/uploads\/2020\/02\/wein_15.png\",\"contentUrl\":\"https:\/\/www.ipsmiller.at\/wp-content\/uploads\/2020\/02\/wein_15.png\",\"width\":600,\"height\":800},{\"@type\":\"BreadcrumbList\",\"@id\":\"https:\/\/www.ipsmiller.at\/shop\/cuvee-ipsplosion-2017\/#breadcrumb\",\"itemListElement\":[{\"@type\":\"ListItem\",\"position\":1,\"name\":\"Startseite\",\"item\":\"https:\/\/www.ipsmiller.at\/\"},{\"@type\":\"ListItem\",\"position\":2,\"name\":\"Shop\",\"item\":\"https:\/\/www.ipsmiller.at\/shop\/\"},{\"@type\":\"ListItem\",\"position\":3,\"name\":\"Cuv\u00e9e IPSPLOSION 2020\"}]},{\"@type\":\"WebSite\",\"@id\":\"https:\/\/www.ipsmiller.at\/en\/#website\",\"url\":\"https:\/\/www.ipsmiller.at\/en\/\",\"name\":\"Weingut Ipsmiller\",\"description\":\"Weine aus Schrattenberg\",\"publisher\":{\"@id\":\"https:\/\/www.ipsmiller.at\/en\/#organization\"},\"potentialAction\":[{\"@type\":\"SearchAction\",\"target\":{\"@type\":\"EntryPoint\",\"urlTemplate\":\"https:\/\/www.ipsmiller.at\/en\/?s={search_term_string}\"},\"query-input\":{\"@type\":\"PropertyValueSpecification\",\"valueRequired\":true,\"valueName\":\"search_term_string\"}}],\"inLanguage\":\"cs\"},{\"@type\":\"Organization\",\"@id\":\"https:\/\/www.ipsmiller.at\/en\/#organization\",\"name\":\"Weingut Ipsmiller\",\"url\":\"https:\/\/www.ipsmiller.at\/en\/\",\"logo\":{\"@type\":\"ImageObject\",\"inLanguage\":\"cs\",\"@id\":\"https:\/\/www.ipsmiller.at\/en\/#\/schema\/logo\/image\/\",\"url\":\"https:\/\/www.ipsmiller.at\/wp-content\/uploads\/2019\/11\/logo_ipsmiller_forever-wine_2019_3x.png\",\"contentUrl\":\"https:\/\/www.ipsmiller.at\/wp-content\/uploads\/2019\/11\/logo_ipsmiller_forever-wine_2019_3x.png\",\"width\":361,\"height\":120,\"caption\":\"Weingut Ipsmiller\"},\"image\":{\"@id\":\"https:\/\/www.ipsmiller.at\/en\/#\/schema\/logo\/image\/\"}}]}<\/script>\n<!-- \/ Yoast SEO Premium plugin. -->","yoast_head_json":{"title":"Cuv\u00e9e IPSPLOSION 2020 - Weingut Ipsmiller","description":"Cuv\u00e9e IPSPLOSION 2020 vom Weingut Ipsmiller \u2013 kraftvolle Cuv\u00e9e aus Cabernet Sauvignon & Merlot, 24 Monate im Barrique gereift.","robots":{"index":"index","follow":"follow","max-snippet":"max-snippet:-1","max-image-preview":"max-image-preview:large","max-video-preview":"max-video-preview:-1"},"canonical":"https:\/\/www.ipsmiller.at\/shop\/cuvee-ipsplosion-2017\/","og_locale":"cs_CZ","og_type":"article","og_title":"Cuv\u00e9e IPSPLOSION 2020","og_description":"Cuv\u00e9e IPSPLOSION 2020 vom Weingut Ipsmiller \u2013 kraftvolle Cuv\u00e9e aus Cabernet Sauvignon & Merlot, 24 Monate im Barrique gereift.","og_url":"https:\/\/www.ipsmiller.at\/shop\/cuvee-ipsplosion-2017\/","og_site_name":"Weingut Ipsmiller","article_modified_time":"2025-03-24T10:24:14+00:00","og_image":[{"width":600,"height":800,"url":"https:\/\/www.ipsmiller.at\/wp-content\/uploads\/2020\/02\/wein_15.png","type":"image\/png"}],"twitter_card":"summary_large_image","twitter_misc":{"Odhadovan\u00e1 doba \u010dten\u00ed":"1 minuta"},"schema":{"@context":"https:\/\/schema.org","@graph":[{"@type":"WebPage","@id":"https:\/\/www.ipsmiller.at\/shop\/cuvee-ipsplosion-2017\/","url":"https:\/\/www.ipsmiller.at\/shop\/cuvee-ipsplosion-2017\/","name":"Cuv\u00e9e IPSPLOSION 2020 - Weingut Ipsmiller","isPartOf":{"@id":"https:\/\/www.ipsmiller.at\/en\/#website"},"primaryImageOfPage":{"@id":"https:\/\/www.ipsmiller.at\/shop\/cuvee-ipsplosion-2017\/#primaryimage"},"image":{"@id":"https:\/\/www.ipsmiller.at\/shop\/cuvee-ipsplosion-2017\/#primaryimage"},"thumbnailUrl":"https:\/\/www.ipsmiller.at\/wp-content\/uploads\/2020\/02\/wein_15.png","datePublished":"2024-03-19T13:05:15+00:00","dateModified":"2025-03-24T10:24:14+00:00","description":"Cuv\u00e9e IPSPLOSION 2020 vom Weingut Ipsmiller \u2013 kraftvolle Cuv\u00e9e aus Cabernet Sauvignon & Merlot, 24 Monate im Barrique gereift.","breadcrumb":{"@id":"https:\/\/www.ipsmiller.at\/shop\/cuvee-ipsplosion-2017\/#breadcrumb"},"inLanguage":"cs","potentialAction":[{"@type":"ReadAction","target":["https:\/\/www.ipsmiller.at\/shop\/cuvee-ipsplosion-2017\/"]}]},{"@type":"ImageObject","inLanguage":"cs","@id":"https:\/\/www.ipsmiller.at\/shop\/cuvee-ipsplosion-2017\/#primaryimage","url":"https:\/\/www.ipsmiller.at\/wp-content\/uploads\/2020\/02\/wein_15.png","contentUrl":"https:\/\/www.ipsmiller.at\/wp-content\/uploads\/2020\/02\/wein_15.png","width":600,"height":800},{"@type":"BreadcrumbList","@id":"https:\/\/www.ipsmiller.at\/shop\/cuvee-ipsplosion-2017\/#breadcrumb","itemListElement":[{"@type":"ListItem","position":1,"name":"Startseite","item":"https:\/\/www.ipsmiller.at\/"},{"@type":"ListItem","position":2,"name":"Shop","item":"https:\/\/www.ipsmiller.at\/shop\/"},{"@type":"ListItem","position":3,"name":"Cuv\u00e9e IPSPLOSION 2020"}]},{"@type":"WebSite","@id":"https:\/\/www.ipsmiller.at\/en\/#website","url":"https:\/\/www.ipsmiller.at\/en\/","name":"Weingut Ipsmiller","description":"Weine aus Schrattenberg","publisher":{"@id":"https:\/\/www.ipsmiller.at\/en\/#organization"},"potentialAction":[{"@type":"SearchAction","target":{"@type":"EntryPoint","urlTemplate":"https:\/\/www.ipsmiller.at\/en\/?s={search_term_string}"},"query-input":{"@type":"PropertyValueSpecification","valueRequired":true,"valueName":"search_term_string"}}],"inLanguage":"cs"},{"@type":"Organization","@id":"https:\/\/www.ipsmiller.at\/en\/#organization","name":"Weingut Ipsmiller","url":"https:\/\/www.ipsmiller.at\/en\/","logo":{"@type":"ImageObject","inLanguage":"cs","@id":"https:\/\/www.ipsmiller.at\/en\/#\/schema\/logo\/image\/","url":"https:\/\/www.ipsmiller.at\/wp-content\/uploads\/2019\/11\/logo_ipsmiller_forever-wine_2019_3x.png","contentUrl":"https:\/\/www.ipsmiller.at\/wp-content\/uploads\/2019\/11\/logo_ipsmiller_forever-wine_2019_3x.png","width":361,"height":120,"caption":"Weingut Ipsmiller"},"image":{"@id":"https:\/\/www.ipsmiller.at\/en\/#\/schema\/logo\/image\/"}}]}},"_links":{"self":[{"href":"https:\/\/www.ipsmiller.at\/cs\/wp-json\/wp\/v2\/product\/67320","targetHints":{"allow":["GET"]}}],"collection":[{"href":"https:\/\/www.ipsmiller.at\/cs\/wp-json\/wp\/v2\/product"}],"about":[{"href":"https:\/\/www.ipsmiller.at\/cs\/wp-json\/wp\/v2\/types\/product"}],"wp:featuredmedia":[{"embeddable":true,"href":"https:\/\/www.ipsmiller.at\/cs\/wp-json\/wp\/v2\/media\/67323"}],"wp:attachment":[{"href":"https:\/\/www.ipsmiller.at\/cs\/wp-json\/wp\/v2\/media?parent=67320"}],"wp:term":[{"taxonomy":"product_brand","embeddable":true,"href":"https:\/\/www.ipsmiller.at\/cs\/wp-json\/wp\/v2\/product_brand?post=67320"},{"taxonomy":"product_cat","embeddable":true,"href":"https:\/\/www.ipsmiller.at\/cs\/wp-json\/wp\/v2\/product_cat?post=67320"},{"taxonomy":"product_tag","embeddable":true,"href":"https:\/\/www.ipsmiller.at\/cs\/wp-json\/wp\/v2\/product_tag?post=67320"}],"curies":[{"name":"wp","href":"https:\/\/api.w.org\/{rel}","templated":true}]}}