{"id":66749,"date":"2017-03-12T10:59:33","date_gmt":"2017-03-12T09:59:33","guid":{"rendered":"https:\/\/www.ipsmiller.at\/?post_type=product&#038;p=66749"},"modified":"2025-03-24T09:52:19","modified_gmt":"2025-03-24T08:52:19","slug":"weindaube","status":"publish","type":"product","link":"https:\/\/www.ipsmiller.at\/cs\/shop\/weindaube\/","title":{"rendered":"Stojan na v\u00edno"},"content":{"rendered":"<div class=\"wpb-content-wrapper\"><p>[vc_row][vc_column][vc_column_text]Stojan na t\u0159ilahve ze sudov\u00e9ho prkna.<br \/>\n(Lahve na sn\u00edmku nejsou sou\u010d\u00e1st\u00ed nab\u00eddky.)[\/vc_column_text][\/vc_column][\/vc_row]<\/p>\n<\/div>","protected":false},"excerpt":{"rendered":"<p>[vc_row][vc_column][vc_column_text]Stojan na t\u0159ilahve ze sudov\u00e9ho prkna. (Lahve na sn\u00edmku nejsou sou\u010d\u00e1st\u00ed nab\u00eddky.)[\/vc_column_text][\/vc_column][\/vc_row]<\/p>\n","protected":false},"featured_media":66732,"template":"","meta":[],"product_brand":[],"product_cat":[125],"product_tag":[],"class_list":{"0":"post-66749","1":"product","2":"type-product","3":"status-publish","4":"has-post-thumbnail","6":"product_cat-sonstiges","8":"first","9":"instock","10":"taxable","11":"shipping-taxable","12":"purchasable","13":"product-type-simple"},"yoast_head":"<!-- This site is optimized with the Yoast SEO Premium plugin v26.6 (Yoast SEO v26.6) - https:\/\/yoast.com\/wordpress\/plugins\/seo\/ -->\n<title>Stojan na v\u00edno - Weingut Ipsmiller<\/title>\n<meta name=\"description\" content=\"Organisieren Sie Ihre Flaschen stilvoll mit der [:de]Weindaube[:en]Wine holder[:cs]Stojan na v\u00edno[:sk]Stojan na f\u013ea\u0161e[:] f\u00fcr 3 Flaschen. Perfekt f\u00fcr jede Weinliebhaberin, jetzt verf\u00fcgbare Details entdecken!\" \/>\n<meta name=\"robots\" content=\"index, follow, max-snippet:-1, max-image-preview:large, max-video-preview:-1\" \/>\n<link rel=\"canonical\" href=\"https:\/\/www.ipsmiller.at\/shop\/weindaube\/\" \/>\n<meta property=\"og:locale\" content=\"cs_CZ\" \/>\n<meta property=\"og:type\" content=\"article\" \/>\n<meta property=\"og:title\" content=\"[:de]Weindaube[:en]Wine holder[:cs]Stojan na v\u00edno[:sk]Stojan na f\u013ea\u0161e[:]\" \/>\n<meta property=\"og:description\" content=\"Organisieren Sie Ihre Flaschen stilvoll mit der [:de]Weindaube[:en]Wine holder[:cs]Stojan na v\u00edno[:sk]Stojan na f\u013ea\u0161e[:] f\u00fcr 3 Flaschen. Perfekt f\u00fcr jede Weinliebhaberin, jetzt verf\u00fcgbare Details entdecken!\" \/>\n<meta property=\"og:url\" content=\"https:\/\/www.ipsmiller.at\/shop\/weindaube\/\" \/>\n<meta property=\"og:site_name\" content=\"Weingut Ipsmiller\" \/>\n<meta property=\"article:modified_time\" content=\"2025-03-24T08:52:19+00:00\" \/>\n<meta property=\"og:image\" content=\"https:\/\/www.ipsmiller.at\/wp-content\/uploads\/2018\/03\/produkt_weindaube.png\" \/>\n\t<meta property=\"og:image:width\" content=\"600\" \/>\n\t<meta property=\"og:image:height\" content=\"800\" \/>\n\t<meta property=\"og:image:type\" content=\"image\/png\" \/>\n<meta name=\"twitter:card\" content=\"summary_large_image\" \/>\n<meta name=\"twitter:label1\" content=\"Odhadovan\u00e1 doba \u010dten\u00ed\" \/>\n\t<meta name=\"twitter:data1\" content=\"1 minuta\" \/>\n<script type=\"application\/ld+json\" class=\"yoast-schema-graph\">{\"@context\":\"https:\/\/schema.org\",\"@graph\":[{\"@type\":\"WebPage\",\"@id\":\"https:\/\/www.ipsmiller.at\/shop\/weindaube\/\",\"url\":\"https:\/\/www.ipsmiller.at\/shop\/weindaube\/\",\"name\":\"[:de]Weindaube[:en]Wine holder[:cs]Stojan na v\u00edno[:sk]Stojan na f\u013ea\u0161e[:] - Weingut Ipsmiller\",\"isPartOf\":{\"@id\":\"https:\/\/www.ipsmiller.at\/en\/#website\"},\"primaryImageOfPage\":{\"@id\":\"https:\/\/www.ipsmiller.at\/shop\/weindaube\/#primaryimage\"},\"image\":{\"@id\":\"https:\/\/www.ipsmiller.at\/shop\/weindaube\/#primaryimage\"},\"thumbnailUrl\":\"https:\/\/www.ipsmiller.at\/wp-content\/uploads\/2018\/03\/produkt_weindaube.png\",\"datePublished\":\"2017-03-12T09:59:33+00:00\",\"dateModified\":\"2025-03-24T08:52:19+00:00\",\"description\":\"Organisieren Sie Ihre Flaschen stilvoll mit der [:de]Weindaube[:en]Wine holder[:cs]Stojan na v\u00edno[:sk]Stojan na f\u013ea\u0161e[:] f\u00fcr 3 Flaschen. Perfekt f\u00fcr jede Weinliebhaberin, jetzt verf\u00fcgbare Details entdecken!\",\"breadcrumb\":{\"@id\":\"https:\/\/www.ipsmiller.at\/shop\/weindaube\/#breadcrumb\"},\"inLanguage\":\"cs\",\"potentialAction\":[{\"@type\":\"ReadAction\",\"target\":[\"https:\/\/www.ipsmiller.at\/shop\/weindaube\/\"]}]},{\"@type\":\"ImageObject\",\"inLanguage\":\"cs\",\"@id\":\"https:\/\/www.ipsmiller.at\/shop\/weindaube\/#primaryimage\",\"url\":\"https:\/\/www.ipsmiller.at\/wp-content\/uploads\/2018\/03\/produkt_weindaube.png\",\"contentUrl\":\"https:\/\/www.ipsmiller.at\/wp-content\/uploads\/2018\/03\/produkt_weindaube.png\",\"width\":600,\"height\":800},{\"@type\":\"BreadcrumbList\",\"@id\":\"https:\/\/www.ipsmiller.at\/shop\/weindaube\/#breadcrumb\",\"itemListElement\":[{\"@type\":\"ListItem\",\"position\":1,\"name\":\"Startseite\",\"item\":\"https:\/\/www.ipsmiller.at\/\"},{\"@type\":\"ListItem\",\"position\":2,\"name\":\"Shop\",\"item\":\"https:\/\/www.ipsmiller.at\/shop\/\"},{\"@type\":\"ListItem\",\"position\":3,\"name\":\"Weindaube\"}]},{\"@type\":\"WebSite\",\"@id\":\"https:\/\/www.ipsmiller.at\/en\/#website\",\"url\":\"https:\/\/www.ipsmiller.at\/en\/\",\"name\":\"Weingut Ipsmiller\",\"description\":\"Weine aus Schrattenberg\",\"publisher\":{\"@id\":\"https:\/\/www.ipsmiller.at\/en\/#organization\"},\"potentialAction\":[{\"@type\":\"SearchAction\",\"target\":{\"@type\":\"EntryPoint\",\"urlTemplate\":\"https:\/\/www.ipsmiller.at\/en\/?s={search_term_string}\"},\"query-input\":{\"@type\":\"PropertyValueSpecification\",\"valueRequired\":true,\"valueName\":\"search_term_string\"}}],\"inLanguage\":\"cs\"},{\"@type\":\"Organization\",\"@id\":\"https:\/\/www.ipsmiller.at\/en\/#organization\",\"name\":\"Weingut Ipsmiller\",\"url\":\"https:\/\/www.ipsmiller.at\/en\/\",\"logo\":{\"@type\":\"ImageObject\",\"inLanguage\":\"cs\",\"@id\":\"https:\/\/www.ipsmiller.at\/en\/#\/schema\/logo\/image\/\",\"url\":\"https:\/\/www.ipsmiller.at\/wp-content\/uploads\/2019\/11\/logo_ipsmiller_forever-wine_2019_3x.png\",\"contentUrl\":\"https:\/\/www.ipsmiller.at\/wp-content\/uploads\/2019\/11\/logo_ipsmiller_forever-wine_2019_3x.png\",\"width\":361,\"height\":120,\"caption\":\"Weingut Ipsmiller\"},\"image\":{\"@id\":\"https:\/\/www.ipsmiller.at\/en\/#\/schema\/logo\/image\/\"}}]}<\/script>\n<!-- \/ Yoast SEO Premium plugin. -->","yoast_head_json":{"title":"[:de]Weindaube[:en]Wine holder[:cs]Stojan na v\u00edno[:sk]Stojan na f\u013ea\u0161e[:] - Weingut Ipsmiller","description":"Organisieren Sie Ihre Flaschen stilvoll mit der [:de]Weindaube[:en]Wine holder[:cs]Stojan na v\u00edno[:sk]Stojan na f\u013ea\u0161e[:] f\u00fcr 3 Flaschen. Perfekt f\u00fcr jede Weinliebhaberin, jetzt verf\u00fcgbare Details entdecken!","robots":{"index":"index","follow":"follow","max-snippet":"max-snippet:-1","max-image-preview":"max-image-preview:large","max-video-preview":"max-video-preview:-1"},"canonical":"https:\/\/www.ipsmiller.at\/shop\/weindaube\/","og_locale":"cs_CZ","og_type":"article","og_title":"[:de]Weindaube[:en]Wine holder[:cs]Stojan na v\u00edno[:sk]Stojan na f\u013ea\u0161e[:]","og_description":"Organisieren Sie Ihre Flaschen stilvoll mit der [:de]Weindaube[:en]Wine holder[:cs]Stojan na v\u00edno[:sk]Stojan na f\u013ea\u0161e[:] f\u00fcr 3 Flaschen. Perfekt f\u00fcr jede Weinliebhaberin, jetzt verf\u00fcgbare Details entdecken!","og_url":"https:\/\/www.ipsmiller.at\/shop\/weindaube\/","og_site_name":"Weingut Ipsmiller","article_modified_time":"2025-03-24T08:52:19+00:00","og_image":[{"width":600,"height":800,"url":"https:\/\/www.ipsmiller.at\/wp-content\/uploads\/2018\/03\/produkt_weindaube.png","type":"image\/png"}],"twitter_card":"summary_large_image","twitter_misc":{"Odhadovan\u00e1 doba \u010dten\u00ed":"1 minuta"},"schema":{"@context":"https:\/\/schema.org","@graph":[{"@type":"WebPage","@id":"https:\/\/www.ipsmiller.at\/shop\/weindaube\/","url":"https:\/\/www.ipsmiller.at\/shop\/weindaube\/","name":"[:de]Weindaube[:en]Wine holder[:cs]Stojan na v\u00edno[:sk]Stojan na f\u013ea\u0161e[:] - Weingut Ipsmiller","isPartOf":{"@id":"https:\/\/www.ipsmiller.at\/en\/#website"},"primaryImageOfPage":{"@id":"https:\/\/www.ipsmiller.at\/shop\/weindaube\/#primaryimage"},"image":{"@id":"https:\/\/www.ipsmiller.at\/shop\/weindaube\/#primaryimage"},"thumbnailUrl":"https:\/\/www.ipsmiller.at\/wp-content\/uploads\/2018\/03\/produkt_weindaube.png","datePublished":"2017-03-12T09:59:33+00:00","dateModified":"2025-03-24T08:52:19+00:00","description":"Organisieren Sie Ihre Flaschen stilvoll mit der [:de]Weindaube[:en]Wine holder[:cs]Stojan na v\u00edno[:sk]Stojan na f\u013ea\u0161e[:] f\u00fcr 3 Flaschen. Perfekt f\u00fcr jede Weinliebhaberin, jetzt verf\u00fcgbare Details entdecken!","breadcrumb":{"@id":"https:\/\/www.ipsmiller.at\/shop\/weindaube\/#breadcrumb"},"inLanguage":"cs","potentialAction":[{"@type":"ReadAction","target":["https:\/\/www.ipsmiller.at\/shop\/weindaube\/"]}]},{"@type":"ImageObject","inLanguage":"cs","@id":"https:\/\/www.ipsmiller.at\/shop\/weindaube\/#primaryimage","url":"https:\/\/www.ipsmiller.at\/wp-content\/uploads\/2018\/03\/produkt_weindaube.png","contentUrl":"https:\/\/www.ipsmiller.at\/wp-content\/uploads\/2018\/03\/produkt_weindaube.png","width":600,"height":800},{"@type":"BreadcrumbList","@id":"https:\/\/www.ipsmiller.at\/shop\/weindaube\/#breadcrumb","itemListElement":[{"@type":"ListItem","position":1,"name":"Startseite","item":"https:\/\/www.ipsmiller.at\/"},{"@type":"ListItem","position":2,"name":"Shop","item":"https:\/\/www.ipsmiller.at\/shop\/"},{"@type":"ListItem","position":3,"name":"Weindaube"}]},{"@type":"WebSite","@id":"https:\/\/www.ipsmiller.at\/en\/#website","url":"https:\/\/www.ipsmiller.at\/en\/","name":"Weingut Ipsmiller","description":"Weine aus Schrattenberg","publisher":{"@id":"https:\/\/www.ipsmiller.at\/en\/#organization"},"potentialAction":[{"@type":"SearchAction","target":{"@type":"EntryPoint","urlTemplate":"https:\/\/www.ipsmiller.at\/en\/?s={search_term_string}"},"query-input":{"@type":"PropertyValueSpecification","valueRequired":true,"valueName":"search_term_string"}}],"inLanguage":"cs"},{"@type":"Organization","@id":"https:\/\/www.ipsmiller.at\/en\/#organization","name":"Weingut Ipsmiller","url":"https:\/\/www.ipsmiller.at\/en\/","logo":{"@type":"ImageObject","inLanguage":"cs","@id":"https:\/\/www.ipsmiller.at\/en\/#\/schema\/logo\/image\/","url":"https:\/\/www.ipsmiller.at\/wp-content\/uploads\/2019\/11\/logo_ipsmiller_forever-wine_2019_3x.png","contentUrl":"https:\/\/www.ipsmiller.at\/wp-content\/uploads\/2019\/11\/logo_ipsmiller_forever-wine_2019_3x.png","width":361,"height":120,"caption":"Weingut Ipsmiller"},"image":{"@id":"https:\/\/www.ipsmiller.at\/en\/#\/schema\/logo\/image\/"}}]}},"_links":{"self":[{"href":"https:\/\/www.ipsmiller.at\/cs\/wp-json\/wp\/v2\/product\/66749","targetHints":{"allow":["GET"]}}],"collection":[{"href":"https:\/\/www.ipsmiller.at\/cs\/wp-json\/wp\/v2\/product"}],"about":[{"href":"https:\/\/www.ipsmiller.at\/cs\/wp-json\/wp\/v2\/types\/product"}],"wp:featuredmedia":[{"embeddable":true,"href":"https:\/\/www.ipsmiller.at\/cs\/wp-json\/wp\/v2\/media\/66732"}],"wp:attachment":[{"href":"https:\/\/www.ipsmiller.at\/cs\/wp-json\/wp\/v2\/media?parent=66749"}],"wp:term":[{"taxonomy":"product_brand","embeddable":true,"href":"https:\/\/www.ipsmiller.at\/cs\/wp-json\/wp\/v2\/product_brand?post=66749"},{"taxonomy":"product_cat","embeddable":true,"href":"https:\/\/www.ipsmiller.at\/cs\/wp-json\/wp\/v2\/product_cat?post=66749"},{"taxonomy":"product_tag","embeddable":true,"href":"https:\/\/www.ipsmiller.at\/cs\/wp-json\/wp\/v2\/product_tag?post=66749"}],"curies":[{"name":"wp","href":"https:\/\/api.w.org\/{rel}","templated":true}]}}