{"id":65881,"date":"2018-01-01T13:50:10","date_gmt":"2018-01-01T12:50:10","guid":{"rendered":"https:\/\/www.ipsmiller.at\/?post_type=product&#038;p=65881"},"modified":"2026-01-06T18:20:26","modified_gmt":"2026-01-06T17:20:26","slug":"zweigelt-classic","status":"publish","type":"product","link":"https:\/\/www.ipsmiller.at\/cs\/shop\/zweigelt-classic\/","title":{"rendered":"Zweigelt Classic 2023"},"content":{"rendered":"<div class=\"wpb-content-wrapper\"><p>[vc_row][vc_column][vc_column_text]Jemn\u00e9 lesn\u00ed plody podlo\u017een\u00e9 jemnou t\u0159e\u0161n\u00ed, na pat\u0159e \u0161\u0165avnat\u00e9, v z\u00e1v\u011bru p\u0159etrv\u00e1v\u00e1 jemn\u00e1 ovocn\u00e1 sladkost.<\/p>\n<p>Ulo\u017een\u00ed: klasick\u00e9<\/p>\n<p>Obsah alkoholu: 12 %<br \/>\nSuch\u00e9[\/vc_column_text][\/vc_column][\/vc_row]<\/p>\n<\/div>","protected":false},"excerpt":{"rendered":"<p>[vc_row][vc_column][vc_column_text]Jemn\u00e9 lesn\u00ed plody podlo\u017een\u00e9 jemnou t\u0159e\u0161n\u00ed, na pat\u0159e \u0161\u0165avnat\u00e9, v z\u00e1v\u011bru p\u0159etrv\u00e1v\u00e1 jemn\u00e1 ovocn\u00e1 sladkost. Ulo\u017een\u00ed: klasick\u00e9 Obsah alkoholu: 12 [&hellip;]<\/p>\n","protected":false},"featured_media":67313,"template":"","meta":[],"product_brand":[],"product_cat":[95],"product_tag":[],"class_list":{"0":"post-65881","1":"product","2":"type-product","3":"status-publish","4":"has-post-thumbnail","6":"product_cat-rotweine","8":"first","9":"instock","10":"taxable","11":"shipping-taxable","12":"purchasable","13":"product-type-simple"},"yoast_head":"<!-- This site is optimized with the Yoast SEO Premium plugin v26.6 (Yoast SEO v26.6) - https:\/\/yoast.com\/wordpress\/plugins\/seo\/ -->\n<title>Zweigelt Classic 2023 - Weingut Ipsmiller<\/title>\n<meta name=\"description\" content=\"Zweigelt Classic 2023 vom Weingut Ipsmiller \u2013 zarte Waldbeeren, feine Kirschfrucht und saftiger Gaumen. Klassisch ausgebaut, mit harmonischer Fruchts\u00fc\u00dfe im Abgang\" \/>\n<meta name=\"robots\" content=\"index, follow, max-snippet:-1, max-image-preview:large, max-video-preview:-1\" \/>\n<link rel=\"canonical\" href=\"https:\/\/www.ipsmiller.at\/shop\/zweigelt-classic\/\" \/>\n<meta property=\"og:locale\" content=\"cs_CZ\" \/>\n<meta property=\"og:type\" content=\"article\" \/>\n<meta property=\"og:title\" content=\"Zweigelt Classic 2023\" \/>\n<meta property=\"og:description\" content=\"Zweigelt Classic 2023 vom Weingut Ipsmiller \u2013 zarte Waldbeeren, feine Kirschfrucht und saftiger Gaumen. Klassisch ausgebaut, mit harmonischer Fruchts\u00fc\u00dfe im Abgang\" \/>\n<meta property=\"og:url\" content=\"https:\/\/www.ipsmiller.at\/shop\/zweigelt-classic\/\" \/>\n<meta property=\"og:site_name\" content=\"Weingut Ipsmiller\" \/>\n<meta property=\"article:modified_time\" content=\"2026-01-06T17:20:26+00:00\" \/>\n<meta property=\"og:image\" content=\"https:\/\/www.ipsmiller.at\/wp-content\/uploads\/2018\/01\/wein_8-1.png\" \/>\n\t<meta property=\"og:image:width\" content=\"600\" \/>\n\t<meta property=\"og:image:height\" content=\"800\" \/>\n\t<meta property=\"og:image:type\" content=\"image\/png\" \/>\n<meta name=\"twitter:card\" content=\"summary_large_image\" \/>\n<meta name=\"twitter:label1\" content=\"Odhadovan\u00e1 doba \u010dten\u00ed\" \/>\n\t<meta name=\"twitter:data1\" content=\"1 minuta\" \/>\n<script type=\"application\/ld+json\" class=\"yoast-schema-graph\">{\"@context\":\"https:\/\/schema.org\",\"@graph\":[{\"@type\":\"WebPage\",\"@id\":\"https:\/\/www.ipsmiller.at\/shop\/zweigelt-classic\/\",\"url\":\"https:\/\/www.ipsmiller.at\/shop\/zweigelt-classic\/\",\"name\":\"Zweigelt Classic 2023 - Weingut Ipsmiller\",\"isPartOf\":{\"@id\":\"https:\/\/www.ipsmiller.at\/en\/#website\"},\"primaryImageOfPage\":{\"@id\":\"https:\/\/www.ipsmiller.at\/shop\/zweigelt-classic\/#primaryimage\"},\"image\":{\"@id\":\"https:\/\/www.ipsmiller.at\/shop\/zweigelt-classic\/#primaryimage\"},\"thumbnailUrl\":\"https:\/\/www.ipsmiller.at\/wp-content\/uploads\/2018\/01\/wein_8-1.png\",\"datePublished\":\"2018-01-01T12:50:10+00:00\",\"dateModified\":\"2026-01-06T17:20:26+00:00\",\"description\":\"Zweigelt Classic 2023 vom Weingut Ipsmiller \u2013 zarte Waldbeeren, feine Kirschfrucht und saftiger Gaumen. Klassisch ausgebaut, mit harmonischer Fruchts\u00fc\u00dfe im Abgang\",\"breadcrumb\":{\"@id\":\"https:\/\/www.ipsmiller.at\/shop\/zweigelt-classic\/#breadcrumb\"},\"inLanguage\":\"cs\",\"potentialAction\":[{\"@type\":\"ReadAction\",\"target\":[\"https:\/\/www.ipsmiller.at\/shop\/zweigelt-classic\/\"]}]},{\"@type\":\"ImageObject\",\"inLanguage\":\"cs\",\"@id\":\"https:\/\/www.ipsmiller.at\/shop\/zweigelt-classic\/#primaryimage\",\"url\":\"https:\/\/www.ipsmiller.at\/wp-content\/uploads\/2018\/01\/wein_8-1.png\",\"contentUrl\":\"https:\/\/www.ipsmiller.at\/wp-content\/uploads\/2018\/01\/wein_8-1.png\",\"width\":600,\"height\":800},{\"@type\":\"BreadcrumbList\",\"@id\":\"https:\/\/www.ipsmiller.at\/shop\/zweigelt-classic\/#breadcrumb\",\"itemListElement\":[{\"@type\":\"ListItem\",\"position\":1,\"name\":\"Startseite\",\"item\":\"https:\/\/www.ipsmiller.at\/\"},{\"@type\":\"ListItem\",\"position\":2,\"name\":\"Shop\",\"item\":\"https:\/\/www.ipsmiller.at\/shop\/\"},{\"@type\":\"ListItem\",\"position\":3,\"name\":\"Zweigelt Classic 2023\"}]},{\"@type\":\"WebSite\",\"@id\":\"https:\/\/www.ipsmiller.at\/en\/#website\",\"url\":\"https:\/\/www.ipsmiller.at\/en\/\",\"name\":\"Weingut Ipsmiller\",\"description\":\"Weine aus Schrattenberg\",\"publisher\":{\"@id\":\"https:\/\/www.ipsmiller.at\/en\/#organization\"},\"potentialAction\":[{\"@type\":\"SearchAction\",\"target\":{\"@type\":\"EntryPoint\",\"urlTemplate\":\"https:\/\/www.ipsmiller.at\/en\/?s={search_term_string}\"},\"query-input\":{\"@type\":\"PropertyValueSpecification\",\"valueRequired\":true,\"valueName\":\"search_term_string\"}}],\"inLanguage\":\"cs\"},{\"@type\":\"Organization\",\"@id\":\"https:\/\/www.ipsmiller.at\/en\/#organization\",\"name\":\"Weingut Ipsmiller\",\"url\":\"https:\/\/www.ipsmiller.at\/en\/\",\"logo\":{\"@type\":\"ImageObject\",\"inLanguage\":\"cs\",\"@id\":\"https:\/\/www.ipsmiller.at\/en\/#\/schema\/logo\/image\/\",\"url\":\"https:\/\/www.ipsmiller.at\/wp-content\/uploads\/2019\/11\/logo_ipsmiller_forever-wine_2019_3x.png\",\"contentUrl\":\"https:\/\/www.ipsmiller.at\/wp-content\/uploads\/2019\/11\/logo_ipsmiller_forever-wine_2019_3x.png\",\"width\":361,\"height\":120,\"caption\":\"Weingut Ipsmiller\"},\"image\":{\"@id\":\"https:\/\/www.ipsmiller.at\/en\/#\/schema\/logo\/image\/\"}}]}<\/script>\n<!-- \/ Yoast SEO Premium plugin. -->","yoast_head_json":{"title":"Zweigelt Classic 2023 - Weingut Ipsmiller","description":"Zweigelt Classic 2023 vom Weingut Ipsmiller \u2013 zarte Waldbeeren, feine Kirschfrucht und saftiger Gaumen. Klassisch ausgebaut, mit harmonischer Fruchts\u00fc\u00dfe im Abgang","robots":{"index":"index","follow":"follow","max-snippet":"max-snippet:-1","max-image-preview":"max-image-preview:large","max-video-preview":"max-video-preview:-1"},"canonical":"https:\/\/www.ipsmiller.at\/shop\/zweigelt-classic\/","og_locale":"cs_CZ","og_type":"article","og_title":"Zweigelt Classic 2023","og_description":"Zweigelt Classic 2023 vom Weingut Ipsmiller \u2013 zarte Waldbeeren, feine Kirschfrucht und saftiger Gaumen. Klassisch ausgebaut, mit harmonischer Fruchts\u00fc\u00dfe im Abgang","og_url":"https:\/\/www.ipsmiller.at\/shop\/zweigelt-classic\/","og_site_name":"Weingut Ipsmiller","article_modified_time":"2026-01-06T17:20:26+00:00","og_image":[{"width":600,"height":800,"url":"https:\/\/www.ipsmiller.at\/wp-content\/uploads\/2018\/01\/wein_8-1.png","type":"image\/png"}],"twitter_card":"summary_large_image","twitter_misc":{"Odhadovan\u00e1 doba \u010dten\u00ed":"1 minuta"},"schema":{"@context":"https:\/\/schema.org","@graph":[{"@type":"WebPage","@id":"https:\/\/www.ipsmiller.at\/shop\/zweigelt-classic\/","url":"https:\/\/www.ipsmiller.at\/shop\/zweigelt-classic\/","name":"Zweigelt Classic 2023 - Weingut Ipsmiller","isPartOf":{"@id":"https:\/\/www.ipsmiller.at\/en\/#website"},"primaryImageOfPage":{"@id":"https:\/\/www.ipsmiller.at\/shop\/zweigelt-classic\/#primaryimage"},"image":{"@id":"https:\/\/www.ipsmiller.at\/shop\/zweigelt-classic\/#primaryimage"},"thumbnailUrl":"https:\/\/www.ipsmiller.at\/wp-content\/uploads\/2018\/01\/wein_8-1.png","datePublished":"2018-01-01T12:50:10+00:00","dateModified":"2026-01-06T17:20:26+00:00","description":"Zweigelt Classic 2023 vom Weingut Ipsmiller \u2013 zarte Waldbeeren, feine Kirschfrucht und saftiger Gaumen. Klassisch ausgebaut, mit harmonischer Fruchts\u00fc\u00dfe im Abgang","breadcrumb":{"@id":"https:\/\/www.ipsmiller.at\/shop\/zweigelt-classic\/#breadcrumb"},"inLanguage":"cs","potentialAction":[{"@type":"ReadAction","target":["https:\/\/www.ipsmiller.at\/shop\/zweigelt-classic\/"]}]},{"@type":"ImageObject","inLanguage":"cs","@id":"https:\/\/www.ipsmiller.at\/shop\/zweigelt-classic\/#primaryimage","url":"https:\/\/www.ipsmiller.at\/wp-content\/uploads\/2018\/01\/wein_8-1.png","contentUrl":"https:\/\/www.ipsmiller.at\/wp-content\/uploads\/2018\/01\/wein_8-1.png","width":600,"height":800},{"@type":"BreadcrumbList","@id":"https:\/\/www.ipsmiller.at\/shop\/zweigelt-classic\/#breadcrumb","itemListElement":[{"@type":"ListItem","position":1,"name":"Startseite","item":"https:\/\/www.ipsmiller.at\/"},{"@type":"ListItem","position":2,"name":"Shop","item":"https:\/\/www.ipsmiller.at\/shop\/"},{"@type":"ListItem","position":3,"name":"Zweigelt Classic 2023"}]},{"@type":"WebSite","@id":"https:\/\/www.ipsmiller.at\/en\/#website","url":"https:\/\/www.ipsmiller.at\/en\/","name":"Weingut Ipsmiller","description":"Weine aus Schrattenberg","publisher":{"@id":"https:\/\/www.ipsmiller.at\/en\/#organization"},"potentialAction":[{"@type":"SearchAction","target":{"@type":"EntryPoint","urlTemplate":"https:\/\/www.ipsmiller.at\/en\/?s={search_term_string}"},"query-input":{"@type":"PropertyValueSpecification","valueRequired":true,"valueName":"search_term_string"}}],"inLanguage":"cs"},{"@type":"Organization","@id":"https:\/\/www.ipsmiller.at\/en\/#organization","name":"Weingut Ipsmiller","url":"https:\/\/www.ipsmiller.at\/en\/","logo":{"@type":"ImageObject","inLanguage":"cs","@id":"https:\/\/www.ipsmiller.at\/en\/#\/schema\/logo\/image\/","url":"https:\/\/www.ipsmiller.at\/wp-content\/uploads\/2019\/11\/logo_ipsmiller_forever-wine_2019_3x.png","contentUrl":"https:\/\/www.ipsmiller.at\/wp-content\/uploads\/2019\/11\/logo_ipsmiller_forever-wine_2019_3x.png","width":361,"height":120,"caption":"Weingut Ipsmiller"},"image":{"@id":"https:\/\/www.ipsmiller.at\/en\/#\/schema\/logo\/image\/"}}]}},"_links":{"self":[{"href":"https:\/\/www.ipsmiller.at\/cs\/wp-json\/wp\/v2\/product\/65881","targetHints":{"allow":["GET"]}}],"collection":[{"href":"https:\/\/www.ipsmiller.at\/cs\/wp-json\/wp\/v2\/product"}],"about":[{"href":"https:\/\/www.ipsmiller.at\/cs\/wp-json\/wp\/v2\/types\/product"}],"wp:featuredmedia":[{"embeddable":true,"href":"https:\/\/www.ipsmiller.at\/cs\/wp-json\/wp\/v2\/media\/67313"}],"wp:attachment":[{"href":"https:\/\/www.ipsmiller.at\/cs\/wp-json\/wp\/v2\/media?parent=65881"}],"wp:term":[{"taxonomy":"product_brand","embeddable":true,"href":"https:\/\/www.ipsmiller.at\/cs\/wp-json\/wp\/v2\/product_brand?post=65881"},{"taxonomy":"product_cat","embeddable":true,"href":"https:\/\/www.ipsmiller.at\/cs\/wp-json\/wp\/v2\/product_cat?post=65881"},{"taxonomy":"product_tag","embeddable":true,"href":"https:\/\/www.ipsmiller.at\/cs\/wp-json\/wp\/v2\/product_tag?post=65881"}],"curies":[{"name":"wp","href":"https:\/\/api.w.org\/{rel}","templated":true}]}}