{"id":65527,"date":"2024-03-19T15:15:37","date_gmt":"2024-03-19T14:15:37","guid":{"rendered":"https:\/\/www.ipsmiller.at\/?post_type=product&#038;p=65527"},"modified":"2025-03-24T11:24:22","modified_gmt":"2025-03-24T10:24:22","slug":"empress-sissi-cuvee-rot","status":"publish","type":"product","link":"https:\/\/www.ipsmiller.at\/cs\/shop\/empress-sissi-cuvee-rot\/","title":{"rendered":"Empress Sissi Cuve\u00e9 2019"},"content":{"rendered":"<div class=\"wpb-content-wrapper\"><p>[vc_row][vc_column][vc_column_text uncode_shortcode_id=&#8220;136144&#8243;]Cuve\u00e9 z 50 % Cabernet Sauvignon, 30 % Merlot a 20 % Zweigelt<\/p>\n<p>V\u016fn\u011b tmav\u00e9ho lesn\u00edho ovoce, t\u00f3ny \u010dern\u00e9ho ryb\u00edzu s mocn\u00fdm t\u011blem, v\u00fdrazn\u00e9 aroma po pra\u017een\u00ed, dob\u0159e integrovan\u00e9 taniny, komplexn\u00ed dlouh\u00fd z\u00e1v\u011br.<\/p>\n<p>Ulo\u017een\u00ed: 24 m\u011bs\u00edc\u016f v bariku, americky dub<\/p>\n<p>Obsah alkoholu: 14 %<br \/>\nSuch\u00e9[\/vc_column_text][\/vc_column][\/vc_row]<\/p>\n<\/div>","protected":false},"excerpt":{"rendered":"<p>[vc_row][vc_column][vc_column_text uncode_shortcode_id=&#8220;136144&#8243;]Cuve\u00e9 z 50 % Cabernet Sauvignon, 30 % Merlot a 20 % Zweigelt V\u016fn\u011b tmav\u00e9ho lesn\u00edho ovoce, t\u00f3ny \u010dern\u00e9ho [&hellip;]<\/p>\n","protected":false},"featured_media":65522,"template":"","meta":[],"product_brand":[],"product_cat":[95,115],"product_tag":[],"class_list":{"0":"post-65527","1":"product","2":"type-product","3":"status-publish","4":"has-post-thumbnail","6":"product_cat-rotweine","7":"product_cat-empress-sissi","9":"first","10":"instock","11":"taxable","12":"shipping-taxable","13":"purchasable","14":"product-type-simple"},"yoast_head":"<!-- This site is optimized with the Yoast SEO Premium plugin v26.6 (Yoast SEO v26.6) - https:\/\/yoast.com\/wordpress\/plugins\/seo\/ -->\n<title>Empress Sissi Cuve\u00e9 2019 - Weingut Ipsmiller<\/title>\n<meta name=\"description\" content=\"Empress Sissi Cuve\u00e9 2019 vom Weingut Ipsmiller \u2013 kr\u00e4ftige Cuv\u00e9e aus Cabernet Sauvignon, Merlot &amp; Zweigelt. Dunkle Beerenfrucht &amp; Cassisnoten.\" \/>\n<meta name=\"robots\" content=\"index, follow, max-snippet:-1, max-image-preview:large, max-video-preview:-1\" \/>\n<link rel=\"canonical\" href=\"https:\/\/www.ipsmiller.at\/shop\/empress-sissi-cuvee-rot\/\" \/>\n<meta property=\"og:locale\" content=\"cs_CZ\" \/>\n<meta property=\"og:type\" content=\"article\" \/>\n<meta property=\"og:title\" content=\"Empress Sissi Cuve\u00e9 2019\" \/>\n<meta property=\"og:description\" content=\"Empress Sissi Cuve\u00e9 2019 vom Weingut Ipsmiller \u2013 kr\u00e4ftige Cuv\u00e9e aus Cabernet Sauvignon, Merlot &amp; Zweigelt. Dunkle Beerenfrucht &amp; Cassisnoten.\" \/>\n<meta property=\"og:url\" content=\"https:\/\/www.ipsmiller.at\/shop\/empress-sissi-cuvee-rot\/\" \/>\n<meta property=\"og:site_name\" content=\"Weingut Ipsmiller\" \/>\n<meta property=\"article:modified_time\" content=\"2025-03-24T10:24:22+00:00\" \/>\n<meta property=\"og:image\" content=\"https:\/\/www.ipsmiller.at\/wp-content\/uploads\/2017\/10\/wein_4.png\" \/>\n\t<meta property=\"og:image:width\" content=\"600\" \/>\n\t<meta property=\"og:image:height\" content=\"800\" \/>\n\t<meta property=\"og:image:type\" content=\"image\/png\" \/>\n<meta name=\"twitter:card\" content=\"summary_large_image\" \/>\n<meta name=\"twitter:label1\" content=\"Odhadovan\u00e1 doba \u010dten\u00ed\" \/>\n\t<meta name=\"twitter:data1\" content=\"1 minuta\" \/>\n<script type=\"application\/ld+json\" class=\"yoast-schema-graph\">{\"@context\":\"https:\/\/schema.org\",\"@graph\":[{\"@type\":\"WebPage\",\"@id\":\"https:\/\/www.ipsmiller.at\/shop\/empress-sissi-cuvee-rot\/\",\"url\":\"https:\/\/www.ipsmiller.at\/shop\/empress-sissi-cuvee-rot\/\",\"name\":\"Empress Sissi Cuve\u00e9 2019 - Weingut Ipsmiller\",\"isPartOf\":{\"@id\":\"https:\/\/www.ipsmiller.at\/en\/#website\"},\"primaryImageOfPage\":{\"@id\":\"https:\/\/www.ipsmiller.at\/shop\/empress-sissi-cuvee-rot\/#primaryimage\"},\"image\":{\"@id\":\"https:\/\/www.ipsmiller.at\/shop\/empress-sissi-cuvee-rot\/#primaryimage\"},\"thumbnailUrl\":\"https:\/\/www.ipsmiller.at\/wp-content\/uploads\/2017\/10\/wein_4.png\",\"datePublished\":\"2024-03-19T14:15:37+00:00\",\"dateModified\":\"2025-03-24T10:24:22+00:00\",\"description\":\"Empress Sissi Cuve\u00e9 2019 vom Weingut Ipsmiller \u2013 kr\u00e4ftige Cuv\u00e9e aus Cabernet Sauvignon, Merlot & Zweigelt. Dunkle Beerenfrucht & Cassisnoten.\",\"breadcrumb\":{\"@id\":\"https:\/\/www.ipsmiller.at\/shop\/empress-sissi-cuvee-rot\/#breadcrumb\"},\"inLanguage\":\"cs\",\"potentialAction\":[{\"@type\":\"ReadAction\",\"target\":[\"https:\/\/www.ipsmiller.at\/shop\/empress-sissi-cuvee-rot\/\"]}]},{\"@type\":\"ImageObject\",\"inLanguage\":\"cs\",\"@id\":\"https:\/\/www.ipsmiller.at\/shop\/empress-sissi-cuvee-rot\/#primaryimage\",\"url\":\"https:\/\/www.ipsmiller.at\/wp-content\/uploads\/2017\/10\/wein_4.png\",\"contentUrl\":\"https:\/\/www.ipsmiller.at\/wp-content\/uploads\/2017\/10\/wein_4.png\",\"width\":600,\"height\":800},{\"@type\":\"BreadcrumbList\",\"@id\":\"https:\/\/www.ipsmiller.at\/shop\/empress-sissi-cuvee-rot\/#breadcrumb\",\"itemListElement\":[{\"@type\":\"ListItem\",\"position\":1,\"name\":\"Startseite\",\"item\":\"https:\/\/www.ipsmiller.at\/\"},{\"@type\":\"ListItem\",\"position\":2,\"name\":\"Shop\",\"item\":\"https:\/\/www.ipsmiller.at\/shop\/\"},{\"@type\":\"ListItem\",\"position\":3,\"name\":\"Empress Sissi Cuve\u00e9 2019\"}]},{\"@type\":\"WebSite\",\"@id\":\"https:\/\/www.ipsmiller.at\/en\/#website\",\"url\":\"https:\/\/www.ipsmiller.at\/en\/\",\"name\":\"Weingut Ipsmiller\",\"description\":\"Weine aus Schrattenberg\",\"publisher\":{\"@id\":\"https:\/\/www.ipsmiller.at\/en\/#organization\"},\"potentialAction\":[{\"@type\":\"SearchAction\",\"target\":{\"@type\":\"EntryPoint\",\"urlTemplate\":\"https:\/\/www.ipsmiller.at\/en\/?s={search_term_string}\"},\"query-input\":{\"@type\":\"PropertyValueSpecification\",\"valueRequired\":true,\"valueName\":\"search_term_string\"}}],\"inLanguage\":\"cs\"},{\"@type\":\"Organization\",\"@id\":\"https:\/\/www.ipsmiller.at\/en\/#organization\",\"name\":\"Weingut Ipsmiller\",\"url\":\"https:\/\/www.ipsmiller.at\/en\/\",\"logo\":{\"@type\":\"ImageObject\",\"inLanguage\":\"cs\",\"@id\":\"https:\/\/www.ipsmiller.at\/en\/#\/schema\/logo\/image\/\",\"url\":\"https:\/\/www.ipsmiller.at\/wp-content\/uploads\/2019\/11\/logo_ipsmiller_forever-wine_2019_3x.png\",\"contentUrl\":\"https:\/\/www.ipsmiller.at\/wp-content\/uploads\/2019\/11\/logo_ipsmiller_forever-wine_2019_3x.png\",\"width\":361,\"height\":120,\"caption\":\"Weingut Ipsmiller\"},\"image\":{\"@id\":\"https:\/\/www.ipsmiller.at\/en\/#\/schema\/logo\/image\/\"}}]}<\/script>\n<!-- \/ Yoast SEO Premium plugin. -->","yoast_head_json":{"title":"Empress Sissi Cuve\u00e9 2019 - Weingut Ipsmiller","description":"Empress Sissi Cuve\u00e9 2019 vom Weingut Ipsmiller \u2013 kr\u00e4ftige Cuv\u00e9e aus Cabernet Sauvignon, Merlot & Zweigelt. Dunkle Beerenfrucht & Cassisnoten.","robots":{"index":"index","follow":"follow","max-snippet":"max-snippet:-1","max-image-preview":"max-image-preview:large","max-video-preview":"max-video-preview:-1"},"canonical":"https:\/\/www.ipsmiller.at\/shop\/empress-sissi-cuvee-rot\/","og_locale":"cs_CZ","og_type":"article","og_title":"Empress Sissi Cuve\u00e9 2019","og_description":"Empress Sissi Cuve\u00e9 2019 vom Weingut Ipsmiller \u2013 kr\u00e4ftige Cuv\u00e9e aus Cabernet Sauvignon, Merlot & Zweigelt. Dunkle Beerenfrucht & Cassisnoten.","og_url":"https:\/\/www.ipsmiller.at\/shop\/empress-sissi-cuvee-rot\/","og_site_name":"Weingut Ipsmiller","article_modified_time":"2025-03-24T10:24:22+00:00","og_image":[{"width":600,"height":800,"url":"https:\/\/www.ipsmiller.at\/wp-content\/uploads\/2017\/10\/wein_4.png","type":"image\/png"}],"twitter_card":"summary_large_image","twitter_misc":{"Odhadovan\u00e1 doba \u010dten\u00ed":"1 minuta"},"schema":{"@context":"https:\/\/schema.org","@graph":[{"@type":"WebPage","@id":"https:\/\/www.ipsmiller.at\/shop\/empress-sissi-cuvee-rot\/","url":"https:\/\/www.ipsmiller.at\/shop\/empress-sissi-cuvee-rot\/","name":"Empress Sissi Cuve\u00e9 2019 - Weingut Ipsmiller","isPartOf":{"@id":"https:\/\/www.ipsmiller.at\/en\/#website"},"primaryImageOfPage":{"@id":"https:\/\/www.ipsmiller.at\/shop\/empress-sissi-cuvee-rot\/#primaryimage"},"image":{"@id":"https:\/\/www.ipsmiller.at\/shop\/empress-sissi-cuvee-rot\/#primaryimage"},"thumbnailUrl":"https:\/\/www.ipsmiller.at\/wp-content\/uploads\/2017\/10\/wein_4.png","datePublished":"2024-03-19T14:15:37+00:00","dateModified":"2025-03-24T10:24:22+00:00","description":"Empress Sissi Cuve\u00e9 2019 vom Weingut Ipsmiller \u2013 kr\u00e4ftige Cuv\u00e9e aus Cabernet Sauvignon, Merlot & Zweigelt. Dunkle Beerenfrucht & Cassisnoten.","breadcrumb":{"@id":"https:\/\/www.ipsmiller.at\/shop\/empress-sissi-cuvee-rot\/#breadcrumb"},"inLanguage":"cs","potentialAction":[{"@type":"ReadAction","target":["https:\/\/www.ipsmiller.at\/shop\/empress-sissi-cuvee-rot\/"]}]},{"@type":"ImageObject","inLanguage":"cs","@id":"https:\/\/www.ipsmiller.at\/shop\/empress-sissi-cuvee-rot\/#primaryimage","url":"https:\/\/www.ipsmiller.at\/wp-content\/uploads\/2017\/10\/wein_4.png","contentUrl":"https:\/\/www.ipsmiller.at\/wp-content\/uploads\/2017\/10\/wein_4.png","width":600,"height":800},{"@type":"BreadcrumbList","@id":"https:\/\/www.ipsmiller.at\/shop\/empress-sissi-cuvee-rot\/#breadcrumb","itemListElement":[{"@type":"ListItem","position":1,"name":"Startseite","item":"https:\/\/www.ipsmiller.at\/"},{"@type":"ListItem","position":2,"name":"Shop","item":"https:\/\/www.ipsmiller.at\/shop\/"},{"@type":"ListItem","position":3,"name":"Empress Sissi Cuve\u00e9 2019"}]},{"@type":"WebSite","@id":"https:\/\/www.ipsmiller.at\/en\/#website","url":"https:\/\/www.ipsmiller.at\/en\/","name":"Weingut Ipsmiller","description":"Weine aus Schrattenberg","publisher":{"@id":"https:\/\/www.ipsmiller.at\/en\/#organization"},"potentialAction":[{"@type":"SearchAction","target":{"@type":"EntryPoint","urlTemplate":"https:\/\/www.ipsmiller.at\/en\/?s={search_term_string}"},"query-input":{"@type":"PropertyValueSpecification","valueRequired":true,"valueName":"search_term_string"}}],"inLanguage":"cs"},{"@type":"Organization","@id":"https:\/\/www.ipsmiller.at\/en\/#organization","name":"Weingut Ipsmiller","url":"https:\/\/www.ipsmiller.at\/en\/","logo":{"@type":"ImageObject","inLanguage":"cs","@id":"https:\/\/www.ipsmiller.at\/en\/#\/schema\/logo\/image\/","url":"https:\/\/www.ipsmiller.at\/wp-content\/uploads\/2019\/11\/logo_ipsmiller_forever-wine_2019_3x.png","contentUrl":"https:\/\/www.ipsmiller.at\/wp-content\/uploads\/2019\/11\/logo_ipsmiller_forever-wine_2019_3x.png","width":361,"height":120,"caption":"Weingut Ipsmiller"},"image":{"@id":"https:\/\/www.ipsmiller.at\/en\/#\/schema\/logo\/image\/"}}]}},"_links":{"self":[{"href":"https:\/\/www.ipsmiller.at\/cs\/wp-json\/wp\/v2\/product\/65527","targetHints":{"allow":["GET"]}}],"collection":[{"href":"https:\/\/www.ipsmiller.at\/cs\/wp-json\/wp\/v2\/product"}],"about":[{"href":"https:\/\/www.ipsmiller.at\/cs\/wp-json\/wp\/v2\/types\/product"}],"wp:featuredmedia":[{"embeddable":true,"href":"https:\/\/www.ipsmiller.at\/cs\/wp-json\/wp\/v2\/media\/65522"}],"wp:attachment":[{"href":"https:\/\/www.ipsmiller.at\/cs\/wp-json\/wp\/v2\/media?parent=65527"}],"wp:term":[{"taxonomy":"product_brand","embeddable":true,"href":"https:\/\/www.ipsmiller.at\/cs\/wp-json\/wp\/v2\/product_brand?post=65527"},{"taxonomy":"product_cat","embeddable":true,"href":"https:\/\/www.ipsmiller.at\/cs\/wp-json\/wp\/v2\/product_cat?post=65527"},{"taxonomy":"product_tag","embeddable":true,"href":"https:\/\/www.ipsmiller.at\/cs\/wp-json\/wp\/v2\/product_tag?post=65527"}],"curies":[{"name":"wp","href":"https:\/\/api.w.org\/{rel}","templated":true}]}}