{"id":69420,"date":"2024-09-02T10:42:29","date_gmt":"2024-09-02T08:42:29","guid":{"rendered":"https:\/\/www.ipsmiller.at\/?page_id=69420"},"modified":"2024-10-01T11:00:14","modified_gmt":"2024-10-01T09:00:14","slug":"rotwein-im-kosicky-kraj","status":"publish","type":"page","link":"https:\/\/www.ipsmiller.at\/cs\/rotwein-im-kosicky-kraj\/","title":{"rendered":"Rotwein im Ko\u0161ick\u00fd kraj"},"content":{"rendered":"<div class=\"wpb-content-wrapper\"><p>[vc_row unlock_row_content=&#8220;yes&#8220; row_height_percent=&#8220;0&#8243; overlay_alpha=&#8220;50&#8243; equal_height=&#8220;yes&#8220; gutter_size=&#8220;3&#8243; column_width_percent=&#8220;100&#8243; shift_y=&#8220;0&#8243; z_index=&#8220;0&#8243;][vc_column column_width_percent=&#8220;100&#8243; gutter_size=&#8220;3&#8243; style=&#8220;dark&#8220; back_color=&#8220;color-wayh&#8220; overlay_alpha=&#8220;50&#8243; shift_x=&#8220;0&#8243; shift_y=&#8220;0&#8243; shift_y_down=&#8220;0&#8243; z_index=&#8220;0&#8243; medium_width=&#8220;0&#8243; mobile_width=&#8220;0&#8243; width=&#8220;1\/3&#8243;][vc_custom_heading text_size=&#8220;&#8220; text_align=&#8220;text-left&#8220; text_uppercase=&#8220;&#8220;]Rodina &amp; Zku\u0161enosti[\/vc_custom_heading][vc_column_text]V centru pozornosti na\u0161\u00ed rodiny je snaha zachovat odkaz p\u0159edchoz\u00edch generac\u00ed: vyr\u00e1b\u011bt u\u0161lechtil\u00e1 v\u00edna t\u00e9 nejvy\u0161\u0161\u00ed kvality.<\/p>\n<p>Na\u0161i metoducharakterizujedlouh\u00e1 tradice, modern\u00ed zp\u016fsob zpracov\u00e1n\u00ed v\u00edna a n\u00e1le\u017eit\u00e1 p\u00e9\u010de o vinn\u00e9 hrozny. Toto vina\u0159sk\u00e9 um\u011bn\u00ednyn\u00ed neserukopis Petry Ipsmillerov\u00e9, p\u0159edstavitelky ji\u017e osm\u00e9 generace, kter\u00e1 d\u00edky sv\u00fdm znalostem a nad\u00e1n\u00edzu\u0161lech\u0165ujena\u0161e v\u00edna a v\u0161t\u011bpuje jim nezam\u011bniteln\u00fd charakter.[\/vc_column_text][\/vc_column][vc_column column_width_percent=&#8220;100&#8243; gutter_size=&#8220;3&#8243; style=&#8220;dark&#8220; back_color=&#8220;color-wayh&#8220; overlay_alpha=&#8220;50&#8243; shift_x=&#8220;0&#8243; shift_y=&#8220;0&#8243; shift_y_down=&#8220;0&#8243; z_index=&#8220;0&#8243; medium_width=&#8220;0&#8243; mobile_width=&#8220;0&#8243; width=&#8220;1\/3&#8243;][vc_custom_heading text_size=&#8220;&#8220; text_align=&#8220;text-left&#8220; text_uppercase=&#8220;&#8220;]KVALITA ZAVAZUJE[\/vc_custom_heading][vc_column_text]Cit pro spr\u00e1vn\u00fd v\u00fdb\u011br r\u00e9vy a jej\u00ed n\u00e1le\u017eit\u00e9 zpracov\u00e1n\u00ed, dobr\u00e1 bonita, slune\u010dn\u00e9 svahy a pe\u010dliv\u00e9 dozr\u00e1v\u00e1n\u00ed v na\u0161em vinn\u00e9m sklep\u011b na v\u00e1s d\u00fdchne ze v\u0161ech stran. A d\u00edky tomu se ko\u0161tov\u00e1n\u00ed na\u0161ich v\u00edn st\u00e1v\u00e1 opravdov\u00fdm z\u00e1\u017eitkem.<\/p>\n<p>Na\u0161\u00ed v\u00fdsadou je lisovat harmonick\u00e1 a pln\u00e1 v\u00edna, je\u017e p\u0159in\u00e1\u0161ej\u00ed chu\u0165ov\u00fd po\u017eitek. P\u0159edpokladem je n\u00e1le\u017eit\u00e1 p\u00e9\u010de o zdrav\u00ed hrozn\u016f, kterou prov\u00e1d\u00edme v pr\u016fb\u011bhu cel\u00e9ho vegeta\u010dn\u00edho obdob\u00ed. Pouze zdrav\u00e9 a zral\u00e9 hrozny jsou kl\u00ed\u010dem k t\u00e9 nejvy\u0161\u0161\u00ed kvalit\u011b v\u00edna. [\/vc_column_text][\/vc_column][vc_column column_width_percent=&#8220;100&#8243; gutter_size=&#8220;3&#8243; style=&#8220;dark&#8220; back_color=&#8220;color-wayh&#8220; overlay_alpha=&#8220;50&#8243; shift_x=&#8220;0&#8243; shift_y=&#8220;0&#8243; shift_y_down=&#8220;0&#8243; z_index=&#8220;0&#8243; medium_width=&#8220;0&#8243; mobile_width=&#8220;0&#8243; width=&#8220;1\/3&#8243;][vc_custom_heading text_size=&#8220;&#8220; text_align=&#8220;text-left&#8220; text_uppercase=&#8220;&#8220;]Podnik &amp; Tradice[\/vc_custom_heading][vc_column_text]Vina\u0159stv\u00ed Ipsmiller se zab\u00fdv\u00e1 v\u00fdrobou \u010derven\u00fdch a b\u00edl\u00fdch v\u00edn \u00fasp\u011b\u0161n\u011b ji\u017e osm generac\u00ed. \u0158emesln\u00fd um a poznatky o tom, jak ze zdrav\u00fdch, zral\u00fdch bobul\u00ed lisovat pln\u00e1 a harmonick\u00e1 v\u00edna, se u n\u00e1s d\u011bd\u00ed z generace na generaci. Tento recept na kvalitu dodr\u017eujeme i dnes p\u0159i v\u00fdrob\u011b v\u00edn s vlastn\u00edm rukopisem.<\/p>\n<p>Ka\u017ed\u00e9 v\u00edno oko\u0161tujemenejprve v r\u00e1mci rodiny. A\u017e pot\u00e9 se m\u016f\u017ee za\u010d\u00edt st\u00e1\u010det do lahv\u00ed. Tak zn\u00ed jedno z na\u0161ich,po generace dodr\u017eovan\u00fdch,vina\u0159sk\u00fdch tajemstv\u00ed.[\/vc_column_text][\/vc_column][\/vc_row][vc_row unlock_row_content=&#8220;yes&#8220; row_height_percent=&#8220;0&#8243; back_color=&#8220;color-wayh&#8220; overlay_alpha=&#8220;50&#8243; gutter_size=&#8220;3&#8243; column_width_percent=&#8220;100&#8243; shift_y=&#8220;0&#8243; z_index=&#8220;0&#8243;][vc_column width=&#8220;1\/1&#8243;][vc_gallery el_id=&#8220;gallery-168767&#8243; medias=&#8220;65617,65894,66615,65901,65898,65900,65899,68437&#8243; style_preset=&#8220;metro&#8220; gutter_size=&#8220;3&#8243; media_items=&#8220;media|lightbox|original&#8220; screen_lg=&#8220;1000&#8243; screen_md=&#8220;600&#8243; screen_sm=&#8220;480&#8243; single_width=&#8220;3&#8243; single_height=&#8220;2&#8243; single_overlay_opacity=&#8220;50&#8243; single_padding=&#8220;2&#8243; single_border=&#8220;yes&#8220; lbox_no_tmb=&#8220;yes&#8220; uncode_shortcode_id=&#8220;157754&#8243;][\/vc_column][\/vc_row][vc_row unlock_row_content=&#8220;yes&#8220; row_height_percent=&#8220;0&#8243; overlay_alpha=&#8220;50&#8243; equal_height=&#8220;yes&#8220; gutter_size=&#8220;3&#8243; column_width_percent=&#8220;100&#8243; shift_y=&#8220;0&#8243; z_index=&#8220;0&#8243;][vc_column column_width_percent=&#8220;100&#8243; gutter_size=&#8220;3&#8243; style=&#8220;dark&#8220; back_color=&#8220;color-wayh&#8220; overlay_alpha=&#8220;50&#8243; shift_x=&#8220;0&#8243; shift_y=&#8220;0&#8243; shift_y_down=&#8220;0&#8243; z_index=&#8220;0&#8243; medium_width=&#8220;0&#8243; mobile_width=&#8220;0&#8243; width=&#8220;1\/3&#8243;][vc_custom_heading text_size=&#8220;&#8220; text_align=&#8220;text-left&#8220; text_uppercase=&#8220;&#8220;]Nejlep\u0161\u00ed podm\u00ednky[\/vc_custom_heading][vc_column_text]V nadmo\u0159sk\u00e9 v\u00fd\u0161ce 286 metr\u016f se rozprost\u00edraj\u00ed v\u00fdb\u011b\u017eky V\u00e1pencov\u00fdch Alp (Kalkalpen), p\u0159i\u010dem\u017e nejp\u0159\u00edzniv\u011bj\u0161\u00edm m\u00edstem pro p\u011bstov\u00e1n\u00ed \u010derven\u00e9ho je Raistenberg. Na v\u00fdchod le\u017e\u00edlokalita Zuckermandeln, kde se nejl\u00e9pe da\u0159\u00ed Veltl\u00ednsk\u00e9mu zelen\u00e9mu a Ryzlinku vla\u0161sk\u00e9mu, severn\u011b je to vinice Satzen. Dal\u0161\u00edm \u201enej\u201c m\u00edstem je vinice Johannesbergen v sousedn\u00ed vina\u0159sk\u00e9 obci Herrnbaumgarten, kde zraj\u00ed excelentn\u00ed Veltl\u00ednsk\u00e1 zelen\u00e1 s ovocn\u00fdm buketem.<\/p>\n<p>Poloha Schrattenbergu v tzv. kotli je ve Weinviertelu jedine\u010dn\u00e1 a p\u0159edur\u010duje k lisov\u00e1n\u00ed pln\u00fdch a harmonick\u00fdch \u010derven\u00fdch v\u00edn.[\/vc_column_text][\/vc_column][vc_column column_width_percent=&#8220;100&#8243; gutter_size=&#8220;3&#8243; style=&#8220;dark&#8220; back_color=&#8220;color-wayh&#8220; overlay_alpha=&#8220;50&#8243; shift_x=&#8220;0&#8243; shift_y=&#8220;0&#8243; shift_y_down=&#8220;0&#8243; z_index=&#8220;0&#8243; medium_width=&#8220;0&#8243; mobile_width=&#8220;0&#8243; width=&#8220;1\/3&#8243;][vc_custom_heading text_size=&#8220;&#8220; text_align=&#8220;text-left&#8220; text_uppercase=&#8220;&#8220;]U\u0161lechtil\u00e1 \u010derven\u00e1 v\u00edna[\/vc_custom_heading][vc_column_text uncode_shortcode_id=&#8220;958371&#8243;]Slogan \u201eNejv\u011bt\u0161\u00ed spole\u010denstv\u00ed p\u011bstitel\u016f \u010derven\u00fdch v\u00edn na A5\u201c skr\u00fdv\u00e1 pro milovn\u00edky a vyznava\u010de \u010derven\u00e9ho v\u00edna velk\u00e9 p\u0159ekvapen\u00ed.<\/p>\n<p>Pouh\u00fdch 500 m vzd\u00e1len\u00e1 \u010desk\u00e1 jezern\u00ed krajina akumulujep\u0159es den tepl\u00e9 slune\u010dn\u00ed paprsky. Ty proud\u00ed po z\u00e1padu slunce d\u00edky severov\u00fdchodn\u00edm v\u011btr\u016fm do Schrattenbergu, kde vytv\u00e1\u0159ej\u00ed znamenit\u00e9 podm\u00ednky pro dozr\u00e1v\u00e1n\u00ed \u010derven\u00fdch vinn\u00fdch odr\u016fd jako jsou Zweigeltrebe, Svatovav\u0159ineck\u00e9, Frankovka, Merlot, Cabernet Sauvignon a SYRAH.[\/vc_column_text][\/vc_column][vc_column column_width_percent=&#8220;100&#8243; gutter_size=&#8220;3&#8243; style=&#8220;dark&#8220; back_color=&#8220;color-wayh&#8220; overlay_alpha=&#8220;50&#8243; shift_x=&#8220;0&#8243; shift_y=&#8220;0&#8243; shift_y_down=&#8220;0&#8243; z_index=&#8220;0&#8243; medium_width=&#8220;0&#8243; mobile_width=&#8220;0&#8243; width=&#8220;1\/3&#8243;][vc_custom_heading text_size=&#8220;&#8220; text_align=&#8220;text-left&#8220; text_uppercase=&#8220;&#8220; uncode_shortcode_id=&#8220;954126&#8243;]Po\u017eitek z v\u00edna se zodpov\u011bdnost\u00ed![\/vc_custom_heading][vc_column_text uncode_shortcode_id=&#8220;561470&#8243;]Ve vina\u0159stv\u00ed bereme slovo \u201eudr\u017eitelnost\u201c velmi v\u00e1\u017en\u011b. Zam\u011b\u0159ujeme se na n\u00e1sleduj\u00edc\u00ed oblasti \u010dinnosti, kter\u00e9 realizujeme s pe\u010det\u00ed schv\u00e1len\u00ed \u201eUdr\u017eiteln\u00e9 Rakousko\u201c. Zam\u011b\u0159ujeme se na n\u00e1sleduj\u00edc\u00ed aspekty:<\/p>\n<ul>\n<li>klimatick\u00e1 neutralita<\/li>\n<li>pou\u017eit\u00ed vody<\/li>\n<li>vyu\u017eit\u00ed energie<\/li>\n<li>vyu\u017eit\u00ed zdroj\u016f<\/li>\n<li>\u00farodnost p\u016fdy<\/li>\n<li>biodiverzita<\/li>\n<li>Vysok\u00e9 standardy kvality<\/li>\n<li>soci\u00e1ln\u00ed aspekty<\/li>\n<li>ekonomick\u00e1 \u017eivotaschopnost<\/li>\n<\/ul>\n<p>\u017dijeme v dob\u011b, kdy je d\u016fle\u017eit\u00e9 n\u00e9st odpov\u011bdnost spole\u010dn\u011b: za na\u0161e klima, na\u0161e zdroje a samoz\u0159ejm\u011b za lidi.<\/p>\n<p>Nov\u00e1 pe\u010de\u0165 kvality \u201eSustainable Austria\u201c v\u00e1m k tomu d\u00e1v\u00e1 p\u0159\u00edle\u017eitost. Vychutnejte si v\u00edna, kter\u00e1 udr\u017eiteln\u011b vedou do budoucnosti \u2013 do sv\u011bta, ve kter\u00e9m se po\u010d\u00edtaj\u00ed etick\u00e9 hodnoty a odpov\u011bdn\u00e9 jedn\u00e1n\u00ed.<\/p>\n<p>Pe\u010de\u0165 kvality slibuje udr\u017eitelnost ve skle pro v\u0161echna v\u00edna IPSMILLER. Udr\u017eiteln\u00fd pro generace ve firm\u011b a pro na\u0161e spokojen\u00e9 z\u00e1kazn\u00edky.[\/vc_column_text][\/vc_column][\/vc_row][vc_row unlock_row_content=&#8220;yes&#8220; row_height_percent=&#8220;0&#8243; override_padding=&#8220;yes&#8220; h_padding=&#8220;3&#8243; top_padding=&#8220;3&#8243; bottom_padding=&#8220;3&#8243; overlay_alpha=&#8220;100&#8243; gutter_size=&#8220;0&#8243; shift_y=&#8220;0&#8243;][vc_column column_width_use_pixel=&#8220;yes&#8220; align_horizontal=&#8220;align_center&#8220; gutter_size=&#8220;3&#8243; overlay_alpha=&#8220;100&#8243; shift_x=&#8220;0&#8243; shift_y=&#8220;0&#8243; medium_width=&#8220;0&#8243; zoom_width=&#8220;0&#8243; zoom_height=&#8220;0&#8243; width=&#8220;1\/1&#8243;][vc_gallery el_id=&#8220;home-logos&#8220; type=&#8220;carousel&#8220; medias=&#8220;65465,65466,65467,65468,65469,65470,65471,65472,65473,65474&#8243; carousel_lg=&#8220;9&#8243; carousel_md=&#8220;5&#8243; carousel_sm=&#8220;3&#8243; gutter_size=&#8220;4&#8243; media_items=&#8220;media|nolink|original,icon&#8220; carousel_interval=&#8220;3000&#8243; carousel_navspeed=&#8220;400&#8243; carousel_loop=&#8220;yes&#8220; stage_padding=&#8220;0&#8243; single_overlay_opacity=&#8220;50&#8243; single_overlay_anim=&#8220;no&#8220; single_text_anim=&#8220;no&#8220; single_image_anim=&#8220;no&#8220; single_padding=&#8220;2&#8243; single_border=&#8220;yes&#8220; el_class=&#8220;img-grayscale&#8220;][\/vc_column][\/vc_row]<\/p>\n<\/div>","protected":false},"excerpt":{"rendered":"<p>[vc_row unlock_row_content=&#8220;yes&#8220; row_height_percent=&#8220;0&#8243; overlay_alpha=&#8220;50&#8243; equal_height=&#8220;yes&#8220; gutter_size=&#8220;3&#8243; column_width_percent=&#8220;100&#8243; shift_y=&#8220;0&#8243; z_index=&#8220;0&#8243;][vc_column column_width_percent=&#8220;100&#8243; gutter_size=&#8220;3&#8243; style=&#8220;dark&#8220; back_color=&#8220;color-wayh&#8220; overlay_alpha=&#8220;50&#8243; shift_x=&#8220;0&#8243; shift_y=&#8220;0&#8243; shift_y_down=&#8220;0&#8243; z_index=&#8220;0&#8243; medium_width=&#8220;0&#8243; mobile_width=&#8220;0&#8243; [&hellip;]<\/p>\n","protected":false},"author":1,"featured_media":67988,"parent":0,"menu_order":0,"comment_status":"closed","ping_status":"closed","template":"","meta":{"footnotes":""},"class_list":["post-69420","page","type-page","status-publish","has-post-thumbnail","hentry"],"yoast_head":"<!-- This site is optimized with the Yoast SEO Premium plugin v26.6 (Yoast SEO v26.6) - https:\/\/yoast.com\/wordpress\/plugins\/seo\/ -->\n<title>Edler Rotwein f\u00fcr die Region Ko\u0161ick\u00fd kraj<\/title>\n<meta name=\"description\" content=\"Genuss von edlem Rotwein in Ko\u0161ice, direkt geliefert von unserem Weingut Ipsmiller in \u00d6sterreich. Jetzt online bestellen!\" \/>\n<meta name=\"robots\" content=\"index, follow, max-snippet:-1, max-image-preview:large, max-video-preview:-1\" \/>\n<link rel=\"canonical\" href=\"https:\/\/www.ipsmiller.at\/rotwein-im-kosicky-kraj\/\" \/>\n<meta property=\"og:locale\" content=\"cs_CZ\" \/>\n<meta property=\"og:type\" content=\"article\" \/>\n<meta property=\"og:title\" content=\"[:de]Rotwein im Ko\u0161ick\u00fd kraj[:en]Rotwein im Ko\u0161ick\u00fd kraj[:cs]Rotwein im Ko\u0161ick\u00fd kraj[:sk]\u010cerven\u00e9 v\u00edno v Ko\u0161ickom kraji[:]\" \/>\n<meta property=\"og:description\" content=\"Genuss von edlem Rotwein in Ko\u0161ice, direkt geliefert von unserem Weingut Ipsmiller in \u00d6sterreich. Jetzt online bestellen!\" \/>\n<meta property=\"og:url\" content=\"https:\/\/www.ipsmiller.at\/rotwein-im-kosicky-kraj\/\" \/>\n<meta property=\"og:site_name\" content=\"Weingut Ipsmiller\" \/>\n<meta property=\"article:modified_time\" content=\"2024-10-01T09:00:14+00:00\" \/>\n<meta property=\"og:image\" content=\"https:\/\/www.ipsmiller.at\/wp-content\/uploads\/2022\/03\/header_wohnen_7.jpg\" \/>\n\t<meta property=\"og:image:width\" content=\"1920\" \/>\n\t<meta property=\"og:image:height\" content=\"480\" \/>\n\t<meta property=\"og:image:type\" content=\"image\/jpeg\" \/>\n<meta name=\"twitter:card\" content=\"summary_large_image\" \/>\n<meta name=\"twitter:label1\" content=\"Odhadovan\u00e1 doba \u010dten\u00ed\" \/>\n\t<meta name=\"twitter:data1\" content=\"4 minuty\" \/>\n<script type=\"application\/ld+json\" class=\"yoast-schema-graph\">{\"@context\":\"https:\/\/schema.org\",\"@graph\":[{\"@type\":\"WebPage\",\"@id\":\"https:\/\/www.ipsmiller.at\/rotwein-im-kosicky-kraj\/\",\"url\":\"https:\/\/www.ipsmiller.at\/rotwein-im-kosicky-kraj\/\",\"name\":\"Edler Rotwein f\u00fcr die Region Ko\u0161ick\u00fd kraj\",\"isPartOf\":{\"@id\":\"https:\/\/www.ipsmiller.at\/en\/#website\"},\"primaryImageOfPage\":{\"@id\":\"https:\/\/www.ipsmiller.at\/rotwein-im-kosicky-kraj\/#primaryimage\"},\"image\":{\"@id\":\"https:\/\/www.ipsmiller.at\/rotwein-im-kosicky-kraj\/#primaryimage\"},\"thumbnailUrl\":\"https:\/\/www.ipsmiller.at\/wp-content\/uploads\/2022\/03\/header_wohnen_7.jpg\",\"datePublished\":\"2024-09-02T08:42:29+00:00\",\"dateModified\":\"2024-10-01T09:00:14+00:00\",\"description\":\"Genuss von edlem Rotwein in Ko\u0161ice, direkt geliefert von unserem Weingut Ipsmiller in \u00d6sterreich. Jetzt online bestellen!\",\"breadcrumb\":{\"@id\":\"https:\/\/www.ipsmiller.at\/rotwein-im-kosicky-kraj\/#breadcrumb\"},\"inLanguage\":\"cs\",\"potentialAction\":[{\"@type\":\"ReadAction\",\"target\":[\"https:\/\/www.ipsmiller.at\/rotwein-im-kosicky-kraj\/\"]}]},{\"@type\":\"ImageObject\",\"inLanguage\":\"cs\",\"@id\":\"https:\/\/www.ipsmiller.at\/rotwein-im-kosicky-kraj\/#primaryimage\",\"url\":\"https:\/\/www.ipsmiller.at\/wp-content\/uploads\/2022\/03\/header_wohnen_7.jpg\",\"contentUrl\":\"https:\/\/www.ipsmiller.at\/wp-content\/uploads\/2022\/03\/header_wohnen_7.jpg\",\"width\":1920,\"height\":480},{\"@type\":\"BreadcrumbList\",\"@id\":\"https:\/\/www.ipsmiller.at\/rotwein-im-kosicky-kraj\/#breadcrumb\",\"itemListElement\":[{\"@type\":\"ListItem\",\"position\":1,\"name\":\"Startseite\",\"item\":\"https:\/\/www.ipsmiller.at\/\"},{\"@type\":\"ListItem\",\"position\":2,\"name\":\"Rotwein im Ko\u0161ick\u00fd kraj\"}]},{\"@type\":\"WebSite\",\"@id\":\"https:\/\/www.ipsmiller.at\/en\/#website\",\"url\":\"https:\/\/www.ipsmiller.at\/en\/\",\"name\":\"Weingut Ipsmiller\",\"description\":\"Weine aus Schrattenberg\",\"publisher\":{\"@id\":\"https:\/\/www.ipsmiller.at\/en\/#organization\"},\"potentialAction\":[{\"@type\":\"SearchAction\",\"target\":{\"@type\":\"EntryPoint\",\"urlTemplate\":\"https:\/\/www.ipsmiller.at\/en\/?s={search_term_string}\"},\"query-input\":{\"@type\":\"PropertyValueSpecification\",\"valueRequired\":true,\"valueName\":\"search_term_string\"}}],\"inLanguage\":\"cs\"},{\"@type\":\"Organization\",\"@id\":\"https:\/\/www.ipsmiller.at\/en\/#organization\",\"name\":\"Weingut Ipsmiller\",\"url\":\"https:\/\/www.ipsmiller.at\/en\/\",\"logo\":{\"@type\":\"ImageObject\",\"inLanguage\":\"cs\",\"@id\":\"https:\/\/www.ipsmiller.at\/en\/#\/schema\/logo\/image\/\",\"url\":\"https:\/\/www.ipsmiller.at\/wp-content\/uploads\/2019\/11\/logo_ipsmiller_forever-wine_2019_3x.png\",\"contentUrl\":\"https:\/\/www.ipsmiller.at\/wp-content\/uploads\/2019\/11\/logo_ipsmiller_forever-wine_2019_3x.png\",\"width\":361,\"height\":120,\"caption\":\"Weingut Ipsmiller\"},\"image\":{\"@id\":\"https:\/\/www.ipsmiller.at\/en\/#\/schema\/logo\/image\/\"}}]}<\/script>\n<!-- \/ Yoast SEO Premium plugin. -->","yoast_head_json":{"title":"Edler Rotwein f\u00fcr die Region Ko\u0161ick\u00fd kraj","description":"Genuss von edlem Rotwein in Ko\u0161ice, direkt geliefert von unserem Weingut Ipsmiller in \u00d6sterreich. Jetzt online bestellen!","robots":{"index":"index","follow":"follow","max-snippet":"max-snippet:-1","max-image-preview":"max-image-preview:large","max-video-preview":"max-video-preview:-1"},"canonical":"https:\/\/www.ipsmiller.at\/rotwein-im-kosicky-kraj\/","og_locale":"cs_CZ","og_type":"article","og_title":"[:de]Rotwein im Ko\u0161ick\u00fd kraj[:en]Rotwein im Ko\u0161ick\u00fd kraj[:cs]Rotwein im Ko\u0161ick\u00fd kraj[:sk]\u010cerven\u00e9 v\u00edno v Ko\u0161ickom kraji[:]","og_description":"Genuss von edlem Rotwein in Ko\u0161ice, direkt geliefert von unserem Weingut Ipsmiller in \u00d6sterreich. Jetzt online bestellen!","og_url":"https:\/\/www.ipsmiller.at\/rotwein-im-kosicky-kraj\/","og_site_name":"Weingut Ipsmiller","article_modified_time":"2024-10-01T09:00:14+00:00","og_image":[{"width":1920,"height":480,"url":"https:\/\/www.ipsmiller.at\/wp-content\/uploads\/2022\/03\/header_wohnen_7.jpg","type":"image\/jpeg"}],"twitter_card":"summary_large_image","twitter_misc":{"Odhadovan\u00e1 doba \u010dten\u00ed":"4 minuty"},"schema":{"@context":"https:\/\/schema.org","@graph":[{"@type":"WebPage","@id":"https:\/\/www.ipsmiller.at\/rotwein-im-kosicky-kraj\/","url":"https:\/\/www.ipsmiller.at\/rotwein-im-kosicky-kraj\/","name":"Edler Rotwein f\u00fcr die Region Ko\u0161ick\u00fd kraj","isPartOf":{"@id":"https:\/\/www.ipsmiller.at\/en\/#website"},"primaryImageOfPage":{"@id":"https:\/\/www.ipsmiller.at\/rotwein-im-kosicky-kraj\/#primaryimage"},"image":{"@id":"https:\/\/www.ipsmiller.at\/rotwein-im-kosicky-kraj\/#primaryimage"},"thumbnailUrl":"https:\/\/www.ipsmiller.at\/wp-content\/uploads\/2022\/03\/header_wohnen_7.jpg","datePublished":"2024-09-02T08:42:29+00:00","dateModified":"2024-10-01T09:00:14+00:00","description":"Genuss von edlem Rotwein in Ko\u0161ice, direkt geliefert von unserem Weingut Ipsmiller in \u00d6sterreich. Jetzt online bestellen!","breadcrumb":{"@id":"https:\/\/www.ipsmiller.at\/rotwein-im-kosicky-kraj\/#breadcrumb"},"inLanguage":"cs","potentialAction":[{"@type":"ReadAction","target":["https:\/\/www.ipsmiller.at\/rotwein-im-kosicky-kraj\/"]}]},{"@type":"ImageObject","inLanguage":"cs","@id":"https:\/\/www.ipsmiller.at\/rotwein-im-kosicky-kraj\/#primaryimage","url":"https:\/\/www.ipsmiller.at\/wp-content\/uploads\/2022\/03\/header_wohnen_7.jpg","contentUrl":"https:\/\/www.ipsmiller.at\/wp-content\/uploads\/2022\/03\/header_wohnen_7.jpg","width":1920,"height":480},{"@type":"BreadcrumbList","@id":"https:\/\/www.ipsmiller.at\/rotwein-im-kosicky-kraj\/#breadcrumb","itemListElement":[{"@type":"ListItem","position":1,"name":"Startseite","item":"https:\/\/www.ipsmiller.at\/"},{"@type":"ListItem","position":2,"name":"Rotwein im Ko\u0161ick\u00fd kraj"}]},{"@type":"WebSite","@id":"https:\/\/www.ipsmiller.at\/en\/#website","url":"https:\/\/www.ipsmiller.at\/en\/","name":"Weingut Ipsmiller","description":"Weine aus Schrattenberg","publisher":{"@id":"https:\/\/www.ipsmiller.at\/en\/#organization"},"potentialAction":[{"@type":"SearchAction","target":{"@type":"EntryPoint","urlTemplate":"https:\/\/www.ipsmiller.at\/en\/?s={search_term_string}"},"query-input":{"@type":"PropertyValueSpecification","valueRequired":true,"valueName":"search_term_string"}}],"inLanguage":"cs"},{"@type":"Organization","@id":"https:\/\/www.ipsmiller.at\/en\/#organization","name":"Weingut Ipsmiller","url":"https:\/\/www.ipsmiller.at\/en\/","logo":{"@type":"ImageObject","inLanguage":"cs","@id":"https:\/\/www.ipsmiller.at\/en\/#\/schema\/logo\/image\/","url":"https:\/\/www.ipsmiller.at\/wp-content\/uploads\/2019\/11\/logo_ipsmiller_forever-wine_2019_3x.png","contentUrl":"https:\/\/www.ipsmiller.at\/wp-content\/uploads\/2019\/11\/logo_ipsmiller_forever-wine_2019_3x.png","width":361,"height":120,"caption":"Weingut Ipsmiller"},"image":{"@id":"https:\/\/www.ipsmiller.at\/en\/#\/schema\/logo\/image\/"}}]}},"_links":{"self":[{"href":"https:\/\/www.ipsmiller.at\/cs\/wp-json\/wp\/v2\/pages\/69420","targetHints":{"allow":["GET"]}}],"collection":[{"href":"https:\/\/www.ipsmiller.at\/cs\/wp-json\/wp\/v2\/pages"}],"about":[{"href":"https:\/\/www.ipsmiller.at\/cs\/wp-json\/wp\/v2\/types\/page"}],"author":[{"embeddable":true,"href":"https:\/\/www.ipsmiller.at\/cs\/wp-json\/wp\/v2\/users\/1"}],"replies":[{"embeddable":true,"href":"https:\/\/www.ipsmiller.at\/cs\/wp-json\/wp\/v2\/comments?post=69420"}],"version-history":[{"count":10,"href":"https:\/\/www.ipsmiller.at\/cs\/wp-json\/wp\/v2\/pages\/69420\/revisions"}],"predecessor-version":[{"id":69530,"href":"https:\/\/www.ipsmiller.at\/cs\/wp-json\/wp\/v2\/pages\/69420\/revisions\/69530"}],"wp:featuredmedia":[{"embeddable":true,"href":"https:\/\/www.ipsmiller.at\/cs\/wp-json\/wp\/v2\/media\/67988"}],"wp:attachment":[{"href":"https:\/\/www.ipsmiller.at\/cs\/wp-json\/wp\/v2\/media?parent=69420"}],"curies":[{"name":"wp","href":"https:\/\/api.w.org\/{rel}","templated":true}]}}