{"id":69294,"date":"2024-08-20T09:45:41","date_gmt":"2024-08-20T07:45:41","guid":{"rendered":"https:\/\/www.ipsmiller.at\/?page_id=69294"},"modified":"2024-11-04T11:31:13","modified_gmt":"2024-11-04T10:31:13","slug":"rotwein-im-suedboehmischen-bezirk","status":"publish","type":"page","link":"https:\/\/www.ipsmiller.at\/cs\/rotwein-im-suedboehmischen-bezirk\/","title":{"rendered":"\u010cerven\u00e9 v\u00edno v Jiho\u010desk\u00e9m kraji"},"content":{"rendered":"<div class=\"wpb-content-wrapper\"><p>[vc_row unlock_row_content=&#8220;yes&#8220; row_height_percent=&#8220;0&#8243; overlay_alpha=&#8220;50&#8243; equal_height=&#8220;yes&#8220; gutter_size=&#8220;3&#8243; column_width_percent=&#8220;100&#8243; shift_y=&#8220;0&#8243; z_index=&#8220;0&#8243;][vc_column column_width_percent=&#8220;100&#8243; gutter_size=&#8220;3&#8243; style=&#8220;dark&#8220; back_color=&#8220;color-wayh&#8220; overlay_alpha=&#8220;50&#8243; shift_x=&#8220;0&#8243; shift_y=&#8220;0&#8243; shift_y_down=&#8220;0&#8243; z_index=&#8220;0&#8243; medium_width=&#8220;0&#8243; mobile_width=&#8220;0&#8243; width=&#8220;1\/3&#8243;][vc_custom_heading text_size=&#8220;&#8220; text_align=&#8220;text-left&#8220; text_uppercase=&#8220;&#8220; uncode_shortcode_id=&#8220;159743&#8243;]NA\u0160E V\u00cdNA JSOU JEDINE\u010cN\u00c1[\/vc_custom_heading][vc_column_text uncode_shortcode_id=&#8220;354588&#8243;]V rodinn\u00e9m vina\u0159stv\u00ed Ipsmiller \u00fasp\u011b\u0161n\u011b vyr\u00e1b\u00edme b\u00edl\u00e1 a \u010derven\u00e1 v\u00edna ji\u017e osm generac\u00ed a jsme na to pat\u0159i\u010dn\u011b hrd\u00ed. Je\u0161t\u011b p\u0159edt\u00edm, ne\u017e za\u010dneme v\u00edna pe\u010dliv\u011b st\u00e1\u010det, ka\u017ed\u00fd druh degustujeme. Jedine\u010dn\u00e1 poloha vinic v obci Schrattenberg v regionu Weinviertel sk\u00fdt\u00e1 ide\u00e1ln\u00ed podm\u00ednky pro lisov\u00e1n\u00ed pln\u00fdch a harmonick\u00fdch \u010derven\u00fdch v\u00edn.[\/vc_column_text][vc_column_text uncode_shortcode_id=&#8220;110164&#8243;]V odr\u016fd\u00e1ch na\u0161ich \u010derven\u00fdch v\u00edn, k nim\u017e pat\u0159\u00ed <a href=\"https:\/\/www.ipsmiller.at\/cs\/shop\/zweigelt-classic\/\">Zweigelt<\/a>, Svatovav\u0159ineck\u00e9, <a href=\"https:\/\/www.ipsmiller.at\/cs\/shop\/blaufraenkisch\/\" target=\"_blank\" rel=\"noopener\">Frankovka modr\u00e1<\/a>, <a href=\"https:\/\/www.ipsmiller.at\/cs\/shop\/merlot\/\" target=\"_blank\" rel=\"noopener\">Merlot<\/a>, <a href=\"https:\/\/www.ipsmiller.at\/cs\/shop\/cabernet-sauvignon\/\" target=\"_blank\" rel=\"noopener\">Cabernet Sauvignon<\/a> a <a href=\"https:\/\/www.ipsmiller.at\/cs\/shop\/syrah\/\" target=\"_blank\" rel=\"noopener\">Syrah<\/a>, se odr\u00e1\u017e\u00ed rozmanitost a kvalita na\u0161eho tradi\u010dn\u00edho vina\u0159stv\u00ed. Na\u0161i snahu o co nejvy\u0161\u0161\u00ed kvalitu stvrzuje tak\u00e9 pe\u010de\u0165 \u201eSustainable Austria\u201c (Udr\u017eiteln\u00e9 Rakousko), kterou jsme obdr\u017eeli za to, \u017ee pou\u017e\u00edv\u00e1me \u0161etrn\u00e9 v\u00fdrobn\u00ed postupy a respektujeme p\u0159\u00edrodu.[\/vc_column_text][\/vc_column][vc_column column_width_percent=&#8220;100&#8243; gutter_size=&#8220;3&#8243; style=&#8220;dark&#8220; back_color=&#8220;color-wayh&#8220; overlay_alpha=&#8220;50&#8243; shift_x=&#8220;0&#8243; shift_y=&#8220;0&#8243; shift_y_down=&#8220;0&#8243; z_index=&#8220;0&#8243; medium_width=&#8220;0&#8243; mobile_width=&#8220;0&#8243; width=&#8220;1\/3&#8243;][vc_custom_heading text_size=&#8220;&#8220; text_align=&#8220;text-left&#8220; text_uppercase=&#8220;&#8220; uncode_shortcode_id=&#8220;179861&#8243;]PO\u017dITEK Z \u010cERVEN\u00c9HO V\u00cdNA PRO JIHO\u010cESK\u00dd KRAJ[\/vc_custom_heading][vc_column_text uncode_shortcode_id=&#8220;959115&#8243;]Dop\u0159ejte si sklenku u\u0161lechtil\u00e9ho \u010derven\u00e9ho v\u00edna ve sv\u00e9m domov\u011b v Jiho\u010desk\u00e9m kraji, a\u0165 u\u017e v \u010cesk\u00fdch Bud\u011bjovic\u00edch, T\u00e1bo\u0159e, P\u00edsku nebo Jind\u0159ichov\u011b Hradci. Nechte si doru\u010dit \u0161pi\u010dkov\u00e1 rakousk\u00e1 v\u00edna z oblasti Weinviertel p\u0159\u00edmo k sob\u011b dom\u016f a pln\u011b si je vychutnejte. Na\u0161e v\u00edna se vyzna\u010duj\u00ed bohatou tradic\u00ed a vynikaj\u00edc\u00ed kvalitou, co\u017e je d\u00e1no jedine\u010dn\u00fdm terroir oblasti Weinviertel.<br \/>\nZ Rakouska a\u017e do Jiho\u010desk\u00e9ho kraje \u2013 objevte v na\u0161\u00ed nab\u00eddce rozmanitost a kvalitu a za\u017eijte rakouskou vina\u0159skou kulturu v t\u00e9 nejlep\u0161\u00ed podob\u011b.<\/p>\n<p>Srde\u010dn\u011b V\u00e1s zveme do rakousk\u00e9ho Schrattenbergu, kter\u00fd le\u017e\u00ed asi 240 kilometr\u016f od \u010cesk\u00fdch Bud\u011bjovic, na degustaci v\u00edn a prohl\u00eddku vinn\u00fdch sklep\u016f. Vyu\u017eijte p\u0159\u00edle\u017eitost ubytovat se v na\u0161ich stylov\u00fdch <a href=\"https:\/\/www.ipsmiller.at\/cs\/wohnen\/\">apartm\u00e1nech v oblasti Weinviertel<\/a> a spojte sv\u016fj pobyt s exkluzivn\u00ed degustac\u00ed v\u00edn a \u00fachvatnou prohl\u00eddkou sklep\u016f.[\/vc_column_text][\/vc_column][vc_column column_width_percent=&#8220;100&#8243; gutter_size=&#8220;3&#8243; style=&#8220;dark&#8220; back_color=&#8220;color-wayh&#8220; overlay_alpha=&#8220;50&#8243; shift_x=&#8220;0&#8243; shift_y=&#8220;0&#8243; shift_y_down=&#8220;0&#8243; z_index=&#8220;0&#8243; medium_width=&#8220;0&#8243; mobile_width=&#8220;0&#8243; width=&#8220;1\/3&#8243;][vc_custom_heading text_size=&#8220;&#8220; text_align=&#8220;text-left&#8220; text_uppercase=&#8220;&#8220; uncode_shortcode_id=&#8220;185095&#8243;]U\u0160LECHTIL\u00c9 \u010cERVEN\u00c9 V\u00cdNO DOD\u00c1ME P\u0158\u00cdMO K V\u00c1M[\/vc_custom_heading][vc_column_text uncode_shortcode_id=&#8220;191434&#8243;]Na\u0161e rodinn\u00e9 vina\u0159stv\u00ed Ipsmiller ze Schrattenbergu V\u00e1m s pot\u011b\u0161en\u00edm p\u0159edstavuje vynikaj\u00edc\u00ed v\u00fdb\u011br \u010derven\u00fdch v\u00edn z uzn\u00e1van\u00e9 vina\u0159sk\u00e9 oblasti Weinviertel. Tato oblast je zn\u00e1m\u00e1 jedine\u010dnou kvalitou a rozmanitost\u00ed sv\u00fdch v\u00edn. U n\u00e1s si m\u016f\u017eete \u010derven\u00e9 v\u00edno zakoupit pohodln\u011b online nechat si je dov\u00e9zt p\u0159\u00edmo dom\u016f.<\/p>\n<p>Objevte v na\u0161\u00ed nab\u00eddce jedine\u010dn\u00e9 v\u016fn\u011b a charakter na\u0161ich v\u00edn. Zaru\u010dujeme rychl\u00e9 zpracov\u00e1n\u00ed objedn\u00e1vky, bezpe\u010dn\u00fd zp\u016fsob platby a spolehliv\u00e9 dod\u00e1n\u00ed. Vychutnejte si jedine\u010dn\u00e9 \u010derven\u00e9 v\u00edno z Weinviertlu a p\u0159esv\u011bd\u010dte se o kvalit\u011b a chuti v\u00edn z vina\u0159stv\u00ed Ipsmiller. Objednejte si je\u0161t\u011b dnes a vychutnejte si v\u00edno t\u00e9 nejvy\u0161\u0161\u00ed \u00farovn\u011b.[\/vc_column_text][\/vc_column][\/vc_row][vc_row unlock_row_content=&#8220;yes&#8220; row_height_percent=&#8220;0&#8243; overlay_alpha=&#8220;50&#8243; gutter_size=&#8220;3&#8243; column_width_percent=&#8220;100&#8243; shift_y=&#8220;0&#8243; z_index=&#8220;0&#8243;][vc_column column_width_percent=&#8220;100&#8243; gutter_size=&#8220;3&#8243; style=&#8220;light&#8220; overlay_alpha=&#8220;50&#8243; shift_x=&#8220;0&#8243; shift_y=&#8220;0&#8243; shift_y_down=&#8220;0&#8243; z_index=&#8220;0&#8243; medium_width=&#8220;0&#8243; mobile_width=&#8220;0&#8243; width=&#8220;3\/4&#8243;][vc_custom_heading text_size=&#8220;&#8220; text_align=&#8220;text-left&#8220; text_uppercase=&#8220;&#8220; uncode_shortcode_id=&#8220;183984&#8243; text_color_type=&#8220;uncode-solid&#8220; text_color_solid=&#8220;#bd1d2b&#8220;]Na\u0161e \u010derven\u00e1 v\u00edna[\/vc_custom_heading][uncode_index el_id=&#8220;index-139457&#8243; loop=&#8220;size:All|order_by:date|order:ASC|post_type:product|tax_query:95|taxonomy_count:10&#8243; index_back_color=&#8220;color-xsdn&#8220; screen_lg=&#8220;1230&#8243; screen_md=&#8220;600&#8243; screen_sm=&#8220;480&#8243; gutter_size=&#8220;3&#8243; product_items=&#8220;media|featured|onpost|original|hide-sale|inherit-atc|inherit-w-atc|atc-typo-default|show-atc,title,price|default&#8220; infinite=&#8220;yes&#8220; footer_style=&#8220;dark&#8220; footer_back_color=&#8220;color-wayh&#8220; single_width=&#8220;3&#8243; single_back_color=&#8220;color-wayh&#8220; single_overlay_opacity=&#8220;10&#8243; single_image_anim=&#8220;no&#8220; single_h_align=&#8220;center&#8220; single_padding=&#8220;1&#8243; single_title_dimension=&#8220;h5&#8243; single_border=&#8220;yes&#8220; single_css_animation=&#8220;bottom-t-top&#8220; single_animation_delay=&#8220;200&#8243; items=&#8220;e30=&#8220; order_ids=&#8220;19263,19261,19262,19235,18966,18907,18965,18934,18964,18936,18963,18935,18962,18933,18937,18932,19264,18999,18997,18998,18995,18967,18996,19265&#8243; uncode_shortcode_id=&#8220;606432&#8243; index_back_color_type=&#8220;uncode-palette&#8220; footer_back_color_type=&#8220;uncode-palette&#8220;][\/vc_column][vc_column column_width_percent=&#8220;100&#8243; gutter_size=&#8220;3&#8243; expand_height=&#8220;yes&#8220; overlay_alpha=&#8220;50&#8243; shift_x=&#8220;0&#8243; shift_y=&#8220;0&#8243; shift_y_down=&#8220;0&#8243; z_index=&#8220;0&#8243; medium_width=&#8220;0&#8243; mobile_width=&#8220;0&#8243; width=&#8220;1\/4&#8243;][vc_single_image media=&#8220;68586&#8243; media_width_percent=&#8220;100&#8243; uncode_shortcode_id=&#8220;516278&#8243;][\/vc_column][\/vc_row][vc_row unlock_row_content=&#8220;yes&#8220; row_height_percent=&#8220;0&#8243; override_padding=&#8220;yes&#8220; h_padding=&#8220;3&#8243; top_padding=&#8220;3&#8243; bottom_padding=&#8220;3&#8243; overlay_alpha=&#8220;100&#8243; gutter_size=&#8220;0&#8243; shift_y=&#8220;0&#8243;][vc_column column_width_use_pixel=&#8220;yes&#8220; align_horizontal=&#8220;align_center&#8220; gutter_size=&#8220;3&#8243; overlay_alpha=&#8220;100&#8243; shift_x=&#8220;0&#8243; shift_y=&#8220;0&#8243; medium_width=&#8220;0&#8243; zoom_width=&#8220;0&#8243; zoom_height=&#8220;0&#8243; width=&#8220;1\/1&#8243;][vc_gallery el_id=&#8220;home-logos&#8220; type=&#8220;carousel&#8220; medias=&#8220;65465,65466,65467,65468,65469,65470,65471,65472,65473,65474&#8243; carousel_lg=&#8220;9&#8243; carousel_md=&#8220;5&#8243; carousel_sm=&#8220;3&#8243; gutter_size=&#8220;4&#8243; media_items=&#8220;media|nolink|original,icon&#8220; carousel_interval=&#8220;3000&#8243; carousel_navspeed=&#8220;400&#8243; carousel_loop=&#8220;yes&#8220; stage_padding=&#8220;0&#8243; single_overlay_opacity=&#8220;50&#8243; single_overlay_anim=&#8220;no&#8220; single_text_anim=&#8220;no&#8220; single_image_anim=&#8220;no&#8220; single_padding=&#8220;2&#8243; single_border=&#8220;yes&#8220; el_class=&#8220;img-grayscale&#8220;][\/vc_column][\/vc_row]<\/p>\n<\/div>","protected":false},"excerpt":{"rendered":"<p>[vc_row unlock_row_content=&#8220;yes&#8220; row_height_percent=&#8220;0&#8243; overlay_alpha=&#8220;50&#8243; equal_height=&#8220;yes&#8220; gutter_size=&#8220;3&#8243; column_width_percent=&#8220;100&#8243; shift_y=&#8220;0&#8243; z_index=&#8220;0&#8243;][vc_column column_width_percent=&#8220;100&#8243; gutter_size=&#8220;3&#8243; style=&#8220;dark&#8220; back_color=&#8220;color-wayh&#8220; overlay_alpha=&#8220;50&#8243; shift_x=&#8220;0&#8243; shift_y=&#8220;0&#8243; shift_y_down=&#8220;0&#8243; z_index=&#8220;0&#8243; medium_width=&#8220;0&#8243; mobile_width=&#8220;0&#8243; [&hellip;]<\/p>\n","protected":false},"author":1,"featured_media":67988,"parent":0,"menu_order":0,"comment_status":"closed","ping_status":"closed","template":"","meta":{"footnotes":""},"class_list":["post-69294","page","type-page","status-publish","has-post-thumbnail","hentry"],"yoast_head":"<!-- This site is optimized with the Yoast SEO Premium plugin v26.6 (Yoast SEO v26.6) - https:\/\/yoast.com\/wordpress\/plugins\/seo\/ -->\n<title>Edler Rotwein f\u00fcr den S\u00fcdb\u00f6hmischen Bezirk<\/title>\n<meta name=\"description\" content=\"Genuss von edlem Rotwein im S\u00fcdb\u00f6hmischen Bezirk, direkt geliefert von unserem Weingut Ipsmiller in \u00d6sterreich. Jetzt online bestellen!\" \/>\n<meta name=\"robots\" content=\"index, follow, max-snippet:-1, max-image-preview:large, max-video-preview:-1\" \/>\n<link rel=\"canonical\" href=\"https:\/\/www.ipsmiller.at\/rotwein-im-suedboehmischen-bezirk\/\" \/>\n<meta property=\"og:locale\" content=\"cs_CZ\" \/>\n<meta property=\"og:type\" content=\"article\" \/>\n<meta property=\"og:title\" content=\"[:de]Rotwein im S\u00fcdb\u00f6hmischen Bezirk[:en]Rotwein im S\u00fcdb\u00f6hmischen Bezirk[:cs]\u010cerven\u00e9 v\u00edno v Jiho\u010desk\u00e9m kraji[:sk]Rotwein im S\u00fcdb\u00f6hmischen Bezirk[:]\" \/>\n<meta property=\"og:description\" content=\"Genuss von edlem Rotwein im S\u00fcdb\u00f6hmischen Bezirk, direkt geliefert von unserem Weingut Ipsmiller in \u00d6sterreich. Jetzt online bestellen!\" \/>\n<meta property=\"og:url\" content=\"https:\/\/www.ipsmiller.at\/rotwein-im-suedboehmischen-bezirk\/\" \/>\n<meta property=\"og:site_name\" content=\"Weingut Ipsmiller\" \/>\n<meta property=\"article:modified_time\" content=\"2024-11-04T10:31:13+00:00\" \/>\n<meta property=\"og:image\" content=\"https:\/\/www.ipsmiller.at\/wp-content\/uploads\/2022\/03\/header_wohnen_7.jpg\" \/>\n\t<meta property=\"og:image:width\" content=\"1920\" \/>\n\t<meta property=\"og:image:height\" content=\"480\" \/>\n\t<meta property=\"og:image:type\" content=\"image\/jpeg\" \/>\n<meta name=\"twitter:card\" content=\"summary_large_image\" \/>\n<meta name=\"twitter:label1\" content=\"Odhadovan\u00e1 doba \u010dten\u00ed\" \/>\n\t<meta name=\"twitter:data1\" content=\"3 minuty\" \/>\n<script type=\"application\/ld+json\" class=\"yoast-schema-graph\">{\"@context\":\"https:\/\/schema.org\",\"@graph\":[{\"@type\":\"WebPage\",\"@id\":\"https:\/\/www.ipsmiller.at\/rotwein-im-suedboehmischen-bezirk\/\",\"url\":\"https:\/\/www.ipsmiller.at\/rotwein-im-suedboehmischen-bezirk\/\",\"name\":\"Edler Rotwein f\u00fcr den S\u00fcdb\u00f6hmischen Bezirk\",\"isPartOf\":{\"@id\":\"https:\/\/www.ipsmiller.at\/en\/#website\"},\"primaryImageOfPage\":{\"@id\":\"https:\/\/www.ipsmiller.at\/rotwein-im-suedboehmischen-bezirk\/#primaryimage\"},\"image\":{\"@id\":\"https:\/\/www.ipsmiller.at\/rotwein-im-suedboehmischen-bezirk\/#primaryimage\"},\"thumbnailUrl\":\"https:\/\/www.ipsmiller.at\/wp-content\/uploads\/2022\/03\/header_wohnen_7.jpg\",\"datePublished\":\"2024-08-20T07:45:41+00:00\",\"dateModified\":\"2024-11-04T10:31:13+00:00\",\"description\":\"Genuss von edlem Rotwein im S\u00fcdb\u00f6hmischen Bezirk, direkt geliefert von unserem Weingut Ipsmiller in \u00d6sterreich. Jetzt online bestellen!\",\"breadcrumb\":{\"@id\":\"https:\/\/www.ipsmiller.at\/rotwein-im-suedboehmischen-bezirk\/#breadcrumb\"},\"inLanguage\":\"cs\",\"potentialAction\":[{\"@type\":\"ReadAction\",\"target\":[\"https:\/\/www.ipsmiller.at\/rotwein-im-suedboehmischen-bezirk\/\"]}]},{\"@type\":\"ImageObject\",\"inLanguage\":\"cs\",\"@id\":\"https:\/\/www.ipsmiller.at\/rotwein-im-suedboehmischen-bezirk\/#primaryimage\",\"url\":\"https:\/\/www.ipsmiller.at\/wp-content\/uploads\/2022\/03\/header_wohnen_7.jpg\",\"contentUrl\":\"https:\/\/www.ipsmiller.at\/wp-content\/uploads\/2022\/03\/header_wohnen_7.jpg\",\"width\":1920,\"height\":480},{\"@type\":\"BreadcrumbList\",\"@id\":\"https:\/\/www.ipsmiller.at\/rotwein-im-suedboehmischen-bezirk\/#breadcrumb\",\"itemListElement\":[{\"@type\":\"ListItem\",\"position\":1,\"name\":\"Startseite\",\"item\":\"https:\/\/www.ipsmiller.at\/\"},{\"@type\":\"ListItem\",\"position\":2,\"name\":\"Rotwein im S\u00fcdb\u00f6hmischen Bezirk\"}]},{\"@type\":\"WebSite\",\"@id\":\"https:\/\/www.ipsmiller.at\/en\/#website\",\"url\":\"https:\/\/www.ipsmiller.at\/en\/\",\"name\":\"Weingut Ipsmiller\",\"description\":\"Weine aus Schrattenberg\",\"publisher\":{\"@id\":\"https:\/\/www.ipsmiller.at\/en\/#organization\"},\"potentialAction\":[{\"@type\":\"SearchAction\",\"target\":{\"@type\":\"EntryPoint\",\"urlTemplate\":\"https:\/\/www.ipsmiller.at\/en\/?s={search_term_string}\"},\"query-input\":{\"@type\":\"PropertyValueSpecification\",\"valueRequired\":true,\"valueName\":\"search_term_string\"}}],\"inLanguage\":\"cs\"},{\"@type\":\"Organization\",\"@id\":\"https:\/\/www.ipsmiller.at\/en\/#organization\",\"name\":\"Weingut Ipsmiller\",\"url\":\"https:\/\/www.ipsmiller.at\/en\/\",\"logo\":{\"@type\":\"ImageObject\",\"inLanguage\":\"cs\",\"@id\":\"https:\/\/www.ipsmiller.at\/en\/#\/schema\/logo\/image\/\",\"url\":\"https:\/\/www.ipsmiller.at\/wp-content\/uploads\/2019\/11\/logo_ipsmiller_forever-wine_2019_3x.png\",\"contentUrl\":\"https:\/\/www.ipsmiller.at\/wp-content\/uploads\/2019\/11\/logo_ipsmiller_forever-wine_2019_3x.png\",\"width\":361,\"height\":120,\"caption\":\"Weingut Ipsmiller\"},\"image\":{\"@id\":\"https:\/\/www.ipsmiller.at\/en\/#\/schema\/logo\/image\/\"}}]}<\/script>\n<!-- \/ Yoast SEO Premium plugin. -->","yoast_head_json":{"title":"Edler Rotwein f\u00fcr den S\u00fcdb\u00f6hmischen Bezirk","description":"Genuss von edlem Rotwein im S\u00fcdb\u00f6hmischen Bezirk, direkt geliefert von unserem Weingut Ipsmiller in \u00d6sterreich. Jetzt online bestellen!","robots":{"index":"index","follow":"follow","max-snippet":"max-snippet:-1","max-image-preview":"max-image-preview:large","max-video-preview":"max-video-preview:-1"},"canonical":"https:\/\/www.ipsmiller.at\/rotwein-im-suedboehmischen-bezirk\/","og_locale":"cs_CZ","og_type":"article","og_title":"[:de]Rotwein im S\u00fcdb\u00f6hmischen Bezirk[:en]Rotwein im S\u00fcdb\u00f6hmischen Bezirk[:cs]\u010cerven\u00e9 v\u00edno v Jiho\u010desk\u00e9m kraji[:sk]Rotwein im S\u00fcdb\u00f6hmischen Bezirk[:]","og_description":"Genuss von edlem Rotwein im S\u00fcdb\u00f6hmischen Bezirk, direkt geliefert von unserem Weingut Ipsmiller in \u00d6sterreich. Jetzt online bestellen!","og_url":"https:\/\/www.ipsmiller.at\/rotwein-im-suedboehmischen-bezirk\/","og_site_name":"Weingut Ipsmiller","article_modified_time":"2024-11-04T10:31:13+00:00","og_image":[{"width":1920,"height":480,"url":"https:\/\/www.ipsmiller.at\/wp-content\/uploads\/2022\/03\/header_wohnen_7.jpg","type":"image\/jpeg"}],"twitter_card":"summary_large_image","twitter_misc":{"Odhadovan\u00e1 doba \u010dten\u00ed":"3 minuty"},"schema":{"@context":"https:\/\/schema.org","@graph":[{"@type":"WebPage","@id":"https:\/\/www.ipsmiller.at\/rotwein-im-suedboehmischen-bezirk\/","url":"https:\/\/www.ipsmiller.at\/rotwein-im-suedboehmischen-bezirk\/","name":"Edler Rotwein f\u00fcr den S\u00fcdb\u00f6hmischen Bezirk","isPartOf":{"@id":"https:\/\/www.ipsmiller.at\/en\/#website"},"primaryImageOfPage":{"@id":"https:\/\/www.ipsmiller.at\/rotwein-im-suedboehmischen-bezirk\/#primaryimage"},"image":{"@id":"https:\/\/www.ipsmiller.at\/rotwein-im-suedboehmischen-bezirk\/#primaryimage"},"thumbnailUrl":"https:\/\/www.ipsmiller.at\/wp-content\/uploads\/2022\/03\/header_wohnen_7.jpg","datePublished":"2024-08-20T07:45:41+00:00","dateModified":"2024-11-04T10:31:13+00:00","description":"Genuss von edlem Rotwein im S\u00fcdb\u00f6hmischen Bezirk, direkt geliefert von unserem Weingut Ipsmiller in \u00d6sterreich. Jetzt online bestellen!","breadcrumb":{"@id":"https:\/\/www.ipsmiller.at\/rotwein-im-suedboehmischen-bezirk\/#breadcrumb"},"inLanguage":"cs","potentialAction":[{"@type":"ReadAction","target":["https:\/\/www.ipsmiller.at\/rotwein-im-suedboehmischen-bezirk\/"]}]},{"@type":"ImageObject","inLanguage":"cs","@id":"https:\/\/www.ipsmiller.at\/rotwein-im-suedboehmischen-bezirk\/#primaryimage","url":"https:\/\/www.ipsmiller.at\/wp-content\/uploads\/2022\/03\/header_wohnen_7.jpg","contentUrl":"https:\/\/www.ipsmiller.at\/wp-content\/uploads\/2022\/03\/header_wohnen_7.jpg","width":1920,"height":480},{"@type":"BreadcrumbList","@id":"https:\/\/www.ipsmiller.at\/rotwein-im-suedboehmischen-bezirk\/#breadcrumb","itemListElement":[{"@type":"ListItem","position":1,"name":"Startseite","item":"https:\/\/www.ipsmiller.at\/"},{"@type":"ListItem","position":2,"name":"Rotwein im S\u00fcdb\u00f6hmischen Bezirk"}]},{"@type":"WebSite","@id":"https:\/\/www.ipsmiller.at\/en\/#website","url":"https:\/\/www.ipsmiller.at\/en\/","name":"Weingut Ipsmiller","description":"Weine aus Schrattenberg","publisher":{"@id":"https:\/\/www.ipsmiller.at\/en\/#organization"},"potentialAction":[{"@type":"SearchAction","target":{"@type":"EntryPoint","urlTemplate":"https:\/\/www.ipsmiller.at\/en\/?s={search_term_string}"},"query-input":{"@type":"PropertyValueSpecification","valueRequired":true,"valueName":"search_term_string"}}],"inLanguage":"cs"},{"@type":"Organization","@id":"https:\/\/www.ipsmiller.at\/en\/#organization","name":"Weingut Ipsmiller","url":"https:\/\/www.ipsmiller.at\/en\/","logo":{"@type":"ImageObject","inLanguage":"cs","@id":"https:\/\/www.ipsmiller.at\/en\/#\/schema\/logo\/image\/","url":"https:\/\/www.ipsmiller.at\/wp-content\/uploads\/2019\/11\/logo_ipsmiller_forever-wine_2019_3x.png","contentUrl":"https:\/\/www.ipsmiller.at\/wp-content\/uploads\/2019\/11\/logo_ipsmiller_forever-wine_2019_3x.png","width":361,"height":120,"caption":"Weingut Ipsmiller"},"image":{"@id":"https:\/\/www.ipsmiller.at\/en\/#\/schema\/logo\/image\/"}}]}},"_links":{"self":[{"href":"https:\/\/www.ipsmiller.at\/cs\/wp-json\/wp\/v2\/pages\/69294","targetHints":{"allow":["GET"]}}],"collection":[{"href":"https:\/\/www.ipsmiller.at\/cs\/wp-json\/wp\/v2\/pages"}],"about":[{"href":"https:\/\/www.ipsmiller.at\/cs\/wp-json\/wp\/v2\/types\/page"}],"author":[{"embeddable":true,"href":"https:\/\/www.ipsmiller.at\/cs\/wp-json\/wp\/v2\/users\/1"}],"replies":[{"embeddable":true,"href":"https:\/\/www.ipsmiller.at\/cs\/wp-json\/wp\/v2\/comments?post=69294"}],"version-history":[{"count":6,"href":"https:\/\/www.ipsmiller.at\/cs\/wp-json\/wp\/v2\/pages\/69294\/revisions"}],"predecessor-version":[{"id":69605,"href":"https:\/\/www.ipsmiller.at\/cs\/wp-json\/wp\/v2\/pages\/69294\/revisions\/69605"}],"wp:featuredmedia":[{"embeddable":true,"href":"https:\/\/www.ipsmiller.at\/cs\/wp-json\/wp\/v2\/media\/67988"}],"wp:attachment":[{"href":"https:\/\/www.ipsmiller.at\/cs\/wp-json\/wp\/v2\/media?parent=69294"}],"curies":[{"name":"wp","href":"https:\/\/api.w.org\/{rel}","templated":true}]}}