{"id":66715,"date":"2018-03-12T09:22:59","date_gmt":"2018-03-12T08:22:59","guid":{"rendered":"https:\/\/www.ipsmiller.at\/?page_id=66715"},"modified":"2019-04-11T15:30:40","modified_gmt":"2019-04-11T13:30:40","slug":"zahlung-versand","status":"publish","type":"page","link":"https:\/\/www.ipsmiller.at\/cs\/zahlung-versand\/","title":{"rendered":"Platba &#038; Doru\u010den\u00ed"},"content":{"rendered":"<div class=\"wpb-content-wrapper\"><p>[vc_row unlock_row_content=&#8220;yes&#8220; row_height_percent=&#8220;0&#8243; overlay_alpha=&#8220;50&#8243; equal_height=&#8220;yes&#8220; gutter_size=&#8220;3&#8243; column_width_percent=&#8220;100&#8243; shift_y=&#8220;0&#8243; z_index=&#8220;0&#8243;][vc_column column_width_percent=&#8220;100&#8243; style=&#8220;dark&#8220; back_color=&#8220;color-wayh&#8220; overlay_alpha=&#8220;50&#8243; gutter_size=&#8220;3&#8243; medium_width=&#8220;0&#8243; mobile_width=&#8220;0&#8243; shift_x=&#8220;0&#8243; shift_y=&#8220;0&#8243; shift_y_down=&#8220;0&#8243; z_index=&#8220;0&#8243; width=&#8220;1\/2&#8243;][vc_custom_heading text_size=&#8220;&#8220; text_align=&#8220;text-left&#8220; text_uppercase=&#8220;&#8220;]Doprava a doru\u010den\u00ed[\/vc_custom_heading][vc_column_text]P\u0159epravu v\u00edn prov\u00e1d\u00ed spole\u010dnost \u00d6sterreichische Post AG. P\u0159epravn\u00ed n\u00e1klady jsou zobrazeny p\u0159esn\u011b v procesu objedn\u00e1vky a zobrazeny v n\u00e1kupn\u00edm ko\u0161\u00edku a p\u0159id\u00e1ny do kone\u010dn\u00e9 \u010d\u00e1stky. Pokud objednan\u00e9 zbo\u017e\u00ed nen\u00ed v sou\u010dasn\u00e9 dob\u011b k dispozici, bude registrovan\u00fd z\u00e1kazn\u00edk neprodlen\u011b informov\u00e1n telefonicky nebo p\u00edsemn\u011b. Nen\u00ed-li doru\u010den\u00ed kupuj\u00edc\u00edmu mo\u017en\u00e9, proto\u017ee kupuj\u00edc\u00ed nebude shled\u00e1n, \u017ee dod\u00e1 bal\u00ed\u010dek na j\u00edm ur\u010den\u00e9m m\u00edst\u011b, po\u0161le spole\u010dnost Post AG ozna\u010den\u00ed z\u00e1silky, kdy m\u00e1 b\u00fdt z\u00e1silka znovu doru\u010dena. Po t\u0159et\u00edm pokusu bude bal\u00ed\u010dek vr\u00e1cen do vina\u0159stv\u00ed IPSMILLER.[\/vc_column_text][\/vc_column][vc_column column_width_percent=&#8220;100&#8243; style=&#8220;dark&#8220; back_color=&#8220;color-wayh&#8220; overlay_alpha=&#8220;50&#8243; gutter_size=&#8220;3&#8243; medium_width=&#8220;0&#8243; mobile_width=&#8220;0&#8243; shift_x=&#8220;0&#8243; shift_y=&#8220;0&#8243; shift_y_down=&#8220;0&#8243; z_index=&#8220;0&#8243; width=&#8220;1\/2&#8243;][vc_custom_heading text_size=&#8220;&#8220; text_align=&#8220;text-left&#8220; text_uppercase=&#8220;&#8220;]mo\u017enosti platby[\/vc_custom_heading][vc_column_text]Jako uznan\u00fd zp\u016fsob platby je mo\u017en\u00fd PayPal a faktura s platbou do 14 dn\u016f bankovn\u00edm p\u0159evodem.[\/vc_column_text][\/vc_column][\/vc_row]<\/p>\n<\/div>","protected":false},"excerpt":{"rendered":"<p>[vc_row unlock_row_content=&#8220;yes&#8220; row_height_percent=&#8220;0&#8243; overlay_alpha=&#8220;50&#8243; equal_height=&#8220;yes&#8220; gutter_size=&#8220;3&#8243; column_width_percent=&#8220;100&#8243; shift_y=&#8220;0&#8243; z_index=&#8220;0&#8243;][vc_column column_width_percent=&#8220;100&#8243; style=&#8220;dark&#8220; back_color=&#8220;color-wayh&#8220; overlay_alpha=&#8220;50&#8243; gutter_size=&#8220;3&#8243; medium_width=&#8220;0&#8243; mobile_width=&#8220;0&#8243; shift_x=&#8220;0&#8243; shift_y=&#8220;0&#8243; shift_y_down=&#8220;0&#8243; z_index=&#8220;0&#8243; [&hellip;]<\/p>\n","protected":false},"author":1,"featured_media":66610,"parent":0,"menu_order":0,"comment_status":"closed","ping_status":"closed","template":"","meta":{"footnotes":""},"class_list":["post-66715","page","type-page","status-publish","has-post-thumbnail","hentry"],"yoast_head":"<!-- This site is optimized with the Yoast SEO Premium plugin v26.6 (Yoast SEO v26.6) - https:\/\/yoast.com\/wordpress\/plugins\/seo\/ -->\n<title>Platba &amp; Doru\u010den\u00ed - Weingut Ipsmiller<\/title>\n<meta name=\"robots\" content=\"index, follow, max-snippet:-1, max-image-preview:large, max-video-preview:-1\" \/>\n<link rel=\"canonical\" href=\"https:\/\/www.ipsmiller.at\/zahlung-versand\/\" \/>\n<meta property=\"og:locale\" content=\"cs_CZ\" \/>\n<meta property=\"og:type\" content=\"article\" \/>\n<meta property=\"og:title\" content=\"[:de]Zahlung &amp; Versand[:en]payment &amp; shipping[:cs]Platba &amp; Doru\u010den\u00ed[:sk]Platba a doprava[:]\" \/>\n<meta property=\"og:description\" content=\"[vc_row unlock_row_content=&#8220;yes&#8220; row_height_percent=&#8220;0&#8243; overlay_alpha=&#8220;50&#8243; equal_height=&#8220;yes&#8220; gutter_size=&#8220;3&#8243; column_width_percent=&#8220;100&#8243; shift_y=&#8220;0&#8243; z_index=&#8220;0&#8243;][vc_column column_width_percent=&#8220;100&#8243; style=&#8220;dark&#8220; back_color=&#8220;color-wayh&#8220; overlay_alpha=&#8220;50&#8243; gutter_size=&#8220;3&#8243; medium_width=&#8220;0&#8243; mobile_width=&#8220;0&#8243; shift_x=&#8220;0&#8243; shift_y=&#8220;0&#8243; shift_y_down=&#8220;0&#8243; z_index=&#8220;0&#8243; [&hellip;]\" \/>\n<meta property=\"og:url\" content=\"https:\/\/www.ipsmiller.at\/zahlung-versand\/\" \/>\n<meta property=\"og:site_name\" content=\"Weingut Ipsmiller\" \/>\n<meta property=\"article:modified_time\" content=\"2019-04-11T13:30:40+00:00\" \/>\n<meta property=\"og:image\" content=\"https:\/\/www.ipsmiller.at\/wp-content\/uploads\/2018\/02\/header_kontakt4.jpg\" \/>\n\t<meta property=\"og:image:width\" content=\"1920\" \/>\n\t<meta property=\"og:image:height\" content=\"480\" \/>\n\t<meta property=\"og:image:type\" content=\"image\/jpeg\" \/>\n<meta name=\"twitter:card\" content=\"summary_large_image\" \/>\n<meta name=\"twitter:label1\" content=\"Odhadovan\u00e1 doba \u010dten\u00ed\" \/>\n\t<meta name=\"twitter:data1\" content=\"5 minut\" \/>\n<script type=\"application\/ld+json\" class=\"yoast-schema-graph\">{\"@context\":\"https:\/\/schema.org\",\"@graph\":[{\"@type\":\"WebPage\",\"@id\":\"https:\/\/www.ipsmiller.at\/zahlung-versand\/\",\"url\":\"https:\/\/www.ipsmiller.at\/zahlung-versand\/\",\"name\":\"[:de]Zahlung & Versand[:en]payment & shipping[:cs]Platba & Doru\u010den\u00ed[:sk]Platba a doprava[:] - Weingut Ipsmiller\",\"isPartOf\":{\"@id\":\"https:\/\/www.ipsmiller.at\/en\/#website\"},\"primaryImageOfPage\":{\"@id\":\"https:\/\/www.ipsmiller.at\/zahlung-versand\/#primaryimage\"},\"image\":{\"@id\":\"https:\/\/www.ipsmiller.at\/zahlung-versand\/#primaryimage\"},\"thumbnailUrl\":\"https:\/\/www.ipsmiller.at\/wp-content\/uploads\/2018\/02\/header_kontakt4.jpg\",\"datePublished\":\"2018-03-12T08:22:59+00:00\",\"dateModified\":\"2019-04-11T13:30:40+00:00\",\"breadcrumb\":{\"@id\":\"https:\/\/www.ipsmiller.at\/zahlung-versand\/#breadcrumb\"},\"inLanguage\":\"cs\",\"potentialAction\":[{\"@type\":\"ReadAction\",\"target\":[\"https:\/\/www.ipsmiller.at\/zahlung-versand\/\"]}]},{\"@type\":\"ImageObject\",\"inLanguage\":\"cs\",\"@id\":\"https:\/\/www.ipsmiller.at\/zahlung-versand\/#primaryimage\",\"url\":\"https:\/\/www.ipsmiller.at\/wp-content\/uploads\/2018\/02\/header_kontakt4.jpg\",\"contentUrl\":\"https:\/\/www.ipsmiller.at\/wp-content\/uploads\/2018\/02\/header_kontakt4.jpg\",\"width\":1920,\"height\":480},{\"@type\":\"BreadcrumbList\",\"@id\":\"https:\/\/www.ipsmiller.at\/zahlung-versand\/#breadcrumb\",\"itemListElement\":[{\"@type\":\"ListItem\",\"position\":1,\"name\":\"Startseite\",\"item\":\"https:\/\/www.ipsmiller.at\/\"},{\"@type\":\"ListItem\",\"position\":2,\"name\":\"Zahlung &#038; Versand\"}]},{\"@type\":\"WebSite\",\"@id\":\"https:\/\/www.ipsmiller.at\/en\/#website\",\"url\":\"https:\/\/www.ipsmiller.at\/en\/\",\"name\":\"Weingut Ipsmiller\",\"description\":\"Weine aus Schrattenberg\",\"publisher\":{\"@id\":\"https:\/\/www.ipsmiller.at\/en\/#organization\"},\"potentialAction\":[{\"@type\":\"SearchAction\",\"target\":{\"@type\":\"EntryPoint\",\"urlTemplate\":\"https:\/\/www.ipsmiller.at\/en\/?s={search_term_string}\"},\"query-input\":{\"@type\":\"PropertyValueSpecification\",\"valueRequired\":true,\"valueName\":\"search_term_string\"}}],\"inLanguage\":\"cs\"},{\"@type\":\"Organization\",\"@id\":\"https:\/\/www.ipsmiller.at\/en\/#organization\",\"name\":\"Weingut Ipsmiller\",\"url\":\"https:\/\/www.ipsmiller.at\/en\/\",\"logo\":{\"@type\":\"ImageObject\",\"inLanguage\":\"cs\",\"@id\":\"https:\/\/www.ipsmiller.at\/en\/#\/schema\/logo\/image\/\",\"url\":\"https:\/\/www.ipsmiller.at\/wp-content\/uploads\/2019\/11\/logo_ipsmiller_forever-wine_2019_3x.png\",\"contentUrl\":\"https:\/\/www.ipsmiller.at\/wp-content\/uploads\/2019\/11\/logo_ipsmiller_forever-wine_2019_3x.png\",\"width\":361,\"height\":120,\"caption\":\"Weingut Ipsmiller\"},\"image\":{\"@id\":\"https:\/\/www.ipsmiller.at\/en\/#\/schema\/logo\/image\/\"}}]}<\/script>\n<!-- \/ Yoast SEO Premium plugin. -->","yoast_head_json":{"title":"[:de]Zahlung & Versand[:en]payment & shipping[:cs]Platba & Doru\u010den\u00ed[:sk]Platba a doprava[:] - Weingut Ipsmiller","robots":{"index":"index","follow":"follow","max-snippet":"max-snippet:-1","max-image-preview":"max-image-preview:large","max-video-preview":"max-video-preview:-1"},"canonical":"https:\/\/www.ipsmiller.at\/zahlung-versand\/","og_locale":"cs_CZ","og_type":"article","og_title":"[:de]Zahlung & Versand[:en]payment & shipping[:cs]Platba & Doru\u010den\u00ed[:sk]Platba a doprava[:]","og_description":"[vc_row unlock_row_content=&#8220;yes&#8220; row_height_percent=&#8220;0&#8243; overlay_alpha=&#8220;50&#8243; equal_height=&#8220;yes&#8220; gutter_size=&#8220;3&#8243; column_width_percent=&#8220;100&#8243; shift_y=&#8220;0&#8243; z_index=&#8220;0&#8243;][vc_column column_width_percent=&#8220;100&#8243; style=&#8220;dark&#8220; back_color=&#8220;color-wayh&#8220; overlay_alpha=&#8220;50&#8243; gutter_size=&#8220;3&#8243; medium_width=&#8220;0&#8243; mobile_width=&#8220;0&#8243; shift_x=&#8220;0&#8243; shift_y=&#8220;0&#8243; shift_y_down=&#8220;0&#8243; z_index=&#8220;0&#8243; [&hellip;]","og_url":"https:\/\/www.ipsmiller.at\/zahlung-versand\/","og_site_name":"Weingut Ipsmiller","article_modified_time":"2019-04-11T13:30:40+00:00","og_image":[{"width":1920,"height":480,"url":"https:\/\/www.ipsmiller.at\/wp-content\/uploads\/2018\/02\/header_kontakt4.jpg","type":"image\/jpeg"}],"twitter_card":"summary_large_image","twitter_misc":{"Odhadovan\u00e1 doba \u010dten\u00ed":"5 minut"},"schema":{"@context":"https:\/\/schema.org","@graph":[{"@type":"WebPage","@id":"https:\/\/www.ipsmiller.at\/zahlung-versand\/","url":"https:\/\/www.ipsmiller.at\/zahlung-versand\/","name":"[:de]Zahlung & Versand[:en]payment & shipping[:cs]Platba & Doru\u010den\u00ed[:sk]Platba a doprava[:] - Weingut Ipsmiller","isPartOf":{"@id":"https:\/\/www.ipsmiller.at\/en\/#website"},"primaryImageOfPage":{"@id":"https:\/\/www.ipsmiller.at\/zahlung-versand\/#primaryimage"},"image":{"@id":"https:\/\/www.ipsmiller.at\/zahlung-versand\/#primaryimage"},"thumbnailUrl":"https:\/\/www.ipsmiller.at\/wp-content\/uploads\/2018\/02\/header_kontakt4.jpg","datePublished":"2018-03-12T08:22:59+00:00","dateModified":"2019-04-11T13:30:40+00:00","breadcrumb":{"@id":"https:\/\/www.ipsmiller.at\/zahlung-versand\/#breadcrumb"},"inLanguage":"cs","potentialAction":[{"@type":"ReadAction","target":["https:\/\/www.ipsmiller.at\/zahlung-versand\/"]}]},{"@type":"ImageObject","inLanguage":"cs","@id":"https:\/\/www.ipsmiller.at\/zahlung-versand\/#primaryimage","url":"https:\/\/www.ipsmiller.at\/wp-content\/uploads\/2018\/02\/header_kontakt4.jpg","contentUrl":"https:\/\/www.ipsmiller.at\/wp-content\/uploads\/2018\/02\/header_kontakt4.jpg","width":1920,"height":480},{"@type":"BreadcrumbList","@id":"https:\/\/www.ipsmiller.at\/zahlung-versand\/#breadcrumb","itemListElement":[{"@type":"ListItem","position":1,"name":"Startseite","item":"https:\/\/www.ipsmiller.at\/"},{"@type":"ListItem","position":2,"name":"Zahlung &#038; Versand"}]},{"@type":"WebSite","@id":"https:\/\/www.ipsmiller.at\/en\/#website","url":"https:\/\/www.ipsmiller.at\/en\/","name":"Weingut Ipsmiller","description":"Weine aus Schrattenberg","publisher":{"@id":"https:\/\/www.ipsmiller.at\/en\/#organization"},"potentialAction":[{"@type":"SearchAction","target":{"@type":"EntryPoint","urlTemplate":"https:\/\/www.ipsmiller.at\/en\/?s={search_term_string}"},"query-input":{"@type":"PropertyValueSpecification","valueRequired":true,"valueName":"search_term_string"}}],"inLanguage":"cs"},{"@type":"Organization","@id":"https:\/\/www.ipsmiller.at\/en\/#organization","name":"Weingut Ipsmiller","url":"https:\/\/www.ipsmiller.at\/en\/","logo":{"@type":"ImageObject","inLanguage":"cs","@id":"https:\/\/www.ipsmiller.at\/en\/#\/schema\/logo\/image\/","url":"https:\/\/www.ipsmiller.at\/wp-content\/uploads\/2019\/11\/logo_ipsmiller_forever-wine_2019_3x.png","contentUrl":"https:\/\/www.ipsmiller.at\/wp-content\/uploads\/2019\/11\/logo_ipsmiller_forever-wine_2019_3x.png","width":361,"height":120,"caption":"Weingut Ipsmiller"},"image":{"@id":"https:\/\/www.ipsmiller.at\/en\/#\/schema\/logo\/image\/"}}]}},"_links":{"self":[{"href":"https:\/\/www.ipsmiller.at\/cs\/wp-json\/wp\/v2\/pages\/66715","targetHints":{"allow":["GET"]}}],"collection":[{"href":"https:\/\/www.ipsmiller.at\/cs\/wp-json\/wp\/v2\/pages"}],"about":[{"href":"https:\/\/www.ipsmiller.at\/cs\/wp-json\/wp\/v2\/types\/page"}],"author":[{"embeddable":true,"href":"https:\/\/www.ipsmiller.at\/cs\/wp-json\/wp\/v2\/users\/1"}],"replies":[{"embeddable":true,"href":"https:\/\/www.ipsmiller.at\/cs\/wp-json\/wp\/v2\/comments?post=66715"}],"version-history":[{"count":6,"href":"https:\/\/www.ipsmiller.at\/cs\/wp-json\/wp\/v2\/pages\/66715\/revisions"}],"predecessor-version":[{"id":67048,"href":"https:\/\/www.ipsmiller.at\/cs\/wp-json\/wp\/v2\/pages\/66715\/revisions\/67048"}],"wp:featuredmedia":[{"embeddable":true,"href":"https:\/\/www.ipsmiller.at\/cs\/wp-json\/wp\/v2\/media\/66610"}],"wp:attachment":[{"href":"https:\/\/www.ipsmiller.at\/cs\/wp-json\/wp\/v2\/media?parent=66715"}],"curies":[{"name":"wp","href":"https:\/\/api.w.org\/{rel}","templated":true}]}}