{"id":66712,"date":"2018-03-12T09:17:31","date_gmt":"2018-03-12T08:17:31","guid":{"rendered":"https:\/\/www.ipsmiller.at\/?page_id=66712"},"modified":"2019-04-11T10:35:32","modified_gmt":"2019-04-11T08:35:32","slug":"agb-widerruf","status":"publish","type":"page","link":"https:\/\/www.ipsmiller.at\/cs\/agb-widerruf\/","title":{"rendered":"V\u0161eobecn\u00e9 obchodn\u00ed podm\u00ednky&#038;Pr\u00e1vo na odstoupen\u00ed od smlouvy"},"content":{"rendered":"<div class=\"wpb-content-wrapper\"><p>[vc_row unlock_row_content=&#8220;yes&#8220; row_height_percent=&#8220;0&#8243; overlay_alpha=&#8220;50&#8243; equal_height=&#8220;yes&#8220; gutter_size=&#8220;3&#8243; column_width_percent=&#8220;100&#8243; shift_y=&#8220;0&#8243; z_index=&#8220;0&#8243;][vc_column column_width_percent=&#8220;100&#8243; style=&#8220;dark&#8220; back_color=&#8220;color-wayh&#8220; overlay_alpha=&#8220;50&#8243; gutter_size=&#8220;3&#8243; medium_width=&#8220;0&#8243; mobile_width=&#8220;0&#8243; shift_x=&#8220;0&#8243; shift_y=&#8220;0&#8243; shift_y_down=&#8220;0&#8243; z_index=&#8220;0&#8243; width=&#8220;1\/1&#8243;][vc_custom_heading text_size=&#8220;&#8220; text_align=&#8220;text-left&#8220; text_uppercase=&#8220;&#8220;]V\u0161eobecn\u00e9 obchodn\u00ed podm\u00ednky&amp;Pr\u00e1vo na odstoupen\u00ed od smlouvy[\/vc_custom_heading][vc_custom_heading heading_semantic=&#8220;h3&#8243; text_size=&#8220;h5&#8243; text_align=&#8220;text-left&#8220; text_uppercase=&#8220;&#8220;]1) V\u0161eobecn\u00e1 platnost[\/vc_custom_heading][vc_column_text el_class=&#8220;icons-kontakt&#8220;]V\u0161echny objedn\u00e1vky u\u010din\u011bn\u00e9 v na\u0161em e-shopu podl\u00e9haj\u00ed n\u00ed\u017ee uveden\u00fdm V\u0161eobecn\u00fdm obchodn\u00edm podm\u00ednk\u00e1m (VOP). Jin\u00e9 obchodn\u00ed podm\u00ednky nebo podobn\u00e1 ujedn\u00e1n\u00ed nebudou uzn\u00e1ny.[\/vc_column_text][vc_custom_heading heading_semantic=&#8220;h3&#8243; text_size=&#8220;h5&#8243; text_align=&#8220;text-left&#8220; text_uppercase=&#8220;&#8220;]2) Uzav\u0159en\u00ed kupn\u00ed smlouvy[\/vc_custom_heading][vc_column_text el_class=&#8220;icons-kontakt&#8220;]Potvrd\u00edte-li svou objedn\u00e1vku,dojde k platn\u00e9mu uzav\u0159en\u00ed prodeje. Po zaregistrov\u00e1n\u00edod n\u00e1s obdr\u017e\u00edte e-mail, \u017ee jsme Va\u0161i objedn\u00e1vku obdr\u017eeli (akceptace). Platbu lze uhradit prost\u0159ednictv\u00edmfaktury zaslan\u00e9spolu se zbo\u017e\u00edm nebo slu\u017ebou PayPal. Jakmile se platba objev\u00ed na na\u0161em \u00fa\u010dtu, obratem zas\u00edl\u00e1me zbo\u017e\u00ed po\u0161tou.[\/vc_column_text][vc_custom_heading heading_semantic=&#8220;h3&#8243; text_size=&#8220;h5&#8243; text_align=&#8220;text-left&#8220; text_uppercase=&#8220;&#8220;]3) Korespondence[\/vc_custom_heading][vc_column_text el_class=&#8220;icons-kontakt&#8220;]Ve\u0161ker\u00e1 obchodn\u00ed komunikace prob\u00edh\u00e1 v n\u011bm\u010din\u011b.[\/vc_column_text][vc_custom_heading heading_semantic=&#8220;h3&#8243; text_size=&#8220;h5&#8243; text_align=&#8220;text-left&#8220; text_uppercase=&#8220;&#8220;]4) M\u00edsto pln\u011bn\u00ed a odpov\u011bdnost za \u0161kody[\/vc_custom_heading][vc_column_text el_class=&#8220;icons-kontakt&#8220;]Za m\u00edsto pln\u011bn\u00ed a s n\u00edm souvisej\u00edc\u00ed \u00fakony odpov\u00edd\u00e1 Vina\u0159stv\u00ed IPSMILLER. Riziko souvisej\u00edc\u00ed s p\u0159epravou na adresu uvedenou z\u00e1kazn\u00edkem nese s\u00e1m z\u00e1kazn\u00edk.[\/vc_column_text][vc_custom_heading heading_semantic=&#8220;h3&#8243; text_size=&#8220;h5&#8243; text_align=&#8220;text-left&#8220; text_uppercase=&#8220;&#8220;]5) Uplat\u0148ovan\u00fd pr\u00e1vn\u00ed syst\u00e9m, jurisdikce a kompetence[\/vc_custom_heading][vc_column_text el_class=&#8220;icons-kontakt&#8220;]V p\u0159\u00edpad\u011b spor\u016f mezi z\u00e1kazn\u00edkem a Vina\u0159stv\u00edm IPSMILLER se postupuje podle rakousk\u00e9ho pr\u00e1vaa uplat\u0148ov\u00e1n\u00ed jak\u00fdchkoliv jin\u00fdch evropsk\u00fdch kupn\u00edchpr\u00e1v je vylou\u010deno. Plat\u00ed rakousk\u00e1 jurisdikce a spor spad\u00e1 do kompetence soudu, kter\u00e9mu v\u011bcn\u011b podl\u00e9h\u00e1 Vina\u0159stv\u00ed IPSMILLER dle m\u00edsta sv\u00e9ho s\u00eddla.[\/vc_column_text][vc_custom_heading heading_semantic=&#8220;h3&#8243; text_size=&#8220;h5&#8243; text_align=&#8220;text-left&#8220; text_uppercase=&#8220;&#8220;]6) Odstoupen\u00ed od smlouvy[\/vc_custom_heading][vc_column_text el_class=&#8220;icons-kontakt&#8220;]Pokud se na z\u00e1kazn\u00edka vztahuje z\u00e1kon o ochran\u011bspot\u0159ebitel\u016f p\u0159i prodeji zbo\u017e\u00ed na d\u00e1lku, m\u00e1 z\u00e1kazn\u00edk pr\u00e1vo odstoupit od kupn\u00ed smlouvy do 14 dn\u016f bez ud\u00e1n\u00ed d\u016fvodu.Lh\u016fta na odstoupen\u00ed trv\u00e1 14 dn\u016f ode dne uzav\u0159en\u00ed smlouvy.<\/p>\n<p>Odstoupit od smlouvy lze pouze p\u00edsemn\u00fdm ozn\u00e1men\u00edm, kter\u00e9 bude zasl\u00e1no v dan\u00e9 lh\u016ft\u011b na adresu Weingut IPSMILLER, Hauptstra\u00dfe 9, 2172 Schrattenberg.<\/p>\n<p>Odstoup\u00ed-li z\u00e1kazn\u00edk od smlouvy, vr\u00e1t\u00ed Vina\u0159stv\u00ed IPSMILLER v\u0161echny p\u0159\u00edchoz\u00ed platby v\u010detn\u011b n\u00e1klad\u016f na doru\u010den\u00ed zbo\u017e\u00ed nejpozd\u011bji do 14 dn\u016f. Stane se tak prost\u0159ednictv\u00edm firemn\u00edho bankovn\u00edho \u00fa\u010dtu. Platba bude vr\u00e1cenajen v p\u0159\u00edpad\u011b, \u017ee firma p\u0159evezme zp\u011bt zcela nepo\u0161kozen\u00e9 zbo\u017e\u00ed. Z\u00e1kazn\u00edk mus\u00ed zbo\u017e\u00ed doru\u010dit zp\u011bt nejpozd\u011bji do 14 dn\u016f ode dne, kdy Vina\u0159stv\u00ed IPSMILLER obdr\u017e\u00ed ozn\u00e1men\u00ed o odstoupen\u00ed od smlouvy. N\u00e1klady na vr\u00e1cen\u00ed zbo\u017e\u00ed nese v\u00fdhradn\u011b z\u00e1kazn\u00edk.<\/p>\n<p><strong>6.1. Pr\u00e1vo na odstoupen\u00ed od smlouvy nevznik\u00e1<\/strong><\/p>\n<ul>\n<li>kdy\u017e byl otev\u0159en\u00fd uz\u00e1v\u011br lahve<\/li>\n<li>kdy\u017e byly poru\u0161en\u00e9 pe\u010deti na zape\u010det\u011bn\u00e9m zbo\u017e\u00ed<\/li>\n<li>kdy\u017e jsou lahve napln\u011bn\u00e9 m\u00e9n\u011b ne\u017e ze t\u0159\u00ed \u010dtvrtin.<\/li>\n<\/ul>\n<p>P\u0159edloha formul\u00e1\u0159e pro odstoupen\u00ed:<\/p>\n<p>-T\u00edmto stornujeme objedn\u00e1vku a p\u0159\u00edjem zbo\u017e\u00ed ze dne \u2026.<br \/>\n-Odr\u016fda a po\u010det lahv\u00ed<br \/>\n-Jm\u00e9no, adresa a podpis kupuj\u00edc\u00edho<\/p>\n<p>Vypln\u011bn\u00fd formul\u00e1\u0159 za\u0161lete na adresu: WEINGUT IPSMILLER, Hauptstra\u00dfe 9, 2172 Schrattenberg, nebo e-mailem: office@weingut-ipsmiller.at, \u010di faxem: 02555\/24700 4[\/vc_column_text][vc_custom_heading heading_semantic=&#8220;h3&#8243; text_size=&#8220;h5&#8243; text_align=&#8220;text-left&#8220; text_uppercase=&#8220;&#8220;]7) Dod\u00e1n\u00ed zbo\u017e\u00ed[\/vc_custom_heading][vc_column_text el_class=&#8220;icons-kontakt&#8220;]V\u00edno zas\u00edl\u00e1me prost\u0159ednictv\u00edm rakousk\u00e9 po\u0161ty. P\u0159i objedn\u00e1v\u00e1n\u00ed zbo\u017e\u00ed se p\u0159esn\u00e1 cena za doru\u010den\u00ed zobraz\u00ed v ko\u0161\u00edku a p\u0159i\u010dte se ke kone\u010dn\u00e9 \u010d\u00e1stce. Nen\u00ed-li objednan\u00e9 zbo\u017e\u00ed pr\u00e1v\u011b k dispozici,budeme o tom registrovan\u00e9ho z\u00e1kazn\u00edka neodkladn\u011b informovat telefonicky nebo p\u00edsemn\u011b. Nebude-li mo\u017en\u00e9 z\u00e1silku doru\u010dit z d\u016fvodu, \u017ee objednavatel nen\u00ed k zasti\u017een\u00ed na j\u00edm udan\u00e9 adrese, zanech\u00e1 po\u0161ta ozn\u00e1men\u00ed, kdy bude moci zbo\u017e\u00ed op\u011bt p\u0159evz\u00edt. Po t\u0159et\u00edm ne\u00fasp\u011b\u0161n\u00e9m pokusu o doru\u010den\u00ed se z\u00e1silka vr\u00e1t\u00ed Vina\u0159stv\u00ed IPSMILLER.[\/vc_column_text][vc_custom_heading heading_semantic=&#8220;h3&#8243; text_size=&#8220;h5&#8243; text_align=&#8220;text-left&#8220; text_uppercase=&#8220;&#8220;]8) Platba[\/vc_custom_heading][vc_column_text el_class=&#8220;icons-kontakt&#8220;]Akceptujeme platbyprost\u0159ednictv\u00edm slu\u017eby PayPal nebo faktury uhrazen\u00e9 do14 dn\u016f bankovn\u00edm p\u0159evodem.[\/vc_column_text][vc_custom_heading heading_semantic=&#8220;h3&#8243; text_size=&#8220;h5&#8243; text_align=&#8220;text-left&#8220; text_uppercase=&#8220;&#8220;]9) V\u00fdhradavlastnictv\u00ed[\/vc_custom_heading][vc_column_text el_class=&#8220;icons-kontakt&#8220;]Doru\u010den\u00e9 zbo\u017e\u00ed z\u016fst\u00e1v\u00e1 vlastnictv\u00edm Vina\u0159stv\u00ed IPSMILLER, dokud nedojde k \u00fapln\u00e9mu uhrazen\u00ed platby. Vina\u0159stv\u00ed IPSMILLER neru\u010d\u00ed za \u0161kody, kter\u00e9 nevznikly na samotn\u00e9m p\u0159edm\u011btu pohled\u00e1vky. Vina\u0159stv\u00ed nenese \u017e\u00e1dnou odpov\u011bdnost za u\u0161l\u00fd zisk a jin\u00e9 majetkov\u00e9 \u00fajmy objednatele. To se vztahuje tak\u00e9 na osobn\u00ed odpov\u011bdnost zam\u011bstnanc\u016f Vina\u0159stv\u00ed IPSMILLER. Z\u00e1ruka se omezuje na hodnotu zbo\u017e\u00ed v dob\u011b jeho n\u00e1kupu. V p\u0159\u00edpad\u011b vr\u00e1cen\u00ed zbo\u017e\u00ed za\u0161le Vina\u0159stv\u00ed IPSMILLER neprodlen\u011b n\u00e1hradn\u00ed zbo\u017e\u00ed. Z\u00e1konn\u00e1 z\u00e1ru\u010dn\u00ed lh\u016fta je 24 m\u011bs\u00edc\u016f a 36 m\u011bs\u00edc\u016f u v\u00edn s prokazatelnou vadou kvality. Z\u00e1ruka za\u010d\u00edn\u00e1 b\u011b\u017eet v\u017edy od data doru\u010den\u00ed.[\/vc_column_text][vc_custom_heading heading_semantic=&#8220;h3&#8243; text_size=&#8220;h5&#8243; text_align=&#8220;text-left&#8220; text_uppercase=&#8220;&#8220;]10) Z\u00edsk\u00e1v\u00e1n\u00ed, zpracov\u00e1n\u00ed a vyu\u017e\u00edv\u00e1n\u00ed osobn\u00edch dat na\u0161ich z\u00e1kazn\u00edk\u016f[\/vc_custom_heading][vc_column_text el_class=&#8220;icons-kontakt&#8220;]Informace, kter\u00e9 z\u00edsk\u00e1me, vyu\u017e\u00edv\u00e1me ve Va\u0161em z\u00e1jmu k vystaven\u00ed faktury a doru\u010den\u00ed zbo\u017e\u00ed. Va\u0161i e-mailovou adresu pou\u017e\u00edv\u00e1me rovn\u011b\u017e na to, abychom zlep\u0161ovali sv\u00e9 slu\u017eby a p\u0159edch\u00e1zeli zneu\u017eit\u00ed na\u0161ich www str\u00e1nek, p\u0159\u00edpadn\u011b takov\u00e9 zneu\u017eit\u00ed odhalili.<\/p>\n<p>Informace o osobn\u00edch datech objednavatele nebo z\u00e1jemce o zbo\u017e\u00ed vyu\u017e\u00edv\u00e1me s nejv\u011bt\u0161\u00ed diskr\u00e9tnost\u00ed a nep\u0159ed\u00e1v\u00e1me je t\u0159et\u00edstran\u011b.[\/vc_column_text][vc_custom_heading heading_semantic=&#8220;h3&#8243; text_size=&#8220;h5&#8243; text_align=&#8220;text-left&#8220; text_uppercase=&#8220;&#8220;]11)\u00a0Na\u0161e \u00fadaje[\/vc_custom_heading][vc_column_text el_class=&#8220;icons-kontakt&#8220;]Weingut IPSMILLER<\/p>\n<p>Hauptstra\u00dfe 9<br \/>\n2172 Schrattenberg<\/p>\n<p>Tel: 02555\/24700<br \/>\nEmail: office@ipsmiller.at<br \/>\nWeb: ipsmiller.at<\/p>\n<p>UID-Nummer: ATU67609723[\/vc_column_text][vc_custom_heading heading_semantic=&#8220;h3&#8243; text_size=&#8220;h5&#8243; text_align=&#8220;text-left&#8220; text_uppercase=&#8220;&#8220;]12) Platnost[\/vc_custom_heading][vc_column_text el_class=&#8220;icons-kontakt&#8220;]Ve\u0161ker\u00e9 ceny jsou uveden\u00e9 v eurech a plat\u00ed pro koncov\u00e9ho spot\u0159ebitele v\u010detn\u011b 20 % DPH. V\u0161echny \u00fadaje jsou v souladu s rakousk\u00fdmi pr\u00e1vn\u00edmi normami. Sklo a obalov\u00fd materi\u00e1l jsou zahrnut\u00e9 v cen\u011b. Aktualizac\u00ed cen v e-shopu pozb\u00fdvaj\u00ed d\u0159\u00edve uveden\u00e9 ceny svou platnost. Nelze prov\u00e1d\u011bt rezervace v\u00edn.[\/vc_column_text][vc_custom_heading heading_semantic=&#8220;h3&#8243; text_size=&#8220;h5&#8243; text_align=&#8220;text-left&#8220; text_uppercase=&#8220;&#8220;]13) Salvatorn\u00ed klauzule[\/vc_custom_heading][vc_column_text el_class=&#8220;icons-kontakt&#8220;]V p\u0159\u00edpad\u011b, \u017ee by se n\u011bkter\u00e1 z ustanoven\u00ed VOP a podm\u00ednek odstoupen\u00ed od smlouvy uk\u00e1zala b\u00fdt neplatn\u00fdmi nebo v rozporu s platn\u00fdm pr\u00e1vem, je t\u0159eba nahradit jeplatn\u00fdmi ustanoven\u00edmi a komunikovat zp\u016fsobem srozumiteln\u00fdm pro ob\u011b smluvn\u00ed strany. Ostatn\u00ed ustanoven\u00ed VOP t\u00edmto z\u016fst\u00e1vaj\u00ed nedot\u010den\u00e1. [\/vc_column_text][\/vc_column][\/vc_row]<\/p>\n<\/div>","protected":false},"excerpt":{"rendered":"<p>[vc_row unlock_row_content=&#8220;yes&#8220; row_height_percent=&#8220;0&#8243; overlay_alpha=&#8220;50&#8243; equal_height=&#8220;yes&#8220; gutter_size=&#8220;3&#8243; column_width_percent=&#8220;100&#8243; shift_y=&#8220;0&#8243; z_index=&#8220;0&#8243;][vc_column column_width_percent=&#8220;100&#8243; style=&#8220;dark&#8220; back_color=&#8220;color-wayh&#8220; overlay_alpha=&#8220;50&#8243; gutter_size=&#8220;3&#8243; medium_width=&#8220;0&#8243; mobile_width=&#8220;0&#8243; shift_x=&#8220;0&#8243; shift_y=&#8220;0&#8243; shift_y_down=&#8220;0&#8243; z_index=&#8220;0&#8243; [&hellip;]<\/p>\n","protected":false},"author":1,"featured_media":66610,"parent":0,"menu_order":0,"comment_status":"closed","ping_status":"closed","template":"","meta":{"footnotes":""},"class_list":["post-66712","page","type-page","status-publish","has-post-thumbnail","hentry"],"yoast_head":"<!-- This site is optimized with the Yoast SEO Premium plugin v26.6 (Yoast SEO v26.6) - https:\/\/yoast.com\/wordpress\/plugins\/seo\/ -->\n<title>V\u0161eobecn\u00e9 obchodn\u00ed podm\u00ednky&amp;Pr\u00e1vo na odstoupen\u00ed od smlouvy - Weingut Ipsmiller<\/title>\n<meta name=\"robots\" content=\"index, follow, max-snippet:-1, max-image-preview:large, max-video-preview:-1\" \/>\n<link rel=\"canonical\" href=\"https:\/\/www.ipsmiller.at\/agb-widerruf\/\" \/>\n<meta property=\"og:locale\" content=\"cs_CZ\" \/>\n<meta property=\"og:type\" content=\"article\" \/>\n<meta property=\"og:title\" content=\"[:de]AGB &amp; Widerruf[:en]AGB &amp; revocation[:cs]V\u0161eobecn\u00e9 obchodn\u00ed podm\u00ednky&amp;Pr\u00e1vo na odstoupen\u00ed od smlouvy[:sk]V\u0161eobecn\u00e9 obchodn\u00e9 podmienky a odst\u00fapenie od k\u00fapnej zmluvy[:]\" \/>\n<meta property=\"og:description\" content=\"[vc_row unlock_row_content=&#8220;yes&#8220; row_height_percent=&#8220;0&#8243; overlay_alpha=&#8220;50&#8243; equal_height=&#8220;yes&#8220; gutter_size=&#8220;3&#8243; column_width_percent=&#8220;100&#8243; shift_y=&#8220;0&#8243; z_index=&#8220;0&#8243;][vc_column column_width_percent=&#8220;100&#8243; style=&#8220;dark&#8220; back_color=&#8220;color-wayh&#8220; overlay_alpha=&#8220;50&#8243; gutter_size=&#8220;3&#8243; medium_width=&#8220;0&#8243; mobile_width=&#8220;0&#8243; shift_x=&#8220;0&#8243; shift_y=&#8220;0&#8243; shift_y_down=&#8220;0&#8243; z_index=&#8220;0&#8243; [&hellip;]\" \/>\n<meta property=\"og:url\" content=\"https:\/\/www.ipsmiller.at\/agb-widerruf\/\" \/>\n<meta property=\"og:site_name\" content=\"Weingut Ipsmiller\" \/>\n<meta property=\"article:modified_time\" content=\"2019-04-11T08:35:32+00:00\" \/>\n<meta property=\"og:image\" content=\"https:\/\/www.ipsmiller.at\/wp-content\/uploads\/2018\/02\/header_kontakt4.jpg\" \/>\n\t<meta property=\"og:image:width\" content=\"1920\" \/>\n\t<meta property=\"og:image:height\" content=\"480\" \/>\n\t<meta property=\"og:image:type\" content=\"image\/jpeg\" \/>\n<meta name=\"twitter:card\" content=\"summary_large_image\" \/>\n<meta name=\"twitter:label1\" content=\"Odhadovan\u00e1 doba \u010dten\u00ed\" \/>\n\t<meta name=\"twitter:data1\" content=\"26 minut\" \/>\n<script type=\"application\/ld+json\" class=\"yoast-schema-graph\">{\"@context\":\"https:\/\/schema.org\",\"@graph\":[{\"@type\":\"WebPage\",\"@id\":\"https:\/\/www.ipsmiller.at\/agb-widerruf\/\",\"url\":\"https:\/\/www.ipsmiller.at\/agb-widerruf\/\",\"name\":\"[:de]AGB & Widerruf[:en]AGB & revocation[:cs]V\u0161eobecn\u00e9 obchodn\u00ed podm\u00ednky&Pr\u00e1vo na odstoupen\u00ed od smlouvy[:sk]V\u0161eobecn\u00e9 obchodn\u00e9 podmienky a odst\u00fapenie od k\u00fapnej zmluvy[:] - Weingut Ipsmiller\",\"isPartOf\":{\"@id\":\"https:\/\/www.ipsmiller.at\/en\/#website\"},\"primaryImageOfPage\":{\"@id\":\"https:\/\/www.ipsmiller.at\/agb-widerruf\/#primaryimage\"},\"image\":{\"@id\":\"https:\/\/www.ipsmiller.at\/agb-widerruf\/#primaryimage\"},\"thumbnailUrl\":\"https:\/\/www.ipsmiller.at\/wp-content\/uploads\/2018\/02\/header_kontakt4.jpg\",\"datePublished\":\"2018-03-12T08:17:31+00:00\",\"dateModified\":\"2019-04-11T08:35:32+00:00\",\"breadcrumb\":{\"@id\":\"https:\/\/www.ipsmiller.at\/agb-widerruf\/#breadcrumb\"},\"inLanguage\":\"cs\",\"potentialAction\":[{\"@type\":\"ReadAction\",\"target\":[\"https:\/\/www.ipsmiller.at\/agb-widerruf\/\"]}]},{\"@type\":\"ImageObject\",\"inLanguage\":\"cs\",\"@id\":\"https:\/\/www.ipsmiller.at\/agb-widerruf\/#primaryimage\",\"url\":\"https:\/\/www.ipsmiller.at\/wp-content\/uploads\/2018\/02\/header_kontakt4.jpg\",\"contentUrl\":\"https:\/\/www.ipsmiller.at\/wp-content\/uploads\/2018\/02\/header_kontakt4.jpg\",\"width\":1920,\"height\":480},{\"@type\":\"BreadcrumbList\",\"@id\":\"https:\/\/www.ipsmiller.at\/agb-widerruf\/#breadcrumb\",\"itemListElement\":[{\"@type\":\"ListItem\",\"position\":1,\"name\":\"Startseite\",\"item\":\"https:\/\/www.ipsmiller.at\/\"},{\"@type\":\"ListItem\",\"position\":2,\"name\":\"AGB &#038; Widerruf\"}]},{\"@type\":\"WebSite\",\"@id\":\"https:\/\/www.ipsmiller.at\/en\/#website\",\"url\":\"https:\/\/www.ipsmiller.at\/en\/\",\"name\":\"Weingut Ipsmiller\",\"description\":\"Weine aus Schrattenberg\",\"publisher\":{\"@id\":\"https:\/\/www.ipsmiller.at\/en\/#organization\"},\"potentialAction\":[{\"@type\":\"SearchAction\",\"target\":{\"@type\":\"EntryPoint\",\"urlTemplate\":\"https:\/\/www.ipsmiller.at\/en\/?s={search_term_string}\"},\"query-input\":{\"@type\":\"PropertyValueSpecification\",\"valueRequired\":true,\"valueName\":\"search_term_string\"}}],\"inLanguage\":\"cs\"},{\"@type\":\"Organization\",\"@id\":\"https:\/\/www.ipsmiller.at\/en\/#organization\",\"name\":\"Weingut Ipsmiller\",\"url\":\"https:\/\/www.ipsmiller.at\/en\/\",\"logo\":{\"@type\":\"ImageObject\",\"inLanguage\":\"cs\",\"@id\":\"https:\/\/www.ipsmiller.at\/en\/#\/schema\/logo\/image\/\",\"url\":\"https:\/\/www.ipsmiller.at\/wp-content\/uploads\/2019\/11\/logo_ipsmiller_forever-wine_2019_3x.png\",\"contentUrl\":\"https:\/\/www.ipsmiller.at\/wp-content\/uploads\/2019\/11\/logo_ipsmiller_forever-wine_2019_3x.png\",\"width\":361,\"height\":120,\"caption\":\"Weingut Ipsmiller\"},\"image\":{\"@id\":\"https:\/\/www.ipsmiller.at\/en\/#\/schema\/logo\/image\/\"}}]}<\/script>\n<!-- \/ Yoast SEO Premium plugin. -->","yoast_head_json":{"title":"[:de]AGB & Widerruf[:en]AGB & revocation[:cs]V\u0161eobecn\u00e9 obchodn\u00ed podm\u00ednky&Pr\u00e1vo na odstoupen\u00ed od smlouvy[:sk]V\u0161eobecn\u00e9 obchodn\u00e9 podmienky a odst\u00fapenie od k\u00fapnej zmluvy[:] - Weingut Ipsmiller","robots":{"index":"index","follow":"follow","max-snippet":"max-snippet:-1","max-image-preview":"max-image-preview:large","max-video-preview":"max-video-preview:-1"},"canonical":"https:\/\/www.ipsmiller.at\/agb-widerruf\/","og_locale":"cs_CZ","og_type":"article","og_title":"[:de]AGB & Widerruf[:en]AGB & revocation[:cs]V\u0161eobecn\u00e9 obchodn\u00ed podm\u00ednky&Pr\u00e1vo na odstoupen\u00ed od smlouvy[:sk]V\u0161eobecn\u00e9 obchodn\u00e9 podmienky a odst\u00fapenie od k\u00fapnej zmluvy[:]","og_description":"[vc_row unlock_row_content=&#8220;yes&#8220; row_height_percent=&#8220;0&#8243; overlay_alpha=&#8220;50&#8243; equal_height=&#8220;yes&#8220; gutter_size=&#8220;3&#8243; column_width_percent=&#8220;100&#8243; shift_y=&#8220;0&#8243; z_index=&#8220;0&#8243;][vc_column column_width_percent=&#8220;100&#8243; style=&#8220;dark&#8220; back_color=&#8220;color-wayh&#8220; overlay_alpha=&#8220;50&#8243; gutter_size=&#8220;3&#8243; medium_width=&#8220;0&#8243; mobile_width=&#8220;0&#8243; shift_x=&#8220;0&#8243; shift_y=&#8220;0&#8243; shift_y_down=&#8220;0&#8243; z_index=&#8220;0&#8243; [&hellip;]","og_url":"https:\/\/www.ipsmiller.at\/agb-widerruf\/","og_site_name":"Weingut Ipsmiller","article_modified_time":"2019-04-11T08:35:32+00:00","og_image":[{"width":1920,"height":480,"url":"https:\/\/www.ipsmiller.at\/wp-content\/uploads\/2018\/02\/header_kontakt4.jpg","type":"image\/jpeg"}],"twitter_card":"summary_large_image","twitter_misc":{"Odhadovan\u00e1 doba \u010dten\u00ed":"26 minut"},"schema":{"@context":"https:\/\/schema.org","@graph":[{"@type":"WebPage","@id":"https:\/\/www.ipsmiller.at\/agb-widerruf\/","url":"https:\/\/www.ipsmiller.at\/agb-widerruf\/","name":"[:de]AGB & Widerruf[:en]AGB & revocation[:cs]V\u0161eobecn\u00e9 obchodn\u00ed podm\u00ednky&Pr\u00e1vo na odstoupen\u00ed od smlouvy[:sk]V\u0161eobecn\u00e9 obchodn\u00e9 podmienky a odst\u00fapenie od k\u00fapnej zmluvy[:] - Weingut Ipsmiller","isPartOf":{"@id":"https:\/\/www.ipsmiller.at\/en\/#website"},"primaryImageOfPage":{"@id":"https:\/\/www.ipsmiller.at\/agb-widerruf\/#primaryimage"},"image":{"@id":"https:\/\/www.ipsmiller.at\/agb-widerruf\/#primaryimage"},"thumbnailUrl":"https:\/\/www.ipsmiller.at\/wp-content\/uploads\/2018\/02\/header_kontakt4.jpg","datePublished":"2018-03-12T08:17:31+00:00","dateModified":"2019-04-11T08:35:32+00:00","breadcrumb":{"@id":"https:\/\/www.ipsmiller.at\/agb-widerruf\/#breadcrumb"},"inLanguage":"cs","potentialAction":[{"@type":"ReadAction","target":["https:\/\/www.ipsmiller.at\/agb-widerruf\/"]}]},{"@type":"ImageObject","inLanguage":"cs","@id":"https:\/\/www.ipsmiller.at\/agb-widerruf\/#primaryimage","url":"https:\/\/www.ipsmiller.at\/wp-content\/uploads\/2018\/02\/header_kontakt4.jpg","contentUrl":"https:\/\/www.ipsmiller.at\/wp-content\/uploads\/2018\/02\/header_kontakt4.jpg","width":1920,"height":480},{"@type":"BreadcrumbList","@id":"https:\/\/www.ipsmiller.at\/agb-widerruf\/#breadcrumb","itemListElement":[{"@type":"ListItem","position":1,"name":"Startseite","item":"https:\/\/www.ipsmiller.at\/"},{"@type":"ListItem","position":2,"name":"AGB &#038; Widerruf"}]},{"@type":"WebSite","@id":"https:\/\/www.ipsmiller.at\/en\/#website","url":"https:\/\/www.ipsmiller.at\/en\/","name":"Weingut Ipsmiller","description":"Weine aus Schrattenberg","publisher":{"@id":"https:\/\/www.ipsmiller.at\/en\/#organization"},"potentialAction":[{"@type":"SearchAction","target":{"@type":"EntryPoint","urlTemplate":"https:\/\/www.ipsmiller.at\/en\/?s={search_term_string}"},"query-input":{"@type":"PropertyValueSpecification","valueRequired":true,"valueName":"search_term_string"}}],"inLanguage":"cs"},{"@type":"Organization","@id":"https:\/\/www.ipsmiller.at\/en\/#organization","name":"Weingut Ipsmiller","url":"https:\/\/www.ipsmiller.at\/en\/","logo":{"@type":"ImageObject","inLanguage":"cs","@id":"https:\/\/www.ipsmiller.at\/en\/#\/schema\/logo\/image\/","url":"https:\/\/www.ipsmiller.at\/wp-content\/uploads\/2019\/11\/logo_ipsmiller_forever-wine_2019_3x.png","contentUrl":"https:\/\/www.ipsmiller.at\/wp-content\/uploads\/2019\/11\/logo_ipsmiller_forever-wine_2019_3x.png","width":361,"height":120,"caption":"Weingut Ipsmiller"},"image":{"@id":"https:\/\/www.ipsmiller.at\/en\/#\/schema\/logo\/image\/"}}]}},"_links":{"self":[{"href":"https:\/\/www.ipsmiller.at\/cs\/wp-json\/wp\/v2\/pages\/66712","targetHints":{"allow":["GET"]}}],"collection":[{"href":"https:\/\/www.ipsmiller.at\/cs\/wp-json\/wp\/v2\/pages"}],"about":[{"href":"https:\/\/www.ipsmiller.at\/cs\/wp-json\/wp\/v2\/types\/page"}],"author":[{"embeddable":true,"href":"https:\/\/www.ipsmiller.at\/cs\/wp-json\/wp\/v2\/users\/1"}],"replies":[{"embeddable":true,"href":"https:\/\/www.ipsmiller.at\/cs\/wp-json\/wp\/v2\/comments?post=66712"}],"version-history":[{"count":6,"href":"https:\/\/www.ipsmiller.at\/cs\/wp-json\/wp\/v2\/pages\/66712\/revisions"}],"predecessor-version":[{"id":67030,"href":"https:\/\/www.ipsmiller.at\/cs\/wp-json\/wp\/v2\/pages\/66712\/revisions\/67030"}],"wp:featuredmedia":[{"embeddable":true,"href":"https:\/\/www.ipsmiller.at\/cs\/wp-json\/wp\/v2\/media\/66610"}],"wp:attachment":[{"href":"https:\/\/www.ipsmiller.at\/cs\/wp-json\/wp\/v2\/media?parent=66712"}],"curies":[{"name":"wp","href":"https:\/\/api.w.org\/{rel}","templated":true}]}}