{"id":65912,"date":"2018-01-19T14:56:18","date_gmt":"2018-01-19T13:56:18","guid":{"rendered":"https:\/\/www.ipsmiller.at\/?page_id=65912"},"modified":"2025-12-16T09:30:10","modified_gmt":"2025-12-16T08:30:10","slug":"medien","status":"publish","type":"page","link":"https:\/\/www.ipsmiller.at\/cs\/medien\/","title":{"rendered":"M\u00c9DIA"},"content":{"rendered":"<div class=\"wpb-content-wrapper\"><p>[vc_row unlock_row_content=&#8220;yes&#8220; row_height_percent=&#8220;0&#8243; overlay_alpha=&#8220;50&#8243; equal_height=&#8220;yes&#8220; gutter_size=&#8220;3&#8243; column_width_percent=&#8220;100&#8243; shift_y=&#8220;0&#8243; z_index=&#8220;0&#8243;][vc_column width=&#8220;2\/3&#8243;][vc_custom_heading text_size=&#8220;&#8220; text_align=&#8220;text-left&#8220; text_uppercase=&#8220;&#8220;]Ipsmiller in den Medien[\/vc_custom_heading][vc_row_inner row_inner_height_percent=&#8220;0&#8243; overlay_alpha=&#8220;50&#8243; equal_height=&#8220;yes&#8220; gutter_size=&#8220;3&#8243; shift_y=&#8220;0&#8243; z_index=&#8220;0&#8243; limit_content=&#8220;&#8220;][vc_column_inner column_width_percent=&#8220;100&#8243; gutter_size=&#8220;3&#8243; style=&#8220;dark&#8220; back_color=&#8220;color-wayh&#8220; overlay_alpha=&#8220;50&#8243; shift_x=&#8220;0&#8243; shift_y=&#8220;0&#8243; shift_y_down=&#8220;0&#8243; z_index=&#8220;0&#8243; medium_width=&#8220;0&#8243; mobile_width=&#8220;0&#8243; width=&#8220;1\/1&#8243;][vc_custom_heading heading_semantic=&#8220;h3&#8243; text_size=&#8220;h5&#8243; text_align=&#8220;text-left&#8220; text_uppercase=&#8220;&#8220;]Doppelgrillweltmeister ADI Matzek zu Gast bei Ipsmiller[\/vc_custom_heading][vc_raw_html]aHR0cHMlM0ElMkYlMkZ3d3cueW91dHViZS5jb20lMkZlbWJlZCUyRmZyUU1UVnNGR2Nj[\/vc_raw_html][\/vc_column_inner][\/vc_row_inner][vc_row_inner row_inner_height_percent=&#8220;0&#8243; overlay_alpha=&#8220;50&#8243; equal_height=&#8220;yes&#8220; gutter_size=&#8220;3&#8243; shift_y=&#8220;0&#8243; z_index=&#8220;0&#8243; limit_content=&#8220;&#8220;][vc_column_inner column_width_percent=&#8220;100&#8243; gutter_size=&#8220;3&#8243; style=&#8220;dark&#8220; back_color=&#8220;color-wayh&#8220; overlay_alpha=&#8220;50&#8243; shift_x=&#8220;0&#8243; shift_y=&#8220;0&#8243; shift_y_down=&#8220;0&#8243; z_index=&#8220;0&#8243; medium_width=&#8220;0&#8243; mobile_width=&#8220;0&#8243; width=&#8220;1\/2&#8243;][vc_custom_heading heading_semantic=&#8220;h3&#8243; text_size=&#8220;h5&#8243; text_align=&#8220;text-left&#8220; text_uppercase=&#8220;&#8220;]Wein.Tour.Opening 2018[\/vc_custom_heading][vc_column_text]<strong>Ausschnitt aus dem Beitrag von wein4tel.tv<\/strong><\/p>\n<p>Stimmungsvoller Auftakt zur Weintour Weinviertel: In der einzigartigen Atmosph\u00e4re des Renaissancehofes (Eisenhuthaus) pr\u00e4sentieren Weinviertler Winzer ihre ausgezeichneten Weine![\/vc_column_text][vc_raw_html]aHR0cHMlM0ElMkYlMkZ3d3cueW91dHViZS5jb20lMkZlbWJlZCUyRmlIWlpVMGRJSzVR[\/vc_raw_html][\/vc_column_inner][vc_column_inner column_width_percent=&#8220;100&#8243; gutter_size=&#8220;3&#8243; style=&#8220;dark&#8220; back_color=&#8220;color-wayh&#8220; overlay_alpha=&#8220;50&#8243; shift_x=&#8220;0&#8243; shift_y=&#8220;0&#8243; shift_y_down=&#8220;0&#8243; z_index=&#8220;0&#8243; medium_width=&#8220;0&#8243; mobile_width=&#8220;0&#8243; width=&#8220;1\/2&#8243;][vc_custom_heading heading_semantic=&#8220;h3&#8243; text_size=&#8220;h5&#8243; text_align=&#8220;text-left&#8220; text_uppercase=&#8220;&#8220;]Ipsmiller, kleines Team, gro\u00dfer Auftritt[\/vc_custom_heading][vc_column_text]<strong>Messezentrum Salzburg: &#8222;Alles f\u00fcr den Gast&#8220;<\/strong><\/p>\n<p>Das exquisite Weingut Ipsmiller aus Schrattenberg (Weinviertel, N\u00d6) war mit Qualit\u00e4tsweinen erfolgreich pr\u00e4sent. DI(FH) Herbert Donner-Ipsmiller, MSc. (li.) und Kurt Ipsmiller mit Gast Gerhard L\u00f6v bei der Verkostung der Neuheit \u201ePetra &#8211; Empress Sissi\u201c &#8211; einer vinophilen Hommage an Kaiserin Elisabeth.[\/vc_column_text][vc_single_image media=&#8220;66556&#8243; media_lightbox=&#8220;yes&#8220; media_width_percent=&#8220;100&#8243;][\/vc_column_inner][\/vc_row_inner][vc_row_inner row_inner_height_percent=&#8220;0&#8243; overlay_alpha=&#8220;50&#8243; equal_height=&#8220;yes&#8220; gutter_size=&#8220;3&#8243; shift_y=&#8220;0&#8243; z_index=&#8220;0&#8243; limit_content=&#8220;&#8220;][vc_column_inner column_width_percent=&#8220;100&#8243; gutter_size=&#8220;3&#8243; style=&#8220;dark&#8220; back_color=&#8220;color-wayh&#8220; overlay_alpha=&#8220;50&#8243; shift_x=&#8220;0&#8243; shift_y=&#8220;0&#8243; shift_y_down=&#8220;0&#8243; z_index=&#8220;0&#8243; medium_width=&#8220;0&#8243; mobile_width=&#8220;0&#8243; width=&#8220;1\/2&#8243;][vc_custom_heading heading_semantic=&#8220;h3&#8243; text_size=&#8220;h5&#8243; text_align=&#8220;text-left&#8220; text_uppercase=&#8220;&#8220;]Women of the Year Gala[\/vc_custom_heading][vc_column_text]Vivat Vinum auf ORFIII<br \/>\nWeinviertler Winzerinnen \u00fcberreichen Preis bei Women of the Year Gala[\/vc_column_text][vc_raw_html]aHR0cHMlM0ElMkYlMkZ3d3cueW91dHViZS5jb20lMkZlbWJlZCUyRlNmcHg5bUNuNzBz[\/vc_raw_html][\/vc_column_inner][vc_column_inner column_width_percent=&#8220;100&#8243; gutter_size=&#8220;3&#8243; style=&#8220;dark&#8220; back_color=&#8220;color-wayh&#8220; overlay_alpha=&#8220;50&#8243; shift_x=&#8220;0&#8243; shift_y=&#8220;0&#8243; shift_y_down=&#8220;0&#8243; z_index=&#8220;0&#8243; medium_width=&#8220;0&#8243; mobile_width=&#8220;0&#8243; width=&#8220;1\/2&#8243;][vc_custom_heading heading_semantic=&#8220;h3&#8243; text_size=&#8220;h5&#8243; text_align=&#8220;text-left&#8220; text_uppercase=&#8220;&#8220;]Wein aus Frauenhand[\/vc_custom_heading][vc_column_text]<\/p>\n<ul class=\"fa-ul\">\n<li><i class=\"fa-li fa fa-file-pdf-o\"><\/i><a href=\"\/wp-content\/uploads\/2018\/02\/medien_wein-aus-frauenhand.pdf\" target=\"_blank\" rel=\"noopener noreferrer\">Bericht aus dem Magazin Wein4tlerin lesen (.pdf)<\/a><\/li>\n<\/ul>\n<p>[\/vc_column_text][vc_single_image media=&#8220;66379&#8243; media_width_percent=&#8220;100&#8243; lbox_connected=&#8220;yes&#8220; media_link=&#8220;url:%2Fwp-content%2Fuploads%2F2018%2F02%2Fmedien_wein-aus-frauenhand.pdf||target:%20_blank|&#8220;][\/vc_column_inner][\/vc_row_inner][\/vc_column][vc_column column_width_percent=&#8220;100&#8243; gutter_size=&#8220;3&#8243; expand_height=&#8220;yes&#8220; overlay_alpha=&#8220;50&#8243; shift_x=&#8220;0&#8243; shift_y=&#8220;0&#8243; shift_y_down=&#8220;0&#8243; z_index=&#8220;0&#8243; medium_width=&#8220;0&#8243; mobile_width=&#8220;0&#8243; width=&#8220;1\/3&#8243;][vc_custom_heading text_size=&#8220;&#8220; text_align=&#8220;text-left&#8220; text_uppercase=&#8220;&#8220;]Presse[\/vc_custom_heading][vc_row_inner row_inner_height_percent=&#8220;0&#8243; overlay_alpha=&#8220;50&#8243; gutter_size=&#8220;3&#8243; shift_y=&#8220;0&#8243; z_index=&#8220;0&#8243; sticky=&#8220;yes&#8220; limit_content=&#8220;&#8220;][vc_column_inner column_width_percent=&#8220;100&#8243; gutter_size=&#8220;3&#8243; style=&#8220;dark&#8220; back_color=&#8220;color-wayh&#8220; overlay_alpha=&#8220;50&#8243; shift_x=&#8220;0&#8243; shift_y=&#8220;0&#8243; shift_y_down=&#8220;0&#8243; z_index=&#8220;0&#8243; medium_width=&#8220;0&#8243; mobile_width=&#8220;0&#8243; width=&#8220;1\/1&#8243;][vc_custom_heading heading_semantic=&#8220;h3&#8243; text_size=&#8220;h5&#8243; text_align=&#8220;text-left&#8220; text_uppercase=&#8220;&#8220;]Downloads[\/vc_custom_heading][vc_column_text uncode_shortcode_id=&#8220;777650&#8243;]<\/p>\n<ul class=\"fa-ul\">\n<li><i class=\"fa-li fa fa-file-image-o\"><\/i><a href=\"https:\/\/www.ipsmiller.at\/wp-content\/uploads\/2025\/01\/Logo_Ipsmiller-FW.png\" target=\"_blank\" rel=\"noopener noreferrer\">Weingut Ipsmiller Logo (.jpg)<\/a><\/li>\n<li><i class=\"fa-li fa fa-file-pdf-o\"><\/i><a href=\"\/wp-content\/uploads\/2017\/10\/empress-sissi.pdf\" target=\"_blank\" rel=\"noopener noreferrer\">Empress Sissi Pressetext (.pdf)<\/a><\/li>\n<li><i class=\"fa-li fa fa-file-image-o\"><\/i><a href=\"\/wp-content\/uploads\/2017\/10\/empress-sissi.jpg\" target=\"_blank\" rel=\"noopener noreferrer\">Empress Sissi Weine (.jpg)<\/a><\/li>\n<li><i class=\"fa-li fa fa-file-image-o\"><\/i><a href=\"\/wp-content\/uploads\/2017\/10\/empress-sissi.tif\" target=\"_blank\" rel=\"noopener noreferrer\">Empress Sissi Weine (.tif)<\/a><\/li>\n<\/ul>\n<p>[\/vc_column_text][\/vc_column_inner][\/vc_row_inner][\/vc_column][\/vc_row]<br \/>\n<\/p>\n<\/div>","protected":false},"excerpt":{"rendered":"<p>[vc_row unlock_row_content=&#8220;yes&#8220; row_height_percent=&#8220;0&#8243; overlay_alpha=&#8220;50&#8243; equal_height=&#8220;yes&#8220; gutter_size=&#8220;3&#8243; column_width_percent=&#8220;100&#8243; shift_y=&#8220;0&#8243; z_index=&#8220;0&#8243;][vc_column width=&#8220;2\/3&#8243;][vc_custom_heading text_size=&#8220;&#8220; text_align=&#8220;text-left&#8220; text_uppercase=&#8220;&#8220;]Ipsmiller in den Medien[\/vc_custom_heading][vc_row_inner row_inner_height_percent=&#8220;0&#8243; overlay_alpha=&#8220;50&#8243; equal_height=&#8220;yes&#8220; gutter_size=&#8220;3&#8243; [&hellip;]<\/p>\n","protected":false},"author":1,"featured_media":66944,"parent":0,"menu_order":0,"comment_status":"closed","ping_status":"closed","template":"","meta":{"footnotes":""},"class_list":["post-65912","page","type-page","status-publish","has-post-thumbnail","hentry"],"yoast_head":"<!-- This site is optimized with the Yoast SEO Premium plugin v26.6 (Yoast SEO v26.6) - https:\/\/yoast.com\/wordpress\/plugins\/seo\/ -->\n<title>Weingut Ipsmiller - Medienberichte und Pressemitteilungen<\/title>\n<meta name=\"description\" content=\"Weingut Ipsmiller - lesen Sie aktuelle Presseberichte, Artikel und Nachrichten \u00fcber unsere Weine und unser Weingut.\" \/>\n<meta name=\"robots\" content=\"index, follow, max-snippet:-1, max-image-preview:large, max-video-preview:-1\" \/>\n<link rel=\"canonical\" href=\"https:\/\/www.ipsmiller.at\/medien\/\" \/>\n<meta property=\"og:locale\" content=\"cs_CZ\" \/>\n<meta property=\"og:type\" content=\"article\" \/>\n<meta property=\"og:title\" content=\"[:de]Medien[:en]Media[:cs]M\u00c9DIA[:sk]M\u00c9DI\u00c1[:]\" \/>\n<meta property=\"og:description\" content=\"Weingut Ipsmiller - lesen Sie aktuelle Presseberichte, Artikel und Nachrichten \u00fcber unsere Weine und unser Weingut.\" \/>\n<meta property=\"og:url\" content=\"https:\/\/www.ipsmiller.at\/medien\/\" \/>\n<meta property=\"og:site_name\" content=\"Weingut Ipsmiller\" \/>\n<meta property=\"article:modified_time\" content=\"2025-12-16T08:30:10+00:00\" \/>\n<meta property=\"og:image\" content=\"https:\/\/www.ipsmiller.at\/wp-content\/uploads\/2019\/01\/IMG_2316-e1548845697777-scaled.jpg\" \/>\n\t<meta property=\"og:image:width\" content=\"2560\" \/>\n\t<meta property=\"og:image:height\" content=\"1920\" \/>\n\t<meta property=\"og:image:type\" content=\"image\/jpeg\" \/>\n<meta name=\"twitter:card\" content=\"summary_large_image\" \/>\n<meta name=\"twitter:label1\" content=\"Odhadovan\u00e1 doba \u010dten\u00ed\" \/>\n\t<meta name=\"twitter:data1\" content=\"2 minuty\" \/>\n<script type=\"application\/ld+json\" class=\"yoast-schema-graph\">{\"@context\":\"https:\/\/schema.org\",\"@graph\":[{\"@type\":\"WebPage\",\"@id\":\"https:\/\/www.ipsmiller.at\/medien\/\",\"url\":\"https:\/\/www.ipsmiller.at\/medien\/\",\"name\":\"Weingut Ipsmiller - Medienberichte und Pressemitteilungen\",\"isPartOf\":{\"@id\":\"https:\/\/www.ipsmiller.at\/en\/#website\"},\"primaryImageOfPage\":{\"@id\":\"https:\/\/www.ipsmiller.at\/medien\/#primaryimage\"},\"image\":{\"@id\":\"https:\/\/www.ipsmiller.at\/medien\/#primaryimage\"},\"thumbnailUrl\":\"https:\/\/www.ipsmiller.at\/wp-content\/uploads\/2019\/01\/IMG_2316-e1548845697777-scaled.jpg\",\"datePublished\":\"2018-01-19T13:56:18+00:00\",\"dateModified\":\"2025-12-16T08:30:10+00:00\",\"description\":\"Weingut Ipsmiller - lesen Sie aktuelle Presseberichte, Artikel und Nachrichten \u00fcber unsere Weine und unser Weingut.\",\"breadcrumb\":{\"@id\":\"https:\/\/www.ipsmiller.at\/medien\/#breadcrumb\"},\"inLanguage\":\"cs\",\"potentialAction\":[{\"@type\":\"ReadAction\",\"target\":[\"https:\/\/www.ipsmiller.at\/medien\/\"]}]},{\"@type\":\"ImageObject\",\"inLanguage\":\"cs\",\"@id\":\"https:\/\/www.ipsmiller.at\/medien\/#primaryimage\",\"url\":\"https:\/\/www.ipsmiller.at\/wp-content\/uploads\/2019\/01\/IMG_2316-e1548845697777-scaled.jpg\",\"contentUrl\":\"https:\/\/www.ipsmiller.at\/wp-content\/uploads\/2019\/01\/IMG_2316-e1548845697777-scaled.jpg\",\"width\":2560,\"height\":1920},{\"@type\":\"BreadcrumbList\",\"@id\":\"https:\/\/www.ipsmiller.at\/medien\/#breadcrumb\",\"itemListElement\":[{\"@type\":\"ListItem\",\"position\":1,\"name\":\"Startseite\",\"item\":\"https:\/\/www.ipsmiller.at\/\"},{\"@type\":\"ListItem\",\"position\":2,\"name\":\"Medien\"}]},{\"@type\":\"WebSite\",\"@id\":\"https:\/\/www.ipsmiller.at\/en\/#website\",\"url\":\"https:\/\/www.ipsmiller.at\/en\/\",\"name\":\"Weingut Ipsmiller\",\"description\":\"Weine aus Schrattenberg\",\"publisher\":{\"@id\":\"https:\/\/www.ipsmiller.at\/en\/#organization\"},\"potentialAction\":[{\"@type\":\"SearchAction\",\"target\":{\"@type\":\"EntryPoint\",\"urlTemplate\":\"https:\/\/www.ipsmiller.at\/en\/?s={search_term_string}\"},\"query-input\":{\"@type\":\"PropertyValueSpecification\",\"valueRequired\":true,\"valueName\":\"search_term_string\"}}],\"inLanguage\":\"cs\"},{\"@type\":\"Organization\",\"@id\":\"https:\/\/www.ipsmiller.at\/en\/#organization\",\"name\":\"Weingut Ipsmiller\",\"url\":\"https:\/\/www.ipsmiller.at\/en\/\",\"logo\":{\"@type\":\"ImageObject\",\"inLanguage\":\"cs\",\"@id\":\"https:\/\/www.ipsmiller.at\/en\/#\/schema\/logo\/image\/\",\"url\":\"https:\/\/www.ipsmiller.at\/wp-content\/uploads\/2019\/11\/logo_ipsmiller_forever-wine_2019_3x.png\",\"contentUrl\":\"https:\/\/www.ipsmiller.at\/wp-content\/uploads\/2019\/11\/logo_ipsmiller_forever-wine_2019_3x.png\",\"width\":361,\"height\":120,\"caption\":\"Weingut Ipsmiller\"},\"image\":{\"@id\":\"https:\/\/www.ipsmiller.at\/en\/#\/schema\/logo\/image\/\"}}]}<\/script>\n<!-- \/ Yoast SEO Premium plugin. -->","yoast_head_json":{"title":"Weingut Ipsmiller - Medienberichte und Pressemitteilungen","description":"Weingut Ipsmiller - lesen Sie aktuelle Presseberichte, Artikel und Nachrichten \u00fcber unsere Weine und unser Weingut.","robots":{"index":"index","follow":"follow","max-snippet":"max-snippet:-1","max-image-preview":"max-image-preview:large","max-video-preview":"max-video-preview:-1"},"canonical":"https:\/\/www.ipsmiller.at\/medien\/","og_locale":"cs_CZ","og_type":"article","og_title":"[:de]Medien[:en]Media[:cs]M\u00c9DIA[:sk]M\u00c9DI\u00c1[:]","og_description":"Weingut Ipsmiller - lesen Sie aktuelle Presseberichte, Artikel und Nachrichten \u00fcber unsere Weine und unser Weingut.","og_url":"https:\/\/www.ipsmiller.at\/medien\/","og_site_name":"Weingut Ipsmiller","article_modified_time":"2025-12-16T08:30:10+00:00","og_image":[{"width":2560,"height":1920,"url":"https:\/\/www.ipsmiller.at\/wp-content\/uploads\/2019\/01\/IMG_2316-e1548845697777-scaled.jpg","type":"image\/jpeg"}],"twitter_card":"summary_large_image","twitter_misc":{"Odhadovan\u00e1 doba \u010dten\u00ed":"2 minuty"},"schema":{"@context":"https:\/\/schema.org","@graph":[{"@type":"WebPage","@id":"https:\/\/www.ipsmiller.at\/medien\/","url":"https:\/\/www.ipsmiller.at\/medien\/","name":"Weingut Ipsmiller - Medienberichte und Pressemitteilungen","isPartOf":{"@id":"https:\/\/www.ipsmiller.at\/en\/#website"},"primaryImageOfPage":{"@id":"https:\/\/www.ipsmiller.at\/medien\/#primaryimage"},"image":{"@id":"https:\/\/www.ipsmiller.at\/medien\/#primaryimage"},"thumbnailUrl":"https:\/\/www.ipsmiller.at\/wp-content\/uploads\/2019\/01\/IMG_2316-e1548845697777-scaled.jpg","datePublished":"2018-01-19T13:56:18+00:00","dateModified":"2025-12-16T08:30:10+00:00","description":"Weingut Ipsmiller - lesen Sie aktuelle Presseberichte, Artikel und Nachrichten \u00fcber unsere Weine und unser Weingut.","breadcrumb":{"@id":"https:\/\/www.ipsmiller.at\/medien\/#breadcrumb"},"inLanguage":"cs","potentialAction":[{"@type":"ReadAction","target":["https:\/\/www.ipsmiller.at\/medien\/"]}]},{"@type":"ImageObject","inLanguage":"cs","@id":"https:\/\/www.ipsmiller.at\/medien\/#primaryimage","url":"https:\/\/www.ipsmiller.at\/wp-content\/uploads\/2019\/01\/IMG_2316-e1548845697777-scaled.jpg","contentUrl":"https:\/\/www.ipsmiller.at\/wp-content\/uploads\/2019\/01\/IMG_2316-e1548845697777-scaled.jpg","width":2560,"height":1920},{"@type":"BreadcrumbList","@id":"https:\/\/www.ipsmiller.at\/medien\/#breadcrumb","itemListElement":[{"@type":"ListItem","position":1,"name":"Startseite","item":"https:\/\/www.ipsmiller.at\/"},{"@type":"ListItem","position":2,"name":"Medien"}]},{"@type":"WebSite","@id":"https:\/\/www.ipsmiller.at\/en\/#website","url":"https:\/\/www.ipsmiller.at\/en\/","name":"Weingut Ipsmiller","description":"Weine aus Schrattenberg","publisher":{"@id":"https:\/\/www.ipsmiller.at\/en\/#organization"},"potentialAction":[{"@type":"SearchAction","target":{"@type":"EntryPoint","urlTemplate":"https:\/\/www.ipsmiller.at\/en\/?s={search_term_string}"},"query-input":{"@type":"PropertyValueSpecification","valueRequired":true,"valueName":"search_term_string"}}],"inLanguage":"cs"},{"@type":"Organization","@id":"https:\/\/www.ipsmiller.at\/en\/#organization","name":"Weingut Ipsmiller","url":"https:\/\/www.ipsmiller.at\/en\/","logo":{"@type":"ImageObject","inLanguage":"cs","@id":"https:\/\/www.ipsmiller.at\/en\/#\/schema\/logo\/image\/","url":"https:\/\/www.ipsmiller.at\/wp-content\/uploads\/2019\/11\/logo_ipsmiller_forever-wine_2019_3x.png","contentUrl":"https:\/\/www.ipsmiller.at\/wp-content\/uploads\/2019\/11\/logo_ipsmiller_forever-wine_2019_3x.png","width":361,"height":120,"caption":"Weingut Ipsmiller"},"image":{"@id":"https:\/\/www.ipsmiller.at\/en\/#\/schema\/logo\/image\/"}}]}},"_links":{"self":[{"href":"https:\/\/www.ipsmiller.at\/cs\/wp-json\/wp\/v2\/pages\/65912","targetHints":{"allow":["GET"]}}],"collection":[{"href":"https:\/\/www.ipsmiller.at\/cs\/wp-json\/wp\/v2\/pages"}],"about":[{"href":"https:\/\/www.ipsmiller.at\/cs\/wp-json\/wp\/v2\/types\/page"}],"author":[{"embeddable":true,"href":"https:\/\/www.ipsmiller.at\/cs\/wp-json\/wp\/v2\/users\/1"}],"replies":[{"embeddable":true,"href":"https:\/\/www.ipsmiller.at\/cs\/wp-json\/wp\/v2\/comments?post=65912"}],"version-history":[{"count":75,"href":"https:\/\/www.ipsmiller.at\/cs\/wp-json\/wp\/v2\/pages\/65912\/revisions"}],"predecessor-version":[{"id":69948,"href":"https:\/\/www.ipsmiller.at\/cs\/wp-json\/wp\/v2\/pages\/65912\/revisions\/69948"}],"wp:featuredmedia":[{"embeddable":true,"href":"https:\/\/www.ipsmiller.at\/cs\/wp-json\/wp\/v2\/media\/66944"}],"wp:attachment":[{"href":"https:\/\/www.ipsmiller.at\/cs\/wp-json\/wp\/v2\/media?parent=65912"}],"curies":[{"name":"wp","href":"https:\/\/api.w.org\/{rel}","templated":true}]}}